{"id":70041,"date":"2026-05-04T17:05:17","date_gmt":"2026-05-04T10:05:17","guid":{"rendered":"https:\/\/victoriavn.com\/khamtongquat\/?post_type=product&#038;p=70041"},"modified":"2026-05-04T17:05:18","modified_gmt":"2026-05-04T10:05:18","slug":"do-thanh-phan-co-the-bang-ky-thuat-dexa","status":"publish","type":"product","link":"https:\/\/victoriavn.com\/khamtongquat\/san-pham\/do-thanh-phan-co-the-bang-ky-thuat-dexa\/","title":{"rendered":"\u0110o th\u00e0nh ph\u1ea7n c\u01a1 th\u1ec3 b\u1eb5ng k\u1ef9 thu\u1eadt DEXA"},"content":{"rendered":"<p>Kh\u00e1c v\u1edbi c\u00e1c lo\u1ea1i c\u00e2n \u0111i\u1ec7n t\u1eed th\u00f4ng th\u01b0\u1eddng, DEXA s\u1eed d\u1ee5ng tia X n\u0103ng l\u01b0\u1ee3ng k\u00e9p \u0111\u1ec3 b\u00f3c t\u00e1ch c\u01a1 th\u1ec3 th\u00e0nh 3 th\u00e0nh ph\u1ea7n ri\u00eang bi\u1ec7t v\u1edbi \u0111\u1ed9 ch\u00ednh x\u00e1c l\u00ean \u0111\u1ebfn 99%<\/p>\n<p><strong>Ph\u00e2n t\u00edch Kh\u1ed1i M\u1ee1 (Fat Mass):<\/strong> X\u00e1c \u0111\u1ecbnh ch\u00ednh x\u00e1c t\u1ed5ng l\u01b0\u1ee3ng m\u1ee1 v\u00e0 t\u1ef7 l\u1ec7 ph\u1ea7n tr\u0103m m\u1ee1 c\u1ee7a c\u01a1 th\u1ec3.<\/p>\n<p><strong>\u0110\u00e1nh gi\u00e1 M\u1ee1 N\u1ed9i T\u1ea1ng (Visceral Fat):<\/strong> \u0110\u00e2y l\u00e0 ch\u1ec9 s\u1ed1 quan tr\u1ecdng nh\u1ea5t \u0111\u1ed1i v\u1edbi b\u00e1c s\u0129 ti\u00eau h\u00f3a. DEXA gi\u00fap \u0111o l\u01b0\u1eddng l\u01b0\u1ee3ng m\u1ee1 bao quanh c\u00e1c c\u01a1 quan n\u1ed9i t\u1ea1ng \u2013 th\u1ee7 ph\u1ea1m g\u00e2y n\u00ean gan nhi\u1ec5m m\u1ee1, ti\u1ec3u \u0111\u01b0\u1eddng tu\u00fdp 2 v\u00e0 c\u00e1c b\u1ec7nh tim m\u1ea1ch.<\/p>\n<p><strong>\u0110o Kh\u1ed1i C\u01a1 N\u1ea1c (Lean Mass):<\/strong> \u0110\u00e1nh gi\u00e1 kh\u1ed1i l\u01b0\u1ee3ng c\u01a1 b\u1eafp \u1edf t\u1eebng v\u00f9ng (tay, ch\u00e2n, th\u00e2n m\u00ecnh). Ch\u1ec9 s\u1ed1 n\u00e0y c\u1ef1c k\u1ef3 quan tr\u1ecdng cho ng\u01b0\u1eddi ch\u01a1i th\u1ec3 thao \u0111\u1ec3 t\u1ed1i \u01b0u h\u00f3a hi\u1ec7u su\u1ea5t t\u1eadp luy\u1ec7n v\u00e0 ph\u00e1t hi\u1ec7n t\u00ecnh tr\u1ea1ng m\u1ea5t c\u01a1.<strong>Ki\u1ec3m tra M\u1eadt \u0110\u1ed9 X\u01b0\u01a1ng (Bone Mineral Density):<\/strong> T\u1ea7m so\u00e1t s\u1edbm nguy c\u01a1 lo\u00e3ng x\u01b0\u01a1ng v\u00e0 d\u1ef1 b\u00e1o r\u1ee7i ro g\u00e3y x\u01b0\u01a1ng trong t\u01b0\u01a1ng lai.<\/p>\n<p><strong>T\u1ea1i sao b\u1ea1n n\u00ean ch\u1ecdn ph\u01b0\u01a1ng ph\u00e1p DEXA<\/strong><\/p>\n<p>\u0110\u1ed9 ch\u00ednh x\u00e1c tuy\u1ec7t \u0111\u1ed1i: Kh\u00f4ng b\u1ecb \u1ea3nh h\u01b0\u1edfng b\u1edfi m\u1ee9c \u0111\u1ed9 t\u00edch n\u01b0\u1edbc hay th\u1ee9c \u0103n trong c\u01a1 th\u1ec3 nh\u01b0 c\u00e1c lo\u1ea1i c\u00e2n \u0111o \u0111i\u1ec7n tr\u1edf.B\u1ea3n \u0111\u1ed3 h\u00ecnh \u1ea3nh tr\u1ef1c quan: Cung c\u1ea5p h\u00ecnh \u1ea3nh chi ti\u1ebft v\u1ec1 s\u1ef1 ph\u00e2n b\u1ed1 m\u1ee1 v\u00e0 c\u01a1 tr\u00ean t\u1eebng v\u00f9ng c\u01a1 th\u1ec3.<\/p>\n<p>An to\u00e0n &amp; Nhanh ch\u00f3ng: Qu\u00e1 tr\u00ecnh \u0111o ch\u1ec9 m\u1ea5t t\u1eeb 5-10 ph\u00fat. L\u01b0\u1ee3ng tia X \u0111\u01b0\u1ee3c s\u1eed d\u1ee5ng c\u1ef1c th\u1ea5p, ch\u1ec9 t\u01b0\u01a1ng \u0111\u01b0\u01a1ng v\u1edbi m\u1ee9c b\u1ee9c x\u1ea1 t\u1ef1 nhi\u00ean b\u1ea1n nh\u1eadn \u0111\u01b0\u1ee3c khi \u0111i ngo\u00e0i tr\u1eddi trong m\u1ed9t ng\u00e0y.<\/p>\n<p><strong>\u0110\u1ed1i t\u01b0\u1ee3ng n\u00ean th\u1ef1c hi\u1ec7n g\u00f3i kh\u00e1m n\u00e0y<\/strong><\/p>\n<p>Ng\u01b0\u1eddi ch\u01a1i th\u1ec3 thao, v\u1eadn \u0111\u1ed9ng vi\u00ean: Mu\u1ed1n theo d\u00f5i ch\u00ednh x\u00e1c s\u1ef1 ph\u00e1t tri\u1ec3n c\u1ee7a c\u01a1 b\u1eafp v\u00e0 gi\u1ea3m m\u1ee1.<\/p>\n<p>Ng\u01b0\u1eddi \u0111ang gi\u1ea3m c\u00e2n: \u0110\u1ea3m b\u1ea3o b\u1ea1n \u0111ang gi\u1ea3m m\u1ee1 th\u1eeba ch\u1ee9 kh\u00f4ng ph\u1ea3i gi\u1ea3m c\u01a1 hay m\u1ea5t n\u01b0\u1edbc.<\/p>\n<p>B\u1ec7nh nh\u00e2n c\u00f3 v\u1ea5n \u0111\u1ec1 ti\u00eau h\u00f3a\/chuy\u1ec3n h\u00f3a: C\u1ea7n ki\u1ec3m so\u00e1t m\u1ee1 n\u1ed9i t\u1ea1ng v\u00e0 t\u00ecnh tr\u1ea1ng gan nhi\u1ec5m m\u1ee1.<\/p>\n<p>Ng\u01b0\u1eddi trung ni\u00ean v\u00e0 cao tu\u1ed5i: T\u1ea7m so\u00e1t lo\u00e3ng x\u01b0\u01a1ng v\u00e0 t\u00ecnh tr\u1ea1ng y\u1ebfu c\u01a1 do tu\u1ed5i t\u00e1c<\/p>\n","protected":false},"excerpt":{"rendered":"<p><span data-path-to-node=\"4,0\">B\u1ea1n c\u00f3 bi\u1ebft, c\u00e2n n\u1eb7ng ch\u1ec9 l\u00e0 m\u1ed9t con s\u1ed1, nh\u01b0ng <b data-path-to-node=\"4,0\" data-index-in-node=\"47\">th\u00e0nh ph\u1ea7n c\u01a1 th\u1ec3<\/b> m\u1edbi l\u00e0 ch\u00eca kh\u00f3a th\u1ef1c s\u1ef1 c\u1ee7a s\u1ee9c kh\u1ecfe v\u00e0 v\u00f3c d\u00e1ng? <\/span><span data-path-to-node=\"4,2\"><span class=\"citation-145\">C\u00f4ng ngh\u1ec7 DEXA (Dual-Energy X-ray Absorptiometry) hi\u1ec7n \u0111\u01b0\u1ee3c y h\u1ecdc th\u1ebf gi\u1edbi c\u00f4ng nh\u1eadn l\u00e0 <\/span><b data-path-to-node=\"4,2\" data-index-in-node=\"88\"><span class=\"citation-145\">&#8220;Ti\u00eau chu\u1ea9n V\u00e0ng&#8221;<\/span><\/b><span class=\"citation-145\"> \u0111\u1ec3 \u0111\u00e1nh gi\u00e1 ch\u00ednh x\u00e1c c\u00e1c th\u00e0nh ph\u1ea7n b\u00ean trong c\u01a1 th\u1ec3 b\u1ea1n<\/span><\/span><span data-path-to-node=\"4,4\">.<\/span><\/p>\n","protected":false},"featured_media":70043,"template":"","meta":[],"product_brand":[],"product_cat":[16],"product_tag":[],"class_list":{"0":"post-70041","1":"product","2":"type-product","3":"status-publish","4":"has-post-thumbnail","6":"product_cat-goi-kham-tam-soat-chuyen-sau","8":"first","9":"instock","10":"shipping-taxable","11":"purchasable","12":"product-type-simple"},"_links":{"self":[{"href":"https:\/\/victoriavn.com\/khamtongquat\/wp-json\/wp\/v2\/product\/70041","targetHints":{"allow":["GET"]}}],"collection":[{"href":"https:\/\/victoriavn.com\/khamtongquat\/wp-json\/wp\/v2\/product"}],"about":[{"href":"https:\/\/victoriavn.com\/khamtongquat\/wp-json\/wp\/v2\/types\/product"}],"wp:featuredmedia":[{"embeddable":true,"href":"https:\/\/victoriavn.com\/khamtongquat\/wp-json\/wp\/v2\/media\/70043"}],"wp:attachment":[{"href":"https:\/\/victoriavn.com\/khamtongquat\/wp-json\/wp\/v2\/media?parent=70041"}],"wp:term":[{"taxonomy":"product_brand","embeddable":true,"href":"https:\/\/victoriavn.com\/khamtongquat\/wp-json\/wp\/v2\/product_brand?post=70041"},{"taxonomy":"product_cat","embeddable":true,"href":"https:\/\/victoriavn.com\/khamtongquat\/wp-json\/wp\/v2\/product_cat?post=70041"},{"taxonomy":"product_tag","embeddable":true,"href":"https:\/\/victoriavn.com\/khamtongquat\/wp-json\/wp\/v2\/product_tag?post=70041"}],"curies":[{"name":"wp","href":"https:\/\/api.w.org\/{rel}","templated":true}]}}