{"id":65942,"date":"2025-10-16T17:01:06","date_gmt":"2025-10-16T10:01:06","guid":{"rendered":"https:\/\/victoriavn.com\/khamtongquat\/?post_type=product&#038;p=65942"},"modified":"2026-01-12T14:38:41","modified_gmt":"2026-01-12T07:38:41","slug":"goi-kham-tong-quat-tieu-hoa","status":"publish","type":"product","link":"https:\/\/victoriavn.com\/khamtongquat\/san-pham\/goi-kham-tong-quat-tieu-hoa\/","title":{"rendered":"G\u00f3i Kh\u00e1m T\u1ed5ng Qu\u00e1t Ti\u00eau H\u00f3a"},"content":{"rendered":"<table>\n<tbody>\n<tr>\n<td><b>Danh m\u1ee5c<\/b><\/td>\n<td><b>M\u00f4 t\u1ea3<\/b><\/td>\n<\/tr>\n<tr>\n<td>\n<ul>\n<li aria-level=\"1\"><b>\u0110i\u1ec1u d\u01b0\u1ee1ng ki\u1ec3m tra (Nursing check)<\/b><\/li>\n<\/ul>\n<\/td>\n<td>\n<ul>\n<li style=\"font-weight: 400;\" aria-level=\"1\"><span style=\"font-weight: 400;\">\u0110o sinh hi\u1ec7u v\u00e0 c\u00e1c ch\u1ec9 s\u1ed1 c\u01a1 th\u1ec3 (m\u1ea1ch, huy\u1ebft \u00e1p, nhi\u1ec7t \u0111\u1ed9, chi\u1ec1u cao, c\u00e2n n\u1eb7ng, BMI)<\/span><\/li>\n<li style=\"font-weight: 400;\" aria-level=\"1\"><span style=\"font-weight: 400;\">Ki\u1ec3m tra th\u1ecb l\u1ef1c\u00a0<\/span><\/li>\n<\/ul>\n<\/td>\n<\/tr>\n<tr>\n<td><b>2. Kh\u00e1m t\u1ed5ng qu\u00e1t\u00a0<\/b><\/p>\n<p><b>(General examination)<\/b><\/td>\n<td><span style=\"font-weight: 400;\">B\u00e1c s\u0129 chuy\u00ean khoa ti\u00eau h\u00f3a th\u0103m kh\u00e1m, \u0111\u00e1nh gi\u00e1 tri\u1ec7u ch\u1ee9ng, h\u01b0\u1edbng d\u1eabn n\u1ed9i soi v\u00e0 t\u01b0 v\u1ea5n k\u1ebft qu\u1ea3, theo d\u00f5i \u0111i\u1ec1u tr\u1ecb n\u1ebfu c\u1ea7n.<\/span><\/td>\n<\/tr>\n<tr>\n<td><b>3.\u00a0 N\u1ed9i soi ti\u00eau h\u00f3a (d\u1ea1 d\u00e0y v\u00e0 \u0111\u1ea1i tr\u00e0ng)<\/b><\/td>\n<td><span style=\"font-weight: 400;\">T\u1ea7m so\u00e1t vi khu\u1ea9n HP, can thi\u1ec7p c\u1eaft polyp n\u1ebfu c\u00f3 ch\u1ec9 \u0111\u1ecbnh<\/span><\/td>\n<\/tr>\n<tr>\n<td colspan=\"2\"><b>X\u00e9t nghi\u1ec7m m\u00e1u (<\/b><b>Blood Test) <\/b><b>v\u00e0 ph\u00e2n t\u00edch n\u01b0\u1edbc ti\u1ec3u (Urinalysis)<\/b><\/td>\n<\/tr>\n<tr>\n<td><span style=\"font-weight: 400;\">4. \u0110\u01b0\u1eddng huy\u1ebft l\u00fac \u0111\u00f3i (Fasting Glucose) + HbA1c<\/span><\/td>\n<td><span style=\"font-weight: 400;\">T\u1ea7m so\u00e1t, ch\u1ea9n \u0111o\u00e1n v\u00e0 theo d\u00f5i \u0111\u00e1i th\u00e1o \u0111\u01b0\u1eddng.<\/span><\/td>\n<\/tr>\n<tr>\n<td><span style=\"font-weight: 400;\">5. B\u1ed9 m\u1ee1 (Lipid Panel)<\/span><\/td>\n<td><span style=\"font-weight: 400;\">Ph\u00e1t hi\u1ec7n r\u1ed1i lo\u1ea1n chuy\u1ec3n h\u00f3a m\u1ee1.<\/span><\/td>\n<\/tr>\n<tr>\n<td><span style=\"font-weight: 400;\">6. Men gan (AST, ALT, GGT)<\/span><\/td>\n<td><span style=\"font-weight: 400;\">Ki\u1ec3m tra ch\u1ee9c n\u0103ng gan.<\/span><\/td>\n<\/tr>\n<tr>\n<td><span style=\"font-weight: 400;\">7. Kh\u00e1ng nguy\u00ean vi\u00eam gan si\u00eau vi B (HBsAg) v\u00e0 kh\u00e1ng th\u1ec3 vi\u00eam gan si\u00eau vi B (HBsAb)<\/span><\/td>\n<td><span style=\"font-weight: 400;\">T\u1ea7m so\u00e1t b\u1ec7nh vi\u00eam gan si\u00eau vi B<\/span><\/td>\n<\/tr>\n<tr>\n<td><span style=\"font-weight: 400;\">8. Kh\u00e1ng th\u1ec3 vi\u00eam gan si\u00eau vi C (HCV)<\/span><\/td>\n<td><span style=\"font-weight: 400;\">T\u1ea7m so\u00e1t b\u1ec7nh vi\u00eam gan si\u00eau vi C<\/span><\/td>\n<\/tr>\n<tr>\n<td><span style=\"font-weight: 400;\">9. N\u1ed3ng \u0111\u1ed9 Creatinin<\/span><\/td>\n<td rowspan=\"2\"><span style=\"font-weight: 400;\">\u0110\u00e1nh gi\u00e1 ch\u1ee9c n\u0103ng th\u1eadn<\/span><\/td>\n<\/tr>\n<tr>\n<td><span style=\"font-weight: 400;\">10. T\u1ed5ng ph\u00e2n t\u00edch n\u01b0\u1edbc ti\u1ec3u (UA)<\/span><\/td>\n<\/tr>\n<tr>\n<td><span style=\"font-weight: 400;\">11. D\u1ea5u \u1ea5n ung th\u01b0 gan (AFP)<\/span><\/td>\n<td><span style=\"font-weight: 400;\">T\u1ea7m so\u00e1t ung th\u01b0 gan<\/span><\/td>\n<\/tr>\n<tr>\n<td><b>12. Si\u00eau \u00e2m b\u1ee5ng t\u1ed5ng qu\u00e1t (Abdominal Ultrasound)<\/b><\/td>\n<td><span style=\"font-weight: 400;\">T\u1ea7m so\u00e1t b\u1ec7nh l\u00fd c\u1ee7a c\u00e1c c\u01a1 quan trong \u1ed5 b\u1ee5ng nh\u01b0: gan, t\u00fai m\u1eadt, t\u1ee5y, l\u00e1ch, th\u1eadn, b\u00e0ng quang, ti\u1ec1n li\u1ec7t tuy\u1ebfn (\u0111\u1ed1i v\u1edbi Nam), bu\u1ed3ng tr\u1ee9ng, t\u1eed cung (\u0111\u1ed1i v\u1edbi N\u1eef)<\/span><\/td>\n<\/tr>\n<\/tbody>\n<\/table>\n<div data-component=\"rtf-block\"><\/div>\n<div id=\"en679_9f4l7\" data-component=\"rtf-block\"><strong><span id=\"en679_9f4l7_9omnp\" class=\"\" data-text=\"true\" data-z-element-type=\"rtf-text\" data-is-whitespace=\"false\">L\u1ee3i \u00edch khi th\u1ef1c hi\u1ec7n g\u00f3i kh\u00e1m<\/span><\/strong><\/div>\n<ul>\n<li id=\"en679_28kiv\" type=\"\" data-component=\"rtf-block\"><span id=\"en679_28kiv_s41k\" class=\"\" data-text=\"true\" data-z-element-type=\"rtf-text\" data-is-whitespace=\"false\">Ph\u00e1t hi\u1ec7n s\u1edbm c\u00e1c b\u1ec7nh l\u00fd ti\u00eau h\u00f3a th\u01b0\u1eddng g\u1eb7p nh\u01b0 vi\u00eam lo\u00e9t d\u1ea1 d\u00e0y t\u00e1 tr\u00e0ng, tr\u00e0o ng\u01b0\u1ee3c d\u1ea1 d\u00e0y th\u1ef1c qu\u1ea3n, nhi\u1ec5m HP d\u1ea1 d\u00e0y, polyp \u0111\u1ea1i tr\u00e0ng \u2026 \u0111\u1eb7c bi\u1ec7t t\u1ea7m so\u00e1t c\u00e1c ung th\u01b0 ti\u00eau h\u00f3a nh\u01b0 ung th\u01b0 gan \u2013 t\u1ee5y \u2013 \u0111\u1ea1i tr\u00e0ng.<\/span><\/li>\n<li id=\"en679_3unva\" type=\"\" data-component=\"rtf-block\"><span id=\"en679_3unva_noei\" class=\"\" data-text=\"true\" data-z-element-type=\"rtf-text\" data-is-whitespace=\"false\">Theo d\u00f5i hi\u1ec7u qu\u1ea3 \u0111i\u1ec1u tr\u1ecb cho ng\u01b0\u1eddi c\u00f3 b\u1ec7nh l\u00fd gan m\u1eadt, r\u1ed1i lo\u1ea1n m\u1ee1 m\u00e1u, \u0111\u00e1i th\u00e1o \u0111\u01b0\u1eddng, b\u1ec7nh l\u00fd chuy\u1ec3n h\u00f3a..<\/span><\/li>\n<li id=\"en679_9ndtm\" type=\"\" data-component=\"rtf-block\"><span id=\"en679_9ndtm_ag7of\" class=\"\" data-text=\"true\" data-z-element-type=\"rtf-text\" data-is-whitespace=\"false\">\u0110\u01b0\u1ee3c t\u01b0 v\u1ea5n v\u00e0 theo d\u00f5i tr\u1ef1c ti\u1ebfp b\u1edfi b\u00e1c s\u0129 chuy\u00ean khoa ti\u00eau h\u00f3a.<\/span><\/li>\n<li id=\"en679_22lco\" type=\"\" data-component=\"rtf-block\"><span id=\"en679_22lco_bi76n\" class=\"\" data-text=\"true\" data-z-element-type=\"rtf-text\" data-is-whitespace=\"false\">Quy tr\u00ecnh n\u1ed9i soi an to\u00e0n, nh\u1eb9 nh\u00e0ng, c\u00f3 ti\u1ec1n m\u00ea.<\/span><\/li>\n<\/ul>\n","protected":false},"excerpt":{"rendered":"<p>Danh m\u1ee5c M\u00f4 t\u1ea3 \u0110i\u1ec1u d\u01b0\u1ee1ng ki\u1ec3m tra (Nursing check) \u0110o sinh hi\u1ec7u v\u00e0 c\u00e1c ch\u1ec9 s\u1ed1 c\u01a1 th\u1ec3 (m\u1ea1ch, huy\u1ebft \u00e1p, nhi\u1ec7t \u0111\u1ed9, chi\u1ec1u cao, c\u00e2n n\u1eb7ng, BMI) Ki\u1ec3m tra th\u1ecb l\u1ef1c\u00a0 2. Kh\u00e1m t\u1ed5ng qu\u00e1t\u00a0 (General examination) B\u00e1c s\u0129 chuy\u00ean khoa ti\u00eau h\u00f3a th\u0103m kh\u00e1m, \u0111\u00e1nh gi\u00e1 tri\u1ec7u ch\u1ee9ng, h\u01b0\u1edbng d\u1eabn n\u1ed9i soi &#8230;<\/p>\n","protected":false},"featured_media":47254,"template":"","meta":[],"product_brand":[],"product_cat":[1864,1810],"product_tag":[],"class_list":{"0":"post-65942","1":"product","2":"type-product","3":"status-publish","4":"has-post-thumbnail","6":"product_cat-goi-kham-tam-soat-ung-thu","7":"product_cat-goi-kham-tong-quat-duoc-lua-chon-nhieu-nhat-tai-victoria-healthcare","9":"first","10":"instock","11":"shipping-taxable","12":"purchasable","13":"product-type-simple"},"_links":{"self":[{"href":"https:\/\/victoriavn.com\/khamtongquat\/wp-json\/wp\/v2\/product\/65942","targetHints":{"allow":["GET"]}}],"collection":[{"href":"https:\/\/victoriavn.com\/khamtongquat\/wp-json\/wp\/v2\/product"}],"about":[{"href":"https:\/\/victoriavn.com\/khamtongquat\/wp-json\/wp\/v2\/types\/product"}],"wp:featuredmedia":[{"embeddable":true,"href":"https:\/\/victoriavn.com\/khamtongquat\/wp-json\/wp\/v2\/media\/47254"}],"wp:attachment":[{"href":"https:\/\/victoriavn.com\/khamtongquat\/wp-json\/wp\/v2\/media?parent=65942"}],"wp:term":[{"taxonomy":"product_brand","embeddable":true,"href":"https:\/\/victoriavn.com\/khamtongquat\/wp-json\/wp\/v2\/product_brand?post=65942"},{"taxonomy":"product_cat","embeddable":true,"href":"https:\/\/victoriavn.com\/khamtongquat\/wp-json\/wp\/v2\/product_cat?post=65942"},{"taxonomy":"product_tag","embeddable":true,"href":"https:\/\/victoriavn.com\/khamtongquat\/wp-json\/wp\/v2\/product_tag?post=65942"}],"curies":[{"name":"wp","href":"https:\/\/api.w.org\/{rel}","templated":true}]}}