{"id":65823,"date":"2025-10-10T11:36:32","date_gmt":"2025-10-10T04:36:32","guid":{"rendered":"https:\/\/victoriavn.com\/khamtongquat\/?post_type=product&#038;p=65823"},"modified":"2025-10-10T11:37:40","modified_gmt":"2025-10-10T04:37:40","slug":"dieu-tri-cham-soc-da-chuyen-sau","status":"publish","type":"product","link":"https:\/\/victoriavn.com\/khamtongquat\/san-pham\/dieu-tri-cham-soc-da-chuyen-sau\/","title":{"rendered":"\u0110i\u1ec1u Tr\u1ecb &#038; Ch\u0103m S\u00f3c Da Chuy\u00ean S\u00e2u"},"content":{"rendered":"<p><span style=\"font-weight: 400;\">Skin Rejuvenate Moderate l\u00e0 li\u1ec7u tr\u00ecnh ch\u0103m s\u00f3c v\u00e0 ph\u1ee5c h\u1ed3i da chuy\u00ean s\u00e2u, bao g\u1ed3m c\u00e1c b\u01b0\u1edbc l\u00e0m s\u1ea1ch, cung c\u1ea5p d\u01b0\u1ee1ng ch\u1ea5t, k\u00edch th\u00edch t\u00e1i t\u1ea1o t\u1ebf b\u00e0o, n\u00e2ng c\u01a1, v\u00e0 b\u1ea3o v\u1ec7. Quy tr\u00ecnh s\u1eed d\u1ee5ng k\u1ebft h\u1ee3p c\u00e1c ph\u01b0\u01a1ng ph\u00e1p c\u01a1 h\u1ecdc, sinh h\u1ecdc v\u00e0 quang h\u1ecdc nh\u1eb1m c\u1ea3i thi\u1ec7n c\u1ea5u tr\u00fac v\u00e0 ch\u1ee9c n\u0103ng da, \u0111\u1ed3ng th\u1eddi h\u1ed7 tr\u1ee3 ki\u1ec3m so\u00e1t t\u00ecnh tr\u1ea1ng vi\u00eam, l\u00e3o h\u00f3a v\u00e0 suy gi\u1ea3m \u0111\u1ed9 \u0111\u00e0n h\u1ed3i.<\/span><\/p>\n<p><span style=\"text-decoration: underline;\"><strong>Quy tr\u00ecnh \u0111i\u1ec1u tr\u1ecb<\/strong><\/span><\/p>\n<p><b>Th\u1eddi gian th\u1ef1c hi\u1ec7n: ~80 ph\u00fat<\/b><\/p>\n<p><b>B\u01b0\u1edbc 1: L\u00e0m s\u1ea1ch b\u1ec1 m\u1eb7t<\/b><b><br \/>\n<\/b><span style=\"font-weight: 400;\">Lo\u1ea1i b\u1ecf b\u1ee5i b\u1ea9n, b\u00e3 nh\u1eddn v\u00e0 l\u1edbp trang \u0111i\u1ec3m tr\u00ean b\u1ec1 m\u1eb7t da, h\u1ea1n ch\u1ebf t\u00ecnh tr\u1ea1ng b\u00edt t\u1eafc.<\/span><\/p>\n<p><b>B\u01b0\u1edbc 2: L\u00e0m s\u1ea1ch s\u00e2u v\u00e0 c\u00e2n b\u1eb1ng<\/b><b><br \/>\n<\/b><span style=\"font-weight: 400;\">T\u00e1c \u0111\u1ed9ng v\u00e0o l\u1ed7 ch\u00e2n l\u00f4ng \u0111\u1ec3 lo\u1ea1i b\u1ecf t\u1ebf b\u00e0o s\u1eebng v\u00e0 d\u1ea7u th\u1eeba, k\u1ebft h\u1ee3p \u0111i\u1ec1u ch\u1ec9nh \u0111\u1ed9 \u1ea9m v\u00e0 pH da, t\u1ea1o \u0111i\u1ec1u ki\u1ec7n t\u1ed1i \u01b0u cho h\u1ea5p thu ho\u1ea1t ch\u1ea5t.<\/span><\/p>\n<p><b>B\u01b0\u1edbc 3: Cung c\u1ea5p oxy v\u00e0 d\u01b0\u1ee1ng ch\u1ea5t<\/b><\/p>\n<p><span style=\"font-weight: 400;\">T\u0103ng c\u01b0\u1eddng oxy ho\u00e1 m\u00f4, c\u1ea3i thi\u1ec7n vi tu\u1ea7n ho\u00e0n, th\u00fac \u0111\u1ea9y t\u00e1i t\u1ea1o t\u1ebf b\u00e0o v\u00e0 h\u1ed7 tr\u1ee3 qu\u00e1 tr\u00ecnh s\u1eeda ch\u1eefa t\u1ed5n th\u01b0\u01a1ng.<\/span><\/p>\n<p><b>B\u01b0\u1edbc 4: N\u00e2ng c\u01a1 v\u00e0 k\u00edch th\u00edch collagen<\/b><b><br \/>\n<\/b><span style=\"font-weight: 400;\">T\u00e1c \u0111\u1ed9ng v\u00e0o l\u1edbp trung b\u00ec nh\u1eb1m k\u00edch th\u00edch nguy\u00ean b\u00e0o s\u1ee3i s\u1ea3n xu\u1ea5t collagen v\u00e0 elastin, c\u1ea3i thi\u1ec7n \u0111\u1ed9 \u0111\u00e0n h\u1ed3i v\u00e0 gi\u1ea3m \u0111\u1ed9 ch\u00f9ng nh\u00e3o.<\/span><\/p>\n<p><b>B\u01b0\u1edbc 5: \u0110\u1eafp m\u1eb7t n\u1ea1 chuy\u00ean s\u00e2u<\/b><b><br \/>\n<\/b><span style=\"font-weight: 400;\">S\u1eed d\u1ee5ng m\u1eb7t n\u1ea1 sinh h\u1ecdc c\u00f3 t\u00e1c d\u1ee5ng c\u1ea5p \u1ea9m, l\u00e0m d\u1ecbu ph\u1ea3n \u1ee9ng vi\u00eam v\u00e0 h\u1ed7 tr\u1ee3 ph\u1ee5c h\u1ed3i c\u1ea5u tr\u00fac m\u00f4 da.<\/span><\/p>\n<p><b>B\u01b0\u1edbc 6: Chi\u1ebfu \u0111\u00e8n tr\u1ecb li\u1ec7u<\/b><b><br \/>\n<\/b><span style=\"font-weight: 400;\">\u1ee8ng d\u1ee5ng quang tr\u1ecb li\u1ec7u v\u1edbi b\u01b0\u1edbc s\u00f3ng \u0111\u1ecf, xanh ho\u1eb7c h\u1ed3ng ngo\u1ea1i t\u00f9y t\u00ecnh tr\u1ea1ng da: h\u1ed7 tr\u1ee3 kh\u00e1ng khu\u1ea9n, \u0111i\u1ec1u h\u00f2a vi\u00eam v\u00e0 th\u00fac \u0111\u1ea9y qu\u00e1 tr\u00ecnh t\u00e1i t\u1ea1o m\u00f4.<\/span><\/p>\n<p><b>B\u01b0\u1edbc 7: B\u1ea3o v\u1ec7 v\u00e0 kh\u00f3a \u1ea9m<\/b><b><br \/>\n<\/b><span style=\"font-weight: 400;\">T\u1ea1o h\u00e0ng r\u00e0o b\u1ea3o v\u1ec7 b\u1eb1ng kem ch\u1ed1ng n\u1eafng v\u00e0 t\u00e1c nh\u00e2n kh\u00f3a \u1ea9m, gi\u1ea3m nguy c\u01a1 t\u1ed5n th\u01b0\u01a1ng t\u1eeb tia UV v\u00e0 y\u1ebfu t\u1ed1 m\u00f4i tr\u01b0\u1eddng.<\/span><\/p>\n","protected":false},"excerpt":{"rendered":"<p><span style=\"font-weight: 400;\">Skin Rejuvenate Moderate l\u00e0 li\u1ec7u tr\u00ecnh ch\u0103m s\u00f3c v\u00e0 ph\u1ee5c h\u1ed3i da chuy\u00ean s\u00e2u, bao g\u1ed3m c\u00e1c b\u01b0\u1edbc l\u00e0m s\u1ea1ch, cung c\u1ea5p d\u01b0\u1ee1ng ch\u1ea5t, k\u00edch th\u00edch t\u00e1i t\u1ea1o t\u1ebf b\u00e0o, n\u00e2ng c\u01a1, v\u00e0 b\u1ea3o v\u1ec7. Quy tr\u00ecnh s\u1eed d\u1ee5ng k\u1ebft h\u1ee3p c\u00e1c ph\u01b0\u01a1ng ph\u00e1p c\u01a1 h\u1ecdc, sinh h\u1ecdc v\u00e0 quang h\u1ecdc nh\u1eb1m c\u1ea3i thi\u1ec7n c\u1ea5u tr\u00fac v\u00e0 ch\u1ee9c n\u0103ng da, \u0111\u1ed3ng th\u1eddi h\u1ed7 tr\u1ee3 ki\u1ec3m so\u00e1t t\u00ecnh tr\u1ea1ng vi\u00eam, l\u00e3o h\u00f3a v\u00e0 suy gi\u1ea3m \u0111\u1ed9 \u0111\u00e0n h\u1ed3i.<\/span><\/p>\n","protected":false},"featured_media":65820,"template":"","meta":[],"product_brand":[],"product_cat":[1870],"product_tag":[],"class_list":{"0":"post-65823","1":"product","2":"type-product","3":"status-publish","4":"has-post-thumbnail","6":"product_cat-suc-khoe-lan-da-skincare","8":"first","9":"instock","10":"shipping-taxable","11":"purchasable","12":"product-type-simple"},"_links":{"self":[{"href":"https:\/\/victoriavn.com\/khamtongquat\/wp-json\/wp\/v2\/product\/65823","targetHints":{"allow":["GET"]}}],"collection":[{"href":"https:\/\/victoriavn.com\/khamtongquat\/wp-json\/wp\/v2\/product"}],"about":[{"href":"https:\/\/victoriavn.com\/khamtongquat\/wp-json\/wp\/v2\/types\/product"}],"wp:featuredmedia":[{"embeddable":true,"href":"https:\/\/victoriavn.com\/khamtongquat\/wp-json\/wp\/v2\/media\/65820"}],"wp:attachment":[{"href":"https:\/\/victoriavn.com\/khamtongquat\/wp-json\/wp\/v2\/media?parent=65823"}],"wp:term":[{"taxonomy":"product_brand","embeddable":true,"href":"https:\/\/victoriavn.com\/khamtongquat\/wp-json\/wp\/v2\/product_brand?post=65823"},{"taxonomy":"product_cat","embeddable":true,"href":"https:\/\/victoriavn.com\/khamtongquat\/wp-json\/wp\/v2\/product_cat?post=65823"},{"taxonomy":"product_tag","embeddable":true,"href":"https:\/\/victoriavn.com\/khamtongquat\/wp-json\/wp\/v2\/product_tag?post=65823"}],"curies":[{"name":"wp","href":"https:\/\/api.w.org\/{rel}","templated":true}]}}