{"id":65819,"date":"2025-10-10T11:35:40","date_gmt":"2025-10-10T04:35:40","guid":{"rendered":"https:\/\/victoriavn.com\/khamtongquat\/?post_type=product&#038;p=65819"},"modified":"2025-10-10T11:37:51","modified_gmt":"2025-10-10T04:37:51","slug":"goi-dieu-tri-cham-soc-da-co-ban","status":"publish","type":"product","link":"https:\/\/victoriavn.com\/khamtongquat\/san-pham\/goi-dieu-tri-cham-soc-da-co-ban\/","title":{"rendered":"G\u00f3i \u0110i\u1ec1u Tr\u1ecb &#038; Ch\u0103m S\u00f3c Da C\u01a1 B\u1ea3n"},"content":{"rendered":"<p><span style=\"font-weight: 400;\">Skincare Rejuvenate Simple l\u00e0 li\u1ec7u tr\u00ecnh ch\u0103m s\u00f3c da c\u01a1 b\u1ea3n trong 40 ph\u00fat, \u0111\u01b0\u1ee3c thi\u1ebft k\u1ebf theo quy tr\u00ecnh khoa h\u1ecdc nh\u1eb1m l\u00e0m s\u1ea1ch, ph\u1ee5c h\u1ed3i v\u00e0 b\u1ea3o v\u1ec7 l\u00e0n da. Li\u1ec7u tr\u00ecnh k\u1ebft h\u1ee3p thi\u1ebft b\u1ecb chuy\u00ean d\u1ee5ng nh\u01b0 <\/span><span style=\"font-weight: 400;\">Aqua Peel, <\/span><span style=\"font-weight: 400;\">BOHR C&amp;O, RF 4D, \u00e1nh s\u00e1ng tr\u1ecb li\u1ec7u Celluma c\u00f9ng c\u00e1c s\u1ea3n ph\u1ea9m \u0111\u1eb7c tr\u1ecb \u0111\u1ec3:<\/span><\/p>\n<ul>\n<li style=\"font-weight: 400;\" aria-level=\"1\"><span style=\"font-weight: 400;\">L\u00e0m s\u1ea1ch v\u00e0 c\u00e2n b\u1eb1ng b\u1ec1 m\u1eb7t c\u0169ng nh\u01b0 l\u1ed7 ch\u00e2n l\u00f4ng<\/span><\/li>\n<li style=\"font-weight: 400;\" aria-level=\"1\"><span style=\"font-weight: 400;\">B\u1ed5 sung oxy v\u00e0 d\u01b0\u1ee1ng ch\u1ea5t gi\u00fap c\u1ea3i thi\u1ec7n s\u1ee9c kh\u1ecfe l\u00e0n da<\/span><\/li>\n<li style=\"font-weight: 400;\" aria-level=\"1\"><span style=\"font-weight: 400;\">K\u00edch th\u00edch s\u1ea3n sinh collagen, t\u0103ng \u0111\u1ed9 s\u0103n ch\u1eafc v\u00e0 \u0111\u00e0n h\u1ed3i<\/span><\/li>\n<li style=\"font-weight: 400;\" aria-level=\"1\"><span style=\"font-weight: 400;\">H\u1ed7 tr\u1ee3 kh\u00e1ng vi\u00eam, \u0111i\u1ec1u h\u00f2a t\u00ecnh tr\u1ea1ng m\u1ee5n v\u00e0 ph\u1ee5c h\u1ed3i t\u1ed5n th\u01b0\u01a1ng da<\/span><\/li>\n<li style=\"font-weight: 400;\" aria-level=\"1\"><span style=\"font-weight: 400;\">T\u1ea1o h\u00e0ng r\u00e0o b\u1ea3o v\u1ec7 da tr\u01b0\u1edbc tia UV v\u00e0 c\u00e1c t\u00e1c nh\u00e2n m\u00f4i tr\u01b0\u1eddng<\/span><\/li>\n<\/ul>\n<p><span style=\"text-decoration: underline;\"><strong>Quy tr\u00ecnh \u0111i\u1ec1u tr\u1ecb<\/strong><\/span><\/p>\n<p><b>T\u1ed5ng th\u1eddi gian: ~40 ph\u00fat<\/b><\/p>\n<p><b>B\u01b0\u1edbc 1:<\/b> <b>T\u1ea9y trang v\u00e0 l\u00e0m s\u1ea1ch b\u1ec1 m\u1eb7t<\/b><span style=\"font-weight: 400;\"><br \/>\n<\/span><span style=\"font-weight: 400;\">Da \u0111\u01b0\u1ee3c l\u00e0m s\u1ea1ch b\u1ee5i b\u1ea9n, d\u1ea7u th\u1eeba v\u00e0 l\u1edbp trang \u0111i\u1ec3m, h\u1ea1n ch\u1ebf t\u00ecnh tr\u1ea1ng b\u00edt t\u1eafc l\u1ed7 ch\u00e2n l\u00f4ng v\u00e0 t\u1ea1o n\u1ec1n da trong tr\u1ea1ng th\u00e1i th\u00f4ng tho\u00e1ng.<\/span><\/p>\n<p><b>B\u01b0\u1edbc 2:<\/b> <b>L\u00e0m s\u1ea1ch s\u00e2u v\u00e0 c\u00e2n b\u1eb1ng<\/b><span style=\"font-weight: 400;\"><br \/>\n<\/span><span style=\"font-weight: 400;\">T\u1ebf b\u00e0o ch\u1ebft v\u00e0 b\u00e3 nh\u1eddn \u0111\u01b0\u1ee3c lo\u1ea1i b\u1ecf kh\u1ecfi l\u1ed7 ch\u00e2n l\u00f4ng, \u0111\u1ed3ng th\u1eddi \u0111\u1ed9 \u1ea9m v\u00e0 pH da \u0111\u01b0\u1ee3c \u0111i\u1ec1u ch\u1ec9nh \u0111\u1ec3 duy tr\u00ec s\u1ef1 c\u00e2n b\u1eb1ng sinh l\u00fd c\u1ea7n thi\u1ebft.<\/span><\/p>\n<p><b>B\u01b0\u1edbc 3:<\/b> <b>Cung c\u1ea5p oxy v\u00e0 d\u01b0\u1ee1ng ch\u1ea5t<\/b><span style=\"font-weight: 400;\"><br \/>\n<\/span><span style=\"font-weight: 400;\">Oxy h\u00f2a tan v\u00e0 d\u01b0\u1ee1ng ch\u1ea5t vi l\u01b0\u1ee3ng \u0111\u01b0\u1ee3c \u0111\u01b0a v\u00e0o da, gi\u00fap c\u1ea3i thi\u1ec7n tu\u1ea7n ho\u00e0n, th\u00fac \u0111\u1ea9y qu\u00e1 tr\u00ecnh t\u00e1i t\u1ea1o t\u1ebf b\u00e0o v\u00e0 mang l\u1ea1i l\u00e0n da s\u00e1ng kh\u1ecfe h\u01a1n.<\/span><\/p>\n<p><b>B\u01b0\u1edbc 4<\/b><span style=\"font-weight: 400;\">: <\/span><b>N\u00e2ng c\u01a1 v\u00e0 k\u00edch th\u00edch collagen<\/b><\/p>\n<p><span style=\"font-weight: 400;\">S\u00f3ng RF k\u1ebft h\u1ee3p collagen t\u01b0\u01a1i t\u00e1c \u0111\u1ed9ng v\u00e0o l\u1edbp trung b\u00ec, k\u00edch th\u00edch nguy\u00ean b\u00e0o s\u1ee3i t\u0103ng sinh collagen v\u00e0 elastin, t\u1eeb \u0111\u00f3 c\u1ea3i thi\u1ec7n \u0111\u1ed9 s\u0103n ch\u1eafc v\u00e0 \u0111\u1ed9 \u0111\u00e0n h\u1ed3i.<\/span><\/p>\n<p><b>B\u01b0\u1edbc 5:<\/b> <b>Chi\u1ebfu \u0111\u00e8n tr\u1ecb li\u1ec7u<\/b><span style=\"font-weight: 400;\"><br \/>\n<\/span><span style=\"font-weight: 400;\">\u00c1nh s\u00e1ng tr\u1ecb li\u1ec7u v\u1edbi b\u01b0\u1edbc s\u00f3ng \u0111\u1ecf, xanh ho\u1eb7c h\u1ed3ng ngo\u1ea1i \u0111\u01b0\u1ee3c l\u1ef1a ch\u1ecdn t\u00f9y t\u00ecnh tr\u1ea1ng da, c\u00f3 t\u00e1c d\u1ee5ng \u0111i\u1ec1u h\u00f2a vi\u00eam, kh\u00e1ng khu\u1ea9n v\u00e0 h\u1ed7 tr\u1ee3 qu\u00e1 tr\u00ecnh ph\u1ee5c h\u1ed3i.<\/span><\/p>\n<p><b>B\u01b0\u1edbc 6:<\/b><span style=\"font-weight: 400;\"> B<\/span><b>\u1ea3o v\u1ec7 v\u00e0 kh\u00f3a \u1ea9m<\/b><span style=\"font-weight: 400;\"><br \/>\n<\/span><span style=\"font-weight: 400;\">Li\u1ec7u tr\u00ecnh k\u1ebft th\u00fac b\u1eb1ng b\u01b0\u1edbc thoa s\u1ea3n ph\u1ea9m ch\u1ed1ng n\u1eafng v\u00e0 kh\u00f3a \u1ea9m, h\u00ecnh th\u00e0nh l\u1edbp h\u00e0ng r\u00e0o b\u1ea3o v\u1ec7 gi\u00fap duy tr\u00ec k\u1ebft qu\u1ea3 \u0111i\u1ec1u tr\u1ecb v\u00e0 gi\u1ea3m t\u00e1c \u0111\u1ed9ng t\u1eeb m\u00f4i tr\u01b0\u1eddng.<\/span><\/p>\n<p><span style=\"font-weight: 400;\">Skincare Rejuvenate Simple l\u00e0 li\u1ec7u tr\u00ecnh ch\u0103m s\u00f3c da c\u01a1 b\u1ea3n trong 40 ph\u00fat, \u0111\u01b0\u1ee3c thi\u1ebft k\u1ebf theo quy tr\u00ecnh khoa h\u1ecdc nh\u1eb1m l\u00e0m s\u1ea1ch, ph\u1ee5c h\u1ed3i v\u00e0 b\u1ea3o v\u1ec7 l\u00e0n da. Li\u1ec7u tr\u00ecnh k\u1ebft h\u1ee3p thi\u1ebft b\u1ecb chuy\u00ean d\u1ee5ng nh\u01b0 <\/span><span style=\"font-weight: 400;\">Aqua Peel, <\/span><span style=\"font-weight: 400;\">BOHR C&amp;O, RF 4D, \u00e1nh s\u00e1ng tr\u1ecb li\u1ec7u Celluma c\u00f9ng c\u00e1c s\u1ea3n ph\u1ea9m \u0111\u1eb7c tr\u1ecb \u0111\u1ec3:<\/span><\/p>\n<ul>\n<li style=\"font-weight: 400;\" aria-level=\"1\"><span style=\"font-weight: 400;\">L\u00e0m s\u1ea1ch v\u00e0 c\u00e2n b\u1eb1ng b\u1ec1 m\u1eb7t c\u0169ng nh\u01b0 l\u1ed7 ch\u00e2n l\u00f4ng<\/span><\/li>\n<li style=\"font-weight: 400;\" aria-level=\"1\"><span style=\"font-weight: 400;\">B\u1ed5 sung oxy v\u00e0 d\u01b0\u1ee1ng ch\u1ea5t gi\u00fap c\u1ea3i thi\u1ec7n s\u1ee9c kh\u1ecfe l\u00e0n da<\/span><\/li>\n<li style=\"font-weight: 400;\" aria-level=\"1\"><span style=\"font-weight: 400;\">K\u00edch th\u00edch s\u1ea3n sinh collagen, t\u0103ng \u0111\u1ed9 s\u0103n ch\u1eafc v\u00e0 \u0111\u00e0n h\u1ed3i<\/span><\/li>\n<li style=\"font-weight: 400;\" aria-level=\"1\"><span style=\"font-weight: 400;\">H\u1ed7 tr\u1ee3 kh\u00e1ng vi\u00eam, \u0111i\u1ec1u h\u00f2a t\u00ecnh tr\u1ea1ng m\u1ee5n v\u00e0 ph\u1ee5c h\u1ed3i t\u1ed5n th\u01b0\u01a1ng da<\/span><\/li>\n<li style=\"font-weight: 400;\" aria-level=\"1\"><span style=\"font-weight: 400;\">T\u1ea1o h\u00e0ng r\u00e0o b\u1ea3o v\u1ec7 da tr\u01b0\u1edbc tia UV v\u00e0 c\u00e1c t\u00e1c nh\u00e2n m\u00f4i tr\u01b0\u1eddng<\/span><\/li>\n<\/ul>\n","protected":false},"excerpt":{"rendered":"<p><span style=\"font-weight: 400;\">Skincare Rejuvenate Simple l\u00e0 li\u1ec7u tr\u00ecnh ch\u0103m s\u00f3c da c\u01a1 b\u1ea3n trong 40 ph\u00fat, \u0111\u01b0\u1ee3c thi\u1ebft k\u1ebf theo quy tr\u00ecnh khoa h\u1ecdc nh\u1eb1m l\u00e0m s\u1ea1ch, ph\u1ee5c h\u1ed3i v\u00e0 b\u1ea3o v\u1ec7 l\u00e0n da. Li\u1ec7u tr\u00ecnh k\u1ebft h\u1ee3p thi\u1ebft b\u1ecb chuy\u00ean d\u1ee5ng nh\u01b0 <\/span><span style=\"font-weight: 400;\">Aqua Peel, <\/span><span style=\"font-weight: 400;\">BOHR C&amp;O, RF 4D, \u00e1nh s\u00e1ng tr\u1ecb li\u1ec7u Celluma c\u00f9ng c\u00e1c s\u1ea3n ph\u1ea9m \u0111\u1eb7c tr\u1ecb \u0111\u1ec3:<\/span><\/p>\n<ul>\n<li style=\"font-weight: 400;\" aria-level=\"1\"><span style=\"font-weight: 400;\">L\u00e0m s\u1ea1ch v\u00e0 c\u00e2n b\u1eb1ng b\u1ec1 m\u1eb7t c\u0169ng nh\u01b0 l\u1ed7 ch\u00e2n l\u00f4ng<\/span><\/li>\n<li style=\"font-weight: 400;\" aria-level=\"1\"><span style=\"font-weight: 400;\">B\u1ed5 sung oxy v\u00e0 d\u01b0\u1ee1ng ch\u1ea5t gi\u00fap c\u1ea3i thi\u1ec7n s\u1ee9c kh\u1ecfe l\u00e0n da<\/span><\/li>\n<li style=\"font-weight: 400;\" aria-level=\"1\"><span style=\"font-weight: 400;\">K\u00edch th\u00edch s\u1ea3n sinh collagen, t\u0103ng \u0111\u1ed9 s\u0103n ch\u1eafc v\u00e0 \u0111\u00e0n h\u1ed3i<\/span><\/li>\n<li style=\"font-weight: 400;\" aria-level=\"1\"><span style=\"font-weight: 400;\">H\u1ed7 tr\u1ee3 kh\u00e1ng vi\u00eam, \u0111i\u1ec1u h\u00f2a t\u00ecnh tr\u1ea1ng m\u1ee5n v\u00e0 ph\u1ee5c h\u1ed3i t\u1ed5n th\u01b0\u01a1ng da<\/span><\/li>\n<li style=\"font-weight: 400;\" aria-level=\"1\"><span style=\"font-weight: 400;\">T\u1ea1o h\u00e0ng r\u00e0o b\u1ea3o v\u1ec7 da tr\u01b0\u1edbc tia UV v\u00e0 c\u00e1c t\u00e1c nh\u00e2n m\u00f4i tr\u01b0\u1eddng<\/span><\/li>\n<\/ul>\n","protected":false},"featured_media":65822,"template":"","meta":[],"product_brand":[],"product_cat":[1870],"product_tag":[],"class_list":{"0":"post-65819","1":"product","2":"type-product","3":"status-publish","4":"has-post-thumbnail","6":"product_cat-suc-khoe-lan-da-skincare","8":"first","9":"instock","10":"shipping-taxable","11":"purchasable","12":"product-type-simple"},"_links":{"self":[{"href":"https:\/\/victoriavn.com\/khamtongquat\/wp-json\/wp\/v2\/product\/65819","targetHints":{"allow":["GET"]}}],"collection":[{"href":"https:\/\/victoriavn.com\/khamtongquat\/wp-json\/wp\/v2\/product"}],"about":[{"href":"https:\/\/victoriavn.com\/khamtongquat\/wp-json\/wp\/v2\/types\/product"}],"wp:featuredmedia":[{"embeddable":true,"href":"https:\/\/victoriavn.com\/khamtongquat\/wp-json\/wp\/v2\/media\/65822"}],"wp:attachment":[{"href":"https:\/\/victoriavn.com\/khamtongquat\/wp-json\/wp\/v2\/media?parent=65819"}],"wp:term":[{"taxonomy":"product_brand","embeddable":true,"href":"https:\/\/victoriavn.com\/khamtongquat\/wp-json\/wp\/v2\/product_brand?post=65819"},{"taxonomy":"product_cat","embeddable":true,"href":"https:\/\/victoriavn.com\/khamtongquat\/wp-json\/wp\/v2\/product_cat?post=65819"},{"taxonomy":"product_tag","embeddable":true,"href":"https:\/\/victoriavn.com\/khamtongquat\/wp-json\/wp\/v2\/product_tag?post=65819"}],"curies":[{"name":"wp","href":"https:\/\/api.w.org\/{rel}","templated":true}]}}