{"id":64411,"date":"2025-08-11T15:36:03","date_gmt":"2025-08-11T08:36:03","guid":{"rendered":"https:\/\/victoriavn.com\/khamtongquat\/?post_type=product&#038;p=64411"},"modified":"2025-08-14T16:34:17","modified_gmt":"2025-08-14T09:34:17","slug":"kham-suc-khoe-cap-giay-phep-lai-xe","status":"publish","type":"product","link":"https:\/\/victoriavn.com\/khamtongquat\/san-pham\/kham-suc-khoe-cap-giay-phep-lai-xe\/","title":{"rendered":"Kh\u00e1m s\u1ee9c kh\u1ecfe c\u1ea5p gi\u1ea5y ph\u00e9p l\u00e1i xe"},"content":{"rendered":"<ul>\n<li data-start=\"81\" data-end=\"235\">\n<p data-start=\"84\" data-end=\"235\"><strong data-start=\"84\" data-end=\"146\">Kh\u00e1m b\u00e1c s\u0129 N\u1ed9i khoa &amp; \u0111o d\u1ea5u hi\u1ec7u sinh t\u1ed3n (Vital Signs):<\/strong> \u0110\u00e1nh gi\u00e1 t\u1ed5ng qu\u00e1t t\u00ecnh tr\u1ea1ng s\u1ee9c kh\u1ecfe, bao g\u1ed3m \u0111o huy\u1ebft \u00e1p, m\u1ea1ch, nhi\u1ec7t \u0111\u1ed9, nh\u1ecbp th\u1edf.<\/p>\n<\/li>\n<li data-start=\"236\" data-end=\"403\">\n<p data-start=\"239\" data-end=\"403\"><strong data-start=\"239\" data-end=\"293\">Kh\u00e1m m\u1eaft &amp; \u0111o th\u1ecb l\u1ef1c, ki\u1ec3m tra ph\u00e2n bi\u1ec7t m\u00e0u s\u1eafc:<\/strong> Th\u1ef1c hi\u1ec7n b\u1edfi b\u00e1c s\u0129 Nh\u00e3n khoa nh\u1eb1m ph\u00e1t hi\u1ec7n c\u00e1c v\u1ea5n \u0111\u1ec1 v\u1ec1 th\u1ecb l\u1ef1c, t\u1eadt kh\u00fac x\u1ea1 v\u00e0 kh\u1ea3 n\u0103ng nh\u1eadn di\u1ec7n m\u00e0u.<\/p>\n<\/li>\n<li data-start=\"404\" data-end=\"506\">\n<p data-start=\"407\" data-end=\"506\"><strong data-start=\"407\" data-end=\"433\">Kh\u00e1m Tai \u2013 M\u0169i \u2013 H\u1ecdng:<\/strong> Ki\u1ec3m tra s\u1ee9c kh\u1ecfe tai, m\u0169i, h\u1ecdng, ph\u00e1t hi\u1ec7n s\u1edbm c\u00e1c b\u1ec7nh l\u00fd li\u00ean quan.<\/p>\n<\/li>\n<li data-start=\"507\" data-end=\"604\">\n<p data-start=\"510\" data-end=\"604\"><strong data-start=\"510\" data-end=\"535\">B\u1ed9 x\u00e9t nghi\u1ec7m ch\u1ea5t g\u00e2y nghi\u1ec7n:<\/strong> S\u00e0ng l\u1ecdc c\u00e1c ch\u1ea5t Amphetamin, Marijuana, Morphin, Codein, Heroin<\/p>\n<\/li>\n<\/ul>\n","protected":false},"excerpt":{"rendered":"<p>Kh\u00f4ng c\u1ea7n m\u1ea5t th\u1eddi gian ch\u1edd \u0111\u1ee3i hay lo l\u1eafng v\u1ec1 quy tr\u00ecnh r\u01b0\u1eddm r\u00e0, g\u00f3i kh\u00e1m s\u1ee9c kh\u1ecfe l\u00e1i xe t\u1ea1i Victoria Healthcare \u0111\u01b0\u1ee3c thi\u1ebft k\u1ebf \u0111\u1ec3 gi\u00fap b\u1ea1n ho\u00e0n thi\u1ec7n th\u1ee7 t\u1ee5c y t\u1ebf nhanh ch\u00f3ng, ch\u00ednh x\u00e1c v\u00e0 \u0111\u00fang quy \u0111\u1ecbnh c\u1ee7a B\u1ed9 Y t\u1ebf.<\/p>\n","protected":false},"featured_media":64413,"template":"","meta":[],"product_brand":[],"product_cat":[1872],"product_tag":[],"class_list":{"0":"post-64411","1":"product","2":"type-product","3":"status-publish","4":"has-post-thumbnail","6":"product_cat-kham-suc-khoe-di-lam-di-hoc","8":"first","9":"instock","10":"shipping-taxable","11":"purchasable","12":"product-type-simple"},"_links":{"self":[{"href":"https:\/\/victoriavn.com\/khamtongquat\/wp-json\/wp\/v2\/product\/64411","targetHints":{"allow":["GET"]}}],"collection":[{"href":"https:\/\/victoriavn.com\/khamtongquat\/wp-json\/wp\/v2\/product"}],"about":[{"href":"https:\/\/victoriavn.com\/khamtongquat\/wp-json\/wp\/v2\/types\/product"}],"wp:featuredmedia":[{"embeddable":true,"href":"https:\/\/victoriavn.com\/khamtongquat\/wp-json\/wp\/v2\/media\/64413"}],"wp:attachment":[{"href":"https:\/\/victoriavn.com\/khamtongquat\/wp-json\/wp\/v2\/media?parent=64411"}],"wp:term":[{"taxonomy":"product_brand","embeddable":true,"href":"https:\/\/victoriavn.com\/khamtongquat\/wp-json\/wp\/v2\/product_brand?post=64411"},{"taxonomy":"product_cat","embeddable":true,"href":"https:\/\/victoriavn.com\/khamtongquat\/wp-json\/wp\/v2\/product_cat?post=64411"},{"taxonomy":"product_tag","embeddable":true,"href":"https:\/\/victoriavn.com\/khamtongquat\/wp-json\/wp\/v2\/product_tag?post=64411"}],"curies":[{"name":"wp","href":"https:\/\/api.w.org\/{rel}","templated":true}]}}