{"id":62082,"date":"2025-05-15T12:07:53","date_gmt":"2025-05-15T05:07:53","guid":{"rendered":"https:\/\/victoriavn.com\/khamtongquat\/?post_type=product&#038;p=62082"},"modified":"2025-05-15T12:08:57","modified_gmt":"2025-05-15T05:08:57","slug":"goi-kham-tong-quat-cho-tre-tu-12-thang-den-duoi-2-tuoi","status":"publish","type":"product","link":"https:\/\/victoriavn.com\/khamtongquat\/san-pham\/goi-kham-tong-quat-cho-tre-tu-12-thang-den-duoi-2-tuoi\/","title":{"rendered":"G\u00f3i Kh\u00e1m T\u1ed5ng Qu\u00e1t Cho Tr\u1ebb t\u1eeb 12 th\u00e1ng \u0111\u1ebfn d\u01b0\u1edbi 2 tu\u1ed5i"},"content":{"rendered":"<p>\u2013 \u0110\u00e1nh gi\u00e1 t\u0103ng tr\u01b0\u1edfng (c\u00e2n n\u1eb7ng, chi\u1ec1u cao v\u00e0 v\u1ebd c\u00e1c ch\u1ec9 s\u1ed1 n\u00e0y l\u00ean bi\u1ec3u \u0111\u1ed3 t\u0103ng tr\u01b0\u1edfng)<br \/>\n\u2013 \u0110\u00e1nh gi\u00e1 c\u00e1c m\u1ed1c ph\u00e1t tri\u1ec3n h\u1ec7 th\u1ea7n kinh t\u00e2m th\u1ea7n ,v\u1eadn \u0111\u1ed9ng, giao ti\u1ebfp, nh\u1eadn th\u1ee9c, ng\u00f4n ng\u1eef c\u1ee7a b\u00e9 (s\u00e0ng l\u1ecdc nguy c\u01a1 t\u1ef1 k\u1ec9)<br \/>\n\u2013 Th\u0103m kh\u00e1m to\u00e0n di\u1ec7n c\u00e1c c\u01a1 quan tim ph\u1ed5i b\u1ee5ng, tai, m\u0169i, h\u1ecdng, da li\u1ec5u<\/p>\n<p>\u2013 T\u01b0 v\u1ea5n ph\u01b0\u01a1ng ph\u00e1p ph\u00f2ng ng\u1eeba c\u00e1c b\u1ec7nh truy\u1ec1n nhi\u1ec5m v\u00e0 c\u00e1ch x\u1eed l\u00fd 1 s\u1ed1 tri\u1ec7u ch\u1ee9ng th\u00f4ng th\u01b0\u1eddng<br \/>\n\u2013 H\u01b0\u1edbng d\u1eabn c\u00e1ch ch\u0103m s\u00f3c 1 s\u1ed1 b\u1ec7nh th\u01b0\u1eddng g\u1eb7p \u1edf tr\u1ebb tu\u1ed5i \u0111i h\u1ecdc m\u1eabu gi\u00e1o<br \/>\n\u2013 \u0110\u01b0a ra l\u1eddi khuy\u00ean v\u1ec1 v\u1ea5n \u0111\u1ec1 c\u00e2n b\u1eb1ng dinh du\u00f5ng, \u0111i v\u1ec7 sinh, gi\u1ea5c ng\u1ee7, ho\u1ea1t \u0111\u1ed9ng th\u1ec3 ch\u1ea5t<br \/>\n\u2013 H\u01b0\u1edbng d\u1eabn ch\u0103m s\u00f3c r\u0103ng mi\u1ec7ng<br \/>\n\u2013 T\u01b0 v\u1ea5n ch\u1ee7ng ng\u1eeba<\/p>\n","protected":false},"excerpt":{"rendered":"<p>Giai \u0111o\u1ea1n n\u00e0y b\u00e9 c\u1ea7n \u0111\u01b0\u1ee3c th\u0103m kh\u00e1m \u1edf c\u00e1c m\u1ed1c tu\u1ed5i: 12 th\u00e1ng &#8211; 15 th\u00e1ng &#8211; 18 th\u00e1ng<\/p>\n<p>Danh m\u1ee5c kh\u00e1m chi ti\u1ebft b\u00ean d\u01b0\u1edbi<\/p>\n","protected":false},"featured_media":62074,"template":"","meta":[],"product_brand":[],"product_cat":[1729],"product_tag":[1808],"class_list":{"0":"post-62082","1":"product","2":"type-product","3":"status-publish","4":"has-post-thumbnail","6":"product_cat-suc-khoe-tre-em","7":"product_tag-sieu-uu-dai-kham-gio-vang","9":"first","10":"instock","11":"shipping-taxable","12":"purchasable","13":"product-type-simple"},"_links":{"self":[{"href":"https:\/\/victoriavn.com\/khamtongquat\/wp-json\/wp\/v2\/product\/62082","targetHints":{"allow":["GET"]}}],"collection":[{"href":"https:\/\/victoriavn.com\/khamtongquat\/wp-json\/wp\/v2\/product"}],"about":[{"href":"https:\/\/victoriavn.com\/khamtongquat\/wp-json\/wp\/v2\/types\/product"}],"wp:featuredmedia":[{"embeddable":true,"href":"https:\/\/victoriavn.com\/khamtongquat\/wp-json\/wp\/v2\/media\/62074"}],"wp:attachment":[{"href":"https:\/\/victoriavn.com\/khamtongquat\/wp-json\/wp\/v2\/media?parent=62082"}],"wp:term":[{"taxonomy":"product_brand","embeddable":true,"href":"https:\/\/victoriavn.com\/khamtongquat\/wp-json\/wp\/v2\/product_brand?post=62082"},{"taxonomy":"product_cat","embeddable":true,"href":"https:\/\/victoriavn.com\/khamtongquat\/wp-json\/wp\/v2\/product_cat?post=62082"},{"taxonomy":"product_tag","embeddable":true,"href":"https:\/\/victoriavn.com\/khamtongquat\/wp-json\/wp\/v2\/product_tag?post=62082"}],"curies":[{"name":"wp","href":"https:\/\/api.w.org\/{rel}","templated":true}]}}