{"id":62078,"date":"2025-05-15T12:04:25","date_gmt":"2025-05-15T05:04:25","guid":{"rendered":"https:\/\/victoriavn.com\/khamtongquat\/?post_type=product&#038;p=62078"},"modified":"2025-05-15T12:06:57","modified_gmt":"2025-05-15T05:06:57","slug":"goi-kham-tong-quat-cho-tre-tu-2-tuoi-den-duoi-12-tuoi","status":"publish","type":"product","link":"https:\/\/victoriavn.com\/khamtongquat\/san-pham\/goi-kham-tong-quat-cho-tre-tu-2-tuoi-den-duoi-12-tuoi\/","title":{"rendered":"G\u00f3i Kh\u00e1m T\u1ed5ng Qu\u00e1t Cho Tr\u1ebb t\u1eeb 2 tu\u1ed5i \u0111\u1ebfn d\u01b0\u1edbi 12 tu\u1ed5i"},"content":{"rendered":"<p><span data-sheets-root=\"1\"><strong>1. \u0110i\u1ec1u d\u01b0\u1ee1ng ki\u1ec3m tra<\/strong><br \/>\n\u2013 \u0110o ch\u1ec9 s\u1ed1 sinh hi\u1ec7u: chi\u1ec1u cao, c\u00e2n n\u1eb7ng, th\u00e2n nhi\u1ec7t, m\u1ea1ch v\u00e0 huy\u1ebft \u00e1p.<br \/>\n\u2013 Ki\u1ec3m tra th\u1ecb l\u1ef1c<\/p>\n<p><strong>2. Kh\u00e1m &amp; T\u01b0 v\u1ea5n v\u1edbi b\u00e1c s\u0129 Nhi khoa:<\/strong><br \/>\n\u2013 Kh\u00e1m, ki\u1ec3m tra s\u1ee9c kh\u1ecfe c\u1ee7a tr\u1ebb tr\u01b0\u1edbc ti\u00eam ch\u1ee7ng<br \/>\n\u2013 Ch\u1ec9 \u0111\u1ecbnh c\u00e1c m\u0169i ti\u00eam ng\u1eeba c\u1ea7n thi\u1ebft.<br \/>\n\u2013 Ki\u1ec3m tra t\u1ed1c \u0111\u1ed9 t\u0103ng tr\u01b0\u1edfng v\u00e0 khai th\u00e1c th\u00f4ng tin v\u1ec1 s\u1ef1 ph\u00e1t tri\u1ec3n v\u00e0 h\u00e0nh vi c\u1ee7a tr\u1ebb.<br \/>\n\u2013 Trao \u0111\u1ed5i v\u1edbi ph\u1ee5 huynh v\u1ec1 c\u00e1ch ph\u00f2ng ng\u1eeba b\u1ec7nh, t\u01b0 v\u1ea5n dinh d\u01b0\u1ee1ng v\u00e0 th\u1ec3 ch\u1ea5t c\u0169ng nh\u01b0 c\u00e1c v\u1ea5n \u0111\u1ec1 li\u00ean quan \u0111\u1ebfn s\u1ee9c kh\u1ecfe tr\u1ebb<br \/>\nB\u1ec7nh s\u1eed<br \/>\n\u2013 Khai th\u00e1c b\u1ec7nh s\u1eed c\u1ee7a tr\u1ebb.<br \/>\n\u2013 Ki\u1ec3m tra v\u00e0 ghi nh\u1eadn l\u1ecbch s\u1eed ti\u00eam ng\u1eeba<\/p>\n<p><strong>C\u00e1c x\u00e9t nghi\u1ec7m \u0111\u01b0\u1ee3c khuy\u1ebfn kh\u00edch th\u00eam v\u00e0o g\u00f3i kh\u00e1m: (ch\u01b0a bao g\u1ed3m chi ph\u00ed)<\/strong><br \/>\n1. C\u00f4ng th\u1ee9c m\u00e1u<br \/>\n2. T\u1ed5ng ph\u00e2n t\u00edch n\u01b0\u1edbc ti\u1ec3uT\u1ea1i sao c\u1ea7n l\u00e0m x\u00e9t nghi\u1ec7m C\u00f4ng th\u1ee9c m\u00e1u?<br \/>\n\u2022 C\u00f4ng th\u1ee9c m\u00e1u l\u00e0 m\u1ed9t x\u00e9t nghi\u1ec7m th\u00f4ng th\u01b0\u1eddng v\u00e0 th\u01b0\u1eddng \u0111\u01b0\u1ee3c ch\u1ec9 \u0111\u1ecbnh cho nhi\u1ec1u tr\u01b0\u1eddng h\u1ee3p \u0111\u1ec3 \u0111\u00e1nh gi\u00e1 t\u1ed5ng th\u1ec3 s\u1ee9c kh\u1ecfe c\u1ee7a tr\u1ebb. B\u00e1c s\u0129 c\u00f3 th\u1ec3 ch\u1ec9 \u0111\u1ecbnh x\u00e9t nghi\u1ec7m n\u00e0y \u0111\u1ec3 theo d\u00f5i s\u1ee9c kh\u1ecfe t\u1ed5ng th\u1ec3, t\u1ea7m so\u00e1t c\u00e1c r\u1ed1i lo\u1ea1n nh\u01b0 b\u1ec7nh thi\u1ebfu m\u00e1u hay b\u1ec7nh b\u1ea1ch c\u1ea7u.X\u00e9t nghi\u1ec7m T\u1ed5ng ph\u00e2n t\u00edch n\u01b0\u1edbc ti\u1ec3u cho tr\u1ebb \u0111em l\u1ea1i nh\u1eefng l\u1ee3i \u00edch g\u00ec?<br \/>\n\u2022 B\u00e1c s\u0129 ch\u1ec9 \u0111\u1ecbnh x\u00e9t nhi\u1ec7m n\u01b0\u1edbc ti\u1ec3u \u0111\u1ec3 ch\u1ea9n \u0111o\u00e1n v\u00e0 di\u1ec1u tr\u1ecb c\u00e1c tri\u1ec7u ch\u1ee9ng r\u1ed1i lo\u1ea1i th\u1eadn, b\u1ec7nh l\u00fd v\u1ec1 gan, \u0111i\u1ec3u \u0111\u01b0\u1eddng,v\u00e0 c\u00e1c b\u1ec7nh nhi\u1ec3m tr\u00f9ng.<\/span><\/p>\n","protected":false},"excerpt":{"rendered":"<p><span data-sheets-root=\"1\">\u2013 \u0110\u00e1nh gi\u00e1 t\u0103ng tr\u01b0\u1edfng (c\u00e2n n\u1eb7ng, chi\u1ec1u cao, BMI v\u00e0 v\u1ebd c\u00e1c ch\u1ec9 s\u1ed1 n\u00e0y l\u00ean bi\u1ec3u \u0111\u1ed3 t\u0103ng tr\u01b0\u1edfng)<br \/>\n\u2013 \u0110\u00e1nh gi\u00e1 c\u00e1c m\u1ed1c ph\u00e1t tri\u1ec3n h\u1ec7 th\u1ea7n kinh t\u00e2m th\u1ea7n ,v\u1eadn \u0111\u1ed9ng, giao ti\u1ebfp, nh\u1eadn th\u1ee9c, ng\u00f4n ng\u1eef c\u1ee7a b\u00e9<br \/>\n\u2013 \u0110\u01b0a ra c\u00e1c l\u1eddi khuy\u00ean v\u1ec1 v\u1ea5n \u0111\u1ec1 \u0103n u\u1ed1ng c\u00e2n b\u1eb1ng, \u0111i v\u1ec7 sinh, gi\u1ea5c ng\u1ee7, ho\u1ea1t \u0111\u1ed9ng th\u1ec3 ch\u1ea5t<br \/>\n\u2013 Th\u0103m kh\u00e1m to\u00e0n di\u1ec7n c\u00e1c c\u01a1 quan tim ph\u1ed5i b\u1ee5ng, tai, m\u0169i, h\u1ecdng, da li\u1ec5u<br \/>\n\u2013 T\u01b0 v\u1ea5n ch\u1ee7ng ng\u1eeba, dinh d\u01b0\u1ee1ng<\/span><\/p>\n","protected":false},"featured_media":62075,"template":"","meta":[],"product_brand":[],"product_cat":[1729],"product_tag":[1808],"class_list":{"0":"post-62078","1":"product","2":"type-product","3":"status-publish","4":"has-post-thumbnail","6":"product_cat-suc-khoe-tre-em","7":"product_tag-sieu-uu-dai-kham-gio-vang","9":"first","10":"instock","11":"shipping-taxable","12":"purchasable","13":"product-type-simple"},"_links":{"self":[{"href":"https:\/\/victoriavn.com\/khamtongquat\/wp-json\/wp\/v2\/product\/62078","targetHints":{"allow":["GET"]}}],"collection":[{"href":"https:\/\/victoriavn.com\/khamtongquat\/wp-json\/wp\/v2\/product"}],"about":[{"href":"https:\/\/victoriavn.com\/khamtongquat\/wp-json\/wp\/v2\/types\/product"}],"wp:featuredmedia":[{"embeddable":true,"href":"https:\/\/victoriavn.com\/khamtongquat\/wp-json\/wp\/v2\/media\/62075"}],"wp:attachment":[{"href":"https:\/\/victoriavn.com\/khamtongquat\/wp-json\/wp\/v2\/media?parent=62078"}],"wp:term":[{"taxonomy":"product_brand","embeddable":true,"href":"https:\/\/victoriavn.com\/khamtongquat\/wp-json\/wp\/v2\/product_brand?post=62078"},{"taxonomy":"product_cat","embeddable":true,"href":"https:\/\/victoriavn.com\/khamtongquat\/wp-json\/wp\/v2\/product_cat?post=62078"},{"taxonomy":"product_tag","embeddable":true,"href":"https:\/\/victoriavn.com\/khamtongquat\/wp-json\/wp\/v2\/product_tag?post=62078"}],"curies":[{"name":"wp","href":"https:\/\/api.w.org\/{rel}","templated":true}]}}