{"id":61670,"date":"2025-04-24T00:10:09","date_gmt":"2025-04-23T17:10:09","guid":{"rendered":"https:\/\/victoriavn.com\/khamtongquat\/?post_type=product&#038;p=61670"},"modified":"2025-04-24T10:20:27","modified_gmt":"2025-04-24T03:20:27","slug":"ho-tro-phi-di-chuyen-cho-khach-hang-kham-tai-chi-nhanh-luong-dinh-cua-nguyen-van-troi-phu-my-hung-khi-chup-ct-trong-ngay-3","status":"publish","type":"product","link":"https:\/\/victoriavn.com\/khamtongquat\/san-pham\/ho-tro-phi-di-chuyen-cho-khach-hang-kham-tai-chi-nhanh-luong-dinh-cua-nguyen-van-troi-phu-my-hung-khi-chup-ct-trong-ngay-3\/","title":{"rendered":"H\u1ed7 tr\u01a1\u0323 ph\u00ed di chuy\u1ec3n cho kh\u00e1ch h\u00e0ng kh\u00e1m t\u1ea1i chi nh\u00e1nh L\u01b0\u01a1ng \u0110\u1ecbnh C\u1ee7a &#8211; Nguy\u1ec5n V\u0103n Tr\u1ed7i &#8211; Ph\u00fa M\u1ef9 H\u01b0ng khi chu\u0323p CT trong ng\u00e0y"},"content":{"rendered":"<p><strong>L\u01b0u \u00fd: S\u1ea3n ph\u1ea9m t\u1eb7ng kh\u00f4ng kinh doanh<br \/>\n<\/strong>\u0110\u1ec3 \u0111\u01b0\u1ee3c h\u1ed7 tr\u1ee3 th\u00eam, xin vui l\u00f2ng li\u00ean h\u1ec7: Hotline: 028 39104545<\/p>\n","protected":false},"excerpt":{"rendered":"<p><strong>L\u01b0u \u00fd: S\u1ea3n ph\u1ea9m t\u1eb7ng kh\u00f4ng kinh doanh<br \/>\n<\/strong>\u0110\u1ec3 \u0111\u01b0\u1ee3c h\u1ed7 tr\u1ee3 th\u00eam, xin vui l\u00f2ng li\u00ean h\u1ec7: Hotline: 028 39104545<\/p>\n","protected":false},"featured_media":12089,"template":"","meta":[],"product_brand":[],"product_cat":[1728],"product_tag":[],"class_list":{"0":"post-61670","1":"product","2":"type-product","3":"status-publish","4":"has-post-thumbnail","6":"product_cat-voucher-gift","8":"first","9":"instock","10":"shipping-taxable","11":"purchasable","12":"product-type-simple"},"_links":{"self":[{"href":"https:\/\/victoriavn.com\/khamtongquat\/wp-json\/wp\/v2\/product\/61670","targetHints":{"allow":["GET"]}}],"collection":[{"href":"https:\/\/victoriavn.com\/khamtongquat\/wp-json\/wp\/v2\/product"}],"about":[{"href":"https:\/\/victoriavn.com\/khamtongquat\/wp-json\/wp\/v2\/types\/product"}],"wp:featuredmedia":[{"embeddable":true,"href":"https:\/\/victoriavn.com\/khamtongquat\/wp-json\/wp\/v2\/media\/12089"}],"wp:attachment":[{"href":"https:\/\/victoriavn.com\/khamtongquat\/wp-json\/wp\/v2\/media?parent=61670"}],"wp:term":[{"taxonomy":"product_brand","embeddable":true,"href":"https:\/\/victoriavn.com\/khamtongquat\/wp-json\/wp\/v2\/product_brand?post=61670"},{"taxonomy":"product_cat","embeddable":true,"href":"https:\/\/victoriavn.com\/khamtongquat\/wp-json\/wp\/v2\/product_cat?post=61670"},{"taxonomy":"product_tag","embeddable":true,"href":"https:\/\/victoriavn.com\/khamtongquat\/wp-json\/wp\/v2\/product_tag?post=61670"}],"curies":[{"name":"wp","href":"https:\/\/api.w.org\/{rel}","templated":true}]}}