{"id":61648,"date":"2025-04-23T22:53:58","date_gmt":"2025-04-23T15:53:58","guid":{"rendered":"https:\/\/victoriavn.com\/khamtongquat\/?post_type=product&#038;p=61648"},"modified":"2026-01-13T11:06:26","modified_gmt":"2026-01-13T04:06:26","slug":"tong-quat-chuyen-sau-nam-tam-soat-ung-thu-tieu-hoa","status":"publish","type":"product","link":"https:\/\/victoriavn.com\/khamtongquat\/san-pham\/tong-quat-chuyen-sau-nam-tam-soat-ung-thu-tieu-hoa\/","title":{"rendered":"T\u1ed5ng qu\u00e1t chuy\u00ean s\u00e2u Nam &#8211; t\u1ea7m so\u00e1t ung th\u01b0 ti\u00eau h\u00f3a"},"content":{"rendered":"<table dir=\"ltr\" border=\"1\" cellspacing=\"0\" cellpadding=\"0\" data-sheets-root=\"1\" data-sheets-baot=\"1\">\n<colgroup>\n<col width=\"335\" \/>\n<col width=\"621\" \/><\/colgroup>\n<tbody>\n<tr>\n<td style=\"text-align: center;\"><strong>Danh m\u1ee5c<\/strong><\/td>\n<td style=\"text-align: center;\"><strong>M\u00f4 t\u1ea3<\/strong><\/td>\n<\/tr>\n<tr>\n<td colspan=\"2\" rowspan=\"1\">\u0110o ch\u1ec9 s\u1ed1 sinh hi\u1ec7u<\/td>\n<\/tr>\n<tr>\n<td>Chi\u1ec1u cao, c\u00e2n n\u1eb7ng, th\u00e2n nhi\u1ec7t, m\u1ea1ch v\u00e0 huy\u1ebft \u00e1p<\/td>\n<td>Gi\u00fap ph\u00e1t hi\u1ec7n c\u00e1c v\u1ea5n \u0111\u1ec1 b\u1ec7nh l\u00fd ti\u1ec1m \u1ea9n v\u00e0 \u0111\u1ec3 ch\u1ec9 \u0111\u1ecbnh thu\u1ed1c \u0111\u00fang li\u1ec1u l\u01b0\u1ee3ng<\/td>\n<\/tr>\n<tr>\n<td>Ki\u1ec3m tra th\u1ecb l\u1ef1c<\/td>\n<td>T\u1ea7m so\u00e1t v\u00e0 ph\u00e1t hi\u1ec7n s\u1edbm c\u00e1c v\u1ea5n \u0111\u1ec1 v\u1ec1 th\u1ecb gi\u00e1c<\/td>\n<\/tr>\n<tr>\n<td colspan=\"2\" rowspan=\"1\">B\u00e1c s\u0129 kh\u00e1m v\u00e0 t\u01b0 v\u1ea5n<\/td>\n<\/tr>\n<tr>\n<td>B\u00e1c s\u0129 N\u1ed9i t\u1ed5ng qu\u00e1t<\/td>\n<td>&#8211; Kh\u00e1m th\u1ef1c th\u1ec3 trong \u0111\u00f3 b\u00e1c s\u0129 ki\u1ec3m tra, c\u1ea3m nh\u1eadn ho\u1eb7c l\u1eafng nghe c\u00e1c b\u1ed9 ph\u1eadn tr\u00ean c\u01a1 th\u1ec3 b\u1ea1n.<br \/>\n&#8211; BMI (Ch\u1ec9 s\u1ed1 kh\u1ed1i c\u1ee7a c\u01a1 th\u1ec3): \u0111\u1ec3 ch\u1ea9n \u0111o\u00e1n th\u1eeba c\u00e2n v\u00e0 b\u00e9o ph\u00ec, \u0111\u00e1nh gi\u00e1 m\u1ed1i quan h\u1ec7 gi\u1eefa tr\u1ecdng l\u01b0\u1ee3ng c\u01a1 th\u1ec3 v\u00e0 chi\u1ec1u cao.<br \/>\n&#8211; Ki\u1ec3m tra, \u0111\u00e1nh gi\u00e1 b\u1ec7nh s\u1eed c\u00e1 nh\u00e2n v\u00e0 gia \u0111\u00ecnh.<br \/>\n&#8211; \u0110\u00e1nh gi\u00e1 nguy c\u01a1 s\u1ee9c kh\u1ecfe ti\u1ec1m \u1ea9n<br \/>\n&#8211; T\u01b0 v\u1ea5n \u0111i\u1ec1u ch\u1ec9nh l\u1ed1i s\u1ed1ng, th\u00f3i quen sinh ho\u1ea1t gi\u00fap n\u00e2ng cao th\u1ec3 l\u1ef1c v\u00e0 ph\u00f2ng ng\u1eeba b\u1ec7nh.<br \/>\n&#8211; T\u01b0 v\u1ea5n ti\u00eam ch\u1ee7ng, ch\u0103m s\u00f3c ph\u00f2ng ng\u1eeba.<\/td>\n<\/tr>\n<tr>\n<td>B\u00e1c s\u0129 Nha khoa<\/td>\n<td colspan=\"1\" rowspan=\"3\">\n<div>&#8211; Kh\u00e1m c\u00f9ng c\u00e1c b\u00e1c s\u0129 chuy\u00ean khoa \u0111\u1ec3 \u0111\u01b0\u1ee3c ch\u1ea9n \u0111o\u00e1n &amp; ph\u00e1t hi\u1ec7n s\u1edbm c\u00e1c b\u1ec7nh l\u00fd v\u1ec1 Nha, M\u1eaft, TMH.<br \/>\n&#8211; H\u01b0\u1edbng d\u1eabn c\u00e1ch ch\u0103m s\u00f3c t\u1ea1i nh\u00e0 \u0111\u1ec3 ng\u0103n ng\u1eeba c\u00e1c b\u1ec7nh l\u00fd.<br \/>\n&#8211; T\u01b0 v\u1ea5n c\u00e1c d\u1ea5u hi\u1ec7u c\u1ea7n l\u01b0u \u00fd khi n\u00e0o n\u00ean \u0111\u1ebfn g\u1eb7p b\u00e1c s\u0129.<\/div>\n<\/td>\n<\/tr>\n<tr>\n<td>B\u00e1c s\u0129 M\u1eaft<\/td>\n<\/tr>\n<tr>\n<td>B\u00e1c s\u0129 Tai-M\u0169i-H\u1ecdng<\/td>\n<\/tr>\n<tr>\n<td colspan=\"2\" rowspan=\"1\">Th\u1ee7 thu\u1eadt<\/td>\n<\/tr>\n<tr>\n<td>N\u1ed9i soi Tai-M\u0169i-H\u1ecdng<\/td>\n<td>&#8211; \u0110\u01b0\u1ee3c BS TMH tr\u1ef1c ti\u1ebfp th\u1ef1c hi\u1ec7n<br \/>\n&#8211; Ki\u1ec3m tra chi ti\u1ebft b\u00ean trong v\u00f9ng tai m\u0169i h\u1ecdng ph\u00e1t hi\u1ec7n c\u00e1c tri\u1ec7u ch\u1ee9ng b\u1ea5t th\u01b0\u1eddng<\/td>\n<\/tr>\n<tr>\n<td>N\u1ed9i soi \u0111\u01b0\u1eddng ti\u00eau h\u00f3a (d\u1ea1 d\u00e0y v\u00e0 \u0111\u1ea1i tr\u00e0ng)<\/td>\n<td>&#8211; \u0110\u01b0\u1ee3c BS chuy\u00ean khoa Ti\u00eau h\u00f3a &#8211; Gan m\u1eadt tr\u1ef1c ti\u1ebfp th\u1ef1c hi\u1ec7n.<br \/>\n&#8211; T\u1ea7m so\u00e1t c\u00e1c b\u1ec7nh l\u00fd v\u1ec1 \u0111\u01b0\u1eddng ti\u00eau h\u00f3a, lo\u1ea1i b\u1ecf s\u1edbm b\u1ea5t k\u1ef3 b\u1ea5t th\u01b0\u1eddng n\u00e0o c\u00f3 th\u1ec3 ti\u1ebfn tri\u1ec3n th\u00e0nh ung th\u01b0 ti\u00eau h\u00f3a<\/td>\n<\/tr>\n<tr>\n<td colspan=\"2\" rowspan=\"1\">X\u00e9t nghi\u1ec7m<\/td>\n<\/tr>\n<tr>\n<td>C\u00f4ng th\u1ee9c m\u00e1u<\/td>\n<td>\u0110\u00e1nh gi\u00e1 t\u1ed5ng quan s\u1ee9c kh\u1ecfe v\u00e0 \u0111\u1ec3 ph\u00e1t hi\u1ec7n c\u00e1c r\u1ed1i lo\u1ea1n b\u1ec7nh thi\u1ebfu m\u00e1u hay b\u1ec7nh b\u1ea1ch c\u1ea7u<\/td>\n<\/tr>\n<tr>\n<td>\u0110\u01b0\u1eddng huy\u1ebft l\u00fac \u0111\u00f3i<\/td>\n<td>&#8211; Ki\u1ec3m tra m\u1ee9c \u0111\u01b0\u1eddng huy\u1ebft c\u00f3 trong ng\u01b0\u1ee1ng \u1ed5n \u0111\u1ecbnh hay kh\u00f4ng<br \/>\n&#8211; T\u1ea7m so\u00e1t, ch\u1ea9n \u0111o\u00e1n v\u00e0 theo d\u00f5i b\u1ec7nh \u0111\u00e1i th\u00e1o \u0111\u01b0\u1eddng<\/td>\n<\/tr>\n<tr>\n<td>HBA1C<\/td>\n<td>Gi\u00fap ch\u1ea9n \u0111o\u00e1n b\u1ec7nh l\u00fd \u0111\u00e1i th\u00e1o \u0111\u01b0\u1eddng ho\u1eb7c ti\u1ec1n \u0111\u00e1i th\u00e1o \u0111\u01b0\u1eddng<\/td>\n<\/tr>\n<tr>\n<td>B\u1ed9 m\u1ee1 (Cholesterol, Triglycerides, HDL, LDL, Non HDL)<\/td>\n<td>&#8211; \u0110o l\u01b0\u1ee3ng m\u1ee1 \u201ct\u1ed1t\u201d v\u00e0 m\u1ee1 \u201cx\u1ea5u\u201d c\u00f3 trong m\u00e1u<br \/>\n&#8211; T\u1ea7m so\u00e1t v\u00e0 ch\u1ea9n \u0111o\u00e1n c\u00e1c b\u1ec7nh l\u00fd nh\u01b0 b\u1ec7nh l\u00fd v\u1ec1 tim m\u1ea1ch, \u0111\u1ed9t qu\u1ef5, x\u01a1 v\u1eefa \u0111\u1ed9ng m\u1ea1ch ho\u1eb7c x\u01a1 c\u1ee9ng \u0111\u1ed9ng m\u1ea1ch.<\/td>\n<\/tr>\n<tr>\n<td>Ch\u1ee9c n\u0103ng th\u1eadn (Creatinine, eGFR &#8211; \u0111\u1ed9 l\u1ecdc c\u1ea7u th\u1eadn)<\/td>\n<td>Ki\u1ec3m tra t\u00ecnh tr\u1ea1ng ho\u1ea1t \u0111\u1ed9ng c\u1ee7a th\u1eadn. M\u1ee9c creatinine trong m\u00e1u cao cho th\u1ea5y th\u1eadn b\u1ecb t\u1ed5n th\u01b0\u01a1ng v\u00e0 ho\u1ea1t \u0111\u1ed9ng kh\u00f4ng \u0111\u00fang<\/td>\n<\/tr>\n<tr>\n<td>X\u00e9t nghi\u1ec7m BUN (Blood Urea Nitrogen)<\/td>\n<td>\u0110\u00e1nh gi\u00e1 ch\u1ee9c n\u0103ng th\u1eadn b\u1eb1ng c\u00e1ch \u0111o l\u01b0\u1ee3ng nit\u01a1 ur\u00ea trong m\u00e1u<\/td>\n<\/tr>\n<tr>\n<td>Ch\u1ee9c n\u0103ng gan (AST, ALT, GGT)<\/td>\n<td>&#8211; Gi\u00fap x\u00e1c \u0111\u1ecbnh s\u1ee9c kh\u1ecfe c\u1ee7a gan b\u1eb1ng c\u00e1ch \u0111o n\u1ed3ng \u0111\u1ed9 men gan trong m\u00e1u.<br \/>\n&#8211; Ch\u1ea9n \u0111o\u00e1n v\u00e0 theo d\u00f5i c\u00e1c v\u1ea5n \u0111\u1ec1 v\u1ec1 gan \u0111\u1eb7c bi\u1ec7t li\u00ean quan \u0111\u1ebfn vi\u1ec7c s\u1eed d\u1ee5ng th\u1ee9c u\u1ed1ng c\u00f3 c\u1ed3n<\/td>\n<\/tr>\n<tr>\n<td>Bilirubin to\u00e0n ph\u1ea7n<\/td>\n<td colspan=\"1\" rowspan=\"2\">\n<div>&#8211; X\u00e1c \u0111\u1ecbnh t\u00ecnh tr\u1ea1ng s\u1ee9c kh\u1ecfe c\u1ee7a gan.<br \/>\n&#8211; Gi\u00fap ph\u00e1t hi\u1ec7n; theo d\u00f5i s\u1ef1 ti\u1ebfn tri\u1ec3n c\u1ee7a c\u00e1c b\u1ec7nh gan kh\u00e1c, nh\u01b0 vi\u00eam gan, s\u1ecfi m\u1eadt v\u00e0 vi\u00eam \u1ed1ng m\u1eadt.<\/div>\n<\/td>\n<\/tr>\n<tr>\n<td>Bilirubin tr\u1ef1c ti\u1ebfp<\/td>\n<\/tr>\n<tr>\n<td>Bilirubin gi\u00e1n ti\u1ebfp<\/td>\n<td>&#8211; C\u00f3 th\u1ec3 c\u1ea7n th\u1ef1c hi\u1ec7n x\u00e9t nghi\u1ec7m n\u00e0y n\u1ebfu k\u1ebft qu\u1ea3 x\u00e9t nghi\u1ec7m bilirubin to\u00e0n ph\u1ea7n c\u00f3 b\u1ea5t th\u01b0\u1eddng.<br \/>\n&#8211; Gi\u00fap s\u00e0ng l\u1ecdc c\u00e1c v\u1ea5n \u0111\u1ec1 v\u1ec1 gan ho\u1eb7c t\u1ed5n th\u01b0\u01a1ng gan nh\u01b0 x\u01a1 gan, \u2026<br \/>\n&#8211; T\u1ea7m so\u00e1t c\u00e1c b\u1ec7nh v\u1ec1 m\u00e1u nh\u01b0 thi\u1ebfu m\u00e1u t\u00e1n huy\u1ebft ho\u1eb7c thi\u1ebfu m\u00e1u \u00e1c t\u00ednh.<\/td>\n<\/tr>\n<tr>\n<td>Alkaline phosphatase<\/td>\n<td>T\u1ea7m so\u00e1t ho\u1eb7c theo d\u00f5i ph\u01b0\u01a1ng ph\u00e1p \u0111i\u1ec1u tr\u1ecb b\u1ec7nh gan ho\u1eb7c r\u1ed1i lo\u1ea1n x\u01b0\u01a1ng.<\/td>\n<\/tr>\n<tr>\n<td>Albumin<\/td>\n<td>&#8211; S\u00e0ng l\u1ecdc v\u00e0 gi\u00fap ch\u1ea9n \u0111o\u00e1n r\u1ed1i lo\u1ea1n gan ho\u1eb7c b\u1ec7nh v\u1ec1 th\u1eadn<br \/>\n&#8211; \u0110\u00e1nh gi\u00e1 t\u00ecnh tr\u1ea1ng dinh d\u01b0\u1ee1ng<\/td>\n<\/tr>\n<tr>\n<td>Kh\u00e1ng th\u1ec3 vi\u00eam gan si\u00eau vi B (HbsAb)<\/td>\n<td>\u0110\u1ec3 ki\u1ec3m tra b\u1ea1n c\u00f3 \u0111\u01b0\u1ee3c kh\u00e1ng th\u1ec3 b\u1ea3o v\u1ec7 kh\u1ecfi vi\u00eam gan si\u00eau vi B ch\u01b0a.<\/td>\n<\/tr>\n<tr>\n<td>Kh\u00e1ng nguy\u00ean vi\u00eam gan si\u00eau vi B (HbsAg)<\/td>\n<td>\u0110\u1ec3 ph\u00e1t hi\u1ec7n s\u1ef1 c\u00f3 m\u1eb7t c\u1ee7a virus Vi\u00eam gan B trong m\u00e1u c\u1ee7a b\u1ea1n (\u0111\u01b0\u1ee3c g\u1ecdi l\u00e0 kh\u00e1ng nguy\u00ean b\u1ec1 m\u1eb7t).<\/td>\n<\/tr>\n<tr>\n<td>Virus vi\u00eam gan C (Kh\u00e1ng th\u1ec3 HCV)<\/td>\n<td>Ki\u1ec3m tra vi\u1ec7c nhi\u1ec5m virus vi\u00eam gan C. S\u1ef1 hi\u1ec7n di\u1ec7n c\u1ee7a kh\u00e1ng th\u1ec3 trong m\u00e1u cho th\u1ea5y b\u1ea1n b\u1ecb nhi\u1ec5m virus vi\u00eam gan C<\/td>\n<\/tr>\n<tr>\n<td>Free T4<\/td>\n<td>&#8211; \u0110\u00e1nh gi\u00e1 ch\u1ee9c n\u0103ng tuy\u1ebfn gi\u00e1p.<br \/>\n&#8211; Ch\u1ea9n \u0111o\u00e1n b\u1ec7nh l\u00fd tuy\u1ebfn gi\u00e1p.<br \/>\n&#8211; Theo d\u00f5i s\u1ef1 hi\u1ec7u qu\u1ea3 c\u1ee7a ph\u01b0\u01a1ng ph\u00e1p \u0111i\u1ec1u tr\u1ecb b\u1ec7nh tuy\u1ebfn gi\u00e1p<\/td>\n<\/tr>\n<tr>\n<td>Hormon k\u00edch th\u00edch tuy\u1ebfn gi\u00e1p (TSH)<\/td>\n<td>\u2013 \u0110o l\u01b0\u1ee3ng hormone k\u00edch th\u00edch tuy\u1ebfn gi\u00e1p c\u00f3 trong m\u00e1u.<br \/>\n\u2013 \u0110\u00e1nh gi\u00e1 t\u00ecnh tr\u1ea1ng ho\u1ea1t \u0111\u1ed9ng c\u1ee7a tuy\u1ebfn gi\u00e1p.<br \/>\n\u2013 Ch\u1ea9n \u0111o\u00e1n c\u00e1c t\u00ecnh tr\u1ea1ng r\u1ed1i lo\u1ea1n ch\u1ee9c n\u0103ng tuy\u1ebfn gi\u00e1p nh\u01b0 c\u01b0\u1eddng gi\u00e1p v\u00e0 suy gi\u00e1p.<br \/>\n\u2013 Gi\u00fap ph\u00e1t hi\u1ec7n s\u1edbm c\u00e1c r\u1ed1i lo\u1ea1n ch\u1ee9c n\u0103ng tuy\u1ebfn gi\u00e1p tr\u01b0\u1edbc khi c\u00f3 nh\u1eefng bi\u1ec3u hi\u1ec7n c\u1ee7a b\u1ec7nh<\/td>\n<\/tr>\n<tr>\n<td>Kh\u00e1ng th\u1ec3 Virus vi\u00eam gan A (HAV Ab To\u00e0n ph\u1ea7n)<\/td>\n<td>&#8211; Ch\u1ea9n \u0111o\u00e1n nguy\u00ean nh\u00e2n vi\u00eam gan c\u1ea5p t\u00ednh<br \/>\n&#8211; X\u00e1c \u0111\u1ecbnh lo\u1ea1i virus g\u00e2y vi\u00eam gan<br \/>\n&#8211; \u0110\u00e1nh gi\u00e1 s\u1ef1 c\u1ea7n thi\u1ebft c\u1ee7a vi\u1ec7c ti\u00eam ch\u1ee7ng v\u1eafc xin Vi\u00eam gan A<\/td>\n<\/tr>\n<tr>\n<td>URIC ACID<\/td>\n<td>\u2013 \u0110\u1ec3 \u0111o l\u01b0\u1ee3ng axit uric c\u00f3 trong m\u00e1u ho\u1eb7c trong n\u01b0\u1edbc ti\u1ec3u<br \/>\n\u2013 Gi\u00fap ch\u1ea9n \u0111o\u00e1n b\u1ec7nh g\u00fat<br \/>\n\u2013 Gi\u00fap t\u00ecm ra nguy\u00ean nh\u00e2n th\u01b0\u1eddng g\u00e2y s\u1ecfi th\u1eadn<\/td>\n<\/tr>\n<tr>\n<td>B\u1ea3ng \u0111i\u1ec7n gi\u1ea3i<\/td>\n<td>&#8211; \u0110o m\u1ee9c \u0111\u1ed9 c\u00e1c ch\u1ea5t \u0111i\u1ec7n gi\u1ea3i ch\u00ednh c\u1ee7a c\u01a1 th\u1ec3 nh\u01b0 Natri, Clorua, Kali.<br \/>\n&#8211; M\u1ee9c \u0111\u1ed9 b\u1ea5t th\u01b0\u1eddng c\u1ee7a b\u1ea5t k\u1ef3 ch\u1ea5t \u0111i\u1ec7n gi\u1ea3i n\u00e0o li\u1ec7t k\u00ea \u1edf tr\u00ean c\u00f3 th\u1ec3 l\u00e0 d\u1ea5u hi\u1ec7u c\u1ee7a m\u1ed9t v\u1ea5n \u0111\u1ec1 nghi\u00eam tr\u1ecdng v\u1ec1 s\u1ee9c kh\u1ecfe, bao g\u1ed3m b\u1ec7nh th\u1eadn, huy\u1ebft \u00e1p cao v\u00e0 nh\u1ecbp tim kh\u00f4ng \u1ed5n \u0111\u1ecbnh g\u00e2y \u0111e d\u1ecda t\u00ednh m\u1ea1ng.<\/td>\n<\/tr>\n<tr>\n<td>Vitamin D<\/td>\n<td>\u2013 \u0110\u1ec3 t\u1ea7m so\u00e1t v\u00e0 theo d\u00f5i b\u1ec7nh l\u00fd r\u1ed1i lo\u1ea1n x\u01b0\u01a1ng.<br \/>\n\u2013 Gi\u00fap x\u00e1c \u0111\u1ecbnh vi\u1ec7c m\u1eafc c\u00e1c b\u1ec7nh m\u00e3n t\u00ednh nh\u01b0 hen suy\u1ec5n, b\u1ec7nh v\u1ea9y n\u1ebfn ho\u1eb7c m\u1ed9t s\u1ed1 b\u1ec7nh t\u1ef1 mi\u1ec5n<\/td>\n<\/tr>\n<tr>\n<td>X\u00e9t nghi\u1ec7m Canxi<\/td>\n<td>&#8211; \u0110o l\u01b0\u1ee3ng Canxi c\u00f3 trong m\u00e1u.<br \/>\n&#8211; Ch\u1ea9n \u0111o\u00e1n ho\u1eb7c ph\u00e1t hi\u1ec7n c\u00e1c b\u1ec7nh nh\u01b0 b\u1ec7nh th\u1eadn, r\u1ed1i lo\u1ea1n tuy\u1ebfn c\u1eadn gi\u00e1p, b\u1ec7nh tuy\u1ebfn gi\u00e1p, s\u1ecfi th\u1eadn, h\u1ea5p thu k\u00e9m, ung th\u01b0 v\u00e0 suy dinh d\u01b0\u1ee1ng<\/td>\n<\/tr>\n<tr>\n<td>Nh\u00f3m m\u00e1u<\/td>\n<td>&#8211; X\u00e1c \u0111\u1ecbnh nh\u00f3m m\u00e1u c\u1ee7a b\u1ea1n<br \/>\n&#8211; C\u1ea7n thi\u1ebft th\u1ef1c hi\u1ec7n n\u1ebfu c\u1ea7n truy\u1ec1n m\u00e1u ho\u1eb7c c\u00f3 k\u1ebf ho\u1ea1ch hi\u1ebfn m\u00e1u<\/td>\n<\/tr>\n<tr>\n<td>AFP (Alpha-fetoprotein Tumor Marker)<\/td>\n<td>&#8211; Ch\u1ea9n \u0111o\u00e1n v\u00e0 theo d\u00f5i t\u00ecnh tr\u1ea1ng gan nh\u01b0 ung th\u01b0 gan, x\u01a1 gan v\u00e0 vi\u00eam gan.<br \/>\n&#8211; Ch\u1ea9n \u0111o\u00e1n v\u00e0 theo d\u00f5i ph\u01b0\u01a1ng ph\u00e1p \u0111i\u1ec1u tr\u1ecb b\u1ec7nh ung th\u01b0 gan<\/td>\n<\/tr>\n<tr>\n<td>X\u00e9t nghi\u1ec7m ung th\u01b0 ti\u1ec1n li\u1ec7t tuy\u1ebfn \u2013 PSA (Prostate Specific Antigen)<\/td>\n<td>&#8211; T\u1ea7m so\u00e1t ung th\u01b0 tuy\u1ebfn ti\u1ec1n li\u1ec7t v\u00e0 x\u00e1c \u0111\u1ecbnh s\u1ef1 c\u1ea7n thi\u1ebft ph\u1ea3i sinh thi\u1ebft tuy\u1ebfn ti\u1ec1n li\u1ec7t<br \/>\n&#8211; Theo d\u00f5i hi\u1ec7u qu\u1ea3 \u0111i\u1ec1u tr\u1ecb ung th\u01b0 tuy\u1ebfn ti\u1ec1n li\u1ec7t v\u00e0 \/ ho\u1eb7c ph\u00e1t hi\u1ec7n ung th\u01b0 tuy\u1ebfn ti\u1ec1n li\u1ec7t t\u00e1i ph\u00e1t<\/td>\n<\/tr>\n<tr>\n<td>Testosterone<\/td>\n<td>&#8211; Gi\u00fap ph\u00e1t hi\u1ec7n m\u1ee9c \u0111\u1ed9 b\u1ea5t th\u01b0\u1eddng c\u1ee7a Testosterone<br \/>\n&#8211; Ch\u1ea9n \u0111o\u00e1n nguy\u00ean nh\u00e2n g\u00e2y r\u1ed1i lo\u1ea1n c\u01b0\u01a1ng d\u01b0\u01a1ng ho\u1eb7c kh\u00f4ng c\u00f3 kh\u1ea3 n\u0103ng l\u00e0m ng\u01b0\u1eddi kh\u00e1c c\u00f3 thai (v\u00f4 sinh)<br \/>\n&#8211; \u1ede tr\u1ebb em: Gi\u00fap x\u00e1c \u0111\u1ecbnh nguy\u00ean nh\u00e2n khi\u1ebfn b\u1ed9 ph\u1eadn sinh d\u1ee5c kh\u00f4ng ph\u00e2n r\u00f5 gi\u1edbi t\u00ednh nam hay n\u1eef (b\u1ec7nh l\u01b0\u1ee1ng t\u00ednh), d\u1eady th\u00ec s\u1edbm<\/td>\n<\/tr>\n<tr>\n<td>T\u1ed5ng ph\u00e2n t\u00edch n\u01b0\u1edbc ti\u1ec3u<\/td>\n<td>&#8211; Gi\u00fap t\u00ecm ra c\u00e1c b\u1ea5t th\u01b0\u1eddng m\u1ed9t l\u01b0\u1ee3ng d\u01b0 th\u1eeba protein, m\u00e1u,, vi khu\u1ea9n v\u00e0 \u0111\u01b0\u1eddng.<br \/>\n&#8211; C\u00f3 th\u1ec3 gi\u00fap ph\u00e1t hi\u1ec7n m\u1ed9t lo\u1ea1t c\u00e1c r\u1ed1i lo\u1ea1n v\u1ec1 th\u1eadn v\u00e0 \u0111\u01b0\u1eddng ti\u1ebft ni\u1ec7u, bao g\u1ed3m b\u1ec7nh th\u1eadn m\u00e3n t\u00ednh, ti\u1ec3u \u0111\u01b0\u1eddng, nhi\u1ec5m tr\u00f9ng b\u00e0ng quang v\u00e0 s\u1ecfi th\u1eadn<\/td>\n<\/tr>\n<tr>\n<td colspan=\"2\" rowspan=\"1\">Ch\u1ea9n \u0111o\u00e1n h\u00ecnh \u1ea3nh<\/td>\n<\/tr>\n<tr>\n<td>Si\u00eau \u00e2m b\u1ee5ng t\u1ed5ng qu\u00e1t<\/td>\n<td>&#8211; Ki\u1ec3m tra c\u00e1c c\u01a1 quan ch\u00ednh trong khoang b\u1ee5ng, bao g\u1ed3m t\u00fai m\u1eadt, th\u1eadn, gan, tuy\u1ebfn t\u1ee5y v\u00e0 l\u00e1 l\u00e1ch.<br \/>\n&#8211; Ch\u1ea9n \u0111o\u00e1n c\u00e1c b\u1ec7nh nh\u01b0 b\u1ec7nh gan, s\u1ecfi th\u1eadn, s\u1ecfi m\u1eadt, c\u00e1c t\u00ecnh tr\u1ea1ng vi\u00eam nhi\u1ec5m nh\u01b0 vi\u00eam ru\u1ed9t th\u1eeba v\u00e0 vi\u00eam t\u1ee5y, ph\u00ecnh b\u1ee5ng nh\u01b0 kh\u1ed1i u, tho\u00e1t v\u1ecb v\u00e0 ung th\u01b0<\/td>\n<\/tr>\n<tr>\n<td>Si\u00eau \u00e2m tim<\/td>\n<td>&#8211; Ki\u1ec3m tra s\u1ef1 ho\u1ea1t \u0111\u1ed9ng c\u1ee7a c\u01a1 tim v\u00e0 van tim.<br \/>\n&#8211; Gi\u00fap ph\u00e1t hi\u1ec7n b\u1ec7nh tim v\u00e0 b\u1ec7nh van tim<\/td>\n<\/tr>\n<tr>\n<td>Si\u00eau \u00e2m tuy\u1ebfn gi\u00e1p<\/td>\n<td>Ki\u1ec3m tra s\u1ef1 xu\u1ea5t hi\u1ec7n c\u00e1c b\u1ea5t th\u01b0\u1eddng c\u1ee7a tuy\u1ebfn gi\u00e1p nh\u01b0 c\u00e1c u nang, b\u01b0\u1edbu, kh\u1ed1i u<\/td>\n<\/tr>\n<tr>\n<td>Si\u00eau \u00e2m \u0110\u1ed9ng m\u1ea1ch c\u1ea3nh<\/td>\n<td>\u0110\u00e1nh gi\u00e1 t\u00ecnh tr\u1ea1ng v\u00e0 ch\u1ee9c n\u0103ng c\u1ee7a \u0111\u1ed9ng m\u1ea1ch c\u1ea3nh, gi\u00fap ph\u00e1t hi\u1ec7n nguy c\u01a1 \u0111\u1ed9t qu\u1ef5 x\u01a1 v\u1eefa \u0111\u1ed9ng m\u1ea1ch c\u1ea3nh<\/td>\n<\/tr>\n<tr>\n<td>\u0110o \u0111i\u1ec7n t\u00e2m \u0111\u1ed3 ECG<\/td>\n<td>\u0110o ho\u1ea1t \u0111\u1ed9ng \u0111i\u1ec7n c\u1ee7a tim cho th\u1ea5y tim c\u00f3 ho\u1ea1t \u0111\u1ed9ng b\u00ecnh th\u01b0\u1eddng hay kh\u00f4ng.<\/td>\n<\/tr>\n<tr>\n<td>\u0110o lo\u00e3ng x\u01b0\u01a1ng<\/td>\n<td>C\u00f3 \u00fd ngh\u0129a quan tr\u1ecdng trong vi\u1ec7c \u0111\u00e1nh gi\u00e1 t\u00ecnh tr\u1ea1ng s\u1ee9c kh\u1ecfe c\u1ee7a x\u01b0\u01a1ng v\u00e0 nguy c\u01a1 m\u1eafc c\u00e1c b\u1ec7nh l\u00fd li\u00ean quan \u0111\u1ebfn x\u01b0\u01a1ng, nh\u01b0 lo\u00e3ng x\u01b0\u01a1ng.<\/td>\n<\/tr>\n<tr>\n<td>Ch\u1ee5p X-Quang ph\u1ed5i<\/td>\n<td>&#8211; Gi\u00fap ph\u00e1t hi\u1ec7n c\u00e1c t\u1ed5n th\u01b0\u01a1ng c\u01a1 b\u1ea3n \u1edf ph\u1ed5i, nhi\u1ec5m tr\u00f9ng ho\u1eb7c t\u1ee5 kh\u00ed trong khoan m\u00e0ng ph\u1ed5i, c\u00e1c t\u00ecnh tr\u1ea1ng ph\u1ed5i m\u00e3n t\u00ednh n\u1ebfu c\u00f3 v\u00e0 c\u00e1c bi\u1ebfn ch\u1ee9ng kh\u00e1c.<br \/>\n&#8211; C\u00f3 th\u1ec3 x\u00e1c \u0111\u1ecbnh c\u00e1c v\u1ea5n \u0111\u1ec1 li\u00ean quan \u0111\u1ebfn tim, nh\u1eefng thay \u0111\u1ed5i v\u1ec1 k\u00edch th\u01b0\u1edbc v\u00e0 h\u00ecnh d\u1ea1ng c\u1ee7a tim \u2026<\/td>\n<\/tr>\n<\/tbody>\n<\/table>\n","protected":false},"excerpt":{"rendered":"<p>Danh m\u1ee5c M\u00f4 t\u1ea3 \u0110o ch\u1ec9 s\u1ed1 sinh hi\u1ec7u Chi\u1ec1u cao, c\u00e2n n\u1eb7ng, th\u00e2n nhi\u1ec7t, m\u1ea1ch v\u00e0 huy\u1ebft \u00e1p Gi\u00fap ph\u00e1t hi\u1ec7n c\u00e1c v\u1ea5n \u0111\u1ec1 b\u1ec7nh l\u00fd ti\u1ec1m \u1ea9n v\u00e0 \u0111\u1ec3 ch\u1ec9 \u0111\u1ecbnh thu\u1ed1c \u0111\u00fang li\u1ec1u l\u01b0\u1ee3ng Ki\u1ec3m tra th\u1ecb l\u1ef1c T\u1ea7m so\u00e1t v\u00e0 ph\u00e1t hi\u1ec7n s\u1edbm c\u00e1c v\u1ea5n \u0111\u1ec1 v\u1ec1 th\u1ecb gi\u00e1c B\u00e1c s\u0129 &#8230;<\/p>\n","protected":false},"featured_media":61651,"template":"","meta":[],"product_brand":[],"product_cat":[16],"product_tag":[],"class_list":{"0":"post-61648","1":"product","2":"type-product","3":"status-publish","4":"has-post-thumbnail","6":"product_cat-goi-kham-tam-soat-chuyen-sau","8":"first","9":"instock","10":"shipping-taxable","11":"purchasable","12":"product-type-simple"},"_links":{"self":[{"href":"https:\/\/victoriavn.com\/khamtongquat\/wp-json\/wp\/v2\/product\/61648","targetHints":{"allow":["GET"]}}],"collection":[{"href":"https:\/\/victoriavn.com\/khamtongquat\/wp-json\/wp\/v2\/product"}],"about":[{"href":"https:\/\/victoriavn.com\/khamtongquat\/wp-json\/wp\/v2\/types\/product"}],"wp:featuredmedia":[{"embeddable":true,"href":"https:\/\/victoriavn.com\/khamtongquat\/wp-json\/wp\/v2\/media\/61651"}],"wp:attachment":[{"href":"https:\/\/victoriavn.com\/khamtongquat\/wp-json\/wp\/v2\/media?parent=61648"}],"wp:term":[{"taxonomy":"product_brand","embeddable":true,"href":"https:\/\/victoriavn.com\/khamtongquat\/wp-json\/wp\/v2\/product_brand?post=61648"},{"taxonomy":"product_cat","embeddable":true,"href":"https:\/\/victoriavn.com\/khamtongquat\/wp-json\/wp\/v2\/product_cat?post=61648"},{"taxonomy":"product_tag","embeddable":true,"href":"https:\/\/victoriavn.com\/khamtongquat\/wp-json\/wp\/v2\/product_tag?post=61648"}],"curies":[{"name":"wp","href":"https:\/\/api.w.org\/{rel}","templated":true}]}}