{"id":60436,"date":"2025-02-27T15:42:41","date_gmt":"2025-02-27T08:42:41","guid":{"rendered":"https:\/\/victoriavn.com\/khamtongquat\/?post_type=product&#038;p=60436"},"modified":"2026-02-24T11:54:47","modified_gmt":"2026-02-24T04:54:47","slug":"goi-kham-tong-quat-tieu-chuan-cho-nguoi-choi-the-thao","status":"publish","type":"product","link":"https:\/\/victoriavn.com\/khamtongquat\/san-pham\/goi-kham-tong-quat-tieu-chuan-cho-nguoi-choi-the-thao\/","title":{"rendered":"G\u00f3i kh\u00e1m t\u1ed5ng qu\u00e1t ti\u00eau chu\u1ea9n cho ng\u01b0\u1eddi ch\u01a1i th\u1ec3 thao"},"content":{"rendered":"<p><strong>Ta\u0323i sao c\u00e2\u0300n kha\u0301m s\u01b0\u0301c kho\u0309e khi tham gia cha\u0323y b\u00f4\u0323:<\/strong><\/p>\n<p>Cha\u0323y b\u00f4\u0323 la\u0300 m\u00f4\u0323t m\u00f4n th\u00ea\u0309 thao \u0111\u01a1n gia\u0309n va\u0300 hi\u00ea\u0323u qua\u0309 giu\u0301p ca\u0309i thi\u00ea\u0323n s\u01b0\u0301c kho\u0309e. Tuy nhi\u00ean \u0111\u00ea\u0309 an toa\u0300n trong qua\u0301 tri\u0300nh cha\u0323y b\u00f4\u0323, ba\u0323n n\u00ean ki\u00ea\u0309m tra s\u01b0\u0301c kho\u0309e tim mach, h\u00f4 h\u00e2\u0301p va\u0300 g\u0103\u0323p g\u01a1\u0309 chuy\u00ean gia trong cha\u0323y b\u00f4\u0323 \u0111\u00ea\u0309 co\u0301 th\u00eam kinh nghi\u00ea\u0323m va\u0300 s\u0103\u0301p x\u00ea\u0301p m\u00f4\u0323t k\u00ea\u0301 hoa\u0323ch cha\u0323y b\u00f4\u0323 t\u00f4\u0301t, an toa\u0300n cho ba\u0309n th\u00e2n.<\/p>\n<p>Go\u0301i kha\u0301m ta\u0323i Pho\u0300ng Kha\u0301m Victoria Healthcare \u0111\u01b0\u01a1\u0323c thi\u00ea\u0301t k\u00ea\u0301 giu\u0301p ba\u0323n co\u0301 m\u00f4\u0323t ki\u00ea\u0309m tra s\u01b0\u0301c kho\u0309e tim ma\u0323ch an toa\u0300n cho cha\u0323y b\u00f4\u0323, va\u0300 co\u0301 c\u01a1 h\u00f4\u0323i g\u0103\u0323p g\u01a1\u0303 m\u00f4\u0323t Ba\u0301c S\u0129 chuy\u00ean gia trong cha\u0323y b\u00f4\u0323, BS Nguy\u1ec5n \u0110\u01b0\u0301c L\u00f4\u0323c l\u00e0 BS v\u1edbi nhi\u1ec1u kinh nghi\u1ec7m trong l\u0129nh v\u1ef1c th\u1ec3 thao v\u00e0 s\u1ee9c kh\u1ecfe. B\u00e1c s\u0129 L\u1ed9c kh\u00f4ng ch\u1ec9 l\u00e0 m\u1ed9t ng\u01b0\u1eddi y\u00eau th\u00edch ch\u1ea1y b\u1ed9 m\u00e0 c\u00f2n l\u00e0 m\u1ed9t chuy\u00ean gia c\u00f3 ki\u1ebfn th\u1ee9c phong ph\u00fa v\u1ec1 c\u00e1c v\u1ea5n \u0111\u1ec1 li\u00ean quan \u0111\u1ebfn s\u1ee9c kh\u1ecfe trong qu\u00e1 tr\u00ecnh t\u1eadp luy\u1ec7n.<\/p>\n<p>V\u1edbi s\u1ef1 am hi\u1ec3u v\u1ec1 c\u01a1 th\u1ec3 con ng\u01b0\u1eddi v\u00e0 nh\u1eefng y\u00eau c\u1ea7u \u0111\u1eb7c th\u00f9 c\u1ee7a m\u00f4n th\u1ec3 thao n\u00e0y, B\u00e1c s\u0129 L\u1ed9c s\u1ebd gi\u00fap b\u1ea1n x\u00e2y d\u1ef1ng m\u1ed9t k\u1ebf ho\u1ea1ch t\u1eadp luy\u1ec7n ph\u00f9 h\u1ee3p, t\u1eeb vi\u1ec7c l\u1ef1a ch\u1ecdn gi\u00e0y ch\u1ea1y, k\u1ef9 thu\u1eadt ch\u1ea1y cho \u0111\u1ebfn ch\u1ebf \u0111\u1ed9 dinh d\u01b0\u1ee1ng c\u1ea7n thi\u1ebft. B\u00e1c c\u0169ng s\u1ebd h\u01b0\u1edbng d\u1eabn b\u1ea1n c\u00e1ch l\u1eafng nghe c\u01a1 th\u1ec3 m\u00ecnh, nh\u1eadn bi\u1ebft c\u00e1c d\u1ea5u hi\u1ec7u c\u1ea3nh b\u00e1o v\u00e0 c\u00e1ch ph\u00f2ng tr\u00e1nh ch\u1ea5n th\u01b0\u01a1ng trong qu\u00e1 tr\u00ecnh t\u1eadp luy\u1ec7n.<\/p>\n<p>Ngo\u00e0i ra, B\u00e1c s\u0129 L\u1ed9c c\u00f2n chia s\u1ebb nh\u1eefng m\u1eb9o h\u1eefu \u00edch \u0111\u1ec3 c\u1ea3i thi\u1ec7n hi\u1ec7u su\u1ea5t ch\u1ea1y, gi\u00fap b\u1ea1n \u0111\u1ea1t \u0111\u01b0\u1ee3c nh\u1eefng m\u1ee5c ti\u00eau c\u00e1 nh\u00e2n m\u1ed9t c\u00e1ch an to\u00e0n v\u00e0 hi\u1ec7u qu\u1ea3. V\u1edbi s\u1ef1 h\u1ed7 tr\u1ee3 t\u1eeb B\u00e1c s\u0129 L\u1ed9c v\u00e0 g\u00f3i kh\u00e1m s\u1ee9c kh\u1ecfe t\u1ea1i Victoria Healthcare, b\u1ea1n s\u1ebd c\u00f3 m\u1ed9t kh\u1edfi \u0111\u1ea7u v\u1eefng ch\u1eafc cho h\u00e0nh tr\u00ecnh ch\u1ea1y b\u1ed9 c\u1ee7a m\u00ecnh, \u0111\u1ed3ng th\u1eddi \u0111\u1ea3m b\u1ea3o s\u1ee9c kh\u1ecfe v\u00e0 an to\u00e0n cho b\u1ea3n th\u00e2n trong su\u1ed1t qu\u00e1 tr\u00ecnh t\u1eadp luy\u1ec7n. H\u00e3y \u0111\u1ebfn v\u00e0 tr\u1ea3i nghi\u1ec7m s\u1ef1 ch\u0103m s\u00f3c t\u1eadn t\u00ecnh t\u1eeb \u0111\u1ed9i ng\u0169 chuy\u00ean gia t\u1ea1i \u0111\u00e2y \u0111\u1ec3 b\u1ea1n c\u00f3 th\u1ec3 t\u1ef1 tin h\u01a1n tr\u00ean m\u1ed7i b\u01b0\u1edbc ch\u1ea1y!<\/p>\n<p>&nbsp;<\/p>\n<p>N\u00f4\u0323i dung cu\u0309a go\u0301i kha\u0301m t\u00f4\u0303ng qua\u0301t c\u01a1 ba\u0309n va\u0300 n\u00e2ng cao cho ng\u01b0\u01a1\u0300i ch\u01a1i th\u00ea\u0309 thao, cha\u0323y b\u00f4\u0323 bao g\u00f4\u0300m ca\u0301c mu\u0323c sau<\/p>\n<table width=\"876\">\n<tbody>\n<tr>\n<td width=\"232\"><strong>\u0110i\u1ec1u d\u01b0\u1ee1ng ki\u1ec3m tra<\/strong><\/td>\n<td width=\"638\"><\/td>\n<\/tr>\n<tr>\n<td width=\"232\">\u0110o ch\u1ec9 s\u1ed1 sinh hi\u1ec7u<\/td>\n<td width=\"638\">\u2013 \u0110o ch\u1ec9 s\u1ed1 chi\u1ec1u cao, c\u00e2n n\u1eb7ng, th\u00e2n nhi\u1ec7t, m\u1ea1ch v\u00e0 huy\u1ebft \u00e1p. Vi\u1ec7c th\u1ef1c hi\u1ec7n nh\u1eb1m \u0111\u1ec3 ph\u00e1t hi\u1ec7n c\u00e1c v\u1ea5n \u0111\u1ec1 b\u1ec7nh l\u00fd ti\u1ec3m \u1ea9n v\u00e0 \u0111\u1ec3 ch\u1ec9 \u0111\u1ecbnh thu\u1ed1c \u0111\u00fang li\u1ec1u l\u01b0\u1ee3ng<\/td>\n<\/tr>\n<tr>\n<td width=\"232\">Ki\u1ec3m tra th\u1ecb l\u1ef1c<\/td>\n<td width=\"638\">\u2013 \u0110\u1ec3 t\u1ea7m so\u00e1t v\u00e0 ph\u00e1t hi\u1ec7n s\u1edbm c\u00e1c v\u1ea5n \u0111\u1ec1 v\u1ec1 th\u1ecb gi\u00e1c (B\u1ea3ng \u0111o th\u1ecb l\u1ef1c Snellen Chart gi\u00fap ki\u1ec3m tra kh\u1ea3 n\u0103ng nh\u00ecn chi ti\u1ebft c\u00e1c ch\u1eef v\u00e0 k\u00fd t\u1ef1 t\u1eeb kho\u1ea3ng c\u00e1ch nh\u1ea5t \u0111\u1ecbnh.)<\/td>\n<\/tr>\n<tr>\n<td width=\"232\"><strong>X\u00e9t nghi\u1ec7m<\/strong><\/td>\n<td width=\"638\"><\/td>\n<\/tr>\n<tr>\n<td width=\"232\">\u0110\u01b0\u1eddng huy\u1ebft l\u00fac \u0111\u00f3i \/ HbA1C<\/td>\n<td width=\"638\">\u2013 \u0110\u1ec3 ki\u1ec3m tra m\u1ee9c \u0111\u01b0\u1eddng huy\u1ebft c\u1ee7a b\u1ea1n c\u00f3 trong ng\u01b0\u1ee1ng \u1ed5n \u0111\u1ecbnh hay kh\u00f4ng<br \/>\n\u2013 \u0110\u1ec3 t\u1ea7m so\u00e1t, ch\u1ea9n \u0111o\u00e1n v\u00e0 theo d\u00f5i b\u1ec7nh \u0111\u00e1i th\u00e1o \u0111\u01b0\u1eddng<\/td>\n<\/tr>\n<tr>\n<td width=\"232\">B\u1ed9 m\u1ee1 (Cholesterol, Triglycerides, HDL and LDL)<\/td>\n<td width=\"638\">\u2013 \u0110\u1ec3 \u0111o l\u01b0\u1ee3ng m\u1ee1 \u201ct\u1ed1t\u201d v\u00e0 m\u1ee1 \u201cx\u1ea5u\u201dc\u00f3 trong m\u00e1u c\u1ee7a b\u1ea1n<br \/>\n\u2013 \u0110\u1ec3 t\u1ea7m so\u00e1t v\u00e0 ch\u1ea9n \u0111o\u00e1n c\u00e1c b\u1ec7nh l\u00fd kh\u00e1c nh\u01b0 b\u1ec7nh l\u00fd v\u1ec1 tim m\u1ea1ch, \u0111\u1ed9t qu\u1ef5, x\u01a1 v\u1eefa \u0111\u1ed9ng m\u1ea1ch ho\u1eb7c x\u01a1 c\u1ee9ng \u0111\u1ed9ng m\u1ea1ch.<\/td>\n<\/tr>\n<tr>\n<td width=\"232\">X\u00e9t nghi\u1ec7m ch\u1ee9c n\u0103ng th\u1eadn \u2013 Creatinine<\/td>\n<td width=\"638\">\u2013\u00a0 \u0110\u1ec3 ki\u1ec3m tra t\u00ecnh tr\u1ea1ng ho\u1ea1t \u0111\u1ed9ng c\u1ee7a th\u1eadn. M\u1ee9c creatinine trong m\u00e1u cao cho th\u1ea5y th\u1eadn b\u1ecb t\u1ed5n th\u01b0\u01a1ng v\u00e0 ho\u1ea1t \u0111\u1ed9ng kh\u00f4ng \u0111\u00fang<\/td>\n<\/tr>\n<tr>\n<td width=\"232\">X\u00e9t nghi\u1ec7m AST (aspartate aminotransferase)<\/td>\n<td width=\"638\">\u2013 Gi\u00fap x\u00e1c \u0111\u1ecbnh s\u1ee9c kh\u1ecfe c\u1ee7a gan b\u1eb1ng c\u00e1ch \u0111o n\u1ed3ng \u0111\u1ed9 men gan trong m\u00e1u.<br \/>\n\u2013 \u0110\u1ec3 ch\u1ea9n \u0111o\u00e1n v\u00e0 theo d\u00f5i c\u00e1c v\u1ea5n \u0111\u1ec1 v\u1ec1 gan<\/td>\n<\/tr>\n<tr>\n<td width=\"232\">X\u00e9t nghi\u1ec7m ALT (alanine aminotransferase)<\/td>\n<td width=\"638\">\u2013 Gi\u00fap x\u00e1c \u0111\u1ecbnh s\u1ee9c kh\u1ecfe c\u1ee7a gan b\u1eb1ng c\u00e1ch \u0111o n\u1ed3ng \u0111\u1ed9 men gan trong m\u00e1u.<br \/>\n\u2013 \u0110\u1ec3 ch\u1ea9n \u0111o\u00e1n v\u00e0 theo d\u00f5i c\u00e1c v\u1ea5n \u0111\u1ec1 v\u1ec1 gan<\/td>\n<\/tr>\n<tr>\n<td width=\"232\">X\u00e9t nghi\u1ec7m CBC (Complete Blood Count)<\/td>\n<td width=\"638\">\u2013 X\u00e9t nghi\u1ec7m c\u00f4ng th\u1ee9c m\u00e1u to\u00e0n ph\u1ea7n, \u0111o l\u01b0\u1eddng c\u00e1c th\u00e0nh ph\u1ea7n ch\u00ednh c\u1ee7a m\u00e1u nh\u01b0 h\u1ed3ng c\u1ea7u, b\u1ea1ch c\u1ea7u, ti\u1ec3u c\u1ea7u, huy\u1ebft s\u1eafc t\u1ed1 v\u00e0 hematocrit.<\/td>\n<\/tr>\n<tr>\n<td width=\"232\">X\u00e9t nghi\u1ec7m GGT (gamma-glutamyl transpeptidase)<\/td>\n<td width=\"638\">\u2013 Gi\u00fap x\u00e1c \u0111\u1ecbnh s\u1ee9c kh\u1ecfe c\u1ee7a gan b\u1eb1ng c\u00e1ch \u0111o n\u1ed3ng \u0111\u1ed9 men gan trong m\u00e1u.<br \/>\n\u2013 \u0110\u1ec3 ch\u1ea9n \u0111o\u00e1n v\u00e0 theo d\u00f5i c\u00e1c v\u1ea5n \u0111\u1ec1 v\u1ec1 gan \u0111\u1eb7c bi\u1ec7t li\u00ean quan \u0111\u1ebfn vi\u1ec7c s\u1eed d\u1ee5ng th\u1ee9c u\u1ed1ng c\u00f3 c\u1ed3n<\/td>\n<\/tr>\n<tr>\n<td width=\"232\">Uric Acid<\/td>\n<td width=\"638\">\u2013 X\u00e9t nghi\u1ec7m n\u00e0y \u0111\u01b0\u1ee3c th\u1ef1c hi\u1ec7n \u0111\u1ec3 \u0111o l\u01b0\u1ee3ng axit uric c\u00f3 trong m\u00e1u ho\u1eb7c trong n\u01b0\u1edbc ti\u1ec3u c\u1ee7a b\u1ea1n<br \/>\nAxit uric l\u00e0 m\u1ed9t ch\u1ea5t th\u1ea3i th\u00f4ng th\u01b0\u1eddng \u0111\u01b0\u1ee3c t\u1ea1o ra khi c\u01a1 th\u1ec3 ph\u00e1 v\u1ee1 c\u00e1c h\u00f3a ch\u1ea5t g\u1ecdi l\u00e0 purin. N\u1ebfu c\u01a1 th\u1ec3 b\u1ea1n t\u1ea1o ra qu\u00e1 nhi\u1ec1u axit uric ho\u1eb7c kh\u00f4ng gi\u1ea3i ph\u00f3ng \u0111\u1ee7 v\u00e0o n\u01b0\u1edbc ti\u1ec3u, n\u00f3 c\u00f3 th\u1ec3 t\u1ea1o ra c\u00e1c tinh th\u1ec3 h\u00ecnh th\u00e0nh trong kh\u1edbp c\u1ee7a b\u1ea1n.<br \/>\n\u2013 Gi\u00fap ch\u1ea9n \u0111o\u00e1n b\u1ec7nh g\u00fat<br \/>\n\u2013 Gi\u00fap t\u00ecm ra nguy\u00ean nh\u00e2n th\u01b0\u1eddng g\u00e2y s\u1ecfi th\u1eadn<\/td>\n<\/tr>\n<tr>\n<td width=\"232\"><\/td>\n<td width=\"638\"><\/td>\n<\/tr>\n<tr>\n<td width=\"232\"><strong>Ch\u1ea9n \u0111o\u00e1n h\u00ecnh \u1ea3nh<\/strong><\/td>\n<td width=\"638\"><\/td>\n<\/tr>\n<tr>\n<td width=\"232\">\u0110o \u0111i\u1ec7n t\u00e2m \u0111\u1ed3 (ECG)<\/td>\n<td width=\"638\">\u2013 X\u00e9t nghi\u1ec7m \u0111\u1ec3 \u0111o ho\u1ea1t \u0111\u1ed9ng \u0111i\u1ec7n c\u1ee7a tim cho th\u1ea5y tim c\u00f3 ho\u1ea1t \u0111\u1ed9ng b\u00ecnh th\u01b0\u1eddng hay kh\u00f4ng.<br \/>\n\u2013 Theo do\u0303i \u0111i\u00ea\u0323n tim giu\u0301p ba\u0323n pha\u0301t hi\u00ea\u0323n kip th\u01a1\u0300i ca\u0301c d\u00e2\u0301u hi\u00ea\u0323u thi\u00ea\u0301u ma\u0301u c\u01a1 tim, r\u00f4\u0301i loa\u0323n nhi\u0323p<\/td>\n<\/tr>\n<tr>\n<td width=\"232\">Si\u00eau \u00e2m tim<\/td>\n<td width=\"638\">-Si\u00eau \u00e2m tim, \u0111\u1ec3 cho th\u1ea5y s\u1ef1 ho\u1ea1t \u0111\u1ed9ng c\u1ee7a c\u01a1 tim v\u00e0 van c\u1ee7a b\u1ea1n. Giu\u0301p \u0111a\u0301nh gia\u0301 s\u01b0\u0301c kho\u0309e cu\u0309a c\u01a1 tim ba\u0323n<\/p>\n<p>\u2013 \u0110\u1ec3 ph\u00e1t hi\u1ec7n b\u1ec7nh tim v\u00e0 b\u1ec7nh van tim<\/td>\n<\/tr>\n<tr>\n<td><strong>Kh\u00e1m\u00a0 &amp; t\u01b0 v\u1ea5n v\u1edbi b\u00e1c s\u0129<\/strong><\/td>\n<td width=\"638\"><\/td>\n<\/tr>\n<tr>\n<td width=\"232\">Kh\u00e1m &amp; t\u01b0 v\u1ea5n BS n\u00f4\u0323i khoa<\/td>\n<td width=\"638\">Kh\u00e1m v\u00e0 t\u01b0 v\u1ea5n v\u01a1\u0301i BS n\u00f4\u0323i khoa, t\u00f4\u0303ng k\u00ea\u0301t h\u00f4\u0300 s\u01a1, gia\u0309i thi\u0301ch k\u00ea\u0301t qua\u0309 va\u0300 cho h\u01b0\u01a1\u0301ng x\u01b0\u0301 ly\u0301 ca\u0301c b\u00e2\u0301t th\u01b0\u01a1\u0300ng trong qua\u0301 tri\u0300nh kha\u0309o sa\u0301t nh\u01b0 cao huy\u00ea\u0301t a\u0301p, r\u00f4\u0301i loa\u0323n m\u01a1\u0303 ma\u0301u, giu\u0301p ba\u0323n co\u0301 m\u00f4\u0323t s\u01b0\u0301c kho\u0309e t\u00f4\u0301t l\u00e2u da\u0300i<\/td>\n<\/tr>\n<tr>\n<td width=\"232\">Kh\u00e1m &amp; t\u01b0 v\u1ea5n BS L\u00f4\u0323c<\/td>\n<td width=\"638\">Kh\u00e1m v\u00e0 t\u01b0 v\u1ea5n v\u1edbi B\u00e1c s\u0129 L\u1ed9c, \u0111\u00e1nh gi\u00e1 t\u00ecnh tr\u1ea1ng s\u1ee9c kh\u1ecfe, x\u00e2y d\u1ef1ng k\u1ebf ho\u1ea1ch t\u1eadp luy\u1ec7n c\u00e1 nh\u00e2n h\u00f3a, h\u01b0\u1edbng d\u1eabn k\u1ef9 thu\u1eadt ch\u1ea1y v\u00e0 ph\u00f2ng tr\u00e1nh ch\u1ea5n th\u01b0\u01a1ng, gi\u00fap b\u1ea1n \u0111\u1ea1t \u0111\u01b0\u1ee3c m\u1ee5c ti\u00eau ch\u1ea1y b\u1ed9 m\u1ed9t c\u00e1ch an to\u00e0n v\u00e0 hi\u1ec7u qu\u1ea3.<\/td>\n<\/tr>\n<\/tbody>\n<\/table>\n<p>&nbsp;<\/p>\n","protected":false},"excerpt":{"rendered":"<p>Cha\u0323y b\u00f4\u0323 la\u0300 m\u00f4\u0323t m\u00f4n th\u00ea\u0309 thao \u0111\u01a1n gia\u0309n va\u0300 hi\u00ea\u0323u qua\u0309 giu\u0301p ca\u0309i thi\u00ea\u0323n s\u01b0\u0301c kho\u0309e. Tuy nhi\u00ean \u0111\u00ea\u0309 an toa\u0300n trong qua\u0301 tri\u0300nh cha\u0323y b\u00f4\u0323, ba\u0323n n\u00ean ki\u00ea\u0309m tra s\u01b0\u0301c kho\u0309e tim mach, h\u00f4 h\u00e2\u0301p va\u0300 g\u0103\u0323p g\u01a1\u0309 chuy\u00ean gia trong cha\u0323y b\u00f4\u0323 \u0111\u00ea\u0309 co\u0301 th\u00eam kinh nghi\u00ea\u0323m va\u0300 s\u0103\u0301p x\u00ea\u0301p m\u00f4\u0323t k\u00ea\u0301 hoa\u0323ch cha\u0323y b\u00f4\u0323 t\u00f4\u0301t, an toa\u0300n cho ba\u0309n th\u00e2n.<\/p>\n","protected":false},"featured_media":60437,"template":"","meta":[],"product_brand":[],"product_cat":[1889,1810],"product_tag":[],"class_list":{"0":"post-60436","1":"product","2":"type-product","3":"status-publish","4":"has-post-thumbnail","6":"product_cat-goi-kham-runner","7":"product_cat-goi-kham-tong-quat-duoc-lua-chon-nhieu-nhat-tai-victoria-healthcare","9":"first","10":"instock","11":"shipping-taxable","12":"purchasable","13":"product-type-simple"},"_links":{"self":[{"href":"https:\/\/victoriavn.com\/khamtongquat\/wp-json\/wp\/v2\/product\/60436","targetHints":{"allow":["GET"]}}],"collection":[{"href":"https:\/\/victoriavn.com\/khamtongquat\/wp-json\/wp\/v2\/product"}],"about":[{"href":"https:\/\/victoriavn.com\/khamtongquat\/wp-json\/wp\/v2\/types\/product"}],"wp:featuredmedia":[{"embeddable":true,"href":"https:\/\/victoriavn.com\/khamtongquat\/wp-json\/wp\/v2\/media\/60437"}],"wp:attachment":[{"href":"https:\/\/victoriavn.com\/khamtongquat\/wp-json\/wp\/v2\/media?parent=60436"}],"wp:term":[{"taxonomy":"product_brand","embeddable":true,"href":"https:\/\/victoriavn.com\/khamtongquat\/wp-json\/wp\/v2\/product_brand?post=60436"},{"taxonomy":"product_cat","embeddable":true,"href":"https:\/\/victoriavn.com\/khamtongquat\/wp-json\/wp\/v2\/product_cat?post=60436"},{"taxonomy":"product_tag","embeddable":true,"href":"https:\/\/victoriavn.com\/khamtongquat\/wp-json\/wp\/v2\/product_tag?post=60436"}],"curies":[{"name":"wp","href":"https:\/\/api.w.org\/{rel}","templated":true}]}}