{"id":59424,"date":"2025-01-01T19:08:29","date_gmt":"2025-01-01T12:08:29","guid":{"rendered":"https:\/\/victoriavn.com\/khamtongquat\/?post_type=product&#038;p=59424"},"modified":"2025-12-16T17:11:03","modified_gmt":"2025-12-16T10:11:03","slug":"kham-suc-khoe-di-lam-work-permit-goi-cao-cap","status":"publish","type":"product","link":"https:\/\/victoriavn.com\/khamtongquat\/san-pham\/kham-suc-khoe-di-lam-work-permit-goi-cao-cap\/","title":{"rendered":"Kh\u00e1m s\u1ee9c kho\u1ebb \u0111i l\u00e0m (work permit) g\u00f3i Cao c\u1ea5p"},"content":{"rendered":"<p>G\u00f3i kh\u00e1m \u0111\u01b0\u1ee3c thi\u1ebft k\u1ebf gi\u00fap \u0111\u00e1nh gi\u00e1 to\u00e0n di\u1ec7n t\u00ecnh tr\u1ea1ng s\u1ee9c kh\u1ecfe hi\u1ec7n t\u1ea1i, ph\u00e1t hi\u1ec7n s\u1edbm c\u00e1c nguy c\u01a1 ti\u1ec1m \u1ea9n v\u1ec1 tim m\u1ea1ch, gan, th\u1eadn, tuy\u1ebfn gi\u00e1p, ti\u1ec3u \u0111\u01b0\u1eddng, r\u1ed1i lo\u1ea1n m\u1ee1 m\u00e1u v\u00e0 c\u00e1c b\u1ec7nh l\u00fd ph\u1ed5 bi\u1ebfn kh\u00e1c. Ph\u00f9 h\u1ee3p cho ng\u01b0\u1eddi tr\u01b0\u1edfng th\u00e0nh, nh\u00e2n vi\u00ean v\u0103n ph\u00f2ng, doanh nh\u00e2n ho\u1eb7c nh\u1eefng ai mu\u1ed1n ki\u1ec3m tra s\u1ee9c kh\u1ecfe \u0111\u1ecbnh k\u1ef3.<\/p>\n<p>Danh m\u1ee5c th\u1ee9c hi\u1ec7n bao g\u1ed3m:<\/p>\n<table width=\"830\">\n<tbody>\n<tr>\n<td width=\"232\"><strong>NURSING CHECK<\/strong><\/td>\n<td width=\"598\">Vital Sign, Vision Check<\/td>\n<\/tr>\n<tr>\n<td><strong>INTERNAL MEDICINE EXAMINATION<\/strong><\/td>\n<td>Internal, Dermatology, External Medicine<\/td>\n<\/tr>\n<tr>\n<td><strong>ENT EXAMINATION<\/strong><\/td>\n<td>Kh\u00e1m Tai &#8211; M\u0169i &#8211; H\u1ecdng<\/td>\n<\/tr>\n<tr>\n<td><strong>OPHTHALMOLOGY EXAMINATION<\/strong><\/td>\n<td>Kh\u00e1m M\u1eaft<\/td>\n<\/tr>\n<tr>\n<td><strong>DENTAL EXAMINATION<\/strong><\/td>\n<td>Kh\u00e1m R\u0103ng &#8211; H\u00e0m &#8211; M\u1eb7t<\/td>\n<\/tr>\n<tr>\n<td><strong>BLOOD TEST<\/strong><\/td>\n<td>CBC; Glucose (Fasting); Lipid Panel; Creatinine &amp; Ure; ALT &#8211; AST; HBsAg; HBsAb; HBeAg; HCVAb; TSH<\/td>\n<\/tr>\n<tr>\n<td><strong>URINALYSIS<\/strong><\/td>\n<td>X\u00e9t nghi\u1ec7m n\u01b0\u1edbc ti\u1ec3u<\/td>\n<\/tr>\n<tr>\n<td><strong>ECG<\/strong><\/td>\n<td>\u0110i\u1ec7n t\u00e2m \u0111\u1ed3<\/td>\n<\/tr>\n<tr>\n<td><strong>CHEST X-RAY<\/strong><\/td>\n<td>Ch\u1ee5p X-quang ng\u1ef1c<\/td>\n<\/tr>\n<tr>\n<td><strong>ABDOMINAL ULTRASOUND<\/strong><\/td>\n<td>Si\u00eau \u00e2m \u1ed5 b\u1ee5ng t\u1ed5ng qu\u00e1t<\/td>\n<\/tr>\n<tr>\n<td><strong>TRANSTHORACIC ECHOCARDIOGRAM<\/strong><\/td>\n<td>Si\u00eau \u00e2m tim qua th\u00e0nh ng\u1ef1c<\/td>\n<\/tr>\n<tr>\n<td><strong>PERSONAL MEDICAL REPORT<\/strong><\/td>\n<td>B\u00e1o c\u00e1o s\u1ee9c kh\u1ecfe theo Th\u00f4ng t\u01b0 32 (c\u00f3 h\u00ecnh \u1ea3nh)<\/td>\n<\/tr>\n<\/tbody>\n<\/table>\n","protected":false},"excerpt":{"rendered":"<p>G\u00f3i kh\u00e1m \u0111\u01b0\u1ee3c thi\u1ebft k\u1ebf gi\u00fap \u0111\u00e1nh gi\u00e1 to\u00e0n di\u1ec7n t\u00ecnh tr\u1ea1ng s\u1ee9c kh\u1ecfe hi\u1ec7n t\u1ea1i, ph\u00e1t hi\u1ec7n s\u1edbm c\u00e1c nguy c\u01a1 ti\u1ec1m \u1ea9n v\u1ec1 tim m\u1ea1ch, gan, th\u1eadn, tuy\u1ebfn gi\u00e1p, ti\u1ec3u \u0111\u01b0\u1eddng, r\u1ed1i lo\u1ea1n m\u1ee1 m\u00e1u v\u00e0 c\u00e1c b\u1ec7nh l\u00fd ph\u1ed5 bi\u1ebfn kh\u00e1c. Ph\u00f9 h\u1ee3p cho ng\u01b0\u1eddi tr\u01b0\u1edfng th\u00e0nh, nh\u00e2n vi\u00ean v\u0103n ph\u00f2ng, doanh nh\u00e2n ho\u1eb7c nh\u1eefng ai mu\u1ed1n ki\u1ec3m tra s\u1ee9c kh\u1ecfe \u0111\u1ecbnh k\u1ef3.<\/p>\n","protected":false},"featured_media":53919,"template":"","meta":[],"product_brand":[],"product_cat":[1810,1872],"product_tag":[],"class_list":{"0":"post-59424","1":"product","2":"type-product","3":"status-publish","4":"has-post-thumbnail","6":"product_cat-goi-kham-tong-quat-duoc-lua-chon-nhieu-nhat-tai-victoria-healthcare","7":"product_cat-kham-suc-khoe-di-lam-di-hoc","9":"first","10":"instock","11":"shipping-taxable","12":"purchasable","13":"product-type-simple"},"_links":{"self":[{"href":"https:\/\/victoriavn.com\/khamtongquat\/wp-json\/wp\/v2\/product\/59424","targetHints":{"allow":["GET"]}}],"collection":[{"href":"https:\/\/victoriavn.com\/khamtongquat\/wp-json\/wp\/v2\/product"}],"about":[{"href":"https:\/\/victoriavn.com\/khamtongquat\/wp-json\/wp\/v2\/types\/product"}],"wp:featuredmedia":[{"embeddable":true,"href":"https:\/\/victoriavn.com\/khamtongquat\/wp-json\/wp\/v2\/media\/53919"}],"wp:attachment":[{"href":"https:\/\/victoriavn.com\/khamtongquat\/wp-json\/wp\/v2\/media?parent=59424"}],"wp:term":[{"taxonomy":"product_brand","embeddable":true,"href":"https:\/\/victoriavn.com\/khamtongquat\/wp-json\/wp\/v2\/product_brand?post=59424"},{"taxonomy":"product_cat","embeddable":true,"href":"https:\/\/victoriavn.com\/khamtongquat\/wp-json\/wp\/v2\/product_cat?post=59424"},{"taxonomy":"product_tag","embeddable":true,"href":"https:\/\/victoriavn.com\/khamtongquat\/wp-json\/wp\/v2\/product_tag?post=59424"}],"curies":[{"name":"wp","href":"https:\/\/api.w.org\/{rel}","templated":true}]}}