{"id":59422,"date":"2025-01-01T19:07:34","date_gmt":"2025-01-01T12:07:34","guid":{"rendered":"https:\/\/victoriavn.com\/khamtongquat\/?post_type=product&#038;p=59422"},"modified":"2026-03-04T10:43:15","modified_gmt":"2026-03-04T03:43:15","slug":"kham-suc-khoe-di-lam-work-permit-goi-tieu-chuan","status":"publish","type":"product","link":"https:\/\/victoriavn.com\/khamtongquat\/san-pham\/kham-suc-khoe-di-lam-work-permit-goi-tieu-chuan\/","title":{"rendered":"Kh\u00e1m s\u1ee9c kho\u1ebb \u0111i l\u00e0m (work permit) g\u00f3i Ti\u00eau chu\u1ea9n"},"content":{"rendered":"<p>G\u00f3i kh\u00e1m \u0111\u01b0\u1ee3c thi\u1ebft k\u1ebf gi\u00fap \u0111\u00e1nh gi\u00e1 to\u00e0n di\u1ec7n t\u00ecnh tr\u1ea1ng s\u1ee9c kh\u1ecfe hi\u1ec7n t\u1ea1i, ph\u00e1t hi\u1ec7n s\u1edbm c\u00e1c nguy c\u01a1 ti\u1ec1m \u1ea9n v\u1ec1 tim m\u1ea1ch, gan, th\u1eadn, tuy\u1ebfn gi\u00e1p, ti\u1ec3u \u0111\u01b0\u1eddng, r\u1ed1i lo\u1ea1n m\u1ee1 m\u00e1u v\u00e0 c\u00e1c b\u1ec7nh l\u00fd ph\u1ed5 bi\u1ebfn kh\u00e1c. Ph\u00f9 h\u1ee3p cho ng\u01b0\u1eddi tr\u01b0\u1edfng th\u00e0nh, nh\u00e2n vi\u00ean v\u0103n ph\u00f2ng, doanh nh\u00e2n ho\u1eb7c nh\u1eefng ai mu\u1ed1n ki\u1ec3m tra s\u1ee9c kh\u1ecfe \u0111\u1ecbnh k\u1ef3.<\/p>\n","protected":false},"excerpt":{"rendered":"<p>G\u00f3i kh\u00e1m \u0111\u01b0\u1ee3c thi\u1ebft k\u1ebf gi\u00fap \u0111\u00e1nh gi\u00e1 to\u00e0n di\u1ec7n t\u00ecnh tr\u1ea1ng s\u1ee9c kh\u1ecfe hi\u1ec7n t\u1ea1i, ph\u00e1t hi\u1ec7n s\u1edbm c\u00e1c nguy c\u01a1 ti\u1ec1m \u1ea9n v\u1ec1 tim m\u1ea1ch, gan, th\u1eadn, tuy\u1ebfn gi\u00e1p, ti\u1ec3u \u0111\u01b0\u1eddng, r\u1ed1i lo\u1ea1n m\u1ee1 m\u00e1u v\u00e0 c\u00e1c b\u1ec7nh l\u00fd ph\u1ed5 bi\u1ebfn kh\u00e1c. Ph\u00f9 h\u1ee3p cho ng\u01b0\u1eddi tr\u01b0\u1edfng th\u00e0nh, nh\u00e2n vi\u00ean v\u0103n ph\u00f2ng, doanh nh\u00e2n ho\u1eb7c nh\u1eefng ai mu\u1ed1n ki\u1ec3m tra s\u1ee9c kh\u1ecfe \u0111\u1ecbnh k\u1ef3.<\/p>\n","protected":false},"featured_media":53917,"template":"","meta":[],"product_brand":[],"product_cat":[1810,1872],"product_tag":[],"class_list":{"0":"post-59422","1":"product","2":"type-product","3":"status-publish","4":"has-post-thumbnail","6":"product_cat-goi-kham-tong-quat-duoc-lua-chon-nhieu-nhat-tai-victoria-healthcare","7":"product_cat-kham-suc-khoe-di-lam-di-hoc","9":"first","10":"instock","11":"shipping-taxable","12":"purchasable","13":"product-type-simple"},"_links":{"self":[{"href":"https:\/\/victoriavn.com\/khamtongquat\/wp-json\/wp\/v2\/product\/59422","targetHints":{"allow":["GET"]}}],"collection":[{"href":"https:\/\/victoriavn.com\/khamtongquat\/wp-json\/wp\/v2\/product"}],"about":[{"href":"https:\/\/victoriavn.com\/khamtongquat\/wp-json\/wp\/v2\/types\/product"}],"wp:featuredmedia":[{"embeddable":true,"href":"https:\/\/victoriavn.com\/khamtongquat\/wp-json\/wp\/v2\/media\/53917"}],"wp:attachment":[{"href":"https:\/\/victoriavn.com\/khamtongquat\/wp-json\/wp\/v2\/media?parent=59422"}],"wp:term":[{"taxonomy":"product_brand","embeddable":true,"href":"https:\/\/victoriavn.com\/khamtongquat\/wp-json\/wp\/v2\/product_brand?post=59422"},{"taxonomy":"product_cat","embeddable":true,"href":"https:\/\/victoriavn.com\/khamtongquat\/wp-json\/wp\/v2\/product_cat?post=59422"},{"taxonomy":"product_tag","embeddable":true,"href":"https:\/\/victoriavn.com\/khamtongquat\/wp-json\/wp\/v2\/product_tag?post=59422"}],"curies":[{"name":"wp","href":"https:\/\/api.w.org\/{rel}","templated":true}]}}