{"id":57781,"date":"2024-10-22T13:34:35","date_gmt":"2024-10-22T06:34:35","guid":{"rendered":"https:\/\/victoriavn.com\/khamtongquat\/?post_type=product&#038;p=57781"},"modified":"2024-10-22T13:49:16","modified_gmt":"2024-10-22T06:49:16","slug":"qua-tang-suc-khoe-0d","status":"publish","type":"product","link":"https:\/\/victoriavn.com\/khamtongquat\/san-pham\/qua-tang-suc-khoe-0d\/","title":{"rendered":"Qu\u00e0 t\u1eb7ng s\u1ee9c kh\u1ecfe 0\u0110"},"content":{"rendered":"<p><strong>L\u01b0u \u00fd: S\u1ea3n ph\u1ea9m t\u1eb7ng theo ch\u01b0\u01a1ng tr\u00ecnh, kh\u00f4ng kinh doanh<br \/>\n<\/strong>\u0110\u1ec3 \u0111\u01b0\u1ee3c h\u1ed7 tr\u1ee3 th\u00eam, xin vui l\u00f2ng li\u00ean h\u1ec7: Hotline: 028 39104545<\/p>\n<p><strong>Kh\u00e1ch h\u00e0ng l\u1ef1a ch\u1ecdn 1 trong 7 d\u1ecbch v\u1ee5 tr\u1ea3i nghi\u1ec7m mi\u1ec5n ph\u00ed:<\/strong><br \/>\n1. T\u01b0 v\u1ea5n k\u1ebf ho\u1ea1ch h\u00f3a gia \u0111\u00ecnh<br \/>\n2. Ki\u1ec3m tra s\u1ee9c kh\u1ecfe thai k\u1ef3<br \/>\n3. \u0110o lo\u00e3ng x\u01b0\u01a1ng g\u00f3t ch\u00e2n<br \/>\n4. Ki\u1ec3m tra Tai &#8211; M\u0169i &#8211; H\u1ecdng<br \/>\n5. Kh\u00e1m s\u00e0ng l\u1ecdc b\u1ec7nh l\u00fd \u0111\u01b0\u1eddng ti\u00eau h\u00f3a<br \/>\n6. \u0110\u00e1nh gi\u00e1 t\u00ecnh tr\u1ea1ng da<br \/>\n7. Kh\u00e1m s\u00e0ng l\u1ecdc b\u1ec7nh l\u00fd tim m\u1ea1ch<\/p>\n<p><strong>(*) \u0110i\u1ec1u ki\u1ec7n \u00e1p d\u1ee5ng:<\/strong><br \/>\n&#8211; \u00c1p d\u1ee5ng 1 trong 7 d\u1ecbch v\u1ee5<br \/>\n&#8211; D\u00e0nh cho kh\u00e1ch h\u00e0ng m\u1edbi v\u00e0 kh\u00e1ch h\u00e0ng ch\u01b0a kh\u00e1m t\u1ea1i Victoria Healthcare trong 3 n\u0103m g\u1ea7n nh\u1ea5t<br \/>\n&#8211; Qu\u00fd kh\u00e1ch xu\u1ea5t tr\u00ecnh phi\u1ebfu qu\u00e0 t\u1ea1i ph\u00f2ng kh\u00e1m<br \/>\n&#8211; Th\u1eddi h\u1ea1n s\u1eed d\u1ee5ng: 31\/03\/2025.<br \/>\n&#8211; Phi\u1ebfu qu\u00e0 kh\u00f4ng c\u00f3 gi\u00e1 tr\u1ecb quy \u0111\u1ed5i th\u00e0nh ti\u1ec1n m\u1eb7t &amp; Kh\u00f4ng \u00e1p d\u1ee5ng chung v\u1edbi c\u00e1c ch\u01b0\u01a1ng tr\u00ecnh \u01b0u \u0111\u00e3i kh\u00e1c<br \/>\n&#8211; Qu\u00fd kh\u00e1ch \u0111\u1eb7t h\u1eb9n tr\u01b0\u1edbc khi kh\u00e1m: (028) 3910 4545<\/p>\n","protected":false},"excerpt":{"rendered":"<p><strong>(*) \u0110i\u1ec1u ki\u1ec7n \u00e1p d\u1ee5ng:<\/strong><br \/>\n&#8211; \u00c1p d\u1ee5ng 1 trong 7 d\u1ecbch v\u1ee5<br \/>\n&#8211; D\u00e0nh cho kh\u00e1ch h\u00e0ng m\u1edbi v\u00e0 kh\u00e1ch h\u00e0ng ch\u01b0a kh\u00e1m t\u1ea1i Victoria Healthcare trong 3 n\u0103m g\u1ea7n nh\u1ea5t<br \/>\n&#8211; Qu\u00fd kh\u00e1ch xu\u1ea5t tr\u00ecnh phi\u1ebfu qu\u00e0 t\u1ea1i ph\u00f2ng kh\u00e1m<br \/>\n&#8211; Th\u1eddi h\u1ea1n s\u1eed d\u1ee5ng: 31\/03\/2025.<br \/>\n&#8211; Phi\u1ebfu qu\u00e0 kh\u00f4ng c\u00f3 gi\u00e1 tr\u1ecb quy \u0111\u1ed5i th\u00e0nh ti\u1ec1n m\u1eb7t &amp; Kh\u00f4ng \u00e1p d\u1ee5ng chung v\u1edbi c\u00e1c ch\u01b0\u01a1ng tr\u00ecnh \u01b0u \u0111\u00e3i kh\u00e1c<br \/>\n&#8211; Qu\u00fd kh\u00e1ch \u0111\u1eb7t h\u1eb9n tr\u01b0\u1edbc khi kh\u00e1m: (028) 3910 4545<\/p>\n","protected":false},"featured_media":57782,"template":"","meta":[],"product_brand":[],"product_cat":[1728],"product_tag":[],"class_list":{"0":"post-57781","1":"product","2":"type-product","3":"status-publish","4":"has-post-thumbnail","6":"product_cat-voucher-gift","8":"first","9":"instock","10":"shipping-taxable","11":"purchasable","12":"product-type-simple"},"_links":{"self":[{"href":"https:\/\/victoriavn.com\/khamtongquat\/wp-json\/wp\/v2\/product\/57781","targetHints":{"allow":["GET"]}}],"collection":[{"href":"https:\/\/victoriavn.com\/khamtongquat\/wp-json\/wp\/v2\/product"}],"about":[{"href":"https:\/\/victoriavn.com\/khamtongquat\/wp-json\/wp\/v2\/types\/product"}],"wp:featuredmedia":[{"embeddable":true,"href":"https:\/\/victoriavn.com\/khamtongquat\/wp-json\/wp\/v2\/media\/57782"}],"wp:attachment":[{"href":"https:\/\/victoriavn.com\/khamtongquat\/wp-json\/wp\/v2\/media?parent=57781"}],"wp:term":[{"taxonomy":"product_brand","embeddable":true,"href":"https:\/\/victoriavn.com\/khamtongquat\/wp-json\/wp\/v2\/product_brand?post=57781"},{"taxonomy":"product_cat","embeddable":true,"href":"https:\/\/victoriavn.com\/khamtongquat\/wp-json\/wp\/v2\/product_cat?post=57781"},{"taxonomy":"product_tag","embeddable":true,"href":"https:\/\/victoriavn.com\/khamtongquat\/wp-json\/wp\/v2\/product_tag?post=57781"}],"curies":[{"name":"wp","href":"https:\/\/api.w.org\/{rel}","templated":true}]}}