{"id":57711,"date":"2024-10-18T16:14:06","date_gmt":"2024-10-18T09:14:06","guid":{"rendered":"https:\/\/victoriavn.com\/khamtongquat\/?post_type=product&#038;p=57711"},"modified":"2024-10-18T16:14:27","modified_gmt":"2024-10-18T09:14:27","slug":"voucher-qua-tang-suc-khoe-tri-gia-den-2-000-000-d-nhan-tai-phong-kham-mien-phi-kham-1-trong-4-chuyen-khoa-tai-mui-hong-da-lieu-phu-khoa-kham-tu-xa-giam-50-goi-kham-tong-quat-nhi-hoac","status":"publish","type":"product","link":"https:\/\/victoriavn.com\/khamtongquat\/san-pham\/voucher-qua-tang-suc-khoe-tri-gia-den-2-000-000-d-nhan-tai-phong-kham-mien-phi-kham-1-trong-4-chuyen-khoa-tai-mui-hong-da-lieu-phu-khoa-kham-tu-xa-giam-50-goi-kham-tong-quat-nhi-hoac\/","title":{"rendered":"Voucher Qu\u00e0 t\u1eb7ng s\u1ee9c kh\u1ecfe tr\u1ecb gi\u00e1 \u0111\u1ebfn 2.000.000 \u0110 (nh\u1eadn t\u1ea1i ph\u00f2ng kh\u00e1m): Mi\u1ec5n ph\u00ed kh\u00e1m 1 trong 4 chuy\u00ean khoa (Tai &#8211; M\u0169i &#8211; H\u1ecdng | Da li\u1ec5u | Ph\u1ee5 khoa | Kh\u00e1m t\u1eeb xa) + Gi\u1ea3m 50% G\u00f3i kh\u00e1m t\u1ed5ng qu\u00e1t Nhi ho\u1eb7c ph\u00ed kh\u00e1m Nhi khoa + Gi\u1ea3m 19% G\u00f3i t\u1ea7m so\u00e1t b\u1ec7nh l\u00fd chuy\u00ean khoa"},"content":{"rendered":"<p><strong>L\u01b0u \u00fd: S\u1ea3n ph\u1ea9m t\u1eb7ng kh\u00f4ng kinh doanh<br \/>\n<\/strong>\u0110\u1ec3 \u0111\u01b0\u1ee3c h\u1ed7 tr\u1ee3 th\u00eam, xin vui l\u00f2ng li\u00ean h\u1ec7: Hotline: 028 39104545<\/p>\n","protected":false},"excerpt":{"rendered":"<p><strong>L\u01b0u \u00fd: S\u1ea3n ph\u1ea9m t\u1eb7ng kh\u00f4ng kinh doanh<br \/>\n<\/strong>\u0110\u1ec3 \u0111\u01b0\u1ee3c h\u1ed7 tr\u1ee3 th\u00eam, xin vui l\u00f2ng li\u00ean h\u1ec7: Hotline: 028 39104545<\/p>\n","protected":false},"featured_media":12089,"template":"","meta":[],"product_brand":[],"product_cat":[1728],"product_tag":[],"class_list":{"0":"post-57711","1":"product","2":"type-product","3":"status-publish","4":"has-post-thumbnail","6":"product_cat-voucher-gift","8":"first","9":"instock","10":"shipping-taxable","11":"purchasable","12":"product-type-simple"},"_links":{"self":[{"href":"https:\/\/victoriavn.com\/khamtongquat\/wp-json\/wp\/v2\/product\/57711","targetHints":{"allow":["GET"]}}],"collection":[{"href":"https:\/\/victoriavn.com\/khamtongquat\/wp-json\/wp\/v2\/product"}],"about":[{"href":"https:\/\/victoriavn.com\/khamtongquat\/wp-json\/wp\/v2\/types\/product"}],"wp:featuredmedia":[{"embeddable":true,"href":"https:\/\/victoriavn.com\/khamtongquat\/wp-json\/wp\/v2\/media\/12089"}],"wp:attachment":[{"href":"https:\/\/victoriavn.com\/khamtongquat\/wp-json\/wp\/v2\/media?parent=57711"}],"wp:term":[{"taxonomy":"product_brand","embeddable":true,"href":"https:\/\/victoriavn.com\/khamtongquat\/wp-json\/wp\/v2\/product_brand?post=57711"},{"taxonomy":"product_cat","embeddable":true,"href":"https:\/\/victoriavn.com\/khamtongquat\/wp-json\/wp\/v2\/product_cat?post=57711"},{"taxonomy":"product_tag","embeddable":true,"href":"https:\/\/victoriavn.com\/khamtongquat\/wp-json\/wp\/v2\/product_tag?post=57711"}],"curies":[{"name":"wp","href":"https:\/\/api.w.org\/{rel}","templated":true}]}}