{"id":47291,"date":"2023-10-02T02:57:45","date_gmt":"2023-10-01T19:57:45","guid":{"rendered":"https:\/\/victoriavn.com\/khamtongquat\/?post_type=product&#038;p=47291"},"modified":"2025-01-13T15:38:04","modified_gmt":"2025-01-13T08:38:04","slug":"goi-kham-tong-quat-danh-gia-chuc-nang-sinh-ly-nam","status":"publish","type":"product","link":"https:\/\/victoriavn.com\/khamtongquat\/san-pham\/goi-kham-tong-quat-danh-gia-chuc-nang-sinh-ly-nam\/","title":{"rendered":"G\u00f3i Kh\u00e1m T\u1ed5ng Qu\u00e1t \u0110\u00e1nh Gi\u00e1 Ch\u1ee9c N\u0103ng Sinh L\u00fd Nam"},"content":{"rendered":"<p>G\u00f3i Kh\u00e1m T\u1ed5ng Qu\u00e1t \u0110\u00e1nh Gi\u00e1 Ch\u1ee9c N\u0103ng Sinh L\u00fd Nam gi\u00fap b\u00e1c s\u0129 \u0111\u00e1nh gi\u00e1 v\u00e0 \u0111\u01b0a ra \u0111\u00e1nh gi\u00e1 s\u1ee9c kh\u1ecfe v\u00e0 ch\u1ee9c n\u0103ng sinh l\u00fd c\u1ee7a nam gi\u1edbi, ph\u00e1t hi\u1ec7n s\u1edbm c\u00e1c v\u1ea5n \u0111\u1ec1 y t\u1ebf li\u00ean quan \u0111\u1ebfn tuy\u1ebfn ti\u1ec1n li\u1ec7t, t\u00ecnh d\u1ee5c, v\u00e0 kh\u1ea3 n\u0103ng sinh s\u1ea3n. \u0110i\u1ec1u n\u00e0y c\u00f3 th\u1ec3 gi\u00fap trong vi\u1ec7c \u0111\u01b0a ra l\u1eddi khuy\u00ean v\u1ec1 ch\u0103m s\u00f3c s\u1ee9c kh\u1ecfe, qu\u1ea3n l\u00fd t\u00ecnh tr\u1ea1ng b\u1ec7nh l\u00fd, v\u00e0 c\u1ea3i thi\u1ec7n ch\u1ea5t l\u01b0\u1ee3ng cu\u1ed9c s\u1ed1ng t\u00ecnh d\u1ee5c c\u1ee7a nam gi\u1edbi.<\/p>\n","protected":false},"excerpt":{"rendered":"<p>G\u00f3i Kh\u00e1m T\u1ed5ng Qu\u00e1t \u0110\u00e1nh Gi\u00e1 Ch\u1ee9c N\u0103ng Sinh L\u00fd Nam l\u00e0 m\u1ed9t b\u1ed9 x\u00e9t nghi\u1ec7m y t\u1ebf thi\u1ebft k\u1ebf \u0111\u1eb7c bi\u1ec7t cho nam gi\u1edbi, nh\u1eb1m \u0111\u00e1nh gi\u00e1 v\u00e0 ki\u1ec3m tra c\u00e1c kh\u00eda c\u1ea1nh li\u00ean quan \u0111\u1ebfn s\u1ee9c kh\u1ecfe v\u00e0 ch\u1ee9c n\u0103ng sinh l\u00fd c\u1ee7a h\u1ecd.<\/p>\n","protected":false},"featured_media":47294,"template":"","meta":[],"product_brand":[],"product_cat":[1744],"product_tag":[1808],"class_list":{"0":"post-47291","1":"product","2":"type-product","3":"status-publish","4":"has-post-thumbnail","6":"product_cat-suc-khoe-nam-gioi","7":"product_tag-sieu-uu-dai-kham-gio-vang","9":"first","10":"instock","11":"shipping-taxable","12":"purchasable","13":"product-type-variable"},"_links":{"self":[{"href":"https:\/\/victoriavn.com\/khamtongquat\/wp-json\/wp\/v2\/product\/47291","targetHints":{"allow":["GET"]}}],"collection":[{"href":"https:\/\/victoriavn.com\/khamtongquat\/wp-json\/wp\/v2\/product"}],"about":[{"href":"https:\/\/victoriavn.com\/khamtongquat\/wp-json\/wp\/v2\/types\/product"}],"wp:featuredmedia":[{"embeddable":true,"href":"https:\/\/victoriavn.com\/khamtongquat\/wp-json\/wp\/v2\/media\/47294"}],"wp:attachment":[{"href":"https:\/\/victoriavn.com\/khamtongquat\/wp-json\/wp\/v2\/media?parent=47291"}],"wp:term":[{"taxonomy":"product_brand","embeddable":true,"href":"https:\/\/victoriavn.com\/khamtongquat\/wp-json\/wp\/v2\/product_brand?post=47291"},{"taxonomy":"product_cat","embeddable":true,"href":"https:\/\/victoriavn.com\/khamtongquat\/wp-json\/wp\/v2\/product_cat?post=47291"},{"taxonomy":"product_tag","embeddable":true,"href":"https:\/\/victoriavn.com\/khamtongquat\/wp-json\/wp\/v2\/product_tag?post=47291"}],"curies":[{"name":"wp","href":"https:\/\/api.w.org\/{rel}","templated":true}]}}