{"id":47275,"date":"2023-10-02T02:37:33","date_gmt":"2023-10-01T19:37:33","guid":{"rendered":"https:\/\/victoriavn.com\/khamtongquat\/?post_type=product&#038;p=47275"},"modified":"2025-01-01T19:34:00","modified_gmt":"2025-01-01T12:34:00","slug":"kham-va-tu-van-suc-khoe-hon-nhan-ke-hoach-hoa-gia-dinh","status":"publish","type":"product","link":"https:\/\/victoriavn.com\/khamtongquat\/san-pham\/kham-va-tu-van-suc-khoe-hon-nhan-ke-hoach-hoa-gia-dinh\/","title":{"rendered":"Kh\u00e1m V\u00e0 T\u01b0 V\u1ea5n S\u1ee9c Kh\u1ecfe H\u00f4n Nh\u00e2n, K\u1ebf Ho\u1ea1ch Ho\u00e1 Gia \u0110\u00ecnh"},"content":{"rendered":"<p>Kh\u00e1m v\u00e0 t\u01b0 v\u1ea5n s\u1ee9c kh\u1ecfe h\u00f4n nh\u00e2n v\u00e0 k\u1ebf ho\u1ea1ch h\u00f3a gia \u0111\u00ecnh l\u00e0 d\u1ecbch v\u1ee5 y t\u1ebf cung c\u1ea5p th\u00f4ng tin v\u00e0 h\u1ed7 tr\u1ee3 cho c\u1eb7p \u0111\u00f4i ho\u1eb7c c\u00e1 nh\u00e2n trong vi\u1ec7c qu\u1ea3n l\u00fd s\u1ee9c kh\u1ecfe t\u00ecnh d\u1ee5c v\u00e0 quy\u1ebft \u0111\u1ecbnh v\u1ec1 k\u1ebf ho\u1ea1ch sinh con. N\u00f3 bao g\u1ed3m ki\u1ec3m tra s\u1ee9c kh\u1ecfe t\u00ecnh d\u1ee5c, t\u01b0 v\u1ea5n v\u1ec1 ph\u01b0\u01a1ng ph\u00e1p tr\u00e1nh thai, h\u1ed7 tr\u1ee3 trong qu\u00e1 tr\u00ecnh mang thai ho\u1eb7c v\u1ec1 v\u1ea5n \u0111\u1ec1 v\u00f4 sinh, v\u00e0 \u0111\u01b0a ra l\u1eddi khuy\u00ean v\u1ec1 qu\u1ea3n l\u00fd s\u1ee9c kh\u1ecfe trong m\u1ed1i quan h\u1ec7 h\u00f4n nh\u00e2n v\u00e0 gia \u0111\u00ecnh.<\/p>\n<p>\u0110\u00e2y l\u00e0 m\u1ed9t ph\u1ea7n quan tr\u1ecdng c\u1ee7a ch\u0103m s\u00f3c s\u1ee9c kh\u1ecfe t\u00ecnh d\u1ee5c v\u00e0 gia \u0111\u00ecnh, nh\u1eb1m \u0111\u1ea3m b\u1ea3o s\u1ef1 an to\u00e0n v\u00e0 tr\u00e1nh thai hi\u1ec7u qu\u1ea3, c\u0169ng nh\u01b0 h\u1ed7 tr\u1ee3 s\u1ef1 l\u1ef1a ch\u1ecdn c\u00e1 nh\u00e2n v\u1ec1 k\u1ebf ho\u1ea1ch sinh con.<\/p>\n","protected":false},"excerpt":{"rendered":"<p>Kh\u00e1m v\u00e0 t\u01b0 v\u1ea5n s\u1ee9c kh\u1ecfe h\u00f4n nh\u00e2n v\u00e0 k\u1ebf ho\u1ea1ch h\u00f3a gia \u0111\u00ecnh l\u00e0 d\u1ecbch v\u1ee5 y t\u1ebf cung c\u1ea5p th\u00f4ng tin v\u00e0 h\u1ed7 tr\u1ee3 cho c\u1eb7p \u0111\u00f4i ho\u1eb7c c\u00e1 nh\u00e2n trong vi\u1ec7c qu\u1ea3n l\u00fd s\u1ee9c kh\u1ecfe t\u00ecnh d\u1ee5c v\u00e0 quy\u1ebft \u0111\u1ecbnh v\u1ec1 k\u1ebf ho\u1ea1ch sinh con. N\u00f3 bao g\u1ed3m ki\u1ec3m tra s\u1ee9c kh\u1ecfe t\u00ecnh d\u1ee5c, t\u01b0 v\u1ea5n v\u1ec1 ph\u01b0\u01a1ng ph\u00e1p tr\u00e1nh thai, h\u1ed7 tr\u1ee3 trong qu\u00e1 tr\u00ecnh mang thai ho\u1eb7c v\u1ec1 v\u1ea5n \u0111\u1ec1 v\u00f4 sinh, v\u00e0 \u0111\u01b0a ra l\u1eddi khuy\u00ean v\u1ec1 qu\u1ea3n l\u00fd s\u1ee9c kh\u1ecfe trong m\u1ed1i quan h\u1ec7 h\u00f4n nh\u00e2n v\u00e0 gia \u0111\u00ecnh.<\/p>\n","protected":false},"featured_media":47278,"template":"","meta":[],"product_brand":[],"product_cat":[1710],"product_tag":[],"class_list":{"0":"post-47275","1":"product","2":"type-product","3":"status-publish","4":"has-post-thumbnail","6":"product_cat-suc-khoe-phu-nu","8":"first","9":"instock","10":"shipping-taxable","11":"purchasable","12":"product-type-variable"},"_links":{"self":[{"href":"https:\/\/victoriavn.com\/khamtongquat\/wp-json\/wp\/v2\/product\/47275","targetHints":{"allow":["GET"]}}],"collection":[{"href":"https:\/\/victoriavn.com\/khamtongquat\/wp-json\/wp\/v2\/product"}],"about":[{"href":"https:\/\/victoriavn.com\/khamtongquat\/wp-json\/wp\/v2\/types\/product"}],"wp:featuredmedia":[{"embeddable":true,"href":"https:\/\/victoriavn.com\/khamtongquat\/wp-json\/wp\/v2\/media\/47278"}],"wp:attachment":[{"href":"https:\/\/victoriavn.com\/khamtongquat\/wp-json\/wp\/v2\/media?parent=47275"}],"wp:term":[{"taxonomy":"product_brand","embeddable":true,"href":"https:\/\/victoriavn.com\/khamtongquat\/wp-json\/wp\/v2\/product_brand?post=47275"},{"taxonomy":"product_cat","embeddable":true,"href":"https:\/\/victoriavn.com\/khamtongquat\/wp-json\/wp\/v2\/product_cat?post=47275"},{"taxonomy":"product_tag","embeddable":true,"href":"https:\/\/victoriavn.com\/khamtongquat\/wp-json\/wp\/v2\/product_tag?post=47275"}],"curies":[{"name":"wp","href":"https:\/\/api.w.org\/{rel}","templated":true}]}}