{"id":47237,"date":"2023-10-01T23:49:58","date_gmt":"2023-10-01T16:49:58","guid":{"rendered":"https:\/\/victoriavn.com\/khamtongquat\/?post_type=product&#038;p=47237"},"modified":"2025-12-15T16:01:04","modified_gmt":"2025-12-15T09:01:04","slug":"goi-tam-soat-ung-thu-co-tu-cung-goi-2","status":"publish","type":"product","link":"https:\/\/victoriavn.com\/khamtongquat\/san-pham\/goi-tam-soat-ung-thu-co-tu-cung-goi-2\/","title":{"rendered":"G\u00f3i t\u1ea7m so\u00e1t Ung th\u01b0 C\u1ed5 t\u1eed cung &#8211; G\u00f3i 2"},"content":{"rendered":"<div>\n<p><strong>G\u00f3i t\u1ea7m so\u00e1t ung th\u01b0 c\u1ed5 t\u1eed cung c\u01a1 b\u1ea3n l\u00e0 m\u1ed9t ch\u01b0\u01a1ng tr\u00ecnh quan tr\u1ecdng d\u00e0nh cho ph\u1ee5 n\u1eef nh\u1eb1m theo d\u00f5i v\u00e0 t\u1ea7m so\u00e1t s\u1ee9c kh\u1ecfe c\u1ed5 t\u1eed cung m\u1ed7i n\u0103m. D\u01b0\u1edbi \u0111\u00e2y l\u00e0 m\u00f4 t\u1ea3 chi ti\u1ebft v\u1ec1 g\u00f3i t\u1ea7m so\u00e1t n\u00e0y<\/strong><\/p>\n<p>X\u00e9t nghi\u1ec7m Pap\u2019s (X\u00e9t nghi\u1ec7m t\u1ebf b\u00e0o h\u1ecdc):X\u00e9t nghi\u1ec7m Pap\u2019s v\u1eabn l\u00e0 ph\u1ea7n quan tr\u1ecdng nh\u1ea5t trong vi\u1ec7c ph\u00e1t hi\u1ec7n s\u1edbm c\u00e1c b\u1ea5t th\u01b0\u1eddng c\u1ee7a c\u1ed5 t\u1eed cung. Trong qu\u00e1 tr\u00ecnh n\u00e0y, m\u1eabu t\u1ebf b\u00e0o \u0111\u01b0\u1ee3c thu th\u1eadp t\u1eeb khu v\u1ef1c c\u1ed5 t\u1eed cung c\u1ee7a ph\u1ee5 n\u1eef \u0111\u1ec3 ki\u1ec3m tra s\u1ef1 bi\u1ebfn \u0111\u1ed5i c\u1ee7a t\u1ebf b\u00e0o c\u00f3 nguy c\u01a1 g\u00e2y ra ung th\u01b0 c\u1ed5 t\u1eed cung. B\u00e1c s\u0129 s\u1ebd s\u1eed d\u1ee5ng d\u1ee5ng c\u1ee5 m\u1ecf v\u1ecbt chuy\u00ean d\u1ee5ng \u0111\u1ec3 m\u1edf \u00e2m \u0111\u1ea1o, quan s\u00e1t c\u1ed5 t\u1eed cung v\u00e0 l\u1ea5y m\u1eabu t\u1ebf b\u00e0o b\u1eb1ng m\u1ed9t b\u00e0n ch\u1ea3i m\u1ec1m. M\u1eabu t\u1ebf b\u00e0o sau \u0111\u00f3 \u0111\u01b0\u1ee3c g\u1eedi \u0111\u1ebfn ph\u00f2ng x\u00e9t nghi\u1ec7m \u0111\u1ec3 ki\u1ec3m tra.<\/p>\n<p>Vi\u1ec7c l\u1ea5y t\u1ebf b\u00e0o n\u00e0y l\u00e0 kh\u00f4ng g\u00e2y \u0111au, \u0111\u1ed3ng th\u1eddi vi\u1ec7c th\u0103m kh\u00e1m c\u00f2n gi\u00fap ki\u1ec3m tra t\u00ecnh tr\u1ea1ng s\u1ee9c kh\u1ecfe c\u1ee7a \u00e2m \u0111\u1ea1o bao g\u1ed3m c\u00e1c b\u1ec7nh l\u00fd vi\u00eam nhi\u1ec5m<\/p>\n<p><strong>L\u1ee3i \u00edch c\u1ee7a t\u1ea7m so\u00e1t:<\/strong><br \/>\n&#8211; T\u1ea7m so\u00e1t t\u1ebf b\u00e0o c\u1ed5 t\u1eed cung gi\u00fap ph\u00e1t hi\u1ec7n s\u1edbm b\u1ea5t k\u1ef3 bi\u1ebfn \u0111\u1ed5i t\u1ebf b\u00e0o n\u00e0o trong c\u1ed5 t\u1eed cung nh\u1eb1m \u0111i\u1ec1u tr\u1ecb s\u1edbm tr\u01b0\u1edbc khi c\u00e1c b\u1ea5t th\u01b0\u1eddng n\u00e0y di\u1ec5n ti\u1ebfn \u0111\u1ebfn ung th\u01b0<br \/>\n&#8211; \u0110i\u1ec1u n\u00e0y cho ph\u00e9p b\u00e1c s\u0129 \u0111\u01b0a ra quy\u1ebft \u0111\u1ecbnh ph\u00f9 h\u1ee3p cho vi\u1ec7c \u0111i\u1ec1u tr\u1ecb ho\u1eb7c theo d\u00f5i ti\u1ebfp theo.<\/p>\n<p>G\u00f3i t\u1ea7m so\u00e1t ung th\u01b0 c\u1ed5 t\u1eed cung c\u01a1 b\u1ea3n l\u00e0 m\u1ed9t ph\u1ea7n quan tr\u1ecdng c\u1ee7a ch\u0103m s\u00f3c s\u1ee9c kh\u1ecfe ph\u1ee5 n\u1eef, \u0111\u1eb7c bi\u1ec7t l\u00e0 \u0111\u1ec3 theo d\u00f5i v\u00e0 ph\u00e1t hi\u1ec7n s\u1edbm c\u00e1c v\u1ea5n \u0111\u1ec1 li\u00ean quan \u0111\u1ebfn c\u1ed5 t\u1eed cung. M\u1ed7i n\u0103m, qu\u00e1 tr\u00ecnh n\u00e0y cung c\u1ea5p th\u00f4ng tin c\u1eadp nh\u1eadt v\u1ec1 s\u1ee9c kh\u1ecfe c\u1ee7a ph\u1ee5 n\u1eef v\u00e0 \u0111\u1ea3m b\u1ea3o r\u1eb1ng b\u1ea5t k\u1ef3 bi\u1ebfn \u0111\u1ed5i t\u1ebf b\u00e0o n\u00e0o c\u0169ng s\u1ebd \u0111\u01b0\u1ee3c theo d\u00f5i v\u00e0 \u0111i\u1ec1u tr\u1ecb k\u1ecbp th\u1eddi.<\/p>\n<\/div>\n","protected":false},"excerpt":{"rendered":"<p>G\u00f3i t\u1ea7m so\u00e1t ung th\u01b0 c\u1ed5 t\u1eed cung c\u01a1 b\u1ea3n l\u00e0 m\u1ed9t ch\u01b0\u01a1ng tr\u00ecnh quan tr\u1ecdng d\u00e0nh cho ph\u1ee5 n\u1eef nh\u1eb1m theo d\u00f5i v\u00e0 t\u1ea7m so\u00e1t s\u1ee9c kh\u1ecfe c\u1ed5 t\u1eed cung m\u1ed7i n\u0103m<\/p>\n","protected":false},"featured_media":43764,"template":"","meta":[],"product_brand":[],"product_cat":[1864],"product_tag":[],"class_list":{"0":"post-47237","1":"product","2":"type-product","3":"status-publish","4":"has-post-thumbnail","6":"product_cat-goi-kham-tam-soat-ung-thu","8":"first","9":"instock","10":"shipping-taxable","11":"purchasable","12":"product-type-variable"},"_links":{"self":[{"href":"https:\/\/victoriavn.com\/khamtongquat\/wp-json\/wp\/v2\/product\/47237","targetHints":{"allow":["GET"]}}],"collection":[{"href":"https:\/\/victoriavn.com\/khamtongquat\/wp-json\/wp\/v2\/product"}],"about":[{"href":"https:\/\/victoriavn.com\/khamtongquat\/wp-json\/wp\/v2\/types\/product"}],"wp:featuredmedia":[{"embeddable":true,"href":"https:\/\/victoriavn.com\/khamtongquat\/wp-json\/wp\/v2\/media\/43764"}],"wp:attachment":[{"href":"https:\/\/victoriavn.com\/khamtongquat\/wp-json\/wp\/v2\/media?parent=47237"}],"wp:term":[{"taxonomy":"product_brand","embeddable":true,"href":"https:\/\/victoriavn.com\/khamtongquat\/wp-json\/wp\/v2\/product_brand?post=47237"},{"taxonomy":"product_cat","embeddable":true,"href":"https:\/\/victoriavn.com\/khamtongquat\/wp-json\/wp\/v2\/product_cat?post=47237"},{"taxonomy":"product_tag","embeddable":true,"href":"https:\/\/victoriavn.com\/khamtongquat\/wp-json\/wp\/v2\/product_tag?post=47237"}],"curies":[{"name":"wp","href":"https:\/\/api.w.org\/{rel}","templated":true}]}}