{"id":47211,"date":"2023-10-01T01:35:57","date_gmt":"2023-09-30T18:35:57","guid":{"rendered":"https:\/\/victoriavn.com\/khamtongquat\/?post_type=product&#038;p=47211"},"modified":"2023-10-02T04:39:56","modified_gmt":"2023-10-01T21:39:56","slug":"kham-suc-khoe-lam-viec-ngoai-khoi-off-shore-check-up-oeuk","status":"publish","type":"product","link":"https:\/\/victoriavn.com\/khamtongquat\/san-pham\/kham-suc-khoe-lam-viec-ngoai-khoi-off-shore-check-up-oeuk\/","title":{"rendered":"Kh\u00e1m s\u1ee9c kho\u1ebb l\u00e0m vi\u1ec7c ngo\u00e0i kh\u01a1i (Off-shore Check-up) &#8211; OEUK"},"content":{"rendered":"<p>G\u00f3i kh\u00e1m s\u1ee9c kho\u1ebb ch\u1ee9ng nh\u1eadn l\u00e0m vi\u1ec7c ngo\u00e0i kh\u01a1i l\u00e0 m\u1ed9t b\u1ed9 x\u00e9t nghi\u1ec7m to\u00e0n di\u1ec7n \u0111\u01b0\u1ee3c thi\u1ebft k\u1ebf \u0111\u1ec3 \u0111\u1ea3m b\u1ea3o s\u1ee9c kh\u1ecfe v\u00e0 \u0111\u1ee7 \u0111i\u1ec1u ki\u1ec7n cho c\u00f4ng vi\u1ec7c tr\u00ean bi\u1ec3n ho\u1eb7c ngo\u00e0i tr\u1eddi. G\u00f3i n\u00e0y bao g\u1ed3m c\u00e1c ki\u1ec3m tra s\u1ee9c kh\u1ecfe c\u1ea7n thi\u1ebft \u0111\u1ec3 \u0111\u00e1p \u1ee9ng c\u00e1c y\u00eau c\u1ea7u c\u1ee7a c\u00f4ng vi\u1ec7c l\u00e0m vi\u1ec7c ngo\u00e0i kh\u01a1i. \u0110\u00e2y l\u00e0 m\u1ed9t ph\u1ea7n quan tr\u1ecdng trong qu\u00e1 tr\u00ecnh \u0111\u1ea3m b\u1ea3o an to\u00e0n v\u00e0 s\u1ee9c kh\u1ecfe cho nh\u1eefng ng\u01b0\u1eddi l\u00e0m vi\u1ec7c trong m\u00f4i tr\u01b0\u1eddng bi\u1ec3n ho\u1eb7c ngo\u00e0i tr\u1eddi.<\/p>\n<p>Ch\u1ee9ng nh\u1eadn n\u00e0y th\u01b0\u1eddng \u0111\u01b0\u1ee3c y\u00eau c\u1ea7u \u0111\u1ec3 \u0111\u1ea3m b\u1ea3o an to\u00e0n v\u00e0 tu\u00e2n th\u1ee7 quy \u0111\u1ecbnh trong ng\u00e0nh l\u00e0m vi\u1ec7c ngo\u00e0i bi\u1ec3n.<\/p>\n<p>(*) G\u00f3i kh\u00e1m \u0111\u01b0\u1ee3c kh\u00e1m v\u00e0 t\u1ed5ng\u00a0<span lang=\"VI\">k\u1ebft\u00a0<\/span>b\u1edfi b\u00e1c s\u0129 CK\u00a0<span lang=\"VI\">N\u1ed9i \u2013\u00a0<b>Gi\u1ea5y ch\u1ee9ng nh\u1eadn s\u1ee9c kho\u1ebb<\/b>\u00a0\u0111\u01b0\u1ee3c c\u1ea5p sau 02 ng\u00e0y l\u00e0m vi\u1ec7c v\u00e0 k\u00fd b\u1edfi\u00a0<b>Bs. Nguy\u1ec5n V\u0129nh T\u01b0\u1eddng<\/b>, theo ch\u1ee9ng ch\u1ec9 \u0111\u01b0\u1ee3c c\u1ea5p b\u1edfi\u00a0<\/span><b>OEUK<\/b><\/p>\n<p><strong>DANH M\u1ee4C G\u00d3I KH\u00c1M<\/strong><\/p>\n<table width=\"673\">\n<tbody>\n<tr>\n<td width=\"14\">1<\/td>\n<td width=\"357\">Nursing Part<\/td>\n<td width=\"302\"><\/td>\n<\/tr>\n<tr>\n<td><\/td>\n<td><\/td>\n<td>Vital sign<\/td>\n<\/tr>\n<tr>\n<td><\/td>\n<td><\/td>\n<td>Vision check<\/td>\n<\/tr>\n<tr>\n<td>2<\/td>\n<td>General physical examination, performed by GP<\/td>\n<td><\/td>\n<\/tr>\n<tr>\n<td><\/td>\n<td><\/td>\n<td>Vaccination and health maintenance consultation<\/td>\n<\/tr>\n<tr>\n<td>3<\/td>\n<td>Blood analysis<\/td>\n<td><\/td>\n<\/tr>\n<tr>\n<td><\/td>\n<td><\/td>\n<td>CBC<\/td>\n<\/tr>\n<tr>\n<td><\/td>\n<td><\/td>\n<td>Blood group<\/td>\n<\/tr>\n<tr>\n<td><\/td>\n<td><\/td>\n<td>Lipid panel (HDL, LDL, Triglyceride, Cholesterol)<\/td>\n<\/tr>\n<tr>\n<td><\/td>\n<td><\/td>\n<td>Creatinine<\/td>\n<\/tr>\n<tr>\n<td><\/td>\n<td><\/td>\n<td>Electrolyte Panel (Na, K, Cl, Ca)<\/td>\n<\/tr>\n<tr>\n<td><\/td>\n<td><\/td>\n<td>Glucose fasting<\/td>\n<\/tr>\n<tr>\n<td><\/td>\n<td><\/td>\n<td>ALT, AST, GGT<\/td>\n<\/tr>\n<tr>\n<td>4<\/td>\n<td>Urine analysis<\/td>\n<td><\/td>\n<\/tr>\n<tr>\n<td>5<\/td>\n<td>Chest X_ray<\/td>\n<td><\/td>\n<\/tr>\n<tr>\n<td>6<\/td>\n<td>Audiogram<\/td>\n<td><\/td>\n<\/tr>\n<tr>\n<td>7<\/td>\n<td>ECG<\/td>\n<td><\/td>\n<\/tr>\n<tr>\n<td>8<\/td>\n<td>Transthoracic Cardiac Ultrasound<\/td>\n<td><\/td>\n<\/tr>\n<tr>\n<td>9<\/td>\n<td>Health Cartificate (issued after 2 days, signed by Dr. Tuong)<\/td>\n<td><\/td>\n<\/tr>\n<\/tbody>\n<\/table>\n","protected":false},"excerpt":{"rendered":"<p>G\u00f3i kh\u00e1m s\u1ee9c kho\u1ebb ch\u1ee9ng nh\u1eadn l\u00e0m vi\u1ec7c ngo\u00e0i kh\u01a1i l\u00e0 m\u1ed9t b\u1ed9 x\u00e9t nghi\u1ec7m to\u00e0n di\u1ec7n \u0111\u01b0\u1ee3c thi\u1ebft k\u1ebf \u0111\u1ec3 \u0111\u1ea3m b\u1ea3o s\u1ee9c kh\u1ecfe v\u00e0 \u0111\u1ee7 \u0111i\u1ec1u ki\u1ec7n cho c\u00f4ng vi\u1ec7c tr\u00ean bi\u1ec3n ho\u1eb7c ngo\u00e0i tr\u1eddi. G\u00f3i n\u00e0y bao g\u1ed3m c\u00e1c ki\u1ec3m tra s\u1ee9c kh\u1ecfe c\u1ea7n thi\u1ebft \u0111\u1ec3 \u0111\u00e1p \u1ee9ng c\u00e1c y\u00eau c\u1ea7u c\u1ee7a c\u00f4ng vi\u1ec7c l\u00e0m vi\u1ec7c ngo\u00e0i kh\u01a1i. \u0110\u00e2y l\u00e0 m\u1ed9t ph\u1ea7n quan tr\u1ecdng trong qu\u00e1 tr\u00ecnh \u0111\u1ea3m b\u1ea3o an to\u00e0n v\u00e0 s\u1ee9c kh\u1ecfe cho nh\u1eefng ng\u01b0\u1eddi l\u00e0m vi\u1ec7c trong m\u00f4i tr\u01b0\u1eddng bi\u1ec3n ho\u1eb7c ngo\u00e0i tr\u1eddi.<\/p>\n","protected":false},"featured_media":47212,"template":"","meta":[],"product_brand":[],"product_cat":[1872],"product_tag":[1866,1865],"class_list":{"0":"post-47211","1":"product","2":"type-product","3":"status-publish","4":"has-post-thumbnail","6":"product_cat-kham-suc-khoe-di-lam-di-hoc","7":"product_tag-goi-kham-suc-khoe-chung-nhan-du-dieu-kien-lam-viec-ngoai-khoi","8":"product_tag-goi-kham-suc-khoe-lam-viec-ngoai-khoi","10":"first","11":"instock","12":"shipping-taxable","13":"purchasable","14":"product-type-variable"},"_links":{"self":[{"href":"https:\/\/victoriavn.com\/khamtongquat\/wp-json\/wp\/v2\/product\/47211","targetHints":{"allow":["GET"]}}],"collection":[{"href":"https:\/\/victoriavn.com\/khamtongquat\/wp-json\/wp\/v2\/product"}],"about":[{"href":"https:\/\/victoriavn.com\/khamtongquat\/wp-json\/wp\/v2\/types\/product"}],"wp:featuredmedia":[{"embeddable":true,"href":"https:\/\/victoriavn.com\/khamtongquat\/wp-json\/wp\/v2\/media\/47212"}],"wp:attachment":[{"href":"https:\/\/victoriavn.com\/khamtongquat\/wp-json\/wp\/v2\/media?parent=47211"}],"wp:term":[{"taxonomy":"product_brand","embeddable":true,"href":"https:\/\/victoriavn.com\/khamtongquat\/wp-json\/wp\/v2\/product_brand?post=47211"},{"taxonomy":"product_cat","embeddable":true,"href":"https:\/\/victoriavn.com\/khamtongquat\/wp-json\/wp\/v2\/product_cat?post=47211"},{"taxonomy":"product_tag","embeddable":true,"href":"https:\/\/victoriavn.com\/khamtongquat\/wp-json\/wp\/v2\/product_tag?post=47211"}],"curies":[{"name":"wp","href":"https:\/\/api.w.org\/{rel}","templated":true}]}}