{"id":43775,"date":"2023-09-17T21:54:49","date_gmt":"2023-09-17T14:54:49","guid":{"rendered":"https:\/\/victoriavn.com\/khamtongquat\/?post_type=product&#038;p=43775"},"modified":"2025-12-15T16:10:14","modified_gmt":"2025-12-15T09:10:14","slug":"tam-soat-ung-thu-gan","status":"publish","type":"product","link":"https:\/\/victoriavn.com\/khamtongquat\/san-pham\/tam-soat-ung-thu-gan\/","title":{"rendered":"T\u1ea7m so\u00e1t Ung th\u01b0 Gan"},"content":{"rendered":"<p><strong>\u0110O CH\u1ec8 S\u1ed0 SINH HI\u1ec6U<\/strong><br \/>\n\u0110o ch\u1ec9 s\u1ed1 th\u00e2n nhi\u1ec7t, m\u1ea1ch v\u00e0 huy\u1ebft \u00e1p \u0111\u1ec3 ph\u00e1t hi\u1ec7n c\u00e1c v\u1ea5n \u0111\u1ec1 b\u1ec7nh l\u00fd ti\u1ec1m \u1ea9n v\u00e0 \u0111\u1ec3 ch\u1ec9 \u0111\u1ecbnh thu\u1ed1c \u0111\u00fang li\u1ec1u l\u01b0\u1ee3ng<br \/>\nKh\u00e1m &amp; t\u01b0 v\u1ea5n v\u1edbi b\u00e1c s\u0129 chuy\u00ean khoa ti\u00eau h\u00f3a &#8211; gan m\u1eadt<\/p>\n<p>&#8211; T\u00ecm hi\u1ec3u th\u00f4ng tin b\u1ec7nh s\u1eed b\u1ea3n th\u00e2n &amp; gia \u0111\u00ecnh<br \/>\n&#8211; Kh\u00e1m &amp; t\u01b0 v\u1ea5n th\u1ef1c hi\u1ec7n t\u1ea7m so\u00e1t<br \/>\n&#8211; Gi\u1ea3i th\u00edch chi ti\u1ebft c\u00e1c k\u1ebft qu\u1ea3 x\u00e9t nghi\u1ec7m<br \/>\n&#8211; T\u01b0 v\u1ea5n c\u00e1c tri\u1ec7u ch\u1ee9ng nghi ng\u1edd (n\u1ebfu c\u00f3)<br \/>\n&#8211; Cung c\u1ea5p ki\u1ebfn th\u1ee9c v\u1ec1 c\u00e1c bi\u1ec7n ph\u00e1p ph\u00f2ng tr\u00e1nh c\u0169ng nh\u01b0 h\u01b0\u1edbng \u0111i\u1ec1u tr\u1ecb ph\u00f9 h\u1ee3p (n\u1ebfu c\u00f3 tri\u1ec7u ch\u1ee9ng nghi ng\u1edd)<\/p>\n<p><strong>X\u00c9T NGHI\u1ec6M<\/strong><\/p>\n<p><strong>XN kh\u00e1ng th\u1ec3 vi\u00eam gan si\u00eau vi B (HBSAB)<\/strong><br \/>\n&#8211; \u0110\u1ec3 ki\u1ec3m tra b\u1ea1n c\u00f3 \u0111\u01b0\u1ee3c kh\u00e1ng th\u1ec3 b\u1ea3o v\u1ec7 kh\u1ecfi vi\u00eam gan si\u00eau vi B ch\u01b0a. S\u1ef1 b\u1ea3o v\u1ec7 n\u00e0y c\u00f3 th\u1ec3 l\u00e0 k\u1ebft qu\u1ea3 c\u1ee7a vi\u1ec7c ti\u00eam ng\u1eeba vi\u00eam gan si\u00eau vi B ho\u1eb7c t\u1eeb vi\u1ec7c ph\u1ee5c h\u1ed3i th\u00e0nh c\u00f4ng sau khi b\u1ecb nhi\u1ec5m vi\u00eam gan B trong qu\u00e1 kh\u1ee9.<br \/>\n&#8211; K\u1ebft qu\u1ea3 x\u00e9t nghi\u1ec7m kh\u00e1ng HBsAb d\u01b0\u01a1ng t\u00ednh c\u00f3 ngh\u0129a l\u00e0 b\u1ea1n \u0111\u00e3 \u0111\u01b0\u1ee3c mi\u1ec5n d\u1ecbch v\u00e0 \u0111\u01b0\u1ee3c b\u1ea3o v\u1ec7 ch\u1ed1ng l\u1ea1i virus vi\u00eam gan B v\u00e0 kh\u00f4ng th\u1ec3 b\u1ecb nhi\u1ec5m b\u1ec7nh; \u0111\u1ed3ng th\u1eddi kh\u00f4ng th\u1ec3 l\u00e2y b\u1ec7nh vi\u00eam gan B cho ng\u01b0\u1eddi kh\u00e1c<br \/>\nXN kh\u00e1ng th\u1ec3 vi\u00eam gan si\u00eau vi C<br \/>\nX\u00e9t nghi\u1ec7m \u0111\u1ec3 ki\u1ec3m tra vi\u1ec7c nhi\u1ec5m virus vi\u00eam gan C. S\u1ef1 hi\u1ec7n di\u1ec7n c\u1ee7a kh\u00e1ng th\u1ec3 trong m\u00e1u cho th\u1ea5y b\u1ea1n b\u1ecb nhi\u1ec5m virus vi\u00eam gan C<br \/>\nXN men gan AST, ALT, GGT<br \/>\n&#8211; Gi\u00fap x\u00e1c \u0111\u1ecbnh s\u1ee9c kh\u1ecfe c\u1ee7a gan b\u1eb1ng c\u00e1ch \u0111o n\u1ed3ng \u0111\u1ed9 men gan trong m\u00e1u.<br \/>\n&#8211; \u0110\u1ec3 theo d\u00f5i v\u00e0 ch\u1ea9n \u0111o\u00e1n c\u00e1c v\u1ea5n \u0111\u1ec1 v\u1ec1 gan<br \/>\nD\u1ea5u \u1ea5n mi\u1ec5n d\u1ecbch U gan: AFP (Alpha-fetoprotein Tumor Marker)<br \/>\n&#8211; \u0110\u1ec3 theo d\u00f5i v\u00e0 ch\u1ea9n \u0111o\u00e1n c\u00e1c b\u1ec7nh l\u00fd v\u1ec1 gan nh\u01b0 ung th\u01b0 gan, x\u01a1 gan v\u00e0 vi\u00eam gan.<br \/>\nXN ALBUMIN trong m\u00e1u (Direct \u2013 Indirect \u2013 Total)<br \/>\n&#8211; \u0110\u1ec3 s\u00e0ng l\u1ecdc v\u00e0 gi\u00fap ch\u1ea9n \u0111o\u00e1n r\u1ed1i lo\u1ea1n gan ho\u1eb7c b\u1ec7nh v\u1ec1 th\u1eadn<\/p>\n<p><strong>CH\u1ea8N \u0110O\u00c1N H\u00ccNH \u1ea2NH<\/strong><\/p>\n<p>Si\u00eau \u00e2m b\u1ee5ng: \u0110\u1ec3 ki\u1ec3m tra c\u00e1c c\u01a1 quan ch\u00ednh trong khoang b\u1ee5ng bao g\u1ed3m gan, th\u1eadn, t\u00fai m\u1eadt, tuy\u1ebfn t\u1ee5y v\u00e0 l\u00e1 l\u00e1ch.<\/p>\n","protected":false},"excerpt":{"rendered":"<p>Ung th\u01b0 gan l\u00e0 m\u1ed9t trong nh\u1eefng c\u0103n b\u1ec7nh c\u00f3 t\u1ef7 l\u1ec7 t\u1eed vong cao do t\u00ednh ch\u1ea5t b\u1ec7nh ti\u1ebfn tri\u1ec3n th\u1ea7m l\u1eb7ng. \u0110a s\u1ed1 b\u1ec7nh nh\u00e2n th\u01b0\u1eddng ph\u00e1t hi\u1ec7n b\u1ec7nh khi \u0111\u00e3 \u1edf giai \u0111o\u1ea1n mu\u1ed9n, khi c\u00e1c t\u1ebf b\u00e0o gan \u0111\u00e3 b\u1ecb ph\u00e1 h\u1ee7y nghi\u00eam tr\u1ecdng ho\u1eb7c kh\u1ed1i u \u0111\u00e3 di c\u0103n, g\u00e2y suy gi\u1ea3m ch\u1ee9c n\u0103ng gan v\u00e0 c\u01a1 quan kh\u00e1c.<\/p>\n","protected":false},"featured_media":43776,"template":"","meta":[],"product_brand":[],"product_cat":[1864],"product_tag":[1878],"class_list":{"0":"post-43775","1":"product","2":"type-product","3":"status-publish","4":"has-post-thumbnail","6":"product_cat-goi-kham-tam-soat-ung-thu","7":"product_tag-tuan-le-suc-khoe-cua-toi","9":"first","10":"instock","11":"shipping-taxable","12":"purchasable","13":"product-type-variable"},"_links":{"self":[{"href":"https:\/\/victoriavn.com\/khamtongquat\/wp-json\/wp\/v2\/product\/43775","targetHints":{"allow":["GET"]}}],"collection":[{"href":"https:\/\/victoriavn.com\/khamtongquat\/wp-json\/wp\/v2\/product"}],"about":[{"href":"https:\/\/victoriavn.com\/khamtongquat\/wp-json\/wp\/v2\/types\/product"}],"wp:featuredmedia":[{"embeddable":true,"href":"https:\/\/victoriavn.com\/khamtongquat\/wp-json\/wp\/v2\/media\/43776"}],"wp:attachment":[{"href":"https:\/\/victoriavn.com\/khamtongquat\/wp-json\/wp\/v2\/media?parent=43775"}],"wp:term":[{"taxonomy":"product_brand","embeddable":true,"href":"https:\/\/victoriavn.com\/khamtongquat\/wp-json\/wp\/v2\/product_brand?post=43775"},{"taxonomy":"product_cat","embeddable":true,"href":"https:\/\/victoriavn.com\/khamtongquat\/wp-json\/wp\/v2\/product_cat?post=43775"},{"taxonomy":"product_tag","embeddable":true,"href":"https:\/\/victoriavn.com\/khamtongquat\/wp-json\/wp\/v2\/product_tag?post=43775"}],"curies":[{"name":"wp","href":"https:\/\/api.w.org\/{rel}","templated":true}]}}