{"id":43719,"date":"2023-09-15T09:48:24","date_gmt":"2023-09-15T02:48:24","guid":{"rendered":"https:\/\/victoriavn.com\/khamtongquat\/?post_type=product&#038;p=43719"},"modified":"2023-10-02T14:59:00","modified_gmt":"2023-10-02T07:59:00","slug":"kham-thai-doi-dinh-ky","status":"publish","type":"product","link":"https:\/\/victoriavn.com\/khamtongquat\/san-pham\/kham-thai-doi-dinh-ky\/","title":{"rendered":"Kh\u00e1m thai \u0111\u00f4i \u0111\u1ecbnh k\u1ef3"},"content":{"rendered":"<p>(*) Kh\u00f4ng bao g\u1ed3m c\u00e1c x\u00e9t nghi\u1ec7m v\u00e0 ch\u1ec9 \u0111\u1ecbnh kh\u00e1c. Tu\u1ef3 \u0111\u00e1nh gi\u00e1 t\u1ea1i th\u1eddi \u0111i\u1ec3m th\u0103m kh\u00e1m m\u00e0 b\u00e1c s\u0129 S\u1ea3n khoa c\u00f3 th\u1ec3 ch\u1ec9 \u0111\u1ecbnh th\u00eam nh\u1eefng x\u00e9t nghi\u1ec7m ph\u00f9 h\u1ee3p.<\/p>\n<div>G\u00f3i Kh\u00e1m thai \u0111\u00f4i \u0111\u1ecbnh k\u1ef3 l\u00e0 m\u1ed9t qu\u00e1 tr\u00ecnh ch\u0103m s\u00f3c s\u1ee9c kh\u1ecfe \u0111\u1eb7c bi\u1ec7t d\u00e0nh cho ph\u1ee5 n\u1eef mang thai v\u1edbi thai \u0111\u00f4i. T\u01b0\u01a1ng t\u1ef1 nh\u01b0 g\u00f3i kh\u00e1m thai \u0111\u01a1n, g\u00f3i kh\u00e1m n\u00e0y t\u1eadp trung v\u00e0o vi\u1ec7c theo d\u00f5i v\u00e0 \u0111\u1ea3m b\u1ea3o s\u1ee9c kh\u1ecfe cho c\u1ea3 hai b\u00e9 trong b\u1ee5ng m\u1eb9. Th\u1eddi gian kh\u00e1m c\u00f3 th\u1ec3 linh ho\u1ea1t v\u00e0 \u0111\u01b0\u1ee3c \u0111i\u1ec1u ch\u1ec9nh t\u00f9y thu\u1ed9c v\u00e0o t\u00ecnh tr\u1ea1ng c\u1ee7a thai nhi.<\/div>\n<div><\/div>\n<div>G\u00f3i Kh\u00e1m thai \u0111\u00f4i \u0111\u1ecbnh k\u1ef3 th\u01b0\u1eddng b\u1eaft \u0111\u1ea7u t\u1eeb khi c\u00f3 thai cho \u0111\u1ebfn khi thai nhi \u0111\u1ea1t \u0111\u1ee7 th\u1eddi gian mang thai. Th\u1eddi gian c\u1ee5 th\u1ec3 c\u1ee7a c\u00e1c cu\u1ed9c kh\u00e1m c\u00f3 th\u1ec3 g\u1ea7n h\u01a1n ho\u1eb7c xa h\u01a1n t\u00f9y thu\u1ed9c v\u00e0o t\u00ecnh tr\u1ea1ng s\u1ee9c kh\u1ecfe c\u1ee7a c\u1ea3 hai b\u00e9 v\u00e0 s\u1ef1 ph\u00e1t tri\u1ec3n c\u1ee7a thai k\u1ef3.<\/div>\n<div><\/div>\n<div><strong>Quy tr\u00ecnh ki\u1ec3m tra cho c\u1ea3 hai b\u00e9 bao g\u1ed3m:<\/strong><\/div>\n<div><\/div>\n<div>1. Kh\u00e1m thai: \u0110o huy\u1ebft \u00e1p, \u0111o chi\u1ec1u cao t\u1eed cung v\u00e0 v\u00f2ng b\u1ee5ng c\u1ee7a m\u1eb9 b\u1ea7u \u0111\u1ec3 theo d\u00f5i s\u1ef1 ph\u00e1t tri\u1ec3n c\u1ee7a thai nhi. \u0110\u00e2y l\u00e0 m\u1ed9t ph\u1ea7n quan tr\u1ecdng trong vi\u1ec7c \u0111\u1ea3m b\u1ea3o s\u1ee9c kh\u1ecfe t\u1ed5ng th\u1ec3 c\u1ee7a thai \u0111\u00f4i.<\/div>\n<div><\/div>\n<div>2. Si\u00eau \u00e2m thai: Si\u00eau \u00e2m s\u1ebd \u0111\u01b0\u1ee3c th\u1ef1c hi\u1ec7n \u0111\u1ec3 ki\u1ec3m tra v\u1ecb tr\u00ed c\u1ee7a c\u1ea3 hai b\u00e9, x\u00e1c \u0111\u1ecbnh l\u01b0\u1ee3ng n\u01b0\u1edbc \u1ed1i, v\u00e0 theo d\u00f5i b\u1ea5t th\u01b0\u1eddng trong thai k\u1ef3 nh\u01b0 \u0111a thai, nhau ti\u1ec1n \u0111\u1ea1o, hay c\u00e1c v\u1ea5n \u0111\u1ec1 kh\u00e1c c\u00f3 th\u1ec3 \u1ea3nh h\u01b0\u1edfng \u0111\u1ebfn s\u1ee9c kh\u1ecfe c\u1ee7a thai nhi.<\/div>\n<div><\/div>\n<div>3. X\u00e9t nghi\u1ec7m s\u00e0ng l\u1ecdc: M\u1eb9 b\u1ea7u c\u00f3 th\u1ec3 \u0111\u01b0\u1ee3c th\u1ef1c hi\u1ec7n c\u00e1c x\u00e9t nghi\u1ec7m s\u00e0ng l\u1ecdc d\u1ecb t\u1eadt thai nhi nh\u01b0 Double test ho\u1eb7c Triple test \u0111\u1ec3 \u0111\u00e1nh gi\u00e1 nguy c\u01a1 d\u1ecb t\u1eadt. Nh\u1eefng x\u00e9t nghi\u1ec7m n\u00e0y s\u1ebd gi\u00fap b\u00e1c s\u0129 x\u00e1c \u0111\u1ecbnh li\u1ec7u c\u00f3 c\u1ea7n th\u00eam ki\u1ec3m tra ho\u1eb7c can thi\u1ec7p y t\u1ebf \u0111\u1eb7c bi\u1ec7t cho c\u1ea3 hai b\u00e9 hay kh\u00f4ng.<\/div>\n<div><\/div>\n<div>4. X\u00e9t nghi\u1ec7m n\u01b0\u1edbc ti\u1ec3u: X\u00e9t nghi\u1ec7m n\u01b0\u1edbc ti\u1ec3u s\u1ebd \u0111\u01b0\u1ee3c th\u1ef1c hi\u1ec7n \u0111\u1ec3 ph\u00e1t hi\u1ec7n v\u00e0 \u0111i\u1ec1u tr\u1ecb c\u00e1c b\u1ec7nh l\u00fd thai k\u1ef3 nh\u01b0 t\u0103ng huy\u1ebft \u00e1p thai k\u1ef3, \u0111\u00e1i th\u00e1o \u0111\u01b0\u1eddng thai k\u1ef3, ho\u1eb7c nhi\u1ec5m tr\u00f9ng ti\u1ebft ni\u1ec7u-sinh d\u1ee5c.<\/div>\n<div><\/div>\n<div>G\u00f3i Kh\u00e1m thai \u0111\u00f4i \u0111\u1ecbnh k\u1ef3 \u0111\u1eb7c bi\u1ec7t quan tr\u1ecdng \u0111\u1ec3 \u0111\u1ea3m b\u1ea3o r\u1eb1ng c\u1ea3 hai b\u00e9 trong b\u1ee5ng m\u1eb9 \u0111ang ph\u00e1t tri\u1ec3n m\u1ea1nh kh\u1ecfe v\u00e0 an to\u00e0n. Th\u1eddi gian kh\u00e1m c\u00f3 th\u1ec3 \u0111i\u1ec1u ch\u1ec9nh d\u1ef1a tr\u00ean t\u00ecnh tr\u1ea1ng c\u1ee7a thai nhi v\u00e0 nhu c\u1ea7u ch\u0103m s\u00f3c c\u1ee7a m\u1eb9 b\u1ea7u \u0111\u1ec3 \u0111\u1ea3m b\u1ea3o s\u1ef1 an t\u00e2m v\u00e0 tin t\u01b0\u1edfng trong qu\u00e1 tr\u00ecnh thai k\u1ef3.<\/div>\n","protected":false},"excerpt":{"rendered":"<p>D\u1ecbch v\u1ee5 bao g\u1ed3m: Ph\u00ed 1 l\u1ea7n kh\u00e1m thai v\u1edbi b\u00e1c s\u0129 S\u1ea3n khoa v\u00e0 ph\u00ed 1 l\u1ea7n si\u00eau \u00e2m thai k\u1ef3<br \/>\n(*) Kh\u00f4ng bao g\u1ed3m c\u00e1c x\u00e9t nghi\u1ec7m v\u00e0 ch\u1ec9 \u0111\u1ecbnh kh\u00e1c. Tu\u1ef3 \u0111\u00e1nh gi\u00e1 t\u1ea1i th\u1eddi \u0111i\u1ec3m th\u0103m kh\u00e1m m\u00e0 b\u00e1c s\u0129 S\u1ea3n khoa c\u00f3 th\u1ec3 ch\u1ec9 \u0111\u1ecbnh th\u00eam nh\u1eefng x\u00e9t nghi\u1ec7m ph\u00f9 h\u1ee3p.<\/p>\n","protected":false},"featured_media":43721,"template":"","meta":[],"product_brand":[],"product_cat":[1842],"product_tag":[1850],"class_list":{"0":"post-43719","1":"product","2":"type-product","3":"status-publish","4":"has-post-thumbnail","6":"product_cat-suc-khoe-thai-ky","7":"product_tag-kham-thai","9":"first","10":"instock","11":"shipping-taxable","12":"purchasable","13":"product-type-simple"},"_links":{"self":[{"href":"https:\/\/victoriavn.com\/khamtongquat\/wp-json\/wp\/v2\/product\/43719","targetHints":{"allow":["GET"]}}],"collection":[{"href":"https:\/\/victoriavn.com\/khamtongquat\/wp-json\/wp\/v2\/product"}],"about":[{"href":"https:\/\/victoriavn.com\/khamtongquat\/wp-json\/wp\/v2\/types\/product"}],"wp:featuredmedia":[{"embeddable":true,"href":"https:\/\/victoriavn.com\/khamtongquat\/wp-json\/wp\/v2\/media\/43721"}],"wp:attachment":[{"href":"https:\/\/victoriavn.com\/khamtongquat\/wp-json\/wp\/v2\/media?parent=43719"}],"wp:term":[{"taxonomy":"product_brand","embeddable":true,"href":"https:\/\/victoriavn.com\/khamtongquat\/wp-json\/wp\/v2\/product_brand?post=43719"},{"taxonomy":"product_cat","embeddable":true,"href":"https:\/\/victoriavn.com\/khamtongquat\/wp-json\/wp\/v2\/product_cat?post=43719"},{"taxonomy":"product_tag","embeddable":true,"href":"https:\/\/victoriavn.com\/khamtongquat\/wp-json\/wp\/v2\/product_tag?post=43719"}],"curies":[{"name":"wp","href":"https:\/\/api.w.org\/{rel}","templated":true}]}}