{"id":42489,"date":"2023-08-04T15:52:42","date_gmt":"2023-08-04T08:52:42","guid":{"rendered":"https:\/\/victoriavn.com\/khamtongquat\/?post_type=product&#038;p=42489"},"modified":"2023-08-21T13:52:56","modified_gmt":"2023-08-21T06:52:56","slug":"giam-1000000-vnd-dich-vu-noi-soi-dai-truc-trang-cho-moi-nguoi-hieu-luc-30-ngay-ke-tu-ngay-kham-tong-quat-khong-ap-dung-noi-soi-voi-bs-nguyen-vinh-tuong","status":"publish","type":"product","link":"https:\/\/victoriavn.com\/khamtongquat\/san-pham\/giam-1000000-vnd-dich-vu-noi-soi-dai-truc-trang-cho-moi-nguoi-hieu-luc-30-ngay-ke-tu-ngay-kham-tong-quat-khong-ap-dung-noi-soi-voi-bs-nguyen-vinh-tuong\/","title":{"rendered":"GI\u1ea2M 1,000,000 VN\u0110 d\u1ecbch v\u1ee5 n\u1ed9i soi \u0111\u1ea1i tr\u1ef1c tr\u00e0ng cho m\u1ed7i ng\u01b0\u1eddi (hi\u1ec7u l\u1ef1c 30 ng\u00e0y k\u1ec3 t\u1eeb ng\u00e0y kh\u00e1m t\u1ed5ng qu\u00e1t, kh\u00f4ng \u00e1p d\u1ee5ng n\u1ed9i soi v\u1edbi BS Nguy\u1ec5n V\u0129nh T\u01b0\u1eddng)"},"content":{"rendered":"<p><strong>L\u01b0u \u00fd: S\u1ea3n ph\u1ea9m t\u1eb7ng kh\u00f4ng kinh doanh<br \/>\n<\/strong>\u0110\u1ec3 \u0111\u01b0\u1ee3c h\u1ed7 tr\u1ee3 th\u00eam, xin vui l\u00f2ng li\u00ean h\u1ec7: Hotline: 028 39104545<\/p>\n","protected":false},"excerpt":{"rendered":"<p><strong>L\u01b0u \u00fd: S\u1ea3n ph\u1ea9m t\u1eb7ng kh\u00f4ng kinh doanh<br \/>\n<\/strong>\u0110\u1ec3 \u0111\u01b0\u1ee3c h\u1ed7 tr\u1ee3 th\u00eam, xin vui l\u00f2ng li\u00ean h\u1ec7: Hotline: 028 39104545<\/p>\n","protected":false},"featured_media":12089,"template":"","meta":[],"product_brand":[],"product_cat":[1728],"product_tag":[],"class_list":{"0":"post-42489","1":"product","2":"type-product","3":"status-publish","4":"has-post-thumbnail","6":"product_cat-voucher-gift","8":"first","9":"instock","10":"shipping-taxable","11":"purchasable","12":"product-type-simple"},"_links":{"self":[{"href":"https:\/\/victoriavn.com\/khamtongquat\/wp-json\/wp\/v2\/product\/42489","targetHints":{"allow":["GET"]}}],"collection":[{"href":"https:\/\/victoriavn.com\/khamtongquat\/wp-json\/wp\/v2\/product"}],"about":[{"href":"https:\/\/victoriavn.com\/khamtongquat\/wp-json\/wp\/v2\/types\/product"}],"wp:featuredmedia":[{"embeddable":true,"href":"https:\/\/victoriavn.com\/khamtongquat\/wp-json\/wp\/v2\/media\/12089"}],"wp:attachment":[{"href":"https:\/\/victoriavn.com\/khamtongquat\/wp-json\/wp\/v2\/media?parent=42489"}],"wp:term":[{"taxonomy":"product_brand","embeddable":true,"href":"https:\/\/victoriavn.com\/khamtongquat\/wp-json\/wp\/v2\/product_brand?post=42489"},{"taxonomy":"product_cat","embeddable":true,"href":"https:\/\/victoriavn.com\/khamtongquat\/wp-json\/wp\/v2\/product_cat?post=42489"},{"taxonomy":"product_tag","embeddable":true,"href":"https:\/\/victoriavn.com\/khamtongquat\/wp-json\/wp\/v2\/product_tag?post=42489"}],"curies":[{"name":"wp","href":"https:\/\/api.w.org\/{rel}","templated":true}]}}