{"id":42487,"date":"2023-08-04T15:40:35","date_gmt":"2023-08-04T08:40:35","guid":{"rendered":"https:\/\/victoriavn.com\/khamtongquat\/?post_type=product&#038;p=42487"},"modified":"2023-08-18T11:43:50","modified_gmt":"2023-08-18T04:43:50","slug":"mien-phi-1-lan-do-mat-do-loang-xuong-got-chan-cho-moi-nguoi-hieu-luc-30-ngay-ke-tu-ngay-kham-tong-quat","status":"publish","type":"product","link":"https:\/\/victoriavn.com\/khamtongquat\/san-pham\/mien-phi-1-lan-do-mat-do-loang-xuong-got-chan-cho-moi-nguoi-hieu-luc-30-ngay-ke-tu-ngay-kham-tong-quat\/","title":{"rendered":"MI\u1ec4N PH\u00cd 1 l\u1ea7n \u0111o m\u1eadt \u0111\u1ed9 lo\u00e3ng x\u01b0\u01a1ng g\u00f3t ch\u00e2n cho m\u1ed7i ng\u01b0\u1eddi (hi\u1ec7u l\u1ef1c 30 ng\u00e0y k\u1ec3 t\u1eeb ng\u00e0y kh\u00e1m t\u1ed5ng qu\u00e1t)"},"content":{"rendered":"<p><strong>L\u01b0u \u00fd: S\u1ea3n ph\u1ea9m t\u1eb7ng kh\u00f4ng kinh doanh<br \/>\n<\/strong>\u0110\u1ec3 \u0111\u01b0\u1ee3c h\u1ed7 tr\u1ee3 th\u00eam, xin vui l\u00f2ng li\u00ean h\u1ec7: Hotline: 028 39104545<\/p>\n","protected":false},"excerpt":{"rendered":"<p><strong>L\u01b0u \u00fd: S\u1ea3n ph\u1ea9m t\u1eb7ng kh\u00f4ng kinh doanh<br \/>\n<\/strong>\u0110\u1ec3 \u0111\u01b0\u1ee3c h\u1ed7 tr\u1ee3 th\u00eam, xin vui l\u00f2ng li\u00ean h\u1ec7: Hotline: 028 39104545<\/p>\n","protected":false},"featured_media":12089,"template":"","meta":[],"product_brand":[],"product_cat":[1728],"product_tag":[],"class_list":{"0":"post-42487","1":"product","2":"type-product","3":"status-publish","4":"has-post-thumbnail","6":"product_cat-voucher-gift","8":"first","9":"instock","10":"shipping-taxable","11":"purchasable","12":"product-type-simple"},"_links":{"self":[{"href":"https:\/\/victoriavn.com\/khamtongquat\/wp-json\/wp\/v2\/product\/42487","targetHints":{"allow":["GET"]}}],"collection":[{"href":"https:\/\/victoriavn.com\/khamtongquat\/wp-json\/wp\/v2\/product"}],"about":[{"href":"https:\/\/victoriavn.com\/khamtongquat\/wp-json\/wp\/v2\/types\/product"}],"wp:featuredmedia":[{"embeddable":true,"href":"https:\/\/victoriavn.com\/khamtongquat\/wp-json\/wp\/v2\/media\/12089"}],"wp:attachment":[{"href":"https:\/\/victoriavn.com\/khamtongquat\/wp-json\/wp\/v2\/media?parent=42487"}],"wp:term":[{"taxonomy":"product_brand","embeddable":true,"href":"https:\/\/victoriavn.com\/khamtongquat\/wp-json\/wp\/v2\/product_brand?post=42487"},{"taxonomy":"product_cat","embeddable":true,"href":"https:\/\/victoriavn.com\/khamtongquat\/wp-json\/wp\/v2\/product_cat?post=42487"},{"taxonomy":"product_tag","embeddable":true,"href":"https:\/\/victoriavn.com\/khamtongquat\/wp-json\/wp\/v2\/product_tag?post=42487"}],"curies":[{"name":"wp","href":"https:\/\/api.w.org\/{rel}","templated":true}]}}