{"id":39933,"date":"2023-05-04T15:00:59","date_gmt":"2023-05-04T08:00:59","guid":{"rendered":"https:\/\/victoriavn.com\/khamtongquat\/?post_type=product&#038;p=39933"},"modified":"2024-03-11T14:55:54","modified_gmt":"2024-03-11T07:55:54","slug":"15-cac-xet-nghiem-va-dich-vu-thuc-hien-them-cung-goi-kham-ap-dung-cho-cac-dich-vu-phat-sinh-trong-ngay-kham-tong-quat-khong-ap-dung-cho-thu-thuat-bac-si-chuyen-khoa-cap-cao-senior-specialist","status":"publish","type":"product","link":"https:\/\/victoriavn.com\/khamtongquat\/san-pham\/15-cac-xet-nghiem-va-dich-vu-thuc-hien-them-cung-goi-kham-ap-dung-cho-cac-dich-vu-phat-sinh-trong-ngay-kham-tong-quat-khong-ap-dung-cho-thu-thuat-bac-si-chuyen-khoa-cap-cao-senior-specialist\/","title":{"rendered":"15% c\u00e1c x\u00e9t nghi\u1ec7m v\u00e0 d\u1ecbch v\u1ee5 th\u1ef1c hi\u1ec7n th\u00eam c\u00f9ng g\u00f3i kh\u00e1m, kh\u00f4ng bao g\u1ed3m th\u1ee7 thu\u1eadt. \u00c1p d\u1ee5ng cho c\u00e1c d\u1ecbch v\u1ee5 ph\u00e1t sinh trong ng\u00e0y kh\u00e1m t\u1ed5ng qu\u00e1t. \u01afu \u0111\u00e3i t\u1eb7ng k\u00e8m g\u00f3i kh\u00e1m kh\u00f4ng \u00e1p d\u1ee5ng cho ph\u00ed d\u1ecbch v\u1ee5 v\u1edbi b\u00e1c s\u0129 tr\u01b0\u1edfng khoa Nguy\u1ec5n V\u0129nh T\u01b0\u1eddng."},"content":{"rendered":"<p><strong>L\u01b0u \u00fd: S\u1ea3n ph\u1ea9m t\u1eb7ng kh\u00f4ng kinh doanh<br \/>\n<\/strong>\u0110\u1ec3 \u0111\u01b0\u1ee3c h\u1ed7 tr\u1ee3 th\u00eam, xin vui l\u00f2ng li\u00ean h\u1ec7: Hotline: 028 39104545<\/p>\n","protected":false},"excerpt":{"rendered":"<p><strong>L\u01b0u \u00fd: S\u1ea3n ph\u1ea9m t\u1eb7ng kh\u00f4ng kinh doanh<br \/>\n<\/strong>\u0110\u1ec3 \u0111\u01b0\u1ee3c h\u1ed7 tr\u1ee3 th\u00eam, xin vui l\u00f2ng li\u00ean h\u1ec7: Hotline: 028 39104545<\/p>\n","protected":false},"featured_media":12089,"template":"","meta":[],"product_brand":[],"product_cat":[1728],"product_tag":[],"class_list":{"0":"post-39933","1":"product","2":"type-product","3":"status-publish","4":"has-post-thumbnail","6":"product_cat-voucher-gift","8":"first","9":"instock","10":"shipping-taxable","11":"purchasable","12":"product-type-simple"},"_links":{"self":[{"href":"https:\/\/victoriavn.com\/khamtongquat\/wp-json\/wp\/v2\/product\/39933","targetHints":{"allow":["GET"]}}],"collection":[{"href":"https:\/\/victoriavn.com\/khamtongquat\/wp-json\/wp\/v2\/product"}],"about":[{"href":"https:\/\/victoriavn.com\/khamtongquat\/wp-json\/wp\/v2\/types\/product"}],"wp:featuredmedia":[{"embeddable":true,"href":"https:\/\/victoriavn.com\/khamtongquat\/wp-json\/wp\/v2\/media\/12089"}],"wp:attachment":[{"href":"https:\/\/victoriavn.com\/khamtongquat\/wp-json\/wp\/v2\/media?parent=39933"}],"wp:term":[{"taxonomy":"product_brand","embeddable":true,"href":"https:\/\/victoriavn.com\/khamtongquat\/wp-json\/wp\/v2\/product_brand?post=39933"},{"taxonomy":"product_cat","embeddable":true,"href":"https:\/\/victoriavn.com\/khamtongquat\/wp-json\/wp\/v2\/product_cat?post=39933"},{"taxonomy":"product_tag","embeddable":true,"href":"https:\/\/victoriavn.com\/khamtongquat\/wp-json\/wp\/v2\/product_tag?post=39933"}],"curies":[{"name":"wp","href":"https:\/\/api.w.org\/{rel}","templated":true}]}}