{"id":34810,"date":"2022-11-05T00:04:11","date_gmt":"2022-11-04T17:04:11","guid":{"rendered":"https:\/\/victoriavn.com\/khamtongquat\/?post_type=product&#038;p=34810"},"modified":"2025-01-01T20:02:18","modified_gmt":"2025-01-01T13:02:18","slug":"kham-va-dieu-tri-tam-ly-cho-tre-30-phut","status":"publish","type":"product","link":"https:\/\/victoriavn.com\/khamtongquat\/san-pham\/kham-va-dieu-tri-tam-ly-cho-tre-30-phut\/","title":{"rendered":"Kh\u00e1m v\u00e0 \u0111i\u1ec1u tr\u1ecb t\u00e2m l\u00fd cho tr\u1ebb &#8211; 30 Ph\u00fat"},"content":{"rendered":"<p>Kh\u00e1m v\u00e0 \u0111i\u1ec1u tr\u1ecb t\u00e2m l\u00fd cho tr\u1ebb l\u00e0 m\u1ed9t d\u1ecbch v\u1ee5 y t\u1ebf t\u1eadp trung v\u00e0o \u0111\u00e1nh gi\u00e1 v\u00e0 \u0111i\u1ec1u tr\u1ecb c\u00e1c v\u1ea5n \u0111\u1ec1 t\u00e2m l\u00fd v\u00e0 tinh th\u1ea7n \u1edf tr\u1ebb em v\u00e0 thanh thi\u1ebfu ni\u00ean. Quy tr\u00ecnh n\u00e0y nh\u1eb1m \u0111\u1ea3m b\u1ea3o s\u1ee9c kh\u1ecfe tinh th\u1ea7n c\u1ee7a tr\u1ebb, gi\u00fap h\u1ecd ph\u00e1t tri\u1ec3n m\u1ed9t c\u00e1ch kh\u1ecfe m\u1ea1nh v\u00e0 t\u1ef1 tin, v\u00e0 gi\u1ea3i quy\u1ebft c\u00e1c kh\u00f3 kh\u0103n t\u00e2m l\u00fd c\u00f3 th\u1ec3 \u1ea3nh h\u01b0\u1edfng \u0111\u1ebfn cu\u1ed9c s\u1ed1ng c\u1ee7a h\u1ecd.<\/p>\n<p>C\u00e1c th\u00e0nh ph\u1ea7n ch\u00ednh c\u1ee7a kh\u00e1m v\u00e0 \u0111i\u1ec1u tr\u1ecb t\u00e2m l\u00fd cho tr\u1ebb bao g\u1ed3m:<\/p>\n<p>1. \u0110\u00e1nh gi\u00e1 t\u00e2m l\u00fd: B\u00e1c s\u0129 ho\u1eb7c chuy\u00ean gia t\u00e2m l\u00fd s\u1ebd th\u1ef1c hi\u1ec7n cu\u1ed9c h\u1ed9i tho\u1ea1i v\u00e0 \u0111\u00e1nh gi\u00e1 t\u00e2m l\u00fd c\u1ee7a tr\u1ebb. Qu\u00e1 tr\u00ecnh n\u00e0y th\u01b0\u1eddng bao g\u1ed3m thu th\u1eadp th\u00f4ng tin v\u1ec1 l\u1ecbch s\u1eed t\u00e2m l\u00fd, t\u00ecnh tr\u1ea1ng tinh th\u1ea7n hi\u1ec7n t\u1ea1i, v\u00e0 c\u00e1c v\u1ea5n \u0111\u1ec1 t\u00e2m l\u00fd kh\u00e1c.<\/p>\n<p>2. Ch\u1ea9n \u0111o\u00e1n: D\u1ef1a tr\u00ean \u0111\u00e1nh gi\u00e1, b\u00e1c s\u0129 ho\u1eb7c chuy\u00ean gia t\u00e2m l\u00fd c\u00f3 th\u1ec3 \u0111\u01b0a ra ch\u1ea9n \u0111o\u00e1n v\u1ec1 t\u00ecnh tr\u1ea1ng t\u00e2m l\u00fd c\u1ee7a tr\u1ebb v\u00e0 x\u00e1c \u0111\u1ecbnh li\u1ec7u c\u00f3 c\u1ea7n \u0111i\u1ec1u tr\u1ecb hay kh\u00f4ng.<\/p>\n<p>3. K\u1ebf ho\u1ea1ch \u0111i\u1ec1u tr\u1ecb: N\u1ebfu c\u1ea7n, b\u00e1c s\u0129 ho\u1eb7c chuy\u00ean gia t\u00e2m l\u00fd s\u1ebd \u0111\u1ec1 xu\u1ea5t m\u1ed9t k\u1ebf ho\u1ea1ch \u0111i\u1ec1u tr\u1ecb ph\u00f9 h\u1ee3p. \u0110i\u1ec1u n\u00e0y c\u00f3 th\u1ec3 bao g\u1ed3m t\u01b0 v\u1ea5n t\u00e2m l\u00fd, t\u01b0 v\u1ea5n h\u00e0nh vi, li\u1ec7u ph\u00e1p t\u00e2m l\u00fd, ho\u1eb7c vi\u1ec7c s\u1eed d\u1ee5ng thu\u1ed1c khi c\u1ea7n thi\u1ebft.<\/p>\n<p>4. H\u1ed7 tr\u1ee3 tinh th\u1ea7n: Cung c\u1ea5p h\u1ed7 tr\u1ee3 tinh th\u1ea7n trong vi\u1ec7c gi\u1ea3i quy\u1ebft v\u1ea5n \u0111\u1ec1 t\u00e2m l\u00fd, qu\u1ea3n l\u00fd c\u0103ng th\u1eb3ng, v\u00e0 c\u1ea3i thi\u1ec7n t\u00e2m tr\u1ea1ng tinh th\u1ea7n t\u1ed5ng th\u1ec3 c\u1ee7a tr\u1ebb.<\/p>\n<p>5. H\u1ee3p t\u00e1c v\u1edbi gia \u0111\u00ecnh: H\u1ed7 tr\u1ee3 gia \u0111\u00ecnh trong vi\u1ec7c hi\u1ec3u v\u00e0 qu\u1ea3n l\u00fd t\u00ecnh tr\u1ea1ng t\u00e2m l\u00fd c\u1ee7a tr\u1ebb, v\u00e0 cung c\u1ea5p h\u01b0\u1edbng d\u1eabn v\u00e0 khuy\u1ebfn ngh\u1ecb \u0111\u1ec3 gia \u0111\u00ecnh c\u00f3 th\u1ec3 h\u1ed7 tr\u1ee3 tr\u1ebb t\u1ed1t h\u01a1n.<\/p>\n<p>Kh\u00e1m v\u00e0 \u0111i\u1ec1u tr\u1ecb t\u00e2m l\u00fd cho tr\u1ebb l\u00e0 qu\u00e1 tr\u00ecnh quan tr\u1ecdng \u0111\u1ec3 gi\u00fap tr\u1ebb ph\u00e1t tri\u1ec3n v\u00e0 x\u00e2y d\u1ef1ng s\u1ee9c kh\u1ecfe tinh th\u1ea7n m\u1ea1nh m\u1ebd. N\u00f3 cung c\u1ea5p s\u1ef1 h\u1ed7 tr\u1ee3 c\u1ea7n thi\u1ebft \u0111\u1ec3 gi\u1ea3i quy\u1ebft c\u00e1c v\u1ea5n \u0111\u1ec1 t\u00e2m l\u00fd, x\u00e2y d\u1ef1ng t\u1ef1 tin v\u00e0 t\u1ea1o \u0111i\u1ec1u ki\u1ec7n thu\u1eadn l\u1ee3i cho s\u1ef1 ph\u00e1t tri\u1ec3n to\u00e0n di\u1ec7n c\u1ee7a tr\u1ebb.<\/p>\n","protected":false},"excerpt":{"rendered":"<p>Kh\u00e1m v\u00e0 \u0111i\u1ec1u tr\u1ecb t\u00e2m l\u00fd cho tr\u1ebb l\u00e0 m\u1ed9t d\u1ecbch v\u1ee5 y t\u1ebf t\u1eadp trung v\u00e0o \u0111\u00e1nh gi\u00e1 v\u00e0 \u0111i\u1ec1u tr\u1ecb c\u00e1c v\u1ea5n \u0111\u1ec1 t\u00e2m l\u00fd v\u00e0 tinh th\u1ea7n \u1edf tr\u1ebb em v\u00e0 thanh thi\u1ebfu ni\u00ean. Quy tr\u00ecnh n\u00e0y nh\u1eb1m \u0111\u1ea3m b\u1ea3o s\u1ee9c kh\u1ecfe tinh th\u1ea7n c\u1ee7a tr\u1ebb, gi\u00fap h\u1ecd ph\u00e1t tri\u1ec3n m\u1ed9t c\u00e1ch kh\u1ecfe m\u1ea1nh v\u00e0 t\u1ef1 tin, v\u00e0 gi\u1ea3i quy\u1ebft c\u00e1c kh\u00f3 kh\u0103n t\u00e2m l\u00fd c\u00f3 th\u1ec3 \u1ea3nh h\u01b0\u1edfng \u0111\u1ebfn cu\u1ed9c s\u1ed1ng c\u1ee7a h\u1ecd.<\/p>\n","protected":false},"featured_media":21023,"template":"","meta":[],"product_brand":[],"product_cat":[1746,1868],"product_tag":[],"class_list":{"0":"post-34810","1":"product","2":"type-product","3":"status-publish","4":"has-post-thumbnail","6":"product_cat-cham-soc-suc-khoe-chuyen-khoa-khac","7":"product_cat-suc-khoe-tam-ly-tam-than","8":"wcpa_has_options","10":"first","11":"instock","12":"shipping-taxable","13":"purchasable","14":"product-type-simple"},"_links":{"self":[{"href":"https:\/\/victoriavn.com\/khamtongquat\/wp-json\/wp\/v2\/product\/34810","targetHints":{"allow":["GET"]}}],"collection":[{"href":"https:\/\/victoriavn.com\/khamtongquat\/wp-json\/wp\/v2\/product"}],"about":[{"href":"https:\/\/victoriavn.com\/khamtongquat\/wp-json\/wp\/v2\/types\/product"}],"wp:featuredmedia":[{"embeddable":true,"href":"https:\/\/victoriavn.com\/khamtongquat\/wp-json\/wp\/v2\/media\/21023"}],"wp:attachment":[{"href":"https:\/\/victoriavn.com\/khamtongquat\/wp-json\/wp\/v2\/media?parent=34810"}],"wp:term":[{"taxonomy":"product_brand","embeddable":true,"href":"https:\/\/victoriavn.com\/khamtongquat\/wp-json\/wp\/v2\/product_brand?post=34810"},{"taxonomy":"product_cat","embeddable":true,"href":"https:\/\/victoriavn.com\/khamtongquat\/wp-json\/wp\/v2\/product_cat?post=34810"},{"taxonomy":"product_tag","embeddable":true,"href":"https:\/\/victoriavn.com\/khamtongquat\/wp-json\/wp\/v2\/product_tag?post=34810"}],"curies":[{"name":"wp","href":"https:\/\/api.w.org\/{rel}","templated":true}]}}