{"id":34806,"date":"2022-11-04T23:58:31","date_gmt":"2022-11-04T16:58:31","guid":{"rendered":"https:\/\/victoriavn.com\/khamtongquat\/?post_type=product&#038;p=34806"},"modified":"2025-01-01T20:01:13","modified_gmt":"2025-01-01T13:01:13","slug":"kham-va-tu-van-suc-khoe-tam-than-cho-nguoi-truong-thanh-30-phut","status":"publish","type":"product","link":"https:\/\/victoriavn.com\/khamtongquat\/san-pham\/kham-va-tu-van-suc-khoe-tam-than-cho-nguoi-truong-thanh-30-phut\/","title":{"rendered":"Kh\u00e1m v\u00e0 t\u01b0 v\u1ea5n s\u1ee9c kho\u1ebb t\u00e2m th\u1ea7n cho ng\u01b0\u1eddi tr\u01b0\u1edfng th\u00e0nh &#8211; 30 Ph\u00fat"},"content":{"rendered":"<div><strong>Kh\u00e1m v\u00e0 t\u01b0 v\u1ea5n s\u1ee9c kh\u1ecfe t\u00e2m th\u1ea7n cho ng\u01b0\u1eddi tr\u01b0\u1edfng th\u00e0nh l\u00e0 m\u1ed9t d\u1ecbch v\u1ee5 y t\u1ebf t\u1eadp trung v\u00e0o \u0111\u00e1nh gi\u00e1 v\u00e0 h\u1ed7 tr\u1ee3 s\u1ee9c kh\u1ecfe tinh th\u1ea7n c\u1ee7a ng\u01b0\u1eddi tr\u01b0\u1edfng th\u00e0nh. Quy tr\u00ecnh n\u00e0y c\u00f3 m\u1ee5c ti\u00eau \u0111\u1ea3m b\u1ea3o t\u00e2m tr\u00ed v\u00e0 tinh th\u1ea7n c\u1ee7a c\u00e1 nh\u00e2n \u1edf tr\u1ea1ng th\u00e1i t\u1ed1t, gi\u1ea3i quy\u1ebft c\u00e1c v\u1ea5n \u0111\u1ec1 t\u00e2m l\u00fd ho\u1eb7c tinh th\u1ea7n c\u00f3 th\u1ec3 g\u1eb7p ph\u1ea3i, v\u00e0 cung c\u1ea5p h\u1ed7 tr\u1ee3 trong vi\u1ec7c qu\u1ea3n l\u00fd c\u0103ng th\u1eb3ng v\u00e0 t\u00ecnh tr\u1ea1ng tinh th\u1ea7n.<\/strong><\/div>\n<div><\/div>\n<div><strong>C\u00e1c th\u00e0nh ph\u1ea7n ch\u00ednh c\u1ee7a kh\u00e1m v\u00e0 t\u01b0 v\u1ea5n s\u1ee9c kh\u1ecfe t\u00e2m th\u1ea7n cho ng\u01b0\u1eddi tr\u01b0\u1edfng th\u00e0nh bao g\u1ed3m:<\/strong><\/div>\n<div><\/div>\n<div>1. \u0110\u00e1nh gi\u00e1 t\u00e2m l\u00fd: B\u00e1c s\u0129 ho\u1eb7c chuy\u00ean gia t\u00e2m l\u00fd s\u1ebd ti\u1ebfn h\u00e0nh cu\u1ed9c h\u1ed9i tho\u1ea1i v\u00e0 \u0111\u00e1nh gi\u00e1 t\u00e2m l\u00fd c\u1ee7a b\u1ec7nh nh\u00e2n. Qu\u00e1 tr\u00ecnh n\u00e0y c\u00f3 th\u1ec3 bao g\u1ed3m vi\u1ec7c thu th\u1eadp th\u00f4ng tin v\u1ec1 l\u1ecbch s\u1eed t\u00e2m l\u00fd, c\u1ea3m x\u00fac, v\u00e0 c\u00e1c v\u1ea5n \u0111\u1ec1 hi\u1ec7n t\u1ea1i.<\/div>\n<div><\/div>\n<div>2. Ch\u1ea9n \u0111o\u00e1n v\u00e0 \u0111\u1ec1 xu\u1ea5t \u0111i\u1ec1u tr\u1ecb: D\u1ef1a tr\u00ean \u0111\u00e1nh gi\u00e1, b\u00e1c s\u0129 ho\u1eb7c chuy\u00ean gia t\u00e2m l\u00fd c\u00f3 th\u1ec3 \u0111\u01b0a ra ch\u1ea9n \u0111o\u00e1n v\u1ec1 t\u00ecnh tr\u1ea1ng t\u00e2m l\u00fd c\u1ee7a ng\u01b0\u1eddi tr\u01b0\u1edfng th\u00e0nh v\u00e0 \u0111\u1ec1 xu\u1ea5t k\u1ebf ho\u1ea1ch \u0111i\u1ec1u tr\u1ecb ho\u1eb7c t\u01b0 v\u1ea5n ph\u00f9 h\u1ee3p. \u0110i\u1ec1u n\u00e0y c\u00f3 th\u1ec3 bao g\u1ed3m t\u01b0 v\u1ea5n t\u00e2m l\u00fd, t\u01b0 v\u1ea5n h\u00e0nh vi, ho\u1eb7c c\u1ea3 vi\u1ec7c s\u1eed d\u1ee5ng thu\u1ed1c khi c\u1ea7n thi\u1ebft.<\/div>\n<div><\/div>\n<div>3. H\u1ed7 tr\u1ee3 tinh th\u1ea7n: B\u00e1c s\u0129 ho\u1eb7c chuy\u00ean gia t\u00e2m l\u00fd cung c\u1ea5p h\u1ed7 tr\u1ee3 tinh th\u1ea7n trong vi\u1ec7c gi\u1ea3i quy\u1ebft v\u1ea5n \u0111\u1ec1 t\u00e2m l\u00fd, qu\u1ea3n l\u00fd c\u0103ng th\u1eb3ng, v\u00e0 c\u1ea3i thi\u1ec7n t\u00e2m tr\u1ea1ng tinh th\u1ea7n t\u1ed5ng th\u1ec3.<\/div>\n<div><\/div>\n<div>4. Qu\u1ea3n l\u00fd t\u00ecnh tr\u1ea1ng t\u00e2m l\u00fd: Ng\u01b0\u1eddi tr\u01b0\u1edfng th\u00e0nh v\u00e0 chuy\u00ean gia t\u00e2m l\u00fd h\u1ee3p t\u00e1c \u0111\u1ec3 theo d\u00f5i t\u00ecnh tr\u1ea1ng t\u00e2m l\u00fd v\u00e0 \u0111i\u1ec1u ch\u1ec9nh k\u1ebf ho\u1ea1ch \u0111i\u1ec1u tr\u1ecb theo th\u1eddi gian.<\/div>\n<div><\/div>\n<div>5. Gi\u00e1o d\u1ee5c v\u1ec1 s\u1ee9c kh\u1ecfe tinh th\u1ea7n: Cung c\u1ea5p th\u00f4ng tin v\u00e0 gi\u00e1o d\u1ee5c v\u1ec1 s\u1ee9c kh\u1ecfe tinh th\u1ea7n \u0111\u1ec3 gi\u00fap ng\u01b0\u1eddi tr\u01b0\u1edfng th\u00e0nh hi\u1ec3u r\u00f5 h\u01a1n v\u1ec1 t\u00ecnh tr\u1ea1ng c\u1ee7a h\u1ecd v\u00e0 c\u00e1ch qu\u1ea3n l\u00fd n\u00f3.<\/div>\n<div><\/div>\n<div>Kh\u00e1m v\u00e0 t\u01b0 v\u1ea5n s\u1ee9c kh\u1ecfe t\u00e2m th\u1ea7n cho ng\u01b0\u1eddi tr\u01b0\u1edfng th\u00e0nh l\u00e0 m\u1ed9t ph\u1ea7n quan tr\u1ecdng c\u1ee7a ch\u0103m s\u00f3c s\u1ee9c kh\u1ecfe t\u1ed5ng th\u1ec3, gi\u00fap h\u1ecd duy tr\u00ec t\u00e2m tr\u1ea1ng t\u1ed1t v\u00e0 s\u1ee9c kh\u1ecfe tinh th\u1ea7n t\u1ed1t \u0111\u1ec3 \u0111\u1ed1i ph\u00f3 v\u1edbi c\u00e1c th\u00e1ch th\u1ee9c c\u1ee7a cu\u1ed9c s\u1ed1ng h\u00e0ng ng\u00e0y.<\/div>\n","protected":false},"excerpt":{"rendered":"<p>Kh\u00e1m v\u00e0 t\u01b0 v\u1ea5n s\u1ee9c kh\u1ecfe t\u00e2m th\u1ea7n cho ng\u01b0\u1eddi tr\u01b0\u1edfng th\u00e0nh l\u00e0 m\u1ed9t d\u1ecbch v\u1ee5 y t\u1ebf t\u1eadp trung v\u00e0o \u0111\u00e1nh gi\u00e1 v\u00e0 h\u1ed7 tr\u1ee3 s\u1ee9c kh\u1ecfe tinh th\u1ea7n c\u1ee7a ng\u01b0\u1eddi tr\u01b0\u1edfng th\u00e0nh. Quy tr\u00ecnh n\u00e0y c\u00f3 m\u1ee5c ti\u00eau \u0111\u1ea3m b\u1ea3o t\u00e2m tr\u00ed v\u00e0 tinh th\u1ea7n c\u1ee7a c\u00e1 nh\u00e2n \u1edf tr\u1ea1ng th\u00e1i t\u1ed1t, gi\u1ea3i quy\u1ebft c\u00e1c v\u1ea5n \u0111\u1ec1 t\u00e2m l\u00fd ho\u1eb7c tinh th\u1ea7n c\u00f3 th\u1ec3 g\u1eb7p ph\u1ea3i, v\u00e0 cung c\u1ea5p h\u1ed7 tr\u1ee3 trong vi\u1ec7c qu\u1ea3n l\u00fd c\u0103ng th\u1eb3ng v\u00e0 t\u00ecnh tr\u1ea1ng tinh th\u1ea7n.<\/p>\n","protected":false},"featured_media":19452,"template":"","meta":[],"product_brand":[],"product_cat":[1868],"product_tag":[],"class_list":{"0":"post-34806","1":"product","2":"type-product","3":"status-publish","4":"has-post-thumbnail","6":"product_cat-suc-khoe-tam-ly-tam-than","7":"wcpa_has_options","9":"first","10":"instock","11":"shipping-taxable","12":"purchasable","13":"product-type-simple"},"_links":{"self":[{"href":"https:\/\/victoriavn.com\/khamtongquat\/wp-json\/wp\/v2\/product\/34806","targetHints":{"allow":["GET"]}}],"collection":[{"href":"https:\/\/victoriavn.com\/khamtongquat\/wp-json\/wp\/v2\/product"}],"about":[{"href":"https:\/\/victoriavn.com\/khamtongquat\/wp-json\/wp\/v2\/types\/product"}],"wp:featuredmedia":[{"embeddable":true,"href":"https:\/\/victoriavn.com\/khamtongquat\/wp-json\/wp\/v2\/media\/19452"}],"wp:attachment":[{"href":"https:\/\/victoriavn.com\/khamtongquat\/wp-json\/wp\/v2\/media?parent=34806"}],"wp:term":[{"taxonomy":"product_brand","embeddable":true,"href":"https:\/\/victoriavn.com\/khamtongquat\/wp-json\/wp\/v2\/product_brand?post=34806"},{"taxonomy":"product_cat","embeddable":true,"href":"https:\/\/victoriavn.com\/khamtongquat\/wp-json\/wp\/v2\/product_cat?post=34806"},{"taxonomy":"product_tag","embeddable":true,"href":"https:\/\/victoriavn.com\/khamtongquat\/wp-json\/wp\/v2\/product_tag?post=34806"}],"curies":[{"name":"wp","href":"https:\/\/api.w.org\/{rel}","templated":true}]}}