{"id":34797,"date":"2022-11-04T23:44:35","date_gmt":"2022-11-04T16:44:35","guid":{"rendered":"https:\/\/victoriavn.com\/khamtongquat\/?post_type=product&#038;p=34797"},"modified":"2025-01-01T19:57:29","modified_gmt":"2025-01-01T12:57:29","slug":"kham-bac-si-chuyen-khoa-tim-mach","status":"publish","type":"product","link":"https:\/\/victoriavn.com\/khamtongquat\/san-pham\/kham-bac-si-chuyen-khoa-tim-mach\/","title":{"rendered":"Kh\u00e1m b\u00e1c s\u0129 chuy\u00ean khoa tim m\u1ea1ch"},"content":{"rendered":"<p>M\u1ecdi chi ti\u1ebft vui l\u00f2ng li\u00ean h\u1ec7<br \/>\n\u0110i\u1ec7n tho\u1ea1i: (028) 3910 4545<\/p>\n","protected":false},"excerpt":{"rendered":"<p>M\u1ecdi chi ti\u1ebft vui l\u00f2ng li\u00ean h\u1ec7<br \/>\n\u0110i\u1ec7n tho\u1ea1i: (028) 3910 4545<\/p>\n","protected":false},"featured_media":10567,"template":"","meta":[],"product_brand":[],"product_cat":[1715],"product_tag":[],"class_list":{"0":"post-34797","1":"product","2":"type-product","3":"status-publish","4":"has-post-thumbnail","6":"product_cat-goi-cham-soc-suc-khoe-tim-mach","8":"first","9":"instock","10":"shipping-taxable","11":"purchasable","12":"product-type-variable"},"_links":{"self":[{"href":"https:\/\/victoriavn.com\/khamtongquat\/wp-json\/wp\/v2\/product\/34797","targetHints":{"allow":["GET"]}}],"collection":[{"href":"https:\/\/victoriavn.com\/khamtongquat\/wp-json\/wp\/v2\/product"}],"about":[{"href":"https:\/\/victoriavn.com\/khamtongquat\/wp-json\/wp\/v2\/types\/product"}],"wp:featuredmedia":[{"embeddable":true,"href":"https:\/\/victoriavn.com\/khamtongquat\/wp-json\/wp\/v2\/media\/10567"}],"wp:attachment":[{"href":"https:\/\/victoriavn.com\/khamtongquat\/wp-json\/wp\/v2\/media?parent=34797"}],"wp:term":[{"taxonomy":"product_brand","embeddable":true,"href":"https:\/\/victoriavn.com\/khamtongquat\/wp-json\/wp\/v2\/product_brand?post=34797"},{"taxonomy":"product_cat","embeddable":true,"href":"https:\/\/victoriavn.com\/khamtongquat\/wp-json\/wp\/v2\/product_cat?post=34797"},{"taxonomy":"product_tag","embeddable":true,"href":"https:\/\/victoriavn.com\/khamtongquat\/wp-json\/wp\/v2\/product_tag?post=34797"}],"curies":[{"name":"wp","href":"https:\/\/api.w.org\/{rel}","templated":true}]}}