{"id":33797,"date":"2022-09-30T12:32:50","date_gmt":"2022-09-30T05:32:50","guid":{"rendered":"https:\/\/victoriavn.com\/khamtongquat\/?post_type=product&#038;p=33797"},"modified":"2022-09-30T12:34:20","modified_gmt":"2022-09-30T05:34:20","slug":"tang-gau-bong-hong-xinh-xan-hoac-tui-dung-my-pham-khong-ap-dung-qua-tang-cho-kh-mua-goi-kham-khung-gio-vang","status":"publish","type":"product","link":"https:\/\/victoriavn.com\/khamtongquat\/san-pham\/tang-gau-bong-hong-xinh-xan-hoac-tui-dung-my-pham-khong-ap-dung-qua-tang-cho-kh-mua-goi-kham-khung-gio-vang\/","title":{"rendered":"T\u1eb7ng g\u1ea5u b\u00f4ng h\u1ed3ng xinh x\u1eafn ho\u1eb7c t\u00fai \u0111\u1ef1ng m\u1ef9 ph\u1ea9m (Kh\u00f4ng \u00e1p d\u1ee5ng qu\u00e0 t\u1eb7ng cho KH mua g\u00f3i kh\u00e1m KHUNG GI\u1edc V\u00c0NG)"},"content":{"rendered":"<p><strong>L\u01b0u \u00fd: S\u1ea3n ph\u1ea9m t\u1eb7ng kh\u00f4ng kinh doanh<br \/>\n<\/strong>\u0110\u1ec3 \u0111\u01b0\u1ee3c h\u1ed7 tr\u1ee3 th\u00eam, xin vui l\u00f2ng li\u00ean h\u1ec7: Hotline: 028 39104545<\/p>\n","protected":false},"excerpt":{"rendered":"<p><strong>L\u01b0u \u00fd: S\u1ea3n ph\u1ea9m t\u1eb7ng kh\u00f4ng kinh doanh<br \/>\n<\/strong>\u0110\u1ec3 \u0111\u01b0\u1ee3c h\u1ed7 tr\u1ee3 th\u00eam, xin vui l\u00f2ng li\u00ean h\u1ec7: Hotline: 028 39104545<\/p>\n","protected":false},"featured_media":12089,"template":"","meta":[],"product_brand":[],"product_cat":[1728],"product_tag":[],"class_list":{"0":"post-33797","1":"product","2":"type-product","3":"status-publish","4":"has-post-thumbnail","6":"product_cat-voucher-gift","8":"first","9":"instock","10":"shipping-taxable","11":"purchasable","12":"product-type-simple"},"_links":{"self":[{"href":"https:\/\/victoriavn.com\/khamtongquat\/wp-json\/wp\/v2\/product\/33797","targetHints":{"allow":["GET"]}}],"collection":[{"href":"https:\/\/victoriavn.com\/khamtongquat\/wp-json\/wp\/v2\/product"}],"about":[{"href":"https:\/\/victoriavn.com\/khamtongquat\/wp-json\/wp\/v2\/types\/product"}],"wp:featuredmedia":[{"embeddable":true,"href":"https:\/\/victoriavn.com\/khamtongquat\/wp-json\/wp\/v2\/media\/12089"}],"wp:attachment":[{"href":"https:\/\/victoriavn.com\/khamtongquat\/wp-json\/wp\/v2\/media?parent=33797"}],"wp:term":[{"taxonomy":"product_brand","embeddable":true,"href":"https:\/\/victoriavn.com\/khamtongquat\/wp-json\/wp\/v2\/product_brand?post=33797"},{"taxonomy":"product_cat","embeddable":true,"href":"https:\/\/victoriavn.com\/khamtongquat\/wp-json\/wp\/v2\/product_cat?post=33797"},{"taxonomy":"product_tag","embeddable":true,"href":"https:\/\/victoriavn.com\/khamtongquat\/wp-json\/wp\/v2\/product_tag?post=33797"}],"curies":[{"name":"wp","href":"https:\/\/api.w.org\/{rel}","templated":true}]}}