{"id":28052,"date":"2022-03-30T15:32:00","date_gmt":"2022-03-30T08:32:00","guid":{"rendered":"https:\/\/victoriavn.com\/khamtongquat\/?post_type=product&#038;p=28052"},"modified":"2022-03-31T10:51:25","modified_gmt":"2022-03-31T03:51:25","slug":"giam-30-phi-do-chuc-nang-ho-hap-hoac-chup-cat-lop-ct-phoi-duoc-chi-dinh-cung-goi-kham-ap-dung-cho-cac-dich-vu-phat-sinh-trong-ngay-kham-tong-quat","status":"publish","type":"product","link":"https:\/\/victoriavn.com\/khamtongquat\/san-pham\/giam-30-phi-do-chuc-nang-ho-hap-hoac-chup-cat-lop-ct-phoi-duoc-chi-dinh-cung-goi-kham-ap-dung-cho-cac-dich-vu-phat-sinh-trong-ngay-kham-tong-quat\/","title":{"rendered":"Gi\u1ea3m 30% ph\u00ed \u0111o ch\u1ee9c n\u0103ng h\u00f4 h\u1ea5p ho\u1eb7c ch\u1ee5p c\u1eaft l\u1edbp (CT) ph\u1ed5i \u0111\u01b0\u1ee3c ch\u1ec9 \u0111\u1ecbnh c\u00f9ng g\u00f3i kh\u00e1m. \u00c1p d\u1ee5ng cho c\u00e1c d\u1ecbch v\u1ee5 ph\u00e1t sinh trong ng\u00e0y kh\u00e1m t\u1ed5ng qu\u00e1t"},"content":{"rendered":"<p><strong>L\u01b0u \u00fd: S\u1ea3n ph\u1ea9m t\u1eb7ng kh\u00f4ng kinh doanh<br \/>\n<\/strong>\u0110\u1ec3 \u0111\u01b0\u1ee3c h\u1ed7 tr\u1ee3 th\u00eam, xin vui l\u00f2ng li\u00ean h\u1ec7: Hotline: 028 39104545<\/p>\n","protected":false},"excerpt":{"rendered":"<p><strong>L\u01b0u \u00fd: S\u1ea3n ph\u1ea9m t\u1eb7ng kh\u00f4ng kinh doanh<br \/>\n<\/strong>\u0110\u1ec3 \u0111\u01b0\u1ee3c h\u1ed7 tr\u1ee3 th\u00eam, xin vui l\u00f2ng li\u00ean h\u1ec7: Hotline: 028 39104545<\/p>\n","protected":false},"featured_media":12089,"template":"","meta":[],"product_brand":[],"product_cat":[1728],"product_tag":[],"class_list":{"0":"post-28052","1":"product","2":"type-product","3":"status-publish","4":"has-post-thumbnail","6":"product_cat-voucher-gift","8":"first","9":"instock","10":"shipping-taxable","11":"purchasable","12":"product-type-simple"},"_links":{"self":[{"href":"https:\/\/victoriavn.com\/khamtongquat\/wp-json\/wp\/v2\/product\/28052","targetHints":{"allow":["GET"]}}],"collection":[{"href":"https:\/\/victoriavn.com\/khamtongquat\/wp-json\/wp\/v2\/product"}],"about":[{"href":"https:\/\/victoriavn.com\/khamtongquat\/wp-json\/wp\/v2\/types\/product"}],"wp:featuredmedia":[{"embeddable":true,"href":"https:\/\/victoriavn.com\/khamtongquat\/wp-json\/wp\/v2\/media\/12089"}],"wp:attachment":[{"href":"https:\/\/victoriavn.com\/khamtongquat\/wp-json\/wp\/v2\/media?parent=28052"}],"wp:term":[{"taxonomy":"product_brand","embeddable":true,"href":"https:\/\/victoriavn.com\/khamtongquat\/wp-json\/wp\/v2\/product_brand?post=28052"},{"taxonomy":"product_cat","embeddable":true,"href":"https:\/\/victoriavn.com\/khamtongquat\/wp-json\/wp\/v2\/product_cat?post=28052"},{"taxonomy":"product_tag","embeddable":true,"href":"https:\/\/victoriavn.com\/khamtongquat\/wp-json\/wp\/v2\/product_tag?post=28052"}],"curies":[{"name":"wp","href":"https:\/\/api.w.org\/{rel}","templated":true}]}}