{"id":28050,"date":"2022-03-30T15:25:49","date_gmt":"2022-03-30T08:25:49","guid":{"rendered":"https:\/\/victoriavn.com\/khamtongquat\/?post_type=product&#038;p=28050"},"modified":"2022-03-30T16:19:46","modified_gmt":"2022-03-30T09:19:46","slug":"tang-100k-phi-kham-bac-si-chuyen-khoa-cho-lan-tham-kham-tiep-theo-hieu-luc-su-dung-30-ngay-ke-tu-ngay-kham-tong-quat","status":"publish","type":"product","link":"https:\/\/victoriavn.com\/khamtongquat\/san-pham\/tang-100k-phi-kham-bac-si-chuyen-khoa-cho-lan-tham-kham-tiep-theo-hieu-luc-su-dung-30-ngay-ke-tu-ngay-kham-tong-quat\/","title":{"rendered":"T\u1eb7ng 100K ph\u00ed kh\u00e1m b\u00e1c s\u0129 chuy\u00ean khoa cho l\u1ea7n th\u0103m kh\u00e1m ti\u1ebfp theo. Hi\u1ec7u l\u1ef1c s\u1eed d\u1ee5ng 30 ng\u00e0y k\u1ec3 t\u1eeb ng\u00e0y kh\u00e1m t\u1ed5ng qu\u00e1t"},"content":{"rendered":"<p><strong>L\u01b0u \u00fd: S\u1ea3n ph\u1ea9m t\u1eb7ng kh\u00f4ng kinh doanh<br \/>\n<\/strong>\u0110\u1ec3 \u0111\u01b0\u1ee3c h\u1ed7 tr\u1ee3 th\u00eam, xin vui l\u00f2ng li\u00ean h\u1ec7: Hotline: 028 39104545<\/p>\n","protected":false},"excerpt":{"rendered":"<p><strong>L\u01b0u \u00fd: S\u1ea3n ph\u1ea9m t\u1eb7ng kh\u00f4ng kinh doanh<br \/>\n<\/strong>\u0110\u1ec3 \u0111\u01b0\u1ee3c h\u1ed7 tr\u1ee3 th\u00eam, xin vui l\u00f2ng li\u00ean h\u1ec7: Hotline: 028 39104545<\/p>\n","protected":false},"featured_media":12089,"template":"","meta":[],"product_brand":[],"product_cat":[1728],"product_tag":[],"class_list":{"0":"post-28050","1":"product","2":"type-product","3":"status-publish","4":"has-post-thumbnail","6":"product_cat-voucher-gift","8":"first","9":"instock","10":"shipping-taxable","11":"purchasable","12":"product-type-simple"},"_links":{"self":[{"href":"https:\/\/victoriavn.com\/khamtongquat\/wp-json\/wp\/v2\/product\/28050","targetHints":{"allow":["GET"]}}],"collection":[{"href":"https:\/\/victoriavn.com\/khamtongquat\/wp-json\/wp\/v2\/product"}],"about":[{"href":"https:\/\/victoriavn.com\/khamtongquat\/wp-json\/wp\/v2\/types\/product"}],"wp:featuredmedia":[{"embeddable":true,"href":"https:\/\/victoriavn.com\/khamtongquat\/wp-json\/wp\/v2\/media\/12089"}],"wp:attachment":[{"href":"https:\/\/victoriavn.com\/khamtongquat\/wp-json\/wp\/v2\/media?parent=28050"}],"wp:term":[{"taxonomy":"product_brand","embeddable":true,"href":"https:\/\/victoriavn.com\/khamtongquat\/wp-json\/wp\/v2\/product_brand?post=28050"},{"taxonomy":"product_cat","embeddable":true,"href":"https:\/\/victoriavn.com\/khamtongquat\/wp-json\/wp\/v2\/product_cat?post=28050"},{"taxonomy":"product_tag","embeddable":true,"href":"https:\/\/victoriavn.com\/khamtongquat\/wp-json\/wp\/v2\/product_tag?post=28050"}],"curies":[{"name":"wp","href":"https:\/\/api.w.org\/{rel}","templated":true}]}}