{"id":27039,"date":"2022-03-01T23:10:25","date_gmt":"2022-03-01T16:10:25","guid":{"rendered":"https:\/\/victoriavn.com\/khamtongquat\/?post_type=product&#038;p=27039"},"modified":"2023-09-07T11:06:26","modified_gmt":"2023-09-07T04:06:26","slug":"tang-500k-dich-vu-noi-soi-dai-trang-hoac-combo-noi-soi-da-day-va-dai-trang-hieu-luc-30-ngay-ke-tu-ngay-kham-tong-quat-khong-ap-dung-noi-soi-voi-bs-nguyen-vinh-tuong","status":"publish","type":"product","link":"https:\/\/victoriavn.com\/khamtongquat\/san-pham\/tang-500k-dich-vu-noi-soi-dai-trang-hoac-combo-noi-soi-da-day-va-dai-trang-hieu-luc-30-ngay-ke-tu-ngay-kham-tong-quat-khong-ap-dung-noi-soi-voi-bs-nguyen-vinh-tuong\/","title":{"rendered":"T\u1eb7ng 500K d\u1ecbch v\u1ee5 n\u1ed9i soi \u0111\u1ea1i tr\u00e0ng ho\u1eb7c combo n\u1ed9i soi d\u1ea1 d\u00e0y v\u00e0 \u0111\u1ea1i tr\u00e0ng (hi\u1ec7u l\u1ef1c 30 ng\u00e0y k\u1ec3 t\u1eeb ng\u00e0y kh\u00e1m t\u1ed5ng qu\u00e1t, kh\u00f4ng \u00e1p d\u1ee5ng n\u1ed9i soi v\u1edbi BS Nguy\u1ec5n V\u0129nh T\u01b0\u1eddng)"},"content":{"rendered":"<p><strong>L\u01b0u \u00fd: S\u1ea3n ph\u1ea9m t\u1eb7ng kh\u00f4ng kinh doanh<br \/>\n<\/strong>\u0110\u1ec3 \u0111\u01b0\u1ee3c h\u1ed7 tr\u1ee3 th\u00eam, xin vui l\u00f2ng li\u00ean h\u1ec7: Hotline: 028 39104545<\/p>\n","protected":false},"excerpt":{"rendered":"<p><strong>L\u01b0u \u00fd: S\u1ea3n ph\u1ea9m t\u1eb7ng kh\u00f4ng kinh doanh<br \/>\n<\/strong>\u0110\u1ec3 \u0111\u01b0\u1ee3c h\u1ed7 tr\u1ee3 th\u00eam, xin vui l\u00f2ng li\u00ean h\u1ec7: Hotline: 028 39104545<\/p>\n","protected":false},"featured_media":12089,"template":"","meta":[],"product_brand":[],"product_cat":[1728],"product_tag":[],"class_list":{"0":"post-27039","1":"product","2":"type-product","3":"status-publish","4":"has-post-thumbnail","6":"product_cat-voucher-gift","8":"first","9":"instock","10":"shipping-taxable","11":"purchasable","12":"product-type-simple"},"_links":{"self":[{"href":"https:\/\/victoriavn.com\/khamtongquat\/wp-json\/wp\/v2\/product\/27039","targetHints":{"allow":["GET"]}}],"collection":[{"href":"https:\/\/victoriavn.com\/khamtongquat\/wp-json\/wp\/v2\/product"}],"about":[{"href":"https:\/\/victoriavn.com\/khamtongquat\/wp-json\/wp\/v2\/types\/product"}],"wp:featuredmedia":[{"embeddable":true,"href":"https:\/\/victoriavn.com\/khamtongquat\/wp-json\/wp\/v2\/media\/12089"}],"wp:attachment":[{"href":"https:\/\/victoriavn.com\/khamtongquat\/wp-json\/wp\/v2\/media?parent=27039"}],"wp:term":[{"taxonomy":"product_brand","embeddable":true,"href":"https:\/\/victoriavn.com\/khamtongquat\/wp-json\/wp\/v2\/product_brand?post=27039"},{"taxonomy":"product_cat","embeddable":true,"href":"https:\/\/victoriavn.com\/khamtongquat\/wp-json\/wp\/v2\/product_cat?post=27039"},{"taxonomy":"product_tag","embeddable":true,"href":"https:\/\/victoriavn.com\/khamtongquat\/wp-json\/wp\/v2\/product_tag?post=27039"}],"curies":[{"name":"wp","href":"https:\/\/api.w.org\/{rel}","templated":true}]}}