{"id":24308,"date":"2022-01-01T21:04:45","date_gmt":"2022-01-01T14:04:45","guid":{"rendered":"https:\/\/victoriavn.com\/khamtongquat\/?post_type=product&#038;p=24308"},"modified":"2025-01-01T19:42:08","modified_gmt":"2025-01-01T12:42:08","slug":"kham-thai-dinh-ky-co-ban-tam-ca-nguyet-thu-2","status":"publish","type":"product","link":"https:\/\/victoriavn.com\/khamtongquat\/san-pham\/kham-thai-dinh-ky-co-ban-tam-ca-nguyet-thu-2\/","title":{"rendered":"Kh\u00e1m thai \u0111\u1ecbnh k\u1ef3 c\u01a1 b\u1ea3n &#8211; 3 th\u00e1ng gi\u1eefa"},"content":{"rendered":"<p>D\u1ecbch v\u1ee5 bao g\u1ed3m: Ph\u00ed 1 l\u1ea7n kh\u00e1m thai v\u1edbi b\u00e1c s\u0129 S\u1ea3n khoa v\u00e0 ph\u00ed 1 l\u1ea7n si\u00eau \u00e2m thai k\u1ef3<br \/>\n(*) Kh\u00f4ng bao g\u1ed3m c\u00e1c x\u00e9t nghi\u1ec7m v\u00e0 ch\u1ec9 \u0111\u1ecbnh kh\u00e1c. Tu\u1ef3 \u0111\u00e1nh gi\u00e1 t\u1ea1i th\u1eddi \u0111i\u1ec3m th\u0103m kh\u00e1m m\u00e0 b\u00e1c s\u0129 S\u1ea3n khoa c\u00f3 th\u1ec3 ch\u1ec9 \u0111\u1ecbnh th\u00eam nh\u1eefng x\u00e9t nghi\u1ec7m ph\u00f9 h\u1ee3p.<\/p>\n","protected":false},"excerpt":{"rendered":"<p>D\u1ecbch v\u1ee5 bao g\u1ed3m: Ph\u00ed 1 l\u1ea7n kh\u00e1m thai v\u1edbi b\u00e1c s\u0129 S\u1ea3n khoa v\u00e0 ph\u00ed 1 l\u1ea7n si\u00eau \u00e2m thai k\u1ef3<br \/>\n(*) Kh\u00f4ng bao g\u1ed3m c\u00e1c x\u00e9t nghi\u1ec7m v\u00e0 ch\u1ec9 \u0111\u1ecbnh kh\u00e1c. Tu\u1ef3 \u0111\u00e1nh gi\u00e1 t\u1ea1i th\u1eddi \u0111i\u1ec3m th\u0103m kh\u00e1m m\u00e0 b\u00e1c s\u0129 S\u1ea3n khoa c\u00f3 th\u1ec3 ch\u1ec9 \u0111\u1ecbnh th\u00eam nh\u1eefng x\u00e9t nghi\u1ec7m ph\u00f9 h\u1ee3p.<\/p>\n","protected":false},"featured_media":24314,"template":"","meta":[],"product_brand":[],"product_cat":[1842],"product_tag":[1850],"class_list":{"0":"post-24308","1":"product","2":"type-product","3":"status-publish","4":"has-post-thumbnail","6":"product_cat-suc-khoe-thai-ky","7":"product_tag-kham-thai","9":"first","10":"instock","11":"shipping-taxable","12":"purchasable","13":"product-type-simple"},"_links":{"self":[{"href":"https:\/\/victoriavn.com\/khamtongquat\/wp-json\/wp\/v2\/product\/24308","targetHints":{"allow":["GET"]}}],"collection":[{"href":"https:\/\/victoriavn.com\/khamtongquat\/wp-json\/wp\/v2\/product"}],"about":[{"href":"https:\/\/victoriavn.com\/khamtongquat\/wp-json\/wp\/v2\/types\/product"}],"wp:featuredmedia":[{"embeddable":true,"href":"https:\/\/victoriavn.com\/khamtongquat\/wp-json\/wp\/v2\/media\/24314"}],"wp:attachment":[{"href":"https:\/\/victoriavn.com\/khamtongquat\/wp-json\/wp\/v2\/media?parent=24308"}],"wp:term":[{"taxonomy":"product_brand","embeddable":true,"href":"https:\/\/victoriavn.com\/khamtongquat\/wp-json\/wp\/v2\/product_brand?post=24308"},{"taxonomy":"product_cat","embeddable":true,"href":"https:\/\/victoriavn.com\/khamtongquat\/wp-json\/wp\/v2\/product_cat?post=24308"},{"taxonomy":"product_tag","embeddable":true,"href":"https:\/\/victoriavn.com\/khamtongquat\/wp-json\/wp\/v2\/product_tag?post=24308"}],"curies":[{"name":"wp","href":"https:\/\/api.w.org\/{rel}","templated":true}]}}