{"id":22111,"date":"2021-11-01T01:50:53","date_gmt":"2021-10-31T18:50:53","guid":{"rendered":"https:\/\/victoriavn.com\/khamtongquat\/?post_type=product&#038;p=22111"},"modified":"2021-11-01T01:51:06","modified_gmt":"2021-10-31T18:51:06","slug":"giam-15-phi-dieu-tri-laser-hoac-phi-bac-si-da-lieu-trong-lan-kham-tiep-theo","status":"publish","type":"product","link":"https:\/\/victoriavn.com\/khamtongquat\/san-pham\/giam-15-phi-dieu-tri-laser-hoac-phi-bac-si-da-lieu-trong-lan-kham-tiep-theo\/","title":{"rendered":"Gi\u1ea3m 15% ph\u00ed \u0111i\u1ec1u tr\u1ecb LASER ho\u1eb7c ph\u00ed b\u00e1c s\u0129 Da Li\u1ec5u trong l\u1ea7n kh\u00e1m ti\u1ebfp theo"},"content":{"rendered":"<p><strong>L\u01b0u \u00fd: S\u1ea3n ph\u1ea9m t\u1eb7ng kh\u00f4ng kinh doanh<br \/>\n<\/strong>\u0110\u1ec3 \u0111\u01b0\u1ee3c h\u1ed7 tr\u1ee3 th\u00eam, xin vui l\u00f2ng li\u00ean h\u1ec7: Hotline: 028 39104545<\/p>\n","protected":false},"excerpt":{"rendered":"<p><strong>L\u01b0u \u00fd: S\u1ea3n ph\u1ea9m t\u1eb7ng kh\u00f4ng kinh doanh<br \/>\n<\/strong>\u0110\u1ec3 \u0111\u01b0\u1ee3c h\u1ed7 tr\u1ee3 th\u00eam, xin vui l\u00f2ng li\u00ean h\u1ec7: Hotline: 028 39104545<\/p>\n","protected":false},"featured_media":12089,"template":"","meta":[],"product_brand":[],"product_cat":[1728],"product_tag":[],"class_list":{"0":"post-22111","1":"product","2":"type-product","3":"status-publish","4":"has-post-thumbnail","6":"product_cat-voucher-gift","8":"first","9":"instock","10":"shipping-taxable","11":"purchasable","12":"product-type-simple"},"_links":{"self":[{"href":"https:\/\/victoriavn.com\/khamtongquat\/wp-json\/wp\/v2\/product\/22111","targetHints":{"allow":["GET"]}}],"collection":[{"href":"https:\/\/victoriavn.com\/khamtongquat\/wp-json\/wp\/v2\/product"}],"about":[{"href":"https:\/\/victoriavn.com\/khamtongquat\/wp-json\/wp\/v2\/types\/product"}],"wp:featuredmedia":[{"embeddable":true,"href":"https:\/\/victoriavn.com\/khamtongquat\/wp-json\/wp\/v2\/media\/12089"}],"wp:attachment":[{"href":"https:\/\/victoriavn.com\/khamtongquat\/wp-json\/wp\/v2\/media?parent=22111"}],"wp:term":[{"taxonomy":"product_brand","embeddable":true,"href":"https:\/\/victoriavn.com\/khamtongquat\/wp-json\/wp\/v2\/product_brand?post=22111"},{"taxonomy":"product_cat","embeddable":true,"href":"https:\/\/victoriavn.com\/khamtongquat\/wp-json\/wp\/v2\/product_cat?post=22111"},{"taxonomy":"product_tag","embeddable":true,"href":"https:\/\/victoriavn.com\/khamtongquat\/wp-json\/wp\/v2\/product_tag?post=22111"}],"curies":[{"name":"wp","href":"https:\/\/api.w.org\/{rel}","templated":true}]}}