{"id":22083,"date":"2021-11-01T00:52:24","date_gmt":"2021-10-31T17:52:24","guid":{"rendered":"https:\/\/victoriavn.com\/khamtongquat\/?post_type=product&#038;p=22083"},"modified":"2021-11-01T00:55:02","modified_gmt":"2021-10-31T17:55:02","slug":"ma-qua-tang-sms-tam-soat-danh-gia-su-phat-trien-tam-ly-hoac-phat-hien-tu-ky-som-o-tre-voi-chuyen-vien-tam-ly-nhi-ap-dung-tai-cn-phu-nhuan-va-dat-hen-tu-13h-15h-thu-hai-thu-sau","status":"publish","type":"product","link":"https:\/\/victoriavn.com\/khamtongquat\/san-pham\/ma-qua-tang-sms-tam-soat-danh-gia-su-phat-trien-tam-ly-hoac-phat-hien-tu-ky-som-o-tre-voi-chuyen-vien-tam-ly-nhi-ap-dung-tai-cn-phu-nhuan-va-dat-hen-tu-13h-15h-thu-hai-thu-sau\/","title":{"rendered":"M\u00e3 qu\u00e0 t\u1eb7ng SMS t\u1ea7m so\u00e1t \u0111\u00e1nh gi\u00e1 s\u1ef1 ph\u00e1t tri\u1ec3n t\u00e2m l\u00fd ho\u1eb7c ph\u00e1t hi\u1ec7n t\u1ef1 k\u1ef7 s\u1edbm \u1edf tr\u1ebb v\u1edbi chuy\u00ean vi\u00ean T\u00e2m L\u00fd Nhi &#8211; \u00c1p d\u1ee5ng t\u1ea1i CN Ph\u00fa Nhu\u1eadn v\u00e0 \u0111\u1eb7t h\u1eb9n t\u1eeb 13h-15h Th\u1ee9 Hai &#8211; Th\u1ee9 S\u00e1u"},"content":{"rendered":"<p><strong>L\u01b0u \u00fd: S\u1ea3n ph\u1ea9m t\u1eb7ng kh\u00f4ng kinh doanh<br \/>\n<\/strong>\u0110\u1ec3 \u0111\u01b0\u1ee3c h\u1ed7 tr\u1ee3 th\u00eam, xin vui l\u00f2ng li\u00ean h\u1ec7: Hotline: 028 39104545<\/p>\n","protected":false},"excerpt":{"rendered":"<p><strong>L\u01b0u \u00fd: S\u1ea3n ph\u1ea9m t\u1eb7ng kh\u00f4ng kinh doanh<br \/>\n<\/strong>\u0110\u1ec3 \u0111\u01b0\u1ee3c h\u1ed7 tr\u1ee3 th\u00eam, xin vui l\u00f2ng li\u00ean h\u1ec7: Hotline: 028 39104545<\/p>\n","protected":false},"featured_media":12089,"template":"","meta":[],"product_brand":[],"product_cat":[1728],"product_tag":[],"class_list":{"0":"post-22083","1":"product","2":"type-product","3":"status-publish","4":"has-post-thumbnail","6":"product_cat-voucher-gift","8":"first","9":"instock","10":"shipping-taxable","11":"purchasable","12":"product-type-simple"},"_links":{"self":[{"href":"https:\/\/victoriavn.com\/khamtongquat\/wp-json\/wp\/v2\/product\/22083","targetHints":{"allow":["GET"]}}],"collection":[{"href":"https:\/\/victoriavn.com\/khamtongquat\/wp-json\/wp\/v2\/product"}],"about":[{"href":"https:\/\/victoriavn.com\/khamtongquat\/wp-json\/wp\/v2\/types\/product"}],"wp:featuredmedia":[{"embeddable":true,"href":"https:\/\/victoriavn.com\/khamtongquat\/wp-json\/wp\/v2\/media\/12089"}],"wp:attachment":[{"href":"https:\/\/victoriavn.com\/khamtongquat\/wp-json\/wp\/v2\/media?parent=22083"}],"wp:term":[{"taxonomy":"product_brand","embeddable":true,"href":"https:\/\/victoriavn.com\/khamtongquat\/wp-json\/wp\/v2\/product_brand?post=22083"},{"taxonomy":"product_cat","embeddable":true,"href":"https:\/\/victoriavn.com\/khamtongquat\/wp-json\/wp\/v2\/product_cat?post=22083"},{"taxonomy":"product_tag","embeddable":true,"href":"https:\/\/victoriavn.com\/khamtongquat\/wp-json\/wp\/v2\/product_tag?post=22083"}],"curies":[{"name":"wp","href":"https:\/\/api.w.org\/{rel}","templated":true}]}}