{"id":19193,"date":"2021-04-01T04:08:06","date_gmt":"2021-03-31T21:08:06","guid":{"rendered":"https:\/\/victoriavn.com\/khamtongquat\/?post_type=product&#038;p=19193"},"modified":"2021-04-01T04:08:15","modified_gmt":"2021-03-31T21:08:15","slug":"tang-01-cap-goi-ngu-du-lich-hoac-tui-xach-the-thao-du-lich","status":"publish","type":"product","link":"https:\/\/victoriavn.com\/khamtongquat\/san-pham\/tang-01-cap-goi-ngu-du-lich-hoac-tui-xach-the-thao-du-lich\/","title":{"rendered":"T\u1eb7ng 01 c\u1eb7p g\u1ed1i ng\u1ee7 d\u1ee5 l\u1ecbch ho\u1eb7c t\u00fai x\u00e1ch th\u1ec3 thao\/du l\u1ecbch"},"content":{"rendered":"<p><strong>L\u01b0u \u00fd: S\u1ea3n ph\u1ea9m t\u1eb7ng kh\u00f4ng kinh doanh<br \/>\n<\/strong>\u0110\u1ec3 \u0111\u01b0\u1ee3c h\u1ed7 tr\u1ee3 th\u00eam, xin vui l\u00f2ng li\u00ean h\u1ec7: Hotline: 028 39104545<\/p>\n","protected":false},"excerpt":{"rendered":"<p><strong>L\u01b0u \u00fd: S\u1ea3n ph\u1ea9m t\u1eb7ng kh\u00f4ng kinh doanh<br \/>\n<\/strong>\u0110\u1ec3 \u0111\u01b0\u1ee3c h\u1ed7 tr\u1ee3 th\u00eam, xin vui l\u00f2ng li\u00ean h\u1ec7: Hotline: 028 39104545<\/p>\n","protected":false},"featured_media":12089,"template":"","meta":[],"product_brand":[],"product_cat":[1728],"product_tag":[],"class_list":{"0":"post-19193","1":"product","2":"type-product","3":"status-publish","4":"has-post-thumbnail","6":"product_cat-voucher-gift","8":"first","9":"instock","10":"shipping-taxable","11":"purchasable","12":"product-type-simple"},"_links":{"self":[{"href":"https:\/\/victoriavn.com\/khamtongquat\/wp-json\/wp\/v2\/product\/19193","targetHints":{"allow":["GET"]}}],"collection":[{"href":"https:\/\/victoriavn.com\/khamtongquat\/wp-json\/wp\/v2\/product"}],"about":[{"href":"https:\/\/victoriavn.com\/khamtongquat\/wp-json\/wp\/v2\/types\/product"}],"wp:featuredmedia":[{"embeddable":true,"href":"https:\/\/victoriavn.com\/khamtongquat\/wp-json\/wp\/v2\/media\/12089"}],"wp:attachment":[{"href":"https:\/\/victoriavn.com\/khamtongquat\/wp-json\/wp\/v2\/media?parent=19193"}],"wp:term":[{"taxonomy":"product_brand","embeddable":true,"href":"https:\/\/victoriavn.com\/khamtongquat\/wp-json\/wp\/v2\/product_brand?post=19193"},{"taxonomy":"product_cat","embeddable":true,"href":"https:\/\/victoriavn.com\/khamtongquat\/wp-json\/wp\/v2\/product_cat?post=19193"},{"taxonomy":"product_tag","embeddable":true,"href":"https:\/\/victoriavn.com\/khamtongquat\/wp-json\/wp\/v2\/product_tag?post=19193"}],"curies":[{"name":"wp","href":"https:\/\/api.w.org\/{rel}","templated":true}]}}