{"id":18117,"date":"2021-03-02T09:12:18","date_gmt":"2021-03-02T02:12:18","guid":{"rendered":"https:\/\/victoriavn.com\/khamtongquat\/?post_type=product&#038;p=18117"},"modified":"2025-01-07T13:31:59","modified_gmt":"2025-01-07T06:31:59","slug":"tam-soat-nguy-co-dot-quy","status":"publish","type":"product","link":"https:\/\/victoriavn.com\/khamtongquat\/san-pham\/tam-soat-nguy-co-dot-quy\/","title":{"rendered":"G\u00f3i T\u1ea7m So\u00e1t Nguy C\u01a1 \u0110\u1ed9t Qu\u1ef5 &#8211; Tim M\u1ea1ch"},"content":{"rendered":"<p>\u0110\u1ed9t qu\u1ef5 c\u00f3 th\u1ec3 t\u1ea5n c\u00f4ng s\u1ee9c kh\u1ecfe c\u1ee7a b\u1ea1n m\u1ed9t c\u00e1ch ng\u1eabu nhi\u00ean v\u00e0 \u0111\u00f4i khi kh\u00f4ng c\u00f3 d\u1ea5u hi\u1ec7u b\u00e1o tr\u01b0\u1edbc n\u00e0o. C\u00f3 m\u1ed9t s\u1ed1 \u0111\u1ed1i t\u01b0\u1ee3ng \u0111\u00e3 \u0111\u01b0\u1ee3c nghi\u00ean c\u1ee9u ch\u1ee9ng minh l\u00e0 s\u1ebd c\u00f3 nguy c\u01a1 cao h\u01a1n ng\u01b0\u1eddi h\u00ecnh th\u01b0\u1eddng nh\u01b0: ng\u01b0\u1eddi b\u1ecb cao huy\u1ebft \u00e1p, \u0111\u00e1i th\u00e1o \u0111\u01b0\u1eddng, Cholesterol cao, ng\u01b0\u1eddi c\u00f3 b\u1ec7nh l\u00fd v\u1ec1 tim m\u1ea1ch, h\u00fat thu\u1ed1c l\u00e1, ti\u1ec1n s\u1eed gia \u0111\u00ecnh c\u00f3 nguy c\u01a1 \u0111\u1ed9t qu\u1ef5\u2026<\/p>\n<p>Do v\u1eady, vi\u1ec7c t\u1ea7m so\u00e1t nguy c\u01a1 \u0111\u1ed9t qu\u1ef5 l\u00e0 r\u1ea5t c\u1ea7n thi\u1ebft \u0111\u1ec3 c\u00f3 th\u1ec3 ph\u00e1t hi\u1ec7n s\u1edbm c\u00e1c y\u1ebfu t\u1ed1, nguy c\u01a1 gi\u00fap b\u1ea1n c\u00f3 th\u1ec3 k\u1ecbp th\u1eddi \u0111i\u1ec1u ch\u1ec9nh l\u1ed1i s\u1ed1ng ph\u00f9 h\u1ee3p v\u00e0 b\u00e1c s\u0129 s\u1ebd c\u00f3 nh\u1eefng l\u1eddi khuy\u00ean c\u0169ng nh\u01b0 c\u00f3 ph\u00e1c \u0111\u1ed3 \u0111i\u1ec1u tr\u1ecb b\u1ec7nh k\u1ecbp th\u1eddi n\u1ebfu b\u1ea1n c\u00f3 b\u1ea5t k\u1ef3 d\u1ea5u hi\u1ec7u b\u1ea5t th\u01b0\u1eddng n\u00e0o, tr\u00e1nh c\u00e1c bi\u1ebfn ch\u1ee9ng nguy hi\u1ec3m do \u0111\u1ed9t qu\u1ef5 g\u00e2y ra.<\/p>\n<p><strong>Nh\u1eefng l\u1ee3i \u00edch nh\u1eadn \u0111\u01b0\u1ee3c khi th\u1ef1 hi\u1ec7n t\u1ea7m so\u00e1t nguy c\u01a1 \u0111\u1ed9t qu\u1ef5 \u0111\u1ecbnh k\u1ef3<\/strong><\/p>\n<ul>\n<li>Ph\u00e1t hi\u1ec7n s\u1edbm nh\u1eefng ch\u1ec9 s\u1ed1 kh\u00f4ng t\u1ed1t c\u1ee7a c\u01a1 th\u1ec3<\/li>\n<li>\u0110\u01b0\u1ee3c b\u00e1c s\u0129 t\u01b0 v\u1ea5n v\u00e0 gi\u1ea3i th\u00edch c\u1eb7n k\u1ebd v\u1ec1 nh\u1eefng d\u1ea5u hi\u1ec7u \u0111\u1ed9t qu\u1ef5 b\u1ea1n c\u00f3 th\u1ec3 g\u1eb7p ph\u1ea3i;<\/li>\n<li>\u0110i\u1ec1u tr\u1ecb k\u1ecbp th\u1eddi, tr\u00e1nh c\u00e1c bi\u1ebfn ch\u1ee9ng nguy hi\u1ec3m.<\/li>\n<\/ul>\n<p><strong>Chi ti\u1ebft g\u00f3i kh\u00e1m T\u1ea7m so\u00e1t \u0111\u1ed9t qu\u1ef5 tim m\u1ea1ch t\u1ea1i Ph\u00f2ng kh\u00e1m Victoria Healthcare<\/strong><\/p>\n<table width=\"1333\">\n<tbody>\n<tr>\n<td width=\"317\"><strong>Kh\u00e1m chuy\u00ean khoa<\/strong><\/td>\n<td width=\"1016\"><\/td>\n<\/tr>\n<tr>\n<td>Ki\u1ec3m tra th\u1ecb l\u1ef1c<\/td>\n<td>\u2013 \u0110\u1ec3 t\u1ea7m so\u00e1t v\u00e0 ph\u00e1t hi\u1ec7n s\u1edbm c\u00e1c v\u1ea5n \u0111\u1ec1 v\u1ec1 th\u1ecb gi\u00e1c (B\u1ea3ng \u0111o th\u1ecb l\u1ef1c Snellen Chart gi\u00fap ki\u1ec3m tra kh\u1ea3 n\u0103ng nh\u00ecn chi ti\u1ebft c\u00e1c ch\u1eef v\u00e0 k\u00fd t\u1ef1 t\u1eeb kho\u1ea3ng c\u00e1ch nh\u1ea5t \u0111\u1ecbnh.)<\/td>\n<\/tr>\n<tr>\n<td>\u0110o ch\u1ec9 s\u1ed1 sinh hi\u1ec7u<\/td>\n<td>\u2013 \u0110o ch\u1ec9 s\u1ed1 chi\u1ec1u cao, c\u00e2n n\u1eb7ng, th\u00e2n nhi\u1ec7t, m\u1ea1ch v\u00e0 huy\u1ebft \u00e1p. Vi\u1ec7c th\u1ef1c hi\u1ec7n nh\u1eb1m \u0111\u1ec3 ph\u00e1t hi\u1ec7n c\u00e1c v\u1ea5n \u0111\u1ec1 b\u1ec7nh l\u00fd ti\u1ec3m \u1ea9n v\u00e0 \u0111\u1ec3 ch\u1ec9 \u0111\u1ecbnh thu\u1ed1c \u0111\u00fang li\u1ec1u l\u01b0\u1ee3ng<\/td>\n<\/tr>\n<tr>\n<td><strong>X\u00e9t nghi\u1ec7m<\/strong><\/td>\n<td><\/td>\n<\/tr>\n<tr>\n<td>\u0110i\u1ec7n tim \u0111\u1ed3<\/td>\n<td width=\"1016\">\u2013 X\u00e9t nghi\u1ec7m \u0111\u1ec3 \u0111o ho\u1ea1t \u0111\u1ed9ng \u0111i\u1ec7n c\u1ee7a tim cho th\u1ea5y tim c\u00f3 ho\u1ea1t \u0111\u1ed9ng b\u00ecnh th\u01b0\u1eddng hay kh\u00f4ng.<br \/>\n\u2013 C\u00f3 th\u1ec3 gi\u00fap ph\u00e1t hi\u1ec7n cholesterol l\u00e0m t\u1eafc ngh\u1ebdn vi\u1ec7c cungc\u1ea5p m\u00e1u cho tim c\u1ee7a b\u1ea1n, m\u1ed9t c\u01a1n \u0111au tim trong qu\u00e1 kh\u1ee9, m\u1edf r\u1ed9ng m\u1ed9t b\u00ean c\u1ee7a tim v\u00e0 nh\u1ecbp tim b\u1ea5t th\u01b0\u1eddng<\/td>\n<\/tr>\n<tr>\n<td>X\u00e9t nghi\u1ec7m c\u00f4ng th\u1ee9c m\u00e1u<\/td>\n<td>\u2013 \u0110\u1ec3 \u0111\u00e1nh gi\u00e1 t\u1ed5ng quan s\u1ee9c kh\u1ecfe c\u1ee7a b\u1ea1n v\u1ea3 ph\u00e1t hi\u1ec7n c\u00e1c r\u1ed1i lo\u1ea1n b\u1ec7nh thi\u1ebfu m\u00e1u hay b\u1ec7nh b\u1ea1ch c\u1ea7u<\/td>\n<\/tr>\n<tr>\n<td>X\u00e9t nghi\u1ec7m \u0111\u01b0\u1eddng huy\u1ebft<\/td>\n<td width=\"1016\">\u2013 \u0110\u1ec3 ki\u1ec3m tra m\u1ee9c \u0111\u01b0\u1eddng huy\u1ebft c\u1ee7a b\u1ea1n c\u00f3 trong ng\u01b0\u1ee1ng \u1ed5n \u0111\u1ecbnh hay kh\u00f4ng<br \/>\n\u2013 \u0110\u1ec3 t\u1ea7m so\u00e1t, ch\u1ea9n \u0111o\u00e1n v\u00e0 theo d\u00f5i b\u1ec7nh \u0111\u00e1i th\u00e1o \u0111\u01b0\u1eddng<\/td>\n<\/tr>\n<tr>\n<td>X\u00e9t nghi\u1ec7m hemoglobin a1c<\/td>\n<td width=\"1016\">\u2013 D\u00f9ng \u0111\u1ec3 ch\u1ea9n \u0111o\u00e1n b\u1ec7nh l\u00fd \u0111\u00e1i th\u00e1o \u0111\u01b0\u1eddng ho\u1eb7c ti\u1ec1n \u0111\u00e1i th\u00e1o \u0111\u01b0\u1eddng. \u0110\u1ec3 \u0111o l\u01b0\u1eddng t\u00ecnh tr\u1ea1ng g\u1eafn k\u1ebft c\u1ee7a \u0111\u01b0\u1eddng huy\u1ebft tr\u00ean Hemoglobin. Hemoglobin l\u00e0 m\u1ed9t\u00a0 th\u00e0nh ph\u1ea7n c\u1ee7a t\u1ebf b\u00e0o h\u1ed3ng c\u1ea7u, c\u00f3 vai tr\u00f2 v\u1ea1n chuy\u1ec3n oxy trong m\u00e1u t\u1eeb ph\u1ed5i \u0111\u1ebfn c\u00e1c t\u1ebf b\u00e0o c\u1ee7a c\u01a1 th\u1ec3.<br \/>\n\u2013 X\u00e9t nghi\u1ec7m cho bi\u1ebft m\u1ee9c \u0111\u01b0\u1eddng huy\u1ebft trung b\u00ecnh trong kho\u1ea3ng th\u1eddi gian nhi\u1ec1u tu\u1ea7n\/nhi\u1ec1u th\u00e1ng<\/td>\n<\/tr>\n<tr>\n<td>B\u1ed9 m\u1ee1 (Cholesterol, Triglycerides, HDL and LDL)<\/td>\n<td width=\"1016\">\u2013 \u0110\u1ec3 \u0111o l\u01b0\u1ee3ng m\u1ee1 \u201ct\u1ed1t\u201d v\u00e0 m\u1ee1 \u201cx\u1ea5u\u201dc\u00f3 trong m\u00e1u c\u1ee7a b\u1ea1n<br \/>\n\u2013 \u0110\u1ec3 t\u1ea7m so\u00e1t v\u00e0 ch\u1ea9n \u0111o\u00e1n c\u00e1c b\u1ec7nh l\u00fd kh\u00e1c nh\u01b0 b\u1ec7nh l\u00fd v\u1ec1 tim m\u1ea1ch, \u0111\u1ed9t qu\u1ef5, x\u01a1 v\u1eefa \u0111\u1ed9ng m\u1ea1ch ho\u1eb7c x\u01a1 c\u1ee9ng \u0111\u1ed9ng m\u1ea1ch.<\/td>\n<\/tr>\n<tr>\n<td>X\u00e9t nghi\u1ec7m creatinin trong m\u00e1u<\/td>\n<td>\u2013 \u0110\u1ec3 ki\u1ec3m tra t\u00ecnh tr\u1ea1ng ho\u1ea1t \u0111\u1ed9ng c\u1ee7a th\u1eadn. M\u1ee9c creatinine trong m\u00e1u cao cho th\u1ea5y th\u1eadn b\u1ecb t\u1ed5n th\u01b0\u01a1ng v\u00e0 ho\u1ea1t \u0111\u1ed9ng kh\u00f4ng \u0111\u00fang<\/td>\n<\/tr>\n<tr>\n<td>X\u00e9t nghi\u1ec7m men gan ALT<\/td>\n<td width=\"1016\">\u2013 Gi\u00fap x\u00e1c \u0111\u1ecbnh s\u1ee9c kh\u1ecfe c\u1ee7a gan b\u1eb1ng c\u00e1ch \u0111o n\u1ed3ng \u0111\u1ed9 men gan trong m\u00e1u.<br \/>\n\u2013 \u0110\u1ec3 ch\u1ea9n \u0111o\u00e1n v\u00e0 theo d\u00f5i c\u00e1c v\u1ea5n \u0111\u1ec1 v\u1ec1 gan<\/td>\n<\/tr>\n<tr>\n<td>X\u00e9t nghi\u1ec7m men gan AST<\/td>\n<td width=\"1016\">\u2013 Gi\u00fap x\u00e1c \u0111\u1ecbnh s\u1ee9c kh\u1ecfe c\u1ee7a gan b\u1eb1ng c\u00e1ch \u0111o n\u1ed3ng \u0111\u1ed9 men gan trong m\u00e1u.<br \/>\n\u2013 \u0110\u1ec3 ch\u1ea9n \u0111o\u00e1n v\u00e0 theo d\u00f5i c\u00e1c v\u1ea5n \u0111\u1ec1 v\u1ec1 gan<\/td>\n<\/tr>\n<tr>\n<td>X\u00e9t nghi\u1ec7m men gan GGT<\/td>\n<td width=\"1016\">\u2013 Gi\u00fap x\u00e1c \u0111\u1ecbnh s\u1ee9c kh\u1ecfe c\u1ee7a gan b\u1eb1ng c\u00e1ch \u0111o n\u1ed3ng \u0111\u1ed9 men gan trong m\u00e1u.<br \/>\n\u2013 \u0110\u1ec3 ch\u1ea9n \u0111o\u00e1n v\u00e0 theo d\u00f5i c\u00e1c v\u1ea5n \u0111\u1ec1 v\u1ec1 gan \u0111\u1eb7c bi\u1ec7t li\u00ean quan \u0111\u1ebfn vi\u1ec7c s\u1eed d\u1ee5ng th\u1ee9c u\u1ed1ng c\u00f3 c\u1ed3n<\/td>\n<\/tr>\n<tr>\n<td>X\u00e9t nghi\u1ec7m hormone k\u00edch th\u00edch tuy\u1ebfn gi\u00e1p<\/td>\n<td>\u2013 \u0110\u1ec3 \u0111o l\u01b0\u1ee3ng hormone k\u00edch th\u00edch tuy\u1ebfn gi\u00e1p c\u00f3 trong m\u00e1u.<br \/>\n\u2013 \u0110\u1ec3 \u0111\u00e1nh gi\u00e1 t\u00ecnh tr\u1ea1ng ho\u1ea1t \u0111\u1ed9ng c\u1ee7a tuy\u1ebfn gi\u00e1p.<br \/>\n\u2013 \u0110\u1ec3 ch\u1ea9n \u0111o\u00e1n c\u00e1c t\u00ecnh tr\u1ea1ng r\u1ed3i lo\u1ea1n ch\u1ee9c n\u0103ng tuy\u1ebfn gi\u00e1p nh\u01b0 c\u01b0\u1eddng gi\u00e1p v\u00e0 suy gi\u00e1p.<br \/>\n\u2013 Gi\u00fap ph\u00e1t hi\u1ec7n s\u1edbm c\u00e1c r\u1ed1i lo\u1ea1n ch\u1ee9c n\u0103ng tuy\u1ebfn gi\u00e1p tr\u01b0\u1edbc khi c\u00f3 nh\u1eefng bi\u1ec3u hi\u1ec7n c\u1ee7a b\u1ec7nh<\/td>\n<\/tr>\n<tr>\n<td>X\u00e9t nghi\u1ec7m AXIT URIC<\/td>\n<td width=\"1016\">\u2013 X\u00e9t nghi\u1ec7m n\u00e0y \u0111\u01b0\u1ee3c th\u1ef1c hi\u1ec7n \u0111\u1ec3 \u0111o l\u01b0\u1ee3ng axit uric c\u00f3 trong m\u00e1u ho\u1eb7c trong n\u01b0\u1edbc ti\u1ec3u c\u1ee7a b\u1ea1n<br \/>\nAxit uric l\u00e0 m\u1ed9t ch\u1ea5t th\u1ea3i th\u00f4ng th\u01b0\u1eddng \u0111\u01b0\u1ee3c t\u1ea1o ra khi c\u01a1 th\u1ec3 ph\u00e1 v\u1ee1 c\u00e1c h\u00f3a ch\u1ea5t g\u1ecdi l\u00e0 purin. N\u1ebfu c\u01a1 th\u1ec3 b\u1ea1n t\u1ea1o ra qu\u00e1 nhi\u1ec1u axit uric ho\u1eb7c kh\u00f4ng gi\u1ea3i ph\u00f3ng \u0111\u1ee7 v\u00e0o n\u01b0\u1edbc ti\u1ec3u, n\u00f3 c\u00f3 th\u1ec3 t\u1ea1o ra c\u00e1c tinh th\u1ec3 h\u00ecnh th\u00e0nh trong kh\u1edbp c\u1ee7a b\u1ea1n.<br \/>\n\u2013 Gi\u00fap ch\u1ea9n \u0111o\u00e1n b\u1ec7nh g\u00fat<br \/>\n\u2013 Gi\u00fap t\u00ecm ra nguy\u00ean nh\u00e2n th\u01b0\u1eddng g\u00e2y s\u1ecfi th\u1eadn<\/td>\n<\/tr>\n<tr>\n<td>X\u00e9t nghi\u1ec7m CRP<\/td>\n<td>\u2013 X\u00e9t nghi\u1ec7m CRP gi\u00fap \u0111\u00e1nh gi\u00e1 m\u1ee9c \u0111\u1ed9 vi\u00eam v\u00e0 theo d\u00f5i \u0111\u00e1p \u1ee9ng \u0111i\u1ec1u tr\u1ecb c\u1ee7a c\u00e1c b\u1ec7nh l\u00fd nhi\u1ec5m tr\u00f9ng<\/td>\n<\/tr>\n<tr>\n<td>X\u00e9t nghi\u1ec7m T\u1ed5ng ph\u00e2n t\u00edch n\u01b0\u1edbc ti\u1ec3u<\/td>\n<td width=\"1016\">\u2013 X\u00e9t nghi\u1ec7m n\u01b0\u1edbc ti\u1ec3u th\u1ef1c hi\u1ec7n \u0111\u1ec3 t\u00ecm ra c\u00e1c b\u1ea5t th\u01b0\u1eddng m\u1ed9t l\u01b0\u1ee3ng d\u01b0 th\u1eeba protein, m\u00e1u, m\u1ee7, vi khu\u1ea9n v\u00e0 \u0111\u01b0\u1eddng.<br \/>\n\u2013 C\u00f3 th\u1ec3 gi\u00fap ph\u00e1t hi\u1ec7n m\u1ed9t lo\u1ea1t c\u00e1c r\u1ed1i lo\u1ea1n v\u1ec1 th\u1eadn v\u00e0 \u0111\u01b0\u1eddng ti\u1ebft ni\u1ec7u, bao g\u1ed3m b\u1ec7nh th\u1eadn m\u00e3n t\u00ednh,\u00a0 ti\u1ec3u \u0111\u01b0\u1eddng, nhi\u1ec5m tr\u00f9ng b\u00e0ng quang v\u00e0 s\u1ecfi th\u1eadn<\/td>\n<\/tr>\n<tr>\n<td>Si\u00eau \u00e2m tim<\/td>\n<td width=\"1016\">\u2013 Si\u00eau \u00e2m tim, \u0111\u1ec3 cho th\u1ea5y s\u1ef1 ho\u1ea1t \u0111\u1ed9ng c\u1ee7a c\u01a1 tim v\u00e0 van c\u1ee7a b\u1ea1n.<br \/>\n\u2013 \u0110\u1ec3 ph\u00e1t hi\u1ec7n b\u1ec7nh tim v\u00e0 b\u1ec7nh gan tim<\/td>\n<\/tr>\n<tr>\n<td>Si\u00eau \u00e2m \u0111\u1ed9ng m\u1ea1ch c\u1ea3nh<\/td>\n<td width=\"1016\">\u2013 M\u1ee5c \u0111\u00edch ch\u00ednh c\u1ee7a m\u1ed9t si\u00eau \u00e2m doppler \u0111\u1ed9ng m\u1ea1ch c\u1ea3nh l\u00e0 t\u1ea1o ra h\u00ecnh \u1ea3nh cho th\u1ea5y s\u1ef1 thu h\u1eb9p c\u1ee7a \u0111\u1ed9ng m\u1ea1ch c\u1ea3nh c\u00f3 t\u0103ng nguy c\u01a1 \u0111\u1ed9t qu\u1ef5.<br \/>\nThu h\u1eb9p th\u01b0\u1eddng \u0111\u01b0\u1ee3c g\u00e2y ra b\u1edfi c\u00e1c m\u1ea3ng b\u00e1m \u2013 m\u1ed9t s\u1ef1 t\u00edch t\u1ee5 c\u1ee7a ch\u1ea5t b\u00e9o cholesterol, canxi v\u00e0 c\u00e1c ch\u1ea5t l\u01b0u th\u00f4ng trong m\u00e1u. Ph\u00e1t hi\u1ec7n s\u1edbm thu h\u1eb9p \u0111\u1ed9ng m\u1ea1ch c\u1ea3nh cho ph\u00e9p b\u00e1c s\u0129 b\u1eaft \u0111\u1ea7u \u0111i\u1ec1u tr\u1ecb \u0111\u1ec3 c\u1ea3i thi\u1ec7n l\u01b0u l\u01b0\u1ee3ng m\u00e1u \u0111\u1ebfn n\u00e3o v\u00e0 gi\u1ea3m nguy c\u01a1 \u0111\u1ed9t qu\u1ef5<\/td>\n<\/tr>\n<tr>\n<td>Kh\u00e1m &amp; t\u01b0 v\u1ea5n<\/td>\n<td>\u2013 Kh\u00e1m v\u00e0 t\u01b0 v\u1ea5n, th\u1ef1c hi\u1ec7n c\u00e1c t\u1ea7m so\u00e1t<\/td>\n<\/tr>\n<\/tbody>\n<\/table>\n","protected":false},"excerpt":{"rendered":"<p>\u0110\u1ed9t qu\u1ef5 c\u00f3 th\u1ec3 t\u1ea5n c\u00f4ng s\u1ee9c kh\u1ecfe c\u1ee7a b\u1ea1n m\u1ed9t c\u00e1ch ng\u1eabu nhi\u00ean v\u00e0 \u0111\u00f4i khi kh\u00f4ng c\u00f3 d\u1ea5u hi\u1ec7u b\u00e1o tr\u01b0\u1edbc n\u00e0o. C\u00f3 m\u1ed9t s\u1ed1 \u0111\u1ed1i t\u01b0\u1ee3ng \u0111\u00e3 \u0111\u01b0\u1ee3c nghi\u00ean c\u1ee9u ch\u1ee9ng minh l\u00e0 s\u1ebd c\u00f3 nguy c\u01a1 cao h\u01a1n ng\u01b0\u1eddi h\u00ecnh th\u01b0\u1eddng nh\u01b0: ng\u01b0\u1eddi b\u1ecb cao huy\u1ebft \u00e1p, \u0111\u00e1i th\u00e1o \u0111\u01b0\u1eddng, Cholesterol cao, ng\u01b0\u1eddi c\u00f3 b\u1ec7nh l\u00fd v\u1ec1 tim m\u1ea1ch, h\u00fat thu\u1ed1c l\u00e1, ti\u1ec1n s\u1eed gia \u0111\u00ecnh c\u00f3 nguy c\u01a1 \u0111\u1ed9t qu\u1ef5&#8230;<\/p>\n","protected":false},"featured_media":23658,"template":"","meta":[],"product_brand":[],"product_cat":[1715],"product_tag":[1808,1878],"class_list":{"0":"post-18117","1":"product","2":"type-product","3":"status-publish","4":"has-post-thumbnail","6":"product_cat-goi-cham-soc-suc-khoe-tim-mach","7":"product_tag-sieu-uu-dai-kham-gio-vang","8":"product_tag-tuan-le-suc-khoe-cua-toi","10":"first","11":"instock","12":"shipping-taxable","13":"purchasable","14":"product-type-variable"},"_links":{"self":[{"href":"https:\/\/victoriavn.com\/khamtongquat\/wp-json\/wp\/v2\/product\/18117","targetHints":{"allow":["GET"]}}],"collection":[{"href":"https:\/\/victoriavn.com\/khamtongquat\/wp-json\/wp\/v2\/product"}],"about":[{"href":"https:\/\/victoriavn.com\/khamtongquat\/wp-json\/wp\/v2\/types\/product"}],"wp:featuredmedia":[{"embeddable":true,"href":"https:\/\/victoriavn.com\/khamtongquat\/wp-json\/wp\/v2\/media\/23658"}],"wp:attachment":[{"href":"https:\/\/victoriavn.com\/khamtongquat\/wp-json\/wp\/v2\/media?parent=18117"}],"wp:term":[{"taxonomy":"product_brand","embeddable":true,"href":"https:\/\/victoriavn.com\/khamtongquat\/wp-json\/wp\/v2\/product_brand?post=18117"},{"taxonomy":"product_cat","embeddable":true,"href":"https:\/\/victoriavn.com\/khamtongquat\/wp-json\/wp\/v2\/product_cat?post=18117"},{"taxonomy":"product_tag","embeddable":true,"href":"https:\/\/victoriavn.com\/khamtongquat\/wp-json\/wp\/v2\/product_tag?post=18117"}],"curies":[{"name":"wp","href":"https:\/\/api.w.org\/{rel}","templated":true}]}}