{"id":14656,"date":"2020-10-03T20:35:56","date_gmt":"2020-10-03T13:35:56","guid":{"rendered":"https:\/\/victoriavn.com\/khamtongquat\/?post_type=product&#038;p=14656"},"modified":"2020-10-05T18:13:56","modified_gmt":"2020-10-05T11:13:56","slug":"50-goi-xet-nghiem-gene-tam-soat-ung-thu-di-truyen-o-nu-ung-thu-vu-ung-thu-tu-cung-ung-thu-ctc-ung-thu-buong-trung-con-1-750-000-vnd","status":"publish","type":"product","link":"https:\/\/victoriavn.com\/khamtongquat\/san-pham\/50-goi-xet-nghiem-gene-tam-soat-ung-thu-di-truyen-o-nu-ung-thu-vu-ung-thu-tu-cung-ung-thu-ctc-ung-thu-buong-trung-con-1-750-000-vnd\/","title":{"rendered":"50% g\u00f3i x\u00e9t nghi\u1ec7m Gene t\u1ea7m so\u00e1t ung th\u01b0 di truy\u1ec1n \u1edf N\u1eef (Ung th\u01b0 v\u00fa, ung th\u01b0 t\u1eed cung, ung th\u01b0 CTC, ung th\u01b0 bu\u1ed3ng tr\u1ee9ng) c\u00f2n 1.750.000 vn\u0111"},"content":{"rendered":"<p><strong>L\u01b0u \u00fd: S\u1ea3n ph\u1ea9m t\u1eb7ng kh\u00f4ng kinh doanh<br \/>\n<\/strong>\u0110\u1ec3 \u0111\u01b0\u1ee3c h\u1ed7 tr\u1ee3 th\u00eam, xin vui l\u00f2ng li\u00ean h\u1ec7: Hotline: 028 39104545<\/p>\n","protected":false},"excerpt":{"rendered":"<p><strong>L\u01b0u \u00fd: S\u1ea3n ph\u1ea9m t\u1eb7ng kh\u00f4ng kinh doanh<br \/>\n<\/strong>\u0110\u1ec3 \u0111\u01b0\u1ee3c h\u1ed7 tr\u1ee3 th\u00eam, xin vui l\u00f2ng li\u00ean h\u1ec7: Hotline: 028 39104545<\/p>\n","protected":false},"featured_media":12089,"template":"","meta":[],"product_brand":[],"product_cat":[1728],"product_tag":[],"class_list":{"0":"post-14656","1":"product","2":"type-product","3":"status-publish","4":"has-post-thumbnail","6":"product_cat-voucher-gift","8":"first","9":"instock","10":"shipping-taxable","11":"purchasable","12":"product-type-simple"},"_links":{"self":[{"href":"https:\/\/victoriavn.com\/khamtongquat\/wp-json\/wp\/v2\/product\/14656","targetHints":{"allow":["GET"]}}],"collection":[{"href":"https:\/\/victoriavn.com\/khamtongquat\/wp-json\/wp\/v2\/product"}],"about":[{"href":"https:\/\/victoriavn.com\/khamtongquat\/wp-json\/wp\/v2\/types\/product"}],"wp:featuredmedia":[{"embeddable":true,"href":"https:\/\/victoriavn.com\/khamtongquat\/wp-json\/wp\/v2\/media\/12089"}],"wp:attachment":[{"href":"https:\/\/victoriavn.com\/khamtongquat\/wp-json\/wp\/v2\/media?parent=14656"}],"wp:term":[{"taxonomy":"product_brand","embeddable":true,"href":"https:\/\/victoriavn.com\/khamtongquat\/wp-json\/wp\/v2\/product_brand?post=14656"},{"taxonomy":"product_cat","embeddable":true,"href":"https:\/\/victoriavn.com\/khamtongquat\/wp-json\/wp\/v2\/product_cat?post=14656"},{"taxonomy":"product_tag","embeddable":true,"href":"https:\/\/victoriavn.com\/khamtongquat\/wp-json\/wp\/v2\/product_tag?post=14656"}],"curies":[{"name":"wp","href":"https:\/\/api.w.org\/{rel}","templated":true}]}}