{"id":13695,"date":"2020-08-31T22:19:03","date_gmt":"2020-08-31T15:19:03","guid":{"rendered":"https:\/\/victoriavn.com\/khamtongquat\/?post_type=product&#038;p=13695"},"modified":"2025-01-01T20:05:07","modified_gmt":"2025-01-01T13:05:07","slug":"do-loang-xuong-bang-ky-thuat-dexa","status":"publish","type":"product","link":"https:\/\/victoriavn.com\/khamtongquat\/san-pham\/do-loang-xuong-bang-ky-thuat-dexa\/","title":{"rendered":"Ch\u1ee5p lo\u00e3ng x\u01b0\u01a1ng to\u00e0n th\u00e2n b\u1eb1ng k\u1ef9 thu\u1eadt DEXA"},"content":{"rendered":"<p>Ch\u1ee5p lo\u00e3ng x\u01b0\u01a1ng to\u00e0n th\u00e2n b\u1eb1ng k\u1ef9 thu\u1eadt DEXA (Dual-Energy X-ray Absorptiometry) l\u00e0 m\u1ed9t ph\u01b0\u01a1ng ph\u00e1p ch\u1ea9n \u0111o\u00e1n y t\u1ebf \u0111\u01b0\u1ee3c s\u1eed d\u1ee5ng \u0111\u1ec3 \u0111\u00e1nh gi\u00e1 s\u1ef1 m\u1ea5t m\u00e1t kho\u00e1ng ch\u1ea5t v\u00e0 lo\u00e3ng x\u01b0\u01a1ng \u1edf ng\u01b0\u1eddi. \u0110\u00e2y l\u00e0 m\u1ed9t ph\u01b0\u01a1ng ph\u00e1p quan tr\u1ecdng \u0111\u1ec3 x\u00e1c \u0111\u1ecbnh r\u1ee7i ro v\u00e0 ch\u1ea9n \u0111o\u00e1n lo\u00e3ng x\u01b0\u01a1ng, m\u1ed9t t\u00ecnh tr\u1ea1ng t\u00e2m l\u00fd b\u00ecnh th\u01b0\u1eddng li\u00ean quan \u0111\u1ebfn vi\u1ec7c gi\u1ea3m m\u1eadt \u0111\u1ed9 x\u01b0\u01a1ng v\u00e0 l\u00e0m cho x\u01b0\u01a1ng tr\u1edf n\u00ean y\u1ebfu h\u01a1n, d\u1ec5 g\u00e3y.<\/p>\n<p>\u0110\u1ec3 \u0111\u01b0\u1ee3c h\u1ed7 tr\u1ee3 th\u00eam, xin vui l\u00f2ng li\u00ean h\u1ec7: <strong>Hotline: 028 39104545<\/strong><\/p>\n","protected":false},"excerpt":{"rendered":"<p>Ch\u1ee5p lo\u00e3ng x\u01b0\u01a1ng to\u00e0n th\u00e2n b\u1eb1ng k\u1ef9 thu\u1eadt DEXA (Dual-Energy X-ray Absorptiometry) l\u00e0 m\u1ed9t ph\u01b0\u01a1ng ph\u00e1p ch\u1ea9n \u0111o\u00e1n y t\u1ebf \u0111\u01b0\u1ee3c s\u1eed d\u1ee5ng \u0111\u1ec3 \u0111\u00e1nh gi\u00e1 s\u1ef1 m\u1ea5t m\u00e1t kho\u00e1ng ch\u1ea5t v\u00e0 lo\u00e3ng x\u01b0\u01a1ng \u1edf ng\u01b0\u1eddi. \u0110\u00e2y l\u00e0 m\u1ed9t ph\u01b0\u01a1ng ph\u00e1p quan tr\u1ecdng \u0111\u1ec3 x\u00e1c \u0111\u1ecbnh r\u1ee7i ro v\u00e0 ch\u1ea9n \u0111o\u00e1n lo\u00e3ng x\u01b0\u01a1ng, m\u1ed9t t\u00ecnh tr\u1ea1ng t\u00e2m l\u00fd b\u00ecnh th\u01b0\u1eddng li\u00ean quan \u0111\u1ebfn vi\u1ec7c gi\u1ea3m m\u1eadt \u0111\u1ed9 x\u01b0\u01a1ng v\u00e0 l\u00e0m cho x\u01b0\u01a1ng tr\u1edf n\u00ean y\u1ebfu h\u01a1n, d\u1ec5 g\u00e3y.<\/p>\n<p>\u0110\u1ec3 \u0111\u01b0\u1ee3c h\u1ed7 tr\u1ee3 th\u00eam, xin vui l\u00f2ng li\u00ean h\u1ec7: <strong>Hotline: 028 39104545<\/strong><\/p>\n","protected":false},"featured_media":24236,"template":"","meta":[],"product_brand":[],"product_cat":[1875],"product_tag":[],"class_list":{"0":"post-13695","1":"product","2":"type-product","3":"status-publish","4":"has-post-thumbnail","6":"product_cat-goi-danh-gia-chuc-nang","8":"first","9":"instock","10":"shipping-taxable","11":"purchasable","12":"product-type-variable"},"_links":{"self":[{"href":"https:\/\/victoriavn.com\/khamtongquat\/wp-json\/wp\/v2\/product\/13695","targetHints":{"allow":["GET"]}}],"collection":[{"href":"https:\/\/victoriavn.com\/khamtongquat\/wp-json\/wp\/v2\/product"}],"about":[{"href":"https:\/\/victoriavn.com\/khamtongquat\/wp-json\/wp\/v2\/types\/product"}],"wp:featuredmedia":[{"embeddable":true,"href":"https:\/\/victoriavn.com\/khamtongquat\/wp-json\/wp\/v2\/media\/24236"}],"wp:attachment":[{"href":"https:\/\/victoriavn.com\/khamtongquat\/wp-json\/wp\/v2\/media?parent=13695"}],"wp:term":[{"taxonomy":"product_brand","embeddable":true,"href":"https:\/\/victoriavn.com\/khamtongquat\/wp-json\/wp\/v2\/product_brand?post=13695"},{"taxonomy":"product_cat","embeddable":true,"href":"https:\/\/victoriavn.com\/khamtongquat\/wp-json\/wp\/v2\/product_cat?post=13695"},{"taxonomy":"product_tag","embeddable":true,"href":"https:\/\/victoriavn.com\/khamtongquat\/wp-json\/wp\/v2\/product_tag?post=13695"}],"curies":[{"name":"wp","href":"https:\/\/api.w.org\/{rel}","templated":true}]}}