{"id":13693,"date":"2020-08-31T22:18:11","date_gmt":"2020-08-31T15:18:11","guid":{"rendered":"https:\/\/victoriavn.com\/khamtongquat\/?post_type=product&#038;p=13693"},"modified":"2025-01-01T20:05:05","modified_gmt":"2025-01-01T13:05:05","slug":"do-thinh-luc","status":"publish","type":"product","link":"https:\/\/victoriavn.com\/khamtongquat\/san-pham\/do-thinh-luc\/","title":{"rendered":"\u0110o ch\u1ee9c n\u0103ng th\u00ednh l\u1ef1c"},"content":{"rendered":"<p>\u0110o ch\u1ee9c n\u0103ng th\u00ednh l\u1ef1c l\u00e0 m\u1ed9t lo\u1ea1t c\u00e1c ki\u1ec3m tra v\u00e0 x\u00e9t nghi\u1ec7m \u0111\u01b0\u1ee3c th\u1ef1c hi\u1ec7n \u0111\u1ec3 \u0111\u00e1nh gi\u00e1 v\u00e0 \u0111o l\u01b0\u1eddng kh\u1ea3 n\u0103ng ng\u01b0\u1eddi c\u00f3 th\u00ednh l\u1ef1c ho\u1ea1t \u0111\u1ed9ng b\u00ecnh th\u01b0\u1eddng hay kh\u00f4ng. Qu\u00e1 tr\u00ecnh n\u00e0y nh\u1eb1m x\u00e1c \u0111\u1ecbnh c\u00e1c v\u1ea5n \u0111\u1ec1 v\u1ec1 th\u00ednh l\u1ef1c v\u00e0 gi\u00fap x\u00e1c \u0111\u1ecbnh li\u1ec7u c\u1ea7n c\u00f3 bi\u1ec7n ph\u00e1p \u0111i\u1ec1u tr\u1ecb hay kh\u00f4ng.<\/p>\n<p>\u0110\u1ec3 \u0111\u01b0\u1ee3c h\u1ed7 tr\u1ee3 th\u00eam, xin vui l\u00f2ng li\u00ean h\u1ec7: <strong>Hotline: 028 39104545<\/strong><\/p>\n","protected":false},"excerpt":{"rendered":"<p>\u0110o ch\u1ee9c n\u0103ng th\u00ednh l\u1ef1c l\u00e0 m\u1ed9t lo\u1ea1t c\u00e1c ki\u1ec3m tra v\u00e0 x\u00e9t nghi\u1ec7m \u0111\u01b0\u1ee3c th\u1ef1c hi\u1ec7n \u0111\u1ec3 \u0111\u00e1nh gi\u00e1 v\u00e0 \u0111o l\u01b0\u1eddng kh\u1ea3 n\u0103ng ng\u01b0\u1eddi c\u00f3 th\u00ednh l\u1ef1c ho\u1ea1t \u0111\u1ed9ng b\u00ecnh th\u01b0\u1eddng hay kh\u00f4ng. Qu\u00e1 tr\u00ecnh n\u00e0y nh\u1eb1m x\u00e1c \u0111\u1ecbnh c\u00e1c v\u1ea5n \u0111\u1ec1 v\u1ec1 th\u00ednh l\u1ef1c v\u00e0 gi\u00fap x\u00e1c \u0111\u1ecbnh li\u1ec7u c\u1ea7n c\u00f3 bi\u1ec7n ph\u00e1p \u0111i\u1ec1u tr\u1ecb hay kh\u00f4ng.<\/p>\n<p>\u0110\u1ec3 \u0111\u01b0\u1ee3c h\u1ed7 tr\u1ee3 th\u00eam, xin vui l\u00f2ng li\u00ean h\u1ec7: <strong>Hotline: 028 39104545<\/strong><\/p>\n","protected":false},"featured_media":24243,"template":"","meta":[],"product_brand":[],"product_cat":[1875],"product_tag":[],"class_list":{"0":"post-13693","1":"product","2":"type-product","3":"status-publish","4":"has-post-thumbnail","6":"product_cat-goi-danh-gia-chuc-nang","8":"first","9":"instock","10":"shipping-taxable","11":"purchasable","12":"product-type-variable"},"_links":{"self":[{"href":"https:\/\/victoriavn.com\/khamtongquat\/wp-json\/wp\/v2\/product\/13693","targetHints":{"allow":["GET"]}}],"collection":[{"href":"https:\/\/victoriavn.com\/khamtongquat\/wp-json\/wp\/v2\/product"}],"about":[{"href":"https:\/\/victoriavn.com\/khamtongquat\/wp-json\/wp\/v2\/types\/product"}],"wp:featuredmedia":[{"embeddable":true,"href":"https:\/\/victoriavn.com\/khamtongquat\/wp-json\/wp\/v2\/media\/24243"}],"wp:attachment":[{"href":"https:\/\/victoriavn.com\/khamtongquat\/wp-json\/wp\/v2\/media?parent=13693"}],"wp:term":[{"taxonomy":"product_brand","embeddable":true,"href":"https:\/\/victoriavn.com\/khamtongquat\/wp-json\/wp\/v2\/product_brand?post=13693"},{"taxonomy":"product_cat","embeddable":true,"href":"https:\/\/victoriavn.com\/khamtongquat\/wp-json\/wp\/v2\/product_cat?post=13693"},{"taxonomy":"product_tag","embeddable":true,"href":"https:\/\/victoriavn.com\/khamtongquat\/wp-json\/wp\/v2\/product_tag?post=13693"}],"curies":[{"name":"wp","href":"https:\/\/api.w.org\/{rel}","templated":true}]}}