{"id":13689,"date":"2020-08-31T22:14:45","date_gmt":"2020-08-31T15:14:45","guid":{"rendered":"https:\/\/victoriavn.com\/khamtongquat\/?post_type=product&#038;p=13689"},"modified":"2025-01-01T20:05:10","modified_gmt":"2025-01-01T13:05:10","slug":"do-chuc-nang-ho-hap","status":"publish","type":"product","link":"https:\/\/victoriavn.com\/khamtongquat\/san-pham\/do-chuc-nang-ho-hap\/","title":{"rendered":"\u0110o ch\u1ee9c n\u0103ng h\u00f4 h\u1ea5p"},"content":{"rendered":"<p>\u0110o ch\u1ee9c n\u0103ng h\u00f4 h\u1ea5p l\u00e0 m\u1ed9t ph\u1ea7n quan tr\u1ecdng trong l\u0129nh v\u1ef1c y t\u1ebf \u0111\u01b0\u1ee3c s\u1eed d\u1ee5ng \u0111\u1ec3 \u0111\u00e1nh gi\u00e1 v\u00e0 theo d\u00f5i kh\u1ea3 n\u0103ng c\u1ee7a h\u1ec7 h\u00f4 h\u1ea5p c\u1ee7a m\u1ed9t ng\u01b0\u1eddi ho\u1eb7c m\u1ed9t b\u1ec7nh nh\u00e2n. Qu\u00e1 tr\u00ecnh n\u00e0y nh\u1eb1m \u0111o l\u01b0\u1eddng kh\u1ea3 n\u0103ng h\u00f4 h\u1ea5p, trao \u0111\u1ed5i kh\u00ed qua ph\u1ed5i, v\u00e0 ph\u00e1t hi\u1ec7n s\u1ef1 kh\u00f4ng b\u00ecnh th\u01b0\u1eddng trong ch\u1ee9c n\u0103ng h\u00f4 h\u1ea5p.<\/p>\n<p>\u0110\u1ec3 \u0111\u01b0\u1ee3c h\u1ed7 tr\u1ee3 th\u00eam, xin vui l\u00f2ng li\u00ean h\u1ec7: <strong>Hotline: 028 39104545<\/strong><\/p>\n","protected":false},"excerpt":{"rendered":"<p>\u0110o ch\u1ee9c n\u0103ng h\u00f4 h\u1ea5p l\u00e0 m\u1ed9t ph\u1ea7n quan tr\u1ecdng trong l\u0129nh v\u1ef1c y t\u1ebf \u0111\u01b0\u1ee3c s\u1eed d\u1ee5ng \u0111\u1ec3 \u0111\u00e1nh gi\u00e1 v\u00e0 theo d\u00f5i kh\u1ea3 n\u0103ng c\u1ee7a h\u1ec7 h\u00f4 h\u1ea5p c\u1ee7a m\u1ed9t ng\u01b0\u1eddi ho\u1eb7c m\u1ed9t b\u1ec7nh nh\u00e2n. Qu\u00e1 tr\u00ecnh n\u00e0y nh\u1eb1m \u0111o l\u01b0\u1eddng kh\u1ea3 n\u0103ng h\u00f4 h\u1ea5p, trao \u0111\u1ed5i kh\u00ed qua ph\u1ed5i, v\u00e0 ph\u00e1t hi\u1ec7n s\u1ef1 kh\u00f4ng b\u00ecnh th\u01b0\u1eddng trong ch\u1ee9c n\u0103ng h\u00f4 h\u1ea5p.<\/p>\n<p>\u0110\u1ec3 \u0111\u01b0\u1ee3c h\u1ed7 tr\u1ee3 th\u00eam, xin vui l\u00f2ng li\u00ean h\u1ec7: <strong>Hotline: 028 39104545<\/strong><\/p>\n","protected":false},"featured_media":24241,"template":"","meta":[],"product_brand":[],"product_cat":[1875],"product_tag":[],"class_list":{"0":"post-13689","1":"product","2":"type-product","3":"status-publish","4":"has-post-thumbnail","6":"product_cat-goi-danh-gia-chuc-nang","8":"first","9":"instock","10":"shipping-taxable","11":"purchasable","12":"product-type-variable"},"_links":{"self":[{"href":"https:\/\/victoriavn.com\/khamtongquat\/wp-json\/wp\/v2\/product\/13689","targetHints":{"allow":["GET"]}}],"collection":[{"href":"https:\/\/victoriavn.com\/khamtongquat\/wp-json\/wp\/v2\/product"}],"about":[{"href":"https:\/\/victoriavn.com\/khamtongquat\/wp-json\/wp\/v2\/types\/product"}],"wp:featuredmedia":[{"embeddable":true,"href":"https:\/\/victoriavn.com\/khamtongquat\/wp-json\/wp\/v2\/media\/24241"}],"wp:attachment":[{"href":"https:\/\/victoriavn.com\/khamtongquat\/wp-json\/wp\/v2\/media?parent=13689"}],"wp:term":[{"taxonomy":"product_brand","embeddable":true,"href":"https:\/\/victoriavn.com\/khamtongquat\/wp-json\/wp\/v2\/product_brand?post=13689"},{"taxonomy":"product_cat","embeddable":true,"href":"https:\/\/victoriavn.com\/khamtongquat\/wp-json\/wp\/v2\/product_cat?post=13689"},{"taxonomy":"product_tag","embeddable":true,"href":"https:\/\/victoriavn.com\/khamtongquat\/wp-json\/wp\/v2\/product_tag?post=13689"}],"curies":[{"name":"wp","href":"https:\/\/api.w.org\/{rel}","templated":true}]}}