{"id":13682,"date":"2020-08-31T21:47:55","date_gmt":"2020-08-31T14:47:55","guid":{"rendered":"https:\/\/victoriavn.com\/khamtongquat\/?post_type=product&#038;p=13682"},"modified":"2020-08-31T21:50:24","modified_gmt":"2020-08-31T14:50:24","slug":"tui-rut-the-thao-hoac-gau-bong-bac-si-victoria","status":"publish","type":"product","link":"https:\/\/victoriavn.com\/khamtongquat\/san-pham\/tui-rut-the-thao-hoac-gau-bong-bac-si-victoria\/","title":{"rendered":"T\u00fai r\u00fat th\u1ec3 thao ho\u1eb7c g\u1ea5u b\u00f4ng b\u00e1c s\u0129 Victoria"},"content":{"rendered":"<p><strong>L\u01b0u \u00fd: S\u1ea3n ph\u1ea9m t\u1eb7ng kh\u00f4ng kinh doanh<br \/>\n<\/strong>\u0110\u1ec3 \u0111\u01b0\u1ee3c h\u1ed7 tr\u1ee3 th\u00eam, xin vui l\u00f2ng li\u00ean h\u1ec7: Hotline: 028 39104545<\/p>\n","protected":false},"excerpt":{"rendered":"<p><strong>L\u01b0u \u00fd: S\u1ea3n ph\u1ea9m t\u1eb7ng kh\u00f4ng kinh doanh<br \/>\n<\/strong>\u0110\u1ec3 \u0111\u01b0\u1ee3c h\u1ed7 tr\u1ee3 th\u00eam, xin vui l\u00f2ng li\u00ean h\u1ec7: Hotline: 028 39104545<\/p>\n","protected":false},"featured_media":12089,"template":"","meta":[],"product_brand":[],"product_cat":[1728],"product_tag":[],"class_list":{"0":"post-13682","1":"product","2":"type-product","3":"status-publish","4":"has-post-thumbnail","6":"product_cat-voucher-gift","8":"first","9":"instock","10":"shipping-taxable","11":"purchasable","12":"product-type-simple"},"_links":{"self":[{"href":"https:\/\/victoriavn.com\/khamtongquat\/wp-json\/wp\/v2\/product\/13682","targetHints":{"allow":["GET"]}}],"collection":[{"href":"https:\/\/victoriavn.com\/khamtongquat\/wp-json\/wp\/v2\/product"}],"about":[{"href":"https:\/\/victoriavn.com\/khamtongquat\/wp-json\/wp\/v2\/types\/product"}],"wp:featuredmedia":[{"embeddable":true,"href":"https:\/\/victoriavn.com\/khamtongquat\/wp-json\/wp\/v2\/media\/12089"}],"wp:attachment":[{"href":"https:\/\/victoriavn.com\/khamtongquat\/wp-json\/wp\/v2\/media?parent=13682"}],"wp:term":[{"taxonomy":"product_brand","embeddable":true,"href":"https:\/\/victoriavn.com\/khamtongquat\/wp-json\/wp\/v2\/product_brand?post=13682"},{"taxonomy":"product_cat","embeddable":true,"href":"https:\/\/victoriavn.com\/khamtongquat\/wp-json\/wp\/v2\/product_cat?post=13682"},{"taxonomy":"product_tag","embeddable":true,"href":"https:\/\/victoriavn.com\/khamtongquat\/wp-json\/wp\/v2\/product_tag?post=13682"}],"curies":[{"name":"wp","href":"https:\/\/api.w.org\/{rel}","templated":true}]}}