{"id":13677,"date":"2020-08-31T21:41:22","date_gmt":"2020-08-31T14:41:22","guid":{"rendered":"https:\/\/victoriavn.com\/khamtongquat\/?post_type=product&#038;p=13677"},"modified":"2020-08-31T21:42:27","modified_gmt":"2020-08-31T14:42:27","slug":"voucher-uu-dai-15-xet-nghiem-su-dung-cung-goi-kham","status":"publish","type":"product","link":"https:\/\/victoriavn.com\/khamtongquat\/san-pham\/voucher-uu-dai-15-xet-nghiem-su-dung-cung-goi-kham\/","title":{"rendered":"VOUCHER \u01afU \u0110\u00c3I 15% &#8211; X\u00e9t nghi\u1ec7m s\u1eed d\u1ee5ng c\u00f9ng g\u00f3i kh\u00e1m"},"content":{"rendered":"<p><strong>VOUCHER \u01afU \u0110\u00c3I 15% &#8211; X\u00e9t nghi\u1ec7m s\u1eed d\u1ee5ng c\u00f9ng g\u00f3i kh\u00e1m v\u00e0 nh\u1eefng l\u01b0u \u00fd nh\u01b0 sau:<\/strong><\/p>\n<p><strong><span style=\"color: #ed1c24;\">L\u01b0u \u00fd: S\u1ea3n ph\u1ea9m t\u1eb7ng kh\u00f4ng kinh doanh<\/span><\/strong><\/p>\n<p><em>\u0110\u1ec3 \u0111\u01b0\u1ee3c h\u1ed7 tr\u1ee3 th\u00eam, xin vui l\u00f2ng li\u00ean h\u1ec7: <\/em><strong>Hotline: 028 39104545<\/strong><\/p>\n","protected":false},"excerpt":{"rendered":"<p><strong><span style=\"color: #ed1c24;\">L\u01b0u \u00fd: S\u1ea3n ph\u1ea9m t\u1eb7ng kh\u00f4ng kinh doanh<br \/>\n<\/span><\/strong>\u0110\u1ec3 \u0111\u01b0\u1ee3c h\u1ed7 tr\u1ee3 th\u00eam, xin vui l\u00f2ng li\u00ean h\u1ec7: Hotline: 028 39104545<\/p>\n","protected":false},"featured_media":12089,"template":"","meta":[],"product_brand":[],"product_cat":[1728],"product_tag":[],"class_list":{"0":"post-13677","1":"product","2":"type-product","3":"status-publish","4":"has-post-thumbnail","6":"product_cat-voucher-gift","8":"first","9":"instock","10":"shipping-taxable","11":"purchasable","12":"product-type-simple"},"_links":{"self":[{"href":"https:\/\/victoriavn.com\/khamtongquat\/wp-json\/wp\/v2\/product\/13677","targetHints":{"allow":["GET"]}}],"collection":[{"href":"https:\/\/victoriavn.com\/khamtongquat\/wp-json\/wp\/v2\/product"}],"about":[{"href":"https:\/\/victoriavn.com\/khamtongquat\/wp-json\/wp\/v2\/types\/product"}],"wp:featuredmedia":[{"embeddable":true,"href":"https:\/\/victoriavn.com\/khamtongquat\/wp-json\/wp\/v2\/media\/12089"}],"wp:attachment":[{"href":"https:\/\/victoriavn.com\/khamtongquat\/wp-json\/wp\/v2\/media?parent=13677"}],"wp:term":[{"taxonomy":"product_brand","embeddable":true,"href":"https:\/\/victoriavn.com\/khamtongquat\/wp-json\/wp\/v2\/product_brand?post=13677"},{"taxonomy":"product_cat","embeddable":true,"href":"https:\/\/victoriavn.com\/khamtongquat\/wp-json\/wp\/v2\/product_cat?post=13677"},{"taxonomy":"product_tag","embeddable":true,"href":"https:\/\/victoriavn.com\/khamtongquat\/wp-json\/wp\/v2\/product_tag?post=13677"}],"curies":[{"name":"wp","href":"https:\/\/api.w.org\/{rel}","templated":true}]}}