{"id":13672,"date":"2020-08-31T21:21:54","date_gmt":"2020-08-31T14:21:54","guid":{"rendered":"https:\/\/victoriavn.com\/khamtongquat\/?post_type=product&#038;p=13672"},"modified":"2020-08-31T21:22:30","modified_gmt":"2020-08-31T14:22:30","slug":"uu-dai-voucher-200k-tam-soat-ung-thu-vom-hong-hoac-dieu-tri-da-bang-lazer","status":"publish","type":"product","link":"https:\/\/victoriavn.com\/khamtongquat\/san-pham\/uu-dai-voucher-200k-tam-soat-ung-thu-vom-hong-hoac-dieu-tri-da-bang-lazer\/","title":{"rendered":"\u01afu \u0111\u00e3i VOUCHER 200K t\u1ea7m so\u00e1t Ung th\u01b0 v\u00f2m h\u1ecdng ho\u1eb7c \u0111i\u1ec1u tr\u1ecb da b\u1eb1ng Lazer"},"content":{"rendered":"<p><strong>L\u01b0u \u00fd: S\u1ea3n ph\u1ea9m t\u1eb7ng kh\u00f4ng kinh doanh<br \/>\n<\/strong>\u0110\u1ec3 \u0111\u01b0\u1ee3c h\u1ed7 tr\u1ee3 th\u00eam, xin vui l\u00f2ng li\u00ean h\u1ec7: Hotline: 028 39104545<\/p>\n","protected":false},"excerpt":{"rendered":"<p><strong>L\u01b0u \u00fd: S\u1ea3n ph\u1ea9m t\u1eb7ng kh\u00f4ng kinh doanh<br \/>\n<\/strong>\u0110\u1ec3 \u0111\u01b0\u1ee3c h\u1ed7 tr\u1ee3 th\u00eam, xin vui l\u00f2ng li\u00ean h\u1ec7: Hotline: 028 39104545<\/p>\n","protected":false},"featured_media":12089,"template":"","meta":[],"product_brand":[],"product_cat":[1728],"product_tag":[],"class_list":{"0":"post-13672","1":"product","2":"type-product","3":"status-publish","4":"has-post-thumbnail","6":"product_cat-voucher-gift","8":"first","9":"instock","10":"shipping-taxable","11":"purchasable","12":"product-type-simple"},"_links":{"self":[{"href":"https:\/\/victoriavn.com\/khamtongquat\/wp-json\/wp\/v2\/product\/13672","targetHints":{"allow":["GET"]}}],"collection":[{"href":"https:\/\/victoriavn.com\/khamtongquat\/wp-json\/wp\/v2\/product"}],"about":[{"href":"https:\/\/victoriavn.com\/khamtongquat\/wp-json\/wp\/v2\/types\/product"}],"wp:featuredmedia":[{"embeddable":true,"href":"https:\/\/victoriavn.com\/khamtongquat\/wp-json\/wp\/v2\/media\/12089"}],"wp:attachment":[{"href":"https:\/\/victoriavn.com\/khamtongquat\/wp-json\/wp\/v2\/media?parent=13672"}],"wp:term":[{"taxonomy":"product_brand","embeddable":true,"href":"https:\/\/victoriavn.com\/khamtongquat\/wp-json\/wp\/v2\/product_brand?post=13672"},{"taxonomy":"product_cat","embeddable":true,"href":"https:\/\/victoriavn.com\/khamtongquat\/wp-json\/wp\/v2\/product_cat?post=13672"},{"taxonomy":"product_tag","embeddable":true,"href":"https:\/\/victoriavn.com\/khamtongquat\/wp-json\/wp\/v2\/product_tag?post=13672"}],"curies":[{"name":"wp","href":"https:\/\/api.w.org\/{rel}","templated":true}]}}