{"id":13229,"date":"2020-08-01T00:23:55","date_gmt":"2020-07-31T17:23:55","guid":{"rendered":"https:\/\/victoriavn.com\/khamtongquat\/?post_type=product&#038;p=13229"},"modified":"2025-05-23T10:02:06","modified_gmt":"2025-05-23T03:02:06","slug":"goi-xet-nghiem-danh-gia-chuc-nang-sinh-ly-nu","status":"publish","type":"product","link":"https:\/\/victoriavn.com\/khamtongquat\/san-pham\/goi-xet-nghiem-danh-gia-chuc-nang-sinh-ly-nu\/","title":{"rendered":"G\u00f3i X\u00e9t nghi\u1ec7m \u0111\u00e1nh gi\u00e1 ch\u1ee9c n\u0103ng sinh l\u00fd N\u1eef"},"content":{"rendered":"<p>G\u00f3i x\u00e9t nghi\u1ec7m \u0111\u00e1nh gi\u00e1 ch\u1ee9c n\u0103ng sinh l\u00fd n\u1eef l\u00e0 m\u1ed9t b\u1ed9 x\u00e9t nghi\u1ec7m y t\u1ebf d\u00e0nh ri\u00eang cho ph\u1ee5 n\u1eef, nh\u1eb1m ki\u1ec3m tra v\u00e0 \u0111\u00e1nh gi\u00e1 c\u00e1c y\u1ebfu t\u1ed1 li\u00ean quan \u0111\u1ebfn s\u1ee9c kh\u1ecfe v\u00e0 ch\u1ee9c n\u0103ng sinh l\u00fd c\u1ee7a h\u1ecd. G\u00f3i x\u00e9t nghi\u1ec7m \u0111\u00e1nh gi\u00e1 ch\u1ee9c n\u0103ng sinh l\u00fd n\u1eef gi\u00fap b\u00e1c s\u0129 \u0111\u00e1nh gi\u00e1 s\u1ee9c kh\u1ecfe v\u00e0 ch\u1ee9c n\u0103ng sinh l\u00fd c\u1ee7a ph\u1ee5 n\u1eef, ph\u00e1t hi\u1ec7n s\u1edbm c\u00e1c v\u1ea5n \u0111\u1ec1 y t\u1ebf li\u00ean quan \u0111\u1ebfn s\u1ea3n ph\u1ee5 khoa, t\u00ecnh d\u1ee5c, v\u00e0 kh\u1ea3 n\u0103ng mang thai. \u0110i\u1ec1u n\u00e0y c\u00f3 th\u1ec3 h\u1ed7 tr\u1ee3 trong vi\u1ec7c \u0111\u01b0a ra l\u1eddi khuy\u00ean v\u1ec1 ch\u0103m s\u00f3c s\u1ee9c kh\u1ecfe, qu\u1ea3n l\u00fd t\u00ecnh tr\u1ea1ng b\u1ec7nh l\u00fd, v\u00e0 t\u1ea1o \u0111i\u1ec1u ki\u1ec7n thu\u1eadn l\u1ee3i cho s\u1ef1 th\u1ee5 tinh v\u00e0 thai k\u1ef3 kh\u1ecfe m\u1ea1nh.<\/p>\n","protected":false},"excerpt":{"rendered":"<p>G\u00f3i x\u00e9t nghi\u1ec7m \u0111\u00e1nh gi\u00e1 ch\u1ee9c n\u0103ng sinh l\u00fd n\u1eef l\u00e0 m\u1ed9t b\u1ed9 x\u00e9t nghi\u1ec7m y t\u1ebf d\u00e0nh ri\u00eang cho ph\u1ee5 n\u1eef, nh\u1eb1m ki\u1ec3m tra v\u00e0 \u0111\u00e1nh gi\u00e1 c\u00e1c y\u1ebfu t\u1ed1 li\u00ean quan \u0111\u1ebfn s\u1ee9c kh\u1ecfe v\u00e0 ch\u1ee9c n\u0103ng sinh l\u00fd c\u1ee7a h\u1ecd. G\u00f3i x\u00e9t nghi\u1ec7m \u0111\u00e1nh gi\u00e1 ch\u1ee9c n\u0103ng sinh l\u00fd n\u1eef gi\u00fap b\u00e1c s\u0129 \u0111\u00e1nh gi\u00e1 s\u1ee9c kh\u1ecfe v\u00e0 ch\u1ee9c n\u0103ng sinh l\u00fd c\u1ee7a ph\u1ee5 n\u1eef, ph\u00e1t hi\u1ec7n s\u1edbm c\u00e1c v\u1ea5n \u0111\u1ec1 y t\u1ebf li\u00ean quan \u0111\u1ebfn s\u1ea3n ph\u1ee5 khoa, t\u00ecnh d\u1ee5c, v\u00e0 kh\u1ea3 n\u0103ng mang thai. \u0110i\u1ec1u n\u00e0y c\u00f3 th\u1ec3 h\u1ed7 tr\u1ee3 trong vi\u1ec7c \u0111\u01b0a ra l\u1eddi khuy\u00ean v\u1ec1 ch\u0103m s\u00f3c s\u1ee9c kh\u1ecfe, qu\u1ea3n l\u00fd t\u00ecnh tr\u1ea1ng b\u1ec7nh l\u00fd, v\u00e0 t\u1ea1o \u0111i\u1ec1u ki\u1ec7n thu\u1eadn l\u1ee3i cho s\u1ef1 th\u1ee5 tinh v\u00e0 thai k\u1ef3 kh\u1ecfe m\u1ea1nh.<\/p>\n","protected":false},"featured_media":47287,"template":"","meta":[],"product_brand":[],"product_cat":[1710],"product_tag":[],"class_list":{"0":"post-13229","1":"product","2":"type-product","3":"status-publish","4":"has-post-thumbnail","6":"product_cat-suc-khoe-phu-nu","8":"first","9":"instock","10":"shipping-taxable","11":"purchasable","12":"product-type-simple"},"_links":{"self":[{"href":"https:\/\/victoriavn.com\/khamtongquat\/wp-json\/wp\/v2\/product\/13229","targetHints":{"allow":["GET"]}}],"collection":[{"href":"https:\/\/victoriavn.com\/khamtongquat\/wp-json\/wp\/v2\/product"}],"about":[{"href":"https:\/\/victoriavn.com\/khamtongquat\/wp-json\/wp\/v2\/types\/product"}],"wp:featuredmedia":[{"embeddable":true,"href":"https:\/\/victoriavn.com\/khamtongquat\/wp-json\/wp\/v2\/media\/47287"}],"wp:attachment":[{"href":"https:\/\/victoriavn.com\/khamtongquat\/wp-json\/wp\/v2\/media?parent=13229"}],"wp:term":[{"taxonomy":"product_brand","embeddable":true,"href":"https:\/\/victoriavn.com\/khamtongquat\/wp-json\/wp\/v2\/product_brand?post=13229"},{"taxonomy":"product_cat","embeddable":true,"href":"https:\/\/victoriavn.com\/khamtongquat\/wp-json\/wp\/v2\/product_cat?post=13229"},{"taxonomy":"product_tag","embeddable":true,"href":"https:\/\/victoriavn.com\/khamtongquat\/wp-json\/wp\/v2\/product_tag?post=13229"}],"curies":[{"name":"wp","href":"https:\/\/api.w.org\/{rel}","templated":true}]}}