{"id":13209,"date":"2020-07-31T23:39:14","date_gmt":"2020-07-31T16:39:14","guid":{"rendered":"https:\/\/victoriavn.com\/khamtongquat\/?post_type=product&#038;p=13209"},"modified":"2026-01-05T11:58:28","modified_gmt":"2026-01-05T04:58:28","slug":"kham-va-tu-van-suc-khoe-nam-khoa","status":"publish","type":"product","link":"https:\/\/victoriavn.com\/khamtongquat\/san-pham\/kham-va-tu-van-suc-khoe-nam-khoa\/","title":{"rendered":"Kh\u00e1m V\u00e0 T\u01b0 V\u1ea5n S\u1ee9c Kh\u1ecfe Nam Khoa"},"content":{"rendered":"<p>Khoa Ti\u1ebft Ni\u1ec7u &amp; Nam khoa c\u1ee7a Victoria Healthcare cung c\u1ea5p d\u1ecbch v\u1ee5 ch\u1ea9n \u0111o\u00e1n, \u0111i\u1ec1u tr\u1ecb s\u00e2u r\u1ed9ng, hi\u1ec7u qu\u1ea3 cho c\u00e1c v\u1ea5n \u0111\u1ec1 b\u1ec7nh l\u00fd v\u1ec1 ni\u1ec7u khoa v\u00e0 nam khoa. Ch\u00fang t\u00f4i cung c\u1ea5p d\u1ecbch v\u1ee5 tr\u1ecdn g\u00f3i cho b\u1ec7nh nh\u00e2n v\u1edbi m\u1ed9t \u0111\u1ed9i ng\u0169 B\u00e1c s\u0129 Ni\u1ec7u khoa gi\u00e0u kinh nghi\u1ec7m, t\u1eadn t\u00e2m v\u00e0 trang thi\u1ebft b\u1ecb hi\u1ec7n \u0111\u1ea1i. B\u1ec7nh nh\u00e2n \u0111\u01b0\u1ee3c cam k\u1ebft ch\u0103m s\u00f3c chu \u0111\u00e1o, ri\u00eang bi\u1ec7t theo t\u1eebng v\u1ea5n \u0111\u1ec1 b\u1ec7nh l\u00fd trong m\u1ed9t m\u00f4i tr\u01b0\u1eddng hi\u1ec7n \u0111\u1ea1i v\u00e0 th\u00e2n thi\u1ec7n.<\/p>\n","protected":false},"excerpt":{"rendered":"<p>Khoa Ti\u1ebft Ni\u1ec7u &amp; Nam khoa c\u1ee7a Victoria Healthcare cung c\u1ea5p d\u1ecbch v\u1ee5 ch\u1ea9n \u0111o\u00e1n, \u0111i\u1ec1u tr\u1ecb s\u00e2u r\u1ed9ng, hi\u1ec7u qu\u1ea3 cho c\u00e1c v\u1ea5n \u0111\u1ec1 b\u1ec7nh l\u00fd v\u1ec1 ni\u1ec7u khoa v\u00e0 nam khoa. Ch\u00fang t\u00f4i cung c\u1ea5p d\u1ecbch v\u1ee5 tr\u1ecdn g\u00f3i cho b\u1ec7nh nh\u00e2n v\u1edbi m\u1ed9t \u0111\u1ed9i ng\u0169 B\u00e1c s\u0129 Ni\u1ec7u khoa gi\u00e0u kinh nghi\u1ec7m, t\u1eadn t\u00e2m v\u00e0 trang thi\u1ebft b\u1ecb hi\u1ec7n \u0111\u1ea1i. B\u1ec7nh nh\u00e2n \u0111\u01b0\u1ee3c cam k\u1ebft ch\u0103m s\u00f3c chu \u0111\u00e1o, ri\u00eang bi\u1ec7t theo t\u1eebng v\u1ea5n \u0111\u1ec1 b\u1ec7nh l\u00fd trong m\u1ed9t m\u00f4i tr\u01b0\u1eddng hi\u1ec7n \u0111\u1ea1i v\u00e0 th\u00e2n thi\u1ec7n.<\/p>\n","protected":false},"featured_media":23900,"template":"","meta":[],"product_brand":[],"product_cat":[1744],"product_tag":[1808],"class_list":{"0":"post-13209","1":"product","2":"type-product","3":"status-publish","4":"has-post-thumbnail","6":"product_cat-suc-khoe-nam-gioi","7":"product_tag-sieu-uu-dai-kham-gio-vang","8":"wcpa_has_options","10":"first","11":"instock","12":"shipping-taxable","13":"purchasable","14":"product-type-simple"},"_links":{"self":[{"href":"https:\/\/victoriavn.com\/khamtongquat\/wp-json\/wp\/v2\/product\/13209","targetHints":{"allow":["GET"]}}],"collection":[{"href":"https:\/\/victoriavn.com\/khamtongquat\/wp-json\/wp\/v2\/product"}],"about":[{"href":"https:\/\/victoriavn.com\/khamtongquat\/wp-json\/wp\/v2\/types\/product"}],"wp:featuredmedia":[{"embeddable":true,"href":"https:\/\/victoriavn.com\/khamtongquat\/wp-json\/wp\/v2\/media\/23900"}],"wp:attachment":[{"href":"https:\/\/victoriavn.com\/khamtongquat\/wp-json\/wp\/v2\/media?parent=13209"}],"wp:term":[{"taxonomy":"product_brand","embeddable":true,"href":"https:\/\/victoriavn.com\/khamtongquat\/wp-json\/wp\/v2\/product_brand?post=13209"},{"taxonomy":"product_cat","embeddable":true,"href":"https:\/\/victoriavn.com\/khamtongquat\/wp-json\/wp\/v2\/product_cat?post=13209"},{"taxonomy":"product_tag","embeddable":true,"href":"https:\/\/victoriavn.com\/khamtongquat\/wp-json\/wp\/v2\/product_tag?post=13209"}],"curies":[{"name":"wp","href":"https:\/\/api.w.org\/{rel}","templated":true}]}}