{"id":13206,"date":"2020-07-31T23:26:41","date_gmt":"2020-07-31T16:26:41","guid":{"rendered":"https:\/\/victoriavn.com\/khamtongquat\/?post_type=product&#038;p=13206"},"modified":"2025-01-01T19:32:33","modified_gmt":"2025-01-01T12:32:33","slug":"kham-va-tu-van-suc-khoe-phu-khoa","status":"publish","type":"product","link":"https:\/\/victoriavn.com\/khamtongquat\/san-pham\/kham-va-tu-van-suc-khoe-phu-khoa\/","title":{"rendered":"Kh\u00e1m V\u00e0 T\u01b0 V\u1ea5n S\u1ee9c Kh\u1ecfe Ph\u1ee5 Khoa"},"content":{"rendered":"<p>Ph\u1ee5 n\u1eef hi\u1ec7n \u0111\u1ea1i ng\u00e0y nay \u00e1p l\u1ef1c b\u1eadn r\u1ed9n v\u1edbi cu\u1ed9c s\u1ed1ng ki\u00eam nhi\u1ec7m nhi\u1ec1u vai tr\u00f2 kh\u00e1c nhau trong gia \u0111\u00ecnh v\u00e0 x\u00e3 h\u1ed9i. \u0110\u1ec3 \u0111\u1ea3m \u0111\u01b0\u01a1ng \u0111\u01b0\u1ee3c \u00e1p l\u1ef1c n\u00e0y c\u1ea7n c\u00f3 m\u1ed9t s\u1ee9c kh\u1ecfe th\u1eadt t\u1ed1t. S\u1ee9c kh\u1ecfe sinh s\u1ea3n chi\u1ebfm vai tr\u00f2 r\u1ea5t quan tr\u1ecdng trong vi\u1ec7c ch\u0103m s\u00f3c s\u1ee9c kh\u1ecfe chung c\u1ee7a ph\u1ee5 n\u1eef.<\/p>\n<p><strong>T\u01b0 v\u1ea5n v\u00e0 ch\u0103m s\u00f3c S\u1ee9c kho\u1ebb sinh s\u1ea3n v\u00e0 k\u1ebf ho\u1ea1ch ho\u00e1 gia \u0111\u00ecnh ch\u00fang t\u00f4i h\u1ed7 tr\u1ee3 b\u1ea1n \u0111\u01b0\u1ee3c \u0111i\u1ec1u g\u00ec?<\/strong><\/p>\n<p>\u00b7 T\u01b0 v\u1ea5n \u0111\u1ea7y \u0111\u1ee7 v\u1ec1 s\u1ee9c kho\u1ebb sinh s\u1ea3n (ch\u0103m s\u00f3c v\u00e0 qu\u1ea3n l\u00fd thai ngh\u00e9n; ch\u0103m s\u00f3c s\u01a1 sinh; ch\u1ea9n \u0111o\u00e1n tr\u01b0\u1edbc sinh &#8230;),<\/p>\n<p>\u00b7 S\u1ee9c kho\u1ebb sinh s\u1ea3n v\u1ecb th\u00e0nh ni\u00ean<\/p>\n<p>\u00b7 C\u00e1c b\u1ec7nh nhi\u1ec5m khu\u1ea9n \u0111\u01b0\u1eddng sinh s\u1ea3n, c\u00e1c b\u1ec7nh l\u00e2y truy\u1ec1n qua \u0111\u01b0\u1eddng t\u00ecnh d\u1ee5c<\/p>\n<p>\u00b7 Ch\u0103m s\u00f3c ph\u1ee5 khoa<\/p>\n<p>\u00b7 V\u00e0 nh\u1eefng ch\u1ee7 \u0111\u1ec1 n\u00f3ng m\u00e0 c\u00e1c b\u1ea1n tr\u1ebb v\u00e0 ph\u1ee5 n\u1eef trong \u0111\u1ed9 tu\u1ed5i sinh s\u1ea3n quan t\u00e2m nh\u01b0 c\u00e1c bi\u1ec7n ph\u00e1p tr\u00e1nh thai; tai bi\u1ebfn li\u00ean quan \u0111\u1ebfn ph\u00e1 thai; c\u00e1c bi\u1ec7n ph\u00e1p ph\u00e1 thai an to\u00e0n;<\/p>\n<p>\u00b7 C\u00e1c v\u1ea5n \u0111\u1ec1 li\u00ean quan \u0111\u1ebfn v\u00f4 sinh &#8230;<\/p>\n","protected":false},"excerpt":{"rendered":"<p>Ph\u1ee5 n\u1eef hi\u1ec7n \u0111\u1ea1i ng\u00e0y nay \u00e1p l\u1ef1c b\u1eadn r\u1ed9n v\u1edbi cu\u1ed9c s\u1ed1ng ki\u00eam nhi\u1ec7m nhi\u1ec1u vai tr\u00f2 kh\u00e1c nhau trong gia \u0111\u00ecnh v\u00e0 x\u00e3 h\u1ed9i. \u0110\u1ec3 \u0111\u1ea3m \u0111\u01b0\u01a1ng \u0111\u01b0\u1ee3c \u00e1p l\u1ef1c n\u00e0y c\u1ea7n c\u00f3 m\u1ed9t s\u1ee9c kh\u1ecfe th\u1eadt t\u1ed1t. S\u1ee9c kh\u1ecfe sinh s\u1ea3n chi\u1ebfm vai tr\u00f2 r\u1ea5t quan tr\u1ecdng trong vi\u1ec7c ch\u0103m s\u00f3c s\u1ee9c kh\u1ecfe chung c\u1ee7a ph\u1ee5 n\u1eef.<\/p>\n","protected":false},"featured_media":23898,"template":"","meta":[],"product_brand":[],"product_cat":[1710],"product_tag":[],"class_list":{"0":"post-13206","1":"product","2":"type-product","3":"status-publish","4":"has-post-thumbnail","6":"product_cat-suc-khoe-phu-nu","8":"first","9":"instock","10":"shipping-taxable","11":"purchasable","12":"product-type-variable"},"_links":{"self":[{"href":"https:\/\/victoriavn.com\/khamtongquat\/wp-json\/wp\/v2\/product\/13206","targetHints":{"allow":["GET"]}}],"collection":[{"href":"https:\/\/victoriavn.com\/khamtongquat\/wp-json\/wp\/v2\/product"}],"about":[{"href":"https:\/\/victoriavn.com\/khamtongquat\/wp-json\/wp\/v2\/types\/product"}],"wp:featuredmedia":[{"embeddable":true,"href":"https:\/\/victoriavn.com\/khamtongquat\/wp-json\/wp\/v2\/media\/23898"}],"wp:attachment":[{"href":"https:\/\/victoriavn.com\/khamtongquat\/wp-json\/wp\/v2\/media?parent=13206"}],"wp:term":[{"taxonomy":"product_brand","embeddable":true,"href":"https:\/\/victoriavn.com\/khamtongquat\/wp-json\/wp\/v2\/product_brand?post=13206"},{"taxonomy":"product_cat","embeddable":true,"href":"https:\/\/victoriavn.com\/khamtongquat\/wp-json\/wp\/v2\/product_cat?post=13206"},{"taxonomy":"product_tag","embeddable":true,"href":"https:\/\/victoriavn.com\/khamtongquat\/wp-json\/wp\/v2\/product_tag?post=13206"}],"curies":[{"name":"wp","href":"https:\/\/api.w.org\/{rel}","templated":true}]}}