{"id":12093,"date":"2020-07-01T02:00:46","date_gmt":"2020-06-30T19:00:46","guid":{"rendered":"https:\/\/www.victoriavn.com\/khamtongquat\/?post_type=product&#038;p=12093"},"modified":"2020-07-02T17:31:41","modified_gmt":"2020-07-02T10:31:41","slug":"tui-rut-the-thao-nang-dong","status":"publish","type":"product","link":"https:\/\/victoriavn.com\/khamtongquat\/san-pham\/tui-rut-the-thao-nang-dong\/","title":{"rendered":"T\u00fai r\u00fat th\u1ec3 thao n\u0103ng \u0111\u1ed9ng"},"content":{"rendered":"<p><strong>C\u1eb7p t\u00fai r\u00fat th\u1ec3 thao n\u0103ng \u0111\u1ed9ng:<\/strong><\/p>\n<ul>\n<li><strong><span style=\"color: #ed1c24;\">L\u01b0u \u00fd: S\u1ea3n ph\u1ea9m t\u1eb7ng kh\u00f4ng kinh doanh<\/span><\/strong><\/li>\n<li>M\u00e1u s\u1eafc: Xanh, Cam<\/li>\n<\/ul>\n<p><em>\u0110\u1ec3 \u0111\u01b0\u1ee3c h\u1ed7 tr\u1ee3 th\u00eam, xin vui l\u00f2ng li\u00ean h\u1ec7: <\/em><strong>Hotline: 028 39104545<\/strong><\/p>\n","protected":false},"excerpt":{"rendered":"<p><strong><span style=\"color: #ed1c24;\">L\u01b0u \u00fd: S\u1ea3n ph\u1ea9m t\u1eb7ng kh\u00f4ng kinh doanh<\/span><\/strong><br \/>\nM\u00e1u s\u1eafc: Xanh, Cam<\/p>\n","protected":false},"featured_media":12094,"template":"","meta":[],"product_brand":[],"product_cat":[1728],"product_tag":[],"class_list":{"0":"post-12093","1":"product","2":"type-product","3":"status-publish","4":"has-post-thumbnail","6":"product_cat-voucher-gift","8":"first","9":"instock","10":"shipping-taxable","11":"purchasable","12":"product-type-simple"},"_links":{"self":[{"href":"https:\/\/victoriavn.com\/khamtongquat\/wp-json\/wp\/v2\/product\/12093","targetHints":{"allow":["GET"]}}],"collection":[{"href":"https:\/\/victoriavn.com\/khamtongquat\/wp-json\/wp\/v2\/product"}],"about":[{"href":"https:\/\/victoriavn.com\/khamtongquat\/wp-json\/wp\/v2\/types\/product"}],"wp:featuredmedia":[{"embeddable":true,"href":"https:\/\/victoriavn.com\/khamtongquat\/wp-json\/wp\/v2\/media\/12094"}],"wp:attachment":[{"href":"https:\/\/victoriavn.com\/khamtongquat\/wp-json\/wp\/v2\/media?parent=12093"}],"wp:term":[{"taxonomy":"product_brand","embeddable":true,"href":"https:\/\/victoriavn.com\/khamtongquat\/wp-json\/wp\/v2\/product_brand?post=12093"},{"taxonomy":"product_cat","embeddable":true,"href":"https:\/\/victoriavn.com\/khamtongquat\/wp-json\/wp\/v2\/product_cat?post=12093"},{"taxonomy":"product_tag","embeddable":true,"href":"https:\/\/victoriavn.com\/khamtongquat\/wp-json\/wp\/v2\/product_tag?post=12093"}],"curies":[{"name":"wp","href":"https:\/\/api.w.org\/{rel}","templated":true}]}}