{"id":12092,"date":"2020-07-01T01:59:02","date_gmt":"2020-06-30T18:59:02","guid":{"rendered":"https:\/\/www.victoriavn.com\/khamtongquat\/?post_type=product&#038;p=12092"},"modified":"2020-07-01T21:05:27","modified_gmt":"2020-07-01T14:05:27","slug":"voucher-uu-dai-10-phi-dich-vu-tham-kham","status":"publish","type":"product","link":"https:\/\/victoriavn.com\/khamtongquat\/san-pham\/voucher-uu-dai-10-phi-dich-vu-tham-kham\/","title":{"rendered":"VOUCHER \u01afU \u0110\u00c3I 10% &#8211; Ph\u00ed d\u1ecbch v\u1ee5 th\u0103m kh\u00e1m"},"content":{"rendered":"<p><strong>VOUCHER \u01afU \u0110\u00c3I 10% &#8211; D\u1ecbch v\u1ee5 ph\u00e1t sinh v\u00e0 nh\u1eefng l\u01b0u \u00fd nh\u01b0 sau:<\/strong><\/p>\n<ul>\n<li><strong><span style=\"color: #ed1c24;\">L\u01b0u \u00fd: S\u1ea3n ph\u1ea9m t\u1eb7ng kh\u00f4ng kinh doanh<\/span><\/strong><\/li>\n<li>Kh\u00f4ng bao g\u1ed3m Thu\u1ed1c, Vaccine, D\u1ee5ng c\u1ee5 Y t\u1ebf<\/li>\n<li>S\u1eed d\u1ee5ng trong ng\u00e0y, kh\u00f4ng \u00e1p d\u1ee5ng t\u00e1ch r\u1eddi v\u1edbi kh\u00e1m t\u1ed5ng qu\u00e1t<\/li>\n<li>Kh\u00f4ng quy \u0111\u1ed5i th\u00e0nh ti\u1ec1n m\u1eb7t<\/li>\n<\/ul>\n<p><em>\u0110\u1ec3 \u0111\u01b0\u1ee3c h\u1ed7 tr\u1ee3 th\u00eam, xin vui l\u00f2ng li\u00ean h\u1ec7: <\/em><strong>Hotline: 028 39104545<\/strong><\/p>\n","protected":false},"excerpt":{"rendered":"<p><strong><span style=\"color: #ed1c24;\">L\u01b0u \u00fd: S\u1ea3n ph\u1ea9m t\u1eb7ng kh\u00f4ng kinh doanh<\/span><\/strong><br \/>\nKh\u00f4ng bao g\u1ed3m Thu\u1ed1c, Vaccine, D\u1ee5ng c\u1ee5 Y t\u1ebf<br \/>\nS\u1eed d\u1ee5ng trong ng\u00e0y, kh\u00f4ng \u00e1p d\u1ee5ng t\u00e1ch r\u1eddi v\u1edbi kh\u00e1m t\u1ed5ng qu\u00e1t<br \/>\nKh\u00f4ng quy \u0111\u1ed5i th\u00e0nh ti\u1ec1n m\u1eb7t<\/p>\n","protected":false},"featured_media":12089,"template":"","meta":[],"product_brand":[],"product_cat":[1728],"product_tag":[],"class_list":{"0":"post-12092","1":"product","2":"type-product","3":"status-publish","4":"has-post-thumbnail","6":"product_cat-voucher-gift","8":"first","9":"instock","10":"shipping-taxable","11":"purchasable","12":"product-type-simple"},"_links":{"self":[{"href":"https:\/\/victoriavn.com\/khamtongquat\/wp-json\/wp\/v2\/product\/12092","targetHints":{"allow":["GET"]}}],"collection":[{"href":"https:\/\/victoriavn.com\/khamtongquat\/wp-json\/wp\/v2\/product"}],"about":[{"href":"https:\/\/victoriavn.com\/khamtongquat\/wp-json\/wp\/v2\/types\/product"}],"wp:featuredmedia":[{"embeddable":true,"href":"https:\/\/victoriavn.com\/khamtongquat\/wp-json\/wp\/v2\/media\/12089"}],"wp:attachment":[{"href":"https:\/\/victoriavn.com\/khamtongquat\/wp-json\/wp\/v2\/media?parent=12092"}],"wp:term":[{"taxonomy":"product_brand","embeddable":true,"href":"https:\/\/victoriavn.com\/khamtongquat\/wp-json\/wp\/v2\/product_brand?post=12092"},{"taxonomy":"product_cat","embeddable":true,"href":"https:\/\/victoriavn.com\/khamtongquat\/wp-json\/wp\/v2\/product_cat?post=12092"},{"taxonomy":"product_tag","embeddable":true,"href":"https:\/\/victoriavn.com\/khamtongquat\/wp-json\/wp\/v2\/product_tag?post=12092"}],"curies":[{"name":"wp","href":"https:\/\/api.w.org\/{rel}","templated":true}]}}