{"id":12083,"date":"2020-07-01T01:33:13","date_gmt":"2020-06-30T18:33:13","guid":{"rendered":"https:\/\/www.victoriavn.com\/khamtongquat\/?post_type=product&#038;p=12083"},"modified":"2025-04-01T05:19:59","modified_gmt":"2025-03-31T22:19:59","slug":"goi-kham-suc-khoe-du-hoc-sinh","status":"publish","type":"product","link":"https:\/\/victoriavn.com\/khamtongquat\/san-pham\/goi-kham-suc-khoe-du-hoc-sinh\/","title":{"rendered":"Kh\u00e1m s\u1ee9c kh\u1ecfe du h\u1ecdc"},"content":{"rendered":"<table width=\"837\">\n<tbody>\n<tr>\n<td style=\"padding-left: 40px;\" width=\"223\"><strong>300\u0110i\u1ec1u d\u01b0\u1ee1ng ki\u1ec3m tra<\/strong><\/td>\n<td width=\"614\"><\/td>\n<\/tr>\n<tr>\n<td width=\"223\">\u0110o ch\u1ec9 s\u1ed1 sinh hi\u1ec7u<\/td>\n<td width=\"614\">&#8211; \u0110o ch\u1ec9 s\u1ed1 chi\u1ec1u cao, c\u00e2n n\u1eb7ng, th\u00e2n nhi\u1ec7t, m\u1ea1ch v\u00e0 huy\u1ebft \u00e1p. Vi\u1ec7c th\u1ef1c hi\u1ec7n nh\u1eb1m \u0111\u1ec3 ph\u00e1t hi\u1ec7n c\u00e1c v\u1ea5n \u0111\u1ec1 b\u1ec7nh l\u00fd ti\u1ec3m \u1ea9n v\u00e0 \u0111\u1ec3 ch\u1ec9 \u0111\u1ecbnh thu\u1ed1c \u0111\u00fang li\u1ec1u l\u01b0\u1ee3ng<\/td>\n<\/tr>\n<tr>\n<td width=\"223\">Ki\u1ec3m tra th\u1ecb l\u1ef1c<\/td>\n<td width=\"614\">&#8211; \u0110\u1ec3 t\u1ea7m so\u00e1t v\u00e0 ph\u00e1t hi\u1ec7n s\u1edbm c\u00e1c v\u1ea5n \u0111\u1ec1 v\u1ec1 th\u1ecb gi\u00e1c (B\u1ea3ng \u0111o th\u1ecb l\u1ef1c Snellen Chart gi\u00fap ki\u1ec3m tra kh\u1ea3 n\u0103ng nh\u00ecn chi ti\u1ebft c\u00e1c ch\u1eef v\u00e0 k\u00fd t\u1ef1 t\u1eeb kho\u1ea3ng c\u00e1ch nh\u1ea5t \u0111\u1ecbnh.)<\/td>\n<\/tr>\n<tr>\n<td width=\"223\"><strong>B\u00e1c s\u0129 Kh\u00e1m &amp; t\u01b0 v\u1ea5n\u00a0<\/strong><\/td>\n<td width=\"614\"><\/td>\n<\/tr>\n<tr>\n<td width=\"223\">Kh\u00e1m t\u1ed5ng qu\u00e1t<\/td>\n<td width=\"614\">\u2022 Kh\u00e1m b\u00e1c s\u0129 &#8211; kh\u00e1m th\u1ef1c th\u1ec3 trong \u0111\u00f3 b\u00e1c s\u0129 ki\u1ec3m tra, c\u1ea3m nh\u1eadn ho\u1eb7c l\u1eafng nghe c\u00e1c b\u1ed9 ph\u1eadn tr\u00ean c\u01a1 th\u1ec3 b\u1ea1n.<br \/>\n\u2022 BMI (Ch\u1ec9 s\u1ed1 kh\u1ed1i c\u1ee7a c\u01a1 th\u1ec3) m\u1ed9t ph\u01b0\u01a1ng ph\u00e1p \u0111\u1ec3 ch\u1ea9n \u0111o\u00e1n th\u1eeba c\u00e2n v\u00e0 b\u00e9o ph\u00ec, \u0111\u00e1nh gi\u00e1 m\u1ed1i quan h\u1ec7 gi\u1eefa tr\u1ecdng l\u01b0\u1ee3ng c\u01a1 th\u1ec3 v\u00e0 chi\u1ec1u cao. M\u1ed9t c\u00e1ch \u0111\u00e1ng tin c\u1eady \u0111\u1ec3 bi\u1ebft m\u1ed9t ng\u01b0\u1eddi c\u00f3 qu\u00e1 nhi\u1ec1u m\u1ee1 trong c\u01a1 th\u1ec3 hay kh\u00f4ng b\u1eb1ng c\u00e1ch t\u00ednh t\u1ef7 l\u1ec7 c\u00e2n n\u1eb7ng v\u1edbi b\u00ecnh ph\u01b0\u01a1ng chi\u1ec1u cao c\u1ee7a h\u1ecd<br \/>\n\u2022 T\u01b0 v\u1ea5n v\u00e0 ch\u0103m s\u00f3c s\u1ee9c kh\u1ecfe \u2013 bao g\u1ed3m h\u01b0\u1edbng d\u1eabn ch\u1ebf \u0111\u1ed9 \u0103n u\u1ed1ng v\u00e0 dinh d\u01b0\u1ee1ng<\/td>\n<\/tr>\n<tr>\n<td width=\"223\"><strong>X\u00e9t nghi\u1ec7m<\/strong><\/td>\n<td width=\"614\"><\/td>\n<\/tr>\n<tr>\n<td width=\"223\">X\u00e9t nghi\u1ec7m C\u00f4ng th\u1ee9c m\u00e1u<\/td>\n<td width=\"614\">&#8211; \u0110\u1ec3 \u0111\u00e1nh gi\u00e1 t\u1ed5ng quan s\u1ee9c kh\u1ecfe c\u1ee7a b\u1ea1n v\u1ea3 ph\u00e1t hi\u1ec7n c\u00e1c r\u1ed1i lo\u1ea1n b\u1ec7nh thi\u1ebfu m\u00e1u hay b\u1ec7nh b\u1ea1ch c\u1ea7u<\/td>\n<\/tr>\n<tr>\n<td width=\"223\">\u0110\u01b0\u1eddng huy\u1ebft l\u00fac \u0111\u00f3i<\/td>\n<td width=\"614\">&#8211; \u0110\u1ec3 ki\u1ec3m tra m\u1ee9c \u0111\u01b0\u1eddng huy\u1ebft c\u1ee7a b\u1ea1n c\u00f3 trong ng\u01b0\u1ee1ng \u1ed5n \u0111\u1ecbnh hay kh\u00f4ng<br \/>\n&#8211; \u0110\u1ec3 t\u1ea7m so\u00e1t, ch\u1ea9n \u0111o\u00e1n v\u00e0 theo d\u00f5i b\u1ec7nh \u0111\u00e1i th\u00e1o \u0111\u01b0\u1eddng<\/td>\n<\/tr>\n<tr>\n<td width=\"223\">B\u1ed9 m\u1ee1 (Cholesterol, Triglycerides, HDL and LDL)<\/td>\n<td width=\"614\">&#8211; \u0110\u1ec3 \u0111o l\u01b0\u1ee3ng m\u1ee1 \u201ct\u1ed1t\u201d v\u00e0 m\u1ee1 \u201cx\u1ea5u\u201dc\u00f3 trong m\u00e1u c\u1ee7a b\u1ea1n<br \/>\n&#8211; \u0110\u1ec3 t\u1ea7m so\u00e1t v\u00e0 ch\u1ea9n \u0111o\u00e1n c\u00e1c b\u1ec7nh l\u00fd kh\u00e1c nh\u01b0 b\u1ec7nh l\u00fd v\u1ec1 tim m\u1ea1ch, \u0111\u1ed9t qu\u1ef5, x\u01a1 v\u1eefa \u0111\u1ed9ng m\u1ea1ch ho\u1eb7c x\u01a1 c\u1ee9ng \u0111\u1ed9ng m\u1ea1ch.<\/td>\n<\/tr>\n<tr>\n<td width=\"223\">X\u00e9t nghi\u1ec7m ch\u1ee9c n\u0103ng th\u1eadn &#8211; Creatinine<\/td>\n<td width=\"614\">&#8211; \u0110\u1ec3 ki\u1ec3m tra t\u00ecnh tr\u1ea1ng ho\u1ea1t \u0111\u1ed9ng c\u1ee7a th\u1eadn. M\u1ee9c creatinine trong m\u00e1u cao cho th\u1ea5y th\u1eadn b\u1ecb t\u1ed5n th\u01b0\u01a1ng v\u00e0 ho\u1ea1t \u0111\u1ed9ng kh\u00f4ng \u0111\u00fang<\/td>\n<\/tr>\n<tr>\n<td width=\"223\">X\u00e9t nghi\u1ec7m AST (aspartate aminotransferase)<\/td>\n<td width=\"614\">&#8211; Gi\u00fap x\u00e1c \u0111\u1ecbnh s\u1ee9c kh\u1ecfe c\u1ee7a gan b\u1eb1ng c\u00e1ch \u0111o n\u1ed3ng \u0111\u1ed9 men gan trong m\u00e1u.<br \/>\n&#8211; \u0110\u1ec3 ch\u1ea9n \u0111o\u00e1n v\u00e0 theo d\u00f5i c\u00e1c v\u1ea5n \u0111\u1ec1 v\u1ec1 gan<\/td>\n<\/tr>\n<tr>\n<td width=\"223\">X\u00e9t nghi\u1ec7m ALT (alanine aminotransferase)<\/td>\n<td width=\"614\">&#8211; Gi\u00fap x\u00e1c \u0111\u1ecbnh s\u1ee9c kh\u1ecfe c\u1ee7a gan b\u1eb1ng c\u00e1ch \u0111o n\u1ed3ng \u0111\u1ed9 men gan trong m\u00e1u.<br \/>\n&#8211; \u0110\u1ec3 ch\u1ea9n \u0111o\u00e1n v\u00e0 theo d\u00f5i c\u00e1c v\u1ea5n \u0111\u1ec1 v\u1ec1 gan<\/td>\n<\/tr>\n<tr>\n<td width=\"223\">X\u00e9t nghi\u1ec7m GGT (gamma-glutamyl transpeptidase)<\/td>\n<td width=\"614\">&#8211; Gi\u00fap x\u00e1c \u0111\u1ecbnh s\u1ee9c kh\u1ecfe c\u1ee7a gan b\u1eb1ng c\u00e1ch \u0111o n\u1ed3ng \u0111\u1ed9 men gan trong m\u00e1u.<br \/>\n&#8211; \u0110\u1ec3 ch\u1ea9n \u0111o\u00e1n v\u00e0 theo d\u00f5i c\u00e1c v\u1ea5n \u0111\u1ec1 v\u1ec1 gan \u0111\u1eb7c bi\u1ec7t li\u00ean quan \u0111\u1ebfn vi\u1ec7c s\u1eed d\u1ee5ng th\u1ee9c u\u1ed1ng c\u00f3 c\u1ed3n<\/td>\n<\/tr>\n<tr>\n<td width=\"223\">X\u00e9t nghi\u1ec7m kh\u00e1ng th\u1ec3 vi\u00eam gan si\u00eau vi B (HbsAb)<\/td>\n<td width=\"614\">&#8211; \u0110\u1ec3 ki\u1ec3m tra b\u1ea1n c\u00f3 \u0111\u01b0\u1ee3c kh\u00e1ng th\u1ec3 b\u1ea3o v\u1ec7 kh\u1ecfi vi\u00eam gan si\u00eau vi B ch\u01b0a. S\u1ef1 b\u1ea3o v\u1ec7 n\u00e0y c\u00f3 th\u1ec3 l\u00e0 k\u1ebft qu\u1ea3 c\u1ee7a vi\u1ec7cti\u00eam ng\u1eeba vi\u00eam gan si\u00eau vi B ho\u1eb7c t\u1eeb vi\u1ec7c ph\u1ee5c h\u1ed3i th\u00e0nh c\u00f4ng sau khi b\u1ecb nhi\u1ec5m vi\u00eam gan B trong qu\u00e1 kh\u1ee9.<br \/>\n&#8211; K\u1ebft qu\u1ea3 x\u00e9t nghi\u1ec7m kh\u00e1ng HBs d\u01b0\u01a1ng t\u00ednh (ho\u1eb7c HBsAb) c\u00f3 ngh\u0129a l\u00e0 b\u1ea1n \u0111\u00e3 \u0111\u01b0\u1ee3c mi\u1ec5n d\u1ecbch v\u00e0 \u0111\u01b0\u1ee3c b\u1ea3o v\u1ec7 ch\u1ed1ng l\u1ea1i virus vi\u00eam gan B v\u00e0 kh\u00f4ng th\u1ec3 b\u1ecb nhi\u1ec5m b\u1ec7nh. B\u1ea1n kh\u00f4ng b\u1ecb nhi\u1ec5m b\u1ec7nh v\u00e0 kh\u00f4ng th\u1ec3 l\u00e2y b\u1ec7nh vi\u00eam gan B cho ng\u01b0\u1eddi kh\u00e1c<\/td>\n<\/tr>\n<tr>\n<td width=\"223\">X\u00e9t nghi\u1ec7m kh\u00e1ng nguy\u00ean vi\u00eam gan si\u00eau vi B (HbsAg)<\/td>\n<td width=\"614\">&#8211; \u0110\u1ec3 ph\u00e1t hi\u1ec7n s\u1ef1 c\u00f3 m\u1eb7t c\u1ee7a virus Vi\u00eam gan B trong m\u00e1u c\u1ee7a b\u1ea1n (\u0111\u01b0\u1ee3c g\u1ecdi l\u00e0 kh\u00e1ng nguy\u00ean b\u1ec1 m\u1eb7t).<br \/>\n&#8211; K\u1ebft qu\u1ea3 x\u00e9t nghi\u1ec7m HBsAg&#8221;d\u01b0\u01a1ng t\u00ednh&#8221; ho\u1eb7c &#8220;c\u00f3 ph\u1ea3n \u1ee9ng&#8221; c\u00f3 ngh\u0129a l\u00e0 ng\u01b0\u1eddi \u0111\u00f3 b\u1ecb nhi\u1ec5m vi\u00eam gan B v\u00e0 c\u00f3 th\u1ec3 truy\u1ec1n virus vi\u00eam gan B sang ng\u01b0\u1eddi kh\u00e1c qua m\u00e1u<\/td>\n<\/tr>\n<tr>\n<td width=\"223\">X\u00e9t nghi\u1ec7m virus vi\u00eam gan C (Kh\u00e1ng th\u1ec3 HCV)<\/td>\n<td width=\"614\">&#8211; X\u00e9t nghi\u1ec7m \u0111\u1ec3 ki\u1ec3m tra vi\u1ec7c nhi\u1ec5m virus vi\u00eam gan C. S\u1ef1 hi\u1ec7n di\u1ec7n c\u1ee7a kh\u00e1ng th\u1ec3 trong m\u00e1u cho th\u1ea5y b\u1ea1n b\u1ecb nhi\u1ec5m virus vi\u00eam gan C<\/td>\n<\/tr>\n<tr>\n<td width=\"223\">X\u00e9t nghi\u1ec7m hormon k\u00edch th\u00edch tuy\u1ebfn gi\u00e1p (TSH)<\/td>\n<td width=\"614\">&#8211; \u0110\u1ec3 \u0111o l\u01b0\u1ee3ng hormone k\u00edch th\u00edch tuy\u1ebfn gi\u00e1p c\u00f3 trong m\u00e1u.<br \/>\n&#8211; \u0110\u1ec3 \u0111\u00e1nh gi\u00e1 t\u00ecnh tr\u1ea1ng ho\u1ea1t \u0111\u1ed9ng c\u1ee7a tuy\u1ebfn gi\u00e1p.<br \/>\n&#8211; \u0110\u1ec3 ch\u1ea9n \u0111o\u00e1n c\u00e1c t\u00ecnh tr\u1ea1ng r\u1ed3i lo\u1ea1n ch\u1ee9c n\u0103ng tuy\u1ebfn gi\u00e1p nh\u01b0 c\u01b0\u1eddng gi\u00e1p v\u00e0 suy gi\u00e1p.<br \/>\n&#8211; Gi\u00fap ph\u00e1t hi\u1ec7n s\u1edbm c\u00e1c r\u1ed1i lo\u1ea1n ch\u1ee9c n\u0103ng tuy\u1ebfn gi\u00e1p tr\u01b0\u1edbc khi c\u00f3 nh\u1eefng bi\u1ec3u hi\u1ec7n c\u1ee7a b\u1ec7nh<\/td>\n<\/tr>\n<tr>\n<td width=\"223\">Uric Acid<\/td>\n<td width=\"614\">&#8211; X\u00e9t nghi\u1ec7m n\u00e0y \u0111\u01b0\u1ee3c th\u1ef1c hi\u1ec7n \u0111\u1ec3 \u0111o l\u01b0\u1ee3ng axit uric c\u00f3 trong m\u00e1u ho\u1eb7c trong n\u01b0\u1edbc ti\u1ec3u c\u1ee7a b\u1ea1n<br \/>\nAxit uric l\u00e0 m\u1ed9t ch\u1ea5t th\u1ea3i th\u00f4ng th\u01b0\u1eddng \u0111\u01b0\u1ee3c t\u1ea1o ra khi c\u01a1 th\u1ec3 ph\u00e1 v\u1ee1 c\u00e1c h\u00f3a ch\u1ea5t g\u1ecdi l\u00e0 purin. N\u1ebfu c\u01a1 th\u1ec3 b\u1ea1n t\u1ea1o ra qu\u00e1 nhi\u1ec1u axit uric ho\u1eb7c kh\u00f4ng gi\u1ea3i ph\u00f3ng \u0111\u1ee7 v\u00e0o n\u01b0\u1edbc ti\u1ec3u, n\u00f3 c\u00f3 th\u1ec3 t\u1ea1o ra c\u00e1c tinh th\u1ec3 h\u00ecnh th\u00e0nh trong kh\u1edbp c\u1ee7a b\u1ea1n.<br \/>\n&#8211; Gi\u00fap ch\u1ea9n \u0111o\u00e1n b\u1ec7nh g\u00fat<br \/>\n&#8211; Gi\u00fap t\u00ecm ra nguy\u00ean nh\u00e2n th\u01b0\u1eddng g\u00e2y s\u1ecfi th\u1eadn<\/td>\n<\/tr>\n<tr>\n<td width=\"223\">X\u00e9t nghi\u1ec7m t\u1ed5ng ph\u00e2n t\u00edch n\u01b0\u1edbc ti\u1ec3u<\/td>\n<td width=\"614\">&#8211; X\u00e9t nghi\u1ec7m n\u01b0\u1edbc ti\u1ec1u th\u1ef1c hi\u1ec7n \u0111\u1ec3 t\u00ecm ra c\u00e1c b\u1ea5t th\u01b0\u1eddng m\u1ed9t l\u01b0\u1ee3ng d\u01b0 th\u1eeba protein, m\u00e1u, m\u1ee7, vi khu\u1ea9n v\u00e0 \u0111\u01b0\u1eddng.<br \/>\n&#8211; C\u00f3 th\u1ec3 gi\u00fap ph\u00e1t hi\u1ec7n m\u1ed9t lo\u1ea1t c\u00e1c r\u1ed1i lo\u1ea1n v\u1ec1 th\u1eadn v\u00e0 \u0111\u01b0\u1eddng ti\u1ebft ni\u1ec7u, bao g\u1ed3m b\u1ec7nh th\u1eadn m\u00e3n t\u00ednh,\u00a0 ti\u1ec3u \u0111\u01b0\u1eddng, nhi\u1ec5m tr\u00f9ng b\u00e0ng quang v\u00e0 s\u1ecfi th\u1eadn<\/td>\n<\/tr>\n<tr>\n<td width=\"223\"><strong>Ch\u1ea9n \u0111o\u00e1n h\u00ecnh \u1ea3nh<\/strong><\/td>\n<td width=\"614\"><\/td>\n<\/tr>\n<tr>\n<td width=\"223\">\u0110o \u0111i\u1ec7n t\u00e2m \u0111\u1ed3 (ECG)<\/td>\n<td width=\"614\">&#8211; X\u00e9t nghi\u1ec7m \u0111\u1ec3 \u0111o ho\u1ea1t \u0111\u1ed9ng \u0111i\u1ec7n c\u1ee7a tim cho th\u1ea5y tim c\u00f3 ho\u1ea1t \u0111\u1ed9ng b\u00ecnh th\u01b0\u1eddng hay kh\u00f4ng.<br \/>\n&#8211; C\u00f3 th\u1ec3 gi\u00fap ph\u00e1t hi\u1ec7n cholesterol l\u00e0m t\u1eafc ngh\u1ebdn vi\u1ec7c cungc\u1ea5p m\u00e1u cho tim c\u1ee7a b\u1ea1n, m\u1ed9t c\u01a1n \u0111au tim trong qu\u00e1 kh\u1ee9, m\u1edf r\u1ed9ng m\u1ed9t b\u00ean c\u1ee7a tim v\u00e0 nh\u1ecbp tim b\u1ea5t th\u01b0\u1eddng<\/td>\n<\/tr>\n<tr>\n<td width=\"223\">Si\u00eau \u00e2m b\u1ee5ng t\u1ed5ng qu\u00e1t<\/td>\n<td width=\"614\">&#8211; \u0110\u1ec3 ki\u1ec3m tra c\u00e1c c\u01a1 quan ch\u00ednh trong khoang b\u1ee5ng. Nh\u1eefng c\u01a1 quan n\u00e0y bao g\u1ed3m t\u00fai m\u1eadt, th\u1eadn, gan, tuy\u1ebfn t\u1ee5y v\u00e0 l\u00e1 l\u00e1ch.<br \/>\n&#8211; \u0110\u1ec3 ch\u1ea9n \u0111o\u00e1n c\u00e1c b\u1ec7nh nh\u01b0 b\u1ec7nh gan, s\u1ecfi th\u1eadn, s\u1ecfi m\u1eadt, c\u00e1c t\u00ecnh tr\u1ea1ng vi\u00eam nhi\u1ec5m nh\u01b0 vi\u00eam ru\u1ed9t th\u1eeba v\u00e0 vi\u00eam t\u1ee5y, ph\u00ecnh b\u1ee5ng nh\u01b0 kh\u1ed1i u, tho\u00e1t v\u1ecb v\u00e0 ung th\u01b0<\/td>\n<\/tr>\n<tr>\n<td width=\"223\">Si\u00eau \u00e2m tuy\u1ebfn gi\u00e1p<\/td>\n<td width=\"614\">&#8211; \u0110\u1ec3 ki\u1ec3m tra s\u1ef1 xu\u1ea5t hi\u1ec7n c\u00e1c b\u1ea5t th\u01b0\u1eddng c\u1ee7a tuy\u1ebfn gi\u00e1p nh\u01b0 c\u00e1c u nang, b\u01b0\u1edbu, kh\u1ed1i u<\/td>\n<\/tr>\n<tr>\n<td>Ch\u1ee5p X-quang ph\u1ed5i<\/td>\n<td width=\"614\">&#8211; \u0110\u1ec3 ki\u1ec3m tra t\u00ecnh tr\u1ea1ng ph\u1ed5i, c\u00f3 kh\u1ea3 n\u0103ng gi\u00fap ph\u00e1t hi\u1ec7n ung th\u01b0, nhi\u1ec5m tr\u00f9ng ho\u1eb7c t\u1ee5 kh\u00ed trong khoan m\u00e0ng ph\u1ed5i (tr\u00e0n kh\u00ed m\u00e0ng ph\u1ed5i); c\u00f3 th\u1ec3 cho th\u1ea5y c\u00e1c t\u00ecnh tr\u1ea1ng ph\u1ed5i m\u00e3n t\u00ednh, nh\u01b0 kh\u00ed ph\u1ebf th\u0169ng ho\u1eb7c x\u01a1 nang, c\u0169ng nh\u01b0 c\u00e1c bi\u1ebfn ch\u1ee9ng li\u00ean quan \u0111\u1ebfn c\u00e1c t\u00ecnh tr\u1ea1ng n\u00e0y.<br \/>\n&#8211; C\u00f3 th\u1ec3 x\u00e1c \u0111\u1ecbnh c\u00e1c t\u1ed5n th\u01b0\u01a1ng c\u01a1 b\u1ea3n \u1edf ph\u1ed5i c\u00f9ng c\u00e1c v\u1ea5n \u0111\u1ec1 li\u00ean quan \u0111\u1ebfn tim; cho th\u1ea5y nh\u1eefng thay \u0111\u1ed5i v\u1ec1 k\u00edch th\u01b0\u1edbc v\u00e0 h\u00ecnh d\u1ea1ng c\u1ee7a tim t\u1eeb \u0111\u00f3 c\u00f3 th\u1ec3 ch\u1ec9 ra t\u00ecnh tr\u1ea1ng suy tim, d\u1ecbch t\u00edch xung quanh tim (tr\u00e0n d\u1ecbch m\u00e0ng tim) ho\u1eb7c c\u00e1c v\u1ea5n \u0111\u1ec1 v\u1ec1 van tim<\/td>\n<\/tr>\n<tr>\n<td colspan=\"2\" width=\"837\">Ph\u00f2ng kh\u00e1m kh\u00f4ng khuy\u1ebfn kh\u00edch b\u1ec7nh nh\u00e2n t\u1ea7m so\u00e1t ung th\u01b0 b\u1eb1ng c\u00e1c XN m\u00e1u nh\u01b0 CEA, CA, 19-9, CA 125, CYFRA 21-1 v\u00ec \u0111\u1ed9 tin c\u1eady k\u00e9m v\u00e0 nhi\u1ec1u tr\u01b0\u1eddng h\u1ee3p d\u01b0\u01a1ng t\u00ednh gi\u1ea3.<br \/>\n** Khi c\u00f3 c\u00e1c nguy c\u01a1 li\u00ean quan t\u1edbi y\u1ebfu t\u1ed1 gia \u0111\u00ecnh, c\u00e1c ph\u00e1t hi\u1ec7n khi th\u0103m kh\u00e1m, b\u00e1c s\u1ef9 c\u00f3 th\u1ec3 khuy\u1ebfn c\u00e1o b\u1ec7nh nh\u00e2n l\u00e0m c\u00e1c g\u00f3i kh\u00e1m chuy\u00ean khoa s\u00e2u cho b\u1ec7nh l\u00fd tim m\u1ea1ch, t\u1ea7m so\u00e1t ung th\u01b0 \u0111\u1ea1i tr\u00e0ng, d\u1ea1 d\u00e0y, ph\u1ed5i, x\u00e9t nghi\u1ec7m di truy\u1ec1n gene\u2026<\/td>\n<\/tr>\n<\/tbody>\n<\/table>\n","protected":false},"excerpt":{"rendered":"<p>Du h\u1ecdc l\u00e0 con \u0111\u01b0\u1eddng m\u1edbi m\u1edf ra nhi\u1ec1u c\u01a1 h\u1ed9i h\u01a1n trong h\u1ecdc t\u1eadp. Vi\u1ec7c kh\u00e1m s\u1ee9c kh\u1ecfe l\u00e0 m\u1ed9t h\u1ea1ng m\u1ee5c kh\u00f4ng th\u1ec3 thi\u1ebfu trong b\u1ed9 h\u1ed3 s\u01a1 du h\u1ecdc. Ngo\u00e0i ra, khi th\u1ef1c hi\u1ec7n g\u00f3i kh\u00e1m du h\u1ecdc, b\u1ea1n s\u1ebd \u0111\u01b0\u1ee3c kh\u00e1m t\u1ed5ng qu\u00e1t \u0111\u1ea7y \u0111\u1ee7 c\u0169ng nh\u01b0 t\u01b0 v\u1ea5n ti\u00eam ch\u1ee7ng. Nh\u1eefng ng\u00e0y \u0111\u1ea7u khi \u0111\u1ebfn m\u1ed9t \u0111\u1ea5t n\u01b0\u1edbc m\u1edbi, ng\u00f4n ng\u1eef v\u00e0 ho\u00e0n c\u1ea3nh ch\u01b0a quen thu\u1ed9c khi\u1ebfn vi\u1ec7c kh\u00e1m ch\u1eefa b\u1ec7nh n\u1ebfu c\u00f3 s\u1ebd g\u1eb7p kh\u00f3 kh\u0103n; th\u1ebf n\u00ean vi\u1ec7c chu\u1ea9n b\u1ecb s\u1ee9c kh\u1ecfe \u0111\u1ea7y \u0111\u1ee7 tr\u01b0\u1edbc khi \u0111i du h\u1ecdc l\u00e0 \u0111i\u1ec1u c\u1ef1c k\u1ef3 c\u1ea7n thi\u1ebft.<\/p>\n","protected":false},"featured_media":23660,"template":"","meta":[],"product_brand":[],"product_cat":[1872],"product_tag":[],"class_list":{"0":"post-12083","1":"product","2":"type-product","3":"status-publish","4":"has-post-thumbnail","6":"product_cat-kham-suc-khoe-di-lam-di-hoc","8":"first","9":"instock","10":"shipping-taxable","11":"purchasable","12":"product-type-variable"},"_links":{"self":[{"href":"https:\/\/victoriavn.com\/khamtongquat\/wp-json\/wp\/v2\/product\/12083","targetHints":{"allow":["GET"]}}],"collection":[{"href":"https:\/\/victoriavn.com\/khamtongquat\/wp-json\/wp\/v2\/product"}],"about":[{"href":"https:\/\/victoriavn.com\/khamtongquat\/wp-json\/wp\/v2\/types\/product"}],"wp:featuredmedia":[{"embeddable":true,"href":"https:\/\/victoriavn.com\/khamtongquat\/wp-json\/wp\/v2\/media\/23660"}],"wp:attachment":[{"href":"https:\/\/victoriavn.com\/khamtongquat\/wp-json\/wp\/v2\/media?parent=12083"}],"wp:term":[{"taxonomy":"product_brand","embeddable":true,"href":"https:\/\/victoriavn.com\/khamtongquat\/wp-json\/wp\/v2\/product_brand?post=12083"},{"taxonomy":"product_cat","embeddable":true,"href":"https:\/\/victoriavn.com\/khamtongquat\/wp-json\/wp\/v2\/product_cat?post=12083"},{"taxonomy":"product_tag","embeddable":true,"href":"https:\/\/victoriavn.com\/khamtongquat\/wp-json\/wp\/v2\/product_tag?post=12083"}],"curies":[{"name":"wp","href":"https:\/\/api.w.org\/{rel}","templated":true}]}}