{"id":10378,"date":"2020-05-11T14:57:38","date_gmt":"2020-05-11T07:57:38","guid":{"rendered":"https:\/\/www.victoriavn.com\/khamtongquat\/?post_type=product&#038;p=10378"},"modified":"2025-01-01T20:00:23","modified_gmt":"2025-01-01T13:00:23","slug":"goi-kham-tam-soat-roi-loan-nhip-tim","status":"publish","type":"product","link":"https:\/\/victoriavn.com\/khamtongquat\/san-pham\/goi-kham-tam-soat-roi-loan-nhip-tim\/","title":{"rendered":"G\u00f3i Kh\u00e1m T\u1ea7m So\u00e1t R\u1ed1i Lo\u1ea1n Nh\u1ecbp Tim"},"content":{"rendered":"<table width=\"837\">\n<tbody>\n<tr>\n<td width=\"223\"><strong>\u0110i\u1ec1u d\u01b0\u1ee1ng ki\u1ec3m tra<\/strong><\/td>\n<td width=\"614\"><\/td>\n<\/tr>\n<tr>\n<td width=\"223\">\u0110o ch\u1ec9 s\u1ed1 sinh hi\u1ec7u<\/td>\n<td width=\"614\">&#8211; \u0110o ch\u1ec9 s\u1ed1 chi\u1ec1u cao, c\u00e2n n\u1eb7ng, th\u00e2n nhi\u1ec7t, m\u1ea1ch v\u00e0 huy\u1ebft \u00e1p. Vi\u1ec7c th\u1ef1c hi\u1ec7n nh\u1eb1m \u0111\u1ec3 ph\u00e1t hi\u1ec7n c\u00e1c v\u1ea5n \u0111\u1ec1 b\u1ec7nh l\u00fd ti\u1ec3m \u1ea9n v\u00e0 \u0111\u1ec3 ch\u1ec9 \u0111\u1ecbnh thu\u1ed1c \u0111\u00fang li\u1ec1u l\u01b0\u1ee3ng<\/td>\n<\/tr>\n<tr>\n<td width=\"223\">Ki\u1ec3m tra th\u1ecb l\u1ef1c<\/td>\n<td width=\"614\">&#8211; \u0110\u1ec3 t\u1ea7m so\u00e1t v\u00e0 ph\u00e1t hi\u1ec7n s\u1edbm c\u00e1c v\u1ea5n \u0111\u1ec1 v\u1ec1 th\u1ecb gi\u00e1c (B\u1ea3ng \u0111o th\u1ecb l\u1ef1c Snellen Chart gi\u00fap ki\u1ec3m tra kh\u1ea3 n\u0103ng nh\u00ecn chi ti\u1ebft c\u00e1c ch\u1eef v\u00e0 k\u00fd t\u1ef1 t\u1eeb kho\u1ea3ng c\u00e1ch nh\u1ea5t \u0111\u1ecbnh.)<\/td>\n<\/tr>\n<tr>\n<td width=\"223\"><strong>X\u00e9t nghi\u1ec7m<\/strong><\/td>\n<td width=\"614\"><\/td>\n<\/tr>\n<tr>\n<td width=\"223\">B\u1ed9 m\u1ee1 (Cholesterol, Triglycerides, HDL and LDL)<\/td>\n<td width=\"614\">&#8211; \u0110\u1ec3 \u0111o l\u01b0\u1ee3ng m\u1ee1 \u201ct\u1ed1t\u201d v\u00e0 m\u1ee1 \u201cx\u1ea5u\u201dc\u00f3 trong m\u00e1u c\u1ee7a b\u1ea1n<br \/>\n&#8211; \u0110\u1ec3 t\u1ea7m so\u00e1t v\u00e0 ch\u1ea9n \u0111o\u00e1n c\u00e1c b\u1ec7nh l\u00fd kh\u00e1c nh\u01b0 b\u1ec7nh l\u00fd v\u1ec1 tim m\u1ea1ch, \u0111\u1ed9t qu\u1ef5, x\u01a1 v\u1eefa \u0111\u1ed9ng m\u1ea1ch ho\u1eb7c x\u01a1 c\u1ee9ng \u0111\u1ed9ng m\u1ea1ch.<\/td>\n<\/tr>\n<tr>\n<td width=\"223\">X\u00e9t nghi\u1ec7m AST (aspartate aminotransferase)<\/td>\n<td width=\"614\">&#8211; Gi\u00fap x\u00e1c \u0111\u1ecbnh s\u1ee9c kh\u1ecfe c\u1ee7a gan b\u1eb1ng c\u00e1ch \u0111o n\u1ed3ng \u0111\u1ed9 men gan trong m\u00e1u.<br \/>\n&#8211; \u0110\u1ec3 ch\u1ea9n \u0111o\u00e1n v\u00e0 theo d\u00f5i c\u00e1c v\u1ea5n \u0111\u1ec1 v\u1ec1 gan<\/td>\n<\/tr>\n<tr>\n<td width=\"223\">X\u00e9t nghi\u1ec7m ALT (alanine aminotransferase)<\/td>\n<td width=\"614\">&#8211; Gi\u00fap x\u00e1c \u0111\u1ecbnh s\u1ee9c kh\u1ecfe c\u1ee7a gan b\u1eb1ng c\u00e1ch \u0111o n\u1ed3ng \u0111\u1ed9 men gan trong m\u00e1u.<br \/>\n&#8211; \u0110\u1ec3 ch\u1ea9n \u0111o\u00e1n v\u00e0 theo d\u00f5i c\u00e1c v\u1ea5n \u0111\u1ec1 v\u1ec1 gan<\/td>\n<\/tr>\n<tr>\n<td width=\"223\">X\u00e9t nghi\u1ec7m GGT (gamma-glutamyl transpeptidase)<\/td>\n<td width=\"614\">&#8211; Gi\u00fap x\u00e1c \u0111\u1ecbnh s\u1ee9c kh\u1ecfe c\u1ee7a gan b\u1eb1ng c\u00e1ch \u0111o n\u1ed3ng \u0111\u1ed9 men gan trong m\u00e1u.<br \/>\n&#8211; \u0110\u1ec3 ch\u1ea9n \u0111o\u00e1n v\u00e0 theo d\u00f5i c\u00e1c v\u1ea5n \u0111\u1ec1 v\u1ec1 gan \u0111\u1eb7c bi\u1ec7t li\u00ean quan \u0111\u1ebfn vi\u1ec7c s\u1eed d\u1ee5ng th\u1ee9c u\u1ed1ng c\u00f3 c\u1ed3n<\/td>\n<\/tr>\n<tr>\n<td width=\"223\">Uric Acid<\/td>\n<td width=\"614\">&#8211; X\u00e9t nghi\u1ec7m n\u00e0y \u0111\u01b0\u1ee3c th\u1ef1c hi\u1ec7n \u0111\u1ec3 \u0111o l\u01b0\u1ee3ng axit uric c\u00f3 trong m\u00e1u ho\u1eb7c trong n\u01b0\u1edbc ti\u1ec3u c\u1ee7a b\u1ea1n<br \/>\nAxit uric l\u00e0 m\u1ed9t ch\u1ea5t th\u1ea3i th\u00f4ng th\u01b0\u1eddng \u0111\u01b0\u1ee3c t\u1ea1o ra khi c\u01a1 th\u1ec3 ph\u00e1 v\u1ee1 c\u00e1c h\u00f3a ch\u1ea5t g\u1ecdi l\u00e0 purin. N\u1ebfu c\u01a1 th\u1ec3 b\u1ea1n t\u1ea1o ra qu\u00e1 nhi\u1ec1u axit uric ho\u1eb7c kh\u00f4ng gi\u1ea3i ph\u00f3ng \u0111\u1ee7 v\u00e0o n\u01b0\u1edbc ti\u1ec3u, n\u00f3 c\u00f3 th\u1ec3 t\u1ea1o ra c\u00e1c tinh th\u1ec3 h\u00ecnh th\u00e0nh trong kh\u1edbp c\u1ee7a b\u1ea1n.<br \/>\n&#8211; Gi\u00fap ch\u1ea9n \u0111o\u00e1n b\u1ec7nh g\u00fat<br \/>\n&#8211; Gi\u00fap t\u00ecm ra nguy\u00ean nh\u00e2n th\u01b0\u1eddng g\u00e2y s\u1ecfi th\u1eadn<\/td>\n<\/tr>\n<tr>\n<td width=\"223\">X\u00e9t nghi\u1ec7m hormon k\u00edch th\u00edch tuy\u1ebfn gi\u00e1p (TSH)<\/td>\n<td width=\"614\">&#8211;\u00a0 \u0110\u1ec3 \u0111o l\u01b0\u1ee3ng hormone k\u00edch th\u00edch tuy\u1ebfn gi\u00e1p c\u00f3 trong m\u00e1u.<br \/>\n&#8211; \u0110\u1ec3 \u0111\u00e1nh gi\u00e1 t\u00ecnh tr\u1ea1ng ho\u1ea1t \u0111\u1ed9ng c\u1ee7a tuy\u1ebfn gi\u00e1p.<br \/>\n&#8211; \u0110\u1ec3 ch\u1ea9n \u0111o\u00e1n c\u00e1c t\u00ecnh tr\u1ea1ng r\u1ed3i lo\u1ea1n ch\u1ee9c n\u0103ng tuy\u1ebfn gi\u00e1p nh\u01b0 c\u01b0\u1eddng gi\u00e1p v\u00e0 suy gi\u00e1p.<br \/>\n&#8211; Gi\u00fap ph\u00e1t hi\u1ec7n s\u1edbm c\u00e1c r\u1ed1i lo\u1ea1n ch\u1ee9c n\u0103ng tuy\u1ebfn gi\u00e1p tr\u01b0\u1edbc khi c\u00f3 nh\u1eefng bi\u1ec3u hi\u1ec7n c\u1ee7a b\u1ec7nh.<\/td>\n<\/tr>\n<tr>\n<td>X\u00e9t nghi\u1ec7m Chem 7<\/td>\n<td width=\"614\">&#8211; \u0110\u1ec3 x\u00e1c \u0111\u1ecbnh t\u00ecnh tr\u1ea1ng s\u1ee9c kh\u1ecfe chung c\u1ee7a b\u1ea1n; s\u00e0ng l\u1ecdc, ch\u1ea9n \u0111o\u00e1n ho\u1eb7c theo d\u00f5i nhi\u1ec1u lo\u1ea1i b\u1ec7nh v\u00e0 t\u00ecnh tr\u1ea1ng kh\u00e1c nhau, ch\u1eb3ng h\u1ea1n nh\u01b0 b\u1ec7nh ti\u1ec3u \u0111\u01b0\u1eddng ho\u1eb7c b\u1ec7nh th\u1eadn.<\/td>\n<\/tr>\n<tr>\n<td width=\"223\">X\u00e9t nghi\u1ec7m t\u1ed5ng ph\u00e2n t\u00edch n\u01b0\u1edbc ti\u1ec3u<\/td>\n<td width=\"614\">&#8211; X\u00e9t nghi\u1ec7m n\u01b0\u1edbc ti\u1ec1u th\u1ef1c hi\u1ec7n \u0111\u1ec3 t\u00ecm ra c\u00e1c b\u1ea5t th\u01b0\u1eddng m\u1ed9t l\u01b0\u1ee3ng d\u01b0 th\u1eeba protein, m\u00e1u, m\u1ee7, vi khu\u1ea9n v\u00e0 \u0111\u01b0\u1eddng.<br \/>\n&#8211; C\u00f3 th\u1ec3 gi\u00fap ph\u00e1t hi\u1ec7n m\u1ed9t lo\u1ea1t c\u00e1c r\u1ed1i lo\u1ea1n v\u1ec1 th\u1eadn v\u00e0 \u0111\u01b0\u1eddng ti\u1ebft ni\u1ec7u, bao g\u1ed3m b\u1ec7nh th\u1eadn m\u00e3n t\u00ednh,\u00a0 ti\u1ec3u \u0111\u01b0\u1eddng, nhi\u1ec5m tr\u00f9ng b\u00e0ng quang v\u00e0 s\u1ecfi th\u1eadn<\/td>\n<\/tr>\n<tr>\n<td width=\"223\"><strong>Ch\u1ea9n \u0111o\u00e1n h\u00ecnh \u1ea3nh<\/strong><\/td>\n<td width=\"614\"><\/td>\n<\/tr>\n<tr>\n<td width=\"223\">\u0110o \u0111i\u1ec7n t\u00e2m \u0111\u1ed3 (ECG)<\/td>\n<td width=\"614\">&#8211; X\u00e9t nghi\u1ec7m \u0111\u1ec3 \u0111o ho\u1ea1t \u0111\u1ed9ng \u0111i\u1ec7n c\u1ee7a tim cho th\u1ea5y tim c\u00f3 ho\u1ea1t \u0111\u1ed9ng b\u00ecnh th\u01b0\u1eddng hay kh\u00f4ng.<br \/>\n&#8211; C\u00f3 th\u1ec3 gi\u00fap ph\u00e1t hi\u1ec7n cholesterol l\u00e0m t\u1eafc ngh\u1ebdn vi\u1ec7c cungc\u1ea5p m\u00e1u cho tim c\u1ee7a b\u1ea1n, m\u1ed9t c\u01a1n \u0111au tim trong qu\u00e1 kh\u1ee9, m\u1edf r\u1ed9ng m\u1ed9t b\u00ean c\u1ee7a tim v\u00e0 nh\u1ecbp tim b\u1ea5t th\u01b0\u1eddng<\/td>\n<\/tr>\n<tr>\n<td width=\"223\">Si\u00eau \u00e2m tim<\/td>\n<td width=\"614\">-Si\u00eau \u00e2m tim, \u0111\u1ec3 cho th\u1ea5y s\u1ef1 ho\u1ea1t \u0111\u1ed9ng c\u1ee7a c\u01a1 tim v\u00e0 van c\u1ee7a b\u1ea1n.<br \/>\n&#8211; \u0110\u1ec3 ph\u00e1t hi\u1ec7n b\u1ec7nh tim v\u00e0 b\u1ec7nh van tim<\/td>\n<\/tr>\n<tr>\n<td width=\"223\">Holter \u0111i\u1ec7n t\u00e2m \u0111\u1ed3<\/td>\n<td width=\"614\">&#8211;\u00a0 Holter \u0111i\u1ec7n t\u00e2m \u0111\u1ed3 l\u00e0 m\u00e1y holter \u0111i\u1ec7n t\u00e2m \u0111\u1ed3 v\u1edbi k\u00edch th\u01b0\u1edbc nh\u1ecf, \u0111\u01b0\u1ee3c \u0111eo tr\u00ean ng\u1ef1c c\u1ee7a ng\u01b0\u1eddi b\u1ec7nh v\u00e0 ghi ch\u00e9p l\u1ea1i \u0111i\u1ec7n t\u00e2m \u0111\u1ed3 li\u00ean t\u1ee5c trong th\u1eddi gian 1 ng\u00e0y.<br \/>\nN\u1ebfu b\u1ea1n c\u00f3 d\u1ea5u hi\u1ec7u ho\u1eb7c tri\u1ec7u ch\u1ee9ng v\u1ec1 tim, ch\u1eb3ng h\u1ea1n nh\u01b0 nh\u1ecbp tim kh\u00f4ng \u0111\u1ec1u (lo\u1ea1n nh\u1ecbp tim) ho\u1eb7c ng\u1ea5t kh\u00f4ng r\u00f5 nguy\u00ean nh\u00e2n. M\u00e1y Holter \u0111i\u1ec7n t\u00e2m \u0111\u1ed3 c\u00f3 th\u1ec3 ph\u00e1t hi\u1ec7n nh\u1eefng b\u1ea5t th\u01b0\u1eddng trong nh\u1ecbp tim c\u1ee7a b\u1ea1n m\u00e0 \u0111i\u1ec7n t\u00e2m \u0111\u1ed3 kh\u00f4ng th\u1ec3 ph\u00e1t hi\u1ec7n<\/td>\n<\/tr>\n<tr>\n<td><strong>Kh\u00e1m\u00a0 &amp; t\u01b0 v\u1ea5n v\u1edbi b\u00e1c s\u0129<\/strong><\/td>\n<td width=\"614\"><\/td>\n<\/tr>\n<tr>\n<td width=\"223\">Kh\u00e1m &amp; t\u01b0 v\u1ea5n<\/td>\n<td width=\"614\">Kh\u00e1m v\u00e0 t\u01b0 v\u1ea5n, th\u1ef1c hi\u1ec7n c\u00e1c t\u1ea7m so\u00e1t<\/td>\n<\/tr>\n<\/tbody>\n<\/table>\n","protected":false},"excerpt":{"rendered":"<p>R\u1ed1i lo\u1ea1n nh\u1ecbp tim l\u00e0 v\u1ea5n \u0111\u1ec1 th\u01b0\u1eddng g\u1eb7p nh\u1ea5t trong c\u00e1c b\u1ec7nh l\u00fd tim m\u1ea1ch, l\u00e0 m\u1ed9t trong nh\u1eefng nguy\u00ean nh\u00e2n g\u00e2y ch\u1ebft th\u01b0\u1eddng g\u1eb7p nh\u1ea5t tr\u00ean \u0111\u01b0\u1eddng \u0111i \u0111\u1ebfn b\u1ec7nh vi\u1ec7n. Th\u1ef1c t\u1ebf kh\u00f4ng ph\u1ea3i v\u1eady, c\u00f3 nh\u1eefng tr\u01b0\u1eddng h\u1ee3p bi\u1ec3u hi\u1ec7n b\u1ec7nh ch\u1ec9 nh\u1eb9 nh\u00e0ng, tho\u00e1ng qua, nh\u01b0ng c\u00f3 nh\u1eefng tr\u01b0\u1eddng h\u1ee3p, c\u00e1c tri\u1ec7u ch\u1ee9ng l\u1ea1i v\u00f4 c\u00f9ng d\u1eef d\u1ed9i v\u00e0 nguy hi\u1ec3m. D\u00f9 \u1edf m\u1ee9c \u0111\u1ed9 n\u00e0o th\u00ec n\u00f3 v\u1eabn \u00e2m th\u1ea7m \u1ea3nh h\u01b0\u1edfng \u0111\u1ebfn kh\u1ea3 n\u0103ng b\u01a1m m\u00e1u c\u1ee7a tim v\u00e0 ti\u1ec1m \u1ea9n nhi\u1ec1u bi\u1ebfn ch\u1ee9ng nghi\u00eam tr\u1ecdng.<\/p>\n","protected":false},"featured_media":23680,"template":"","meta":[],"product_brand":[],"product_cat":[1715],"product_tag":[1878],"class_list":{"0":"post-10378","1":"product","2":"type-product","3":"status-publish","4":"has-post-thumbnail","6":"product_cat-goi-cham-soc-suc-khoe-tim-mach","7":"product_tag-tuan-le-suc-khoe-cua-toi","9":"first","10":"instock","11":"shipping-taxable","12":"purchasable","13":"product-type-variable"},"_links":{"self":[{"href":"https:\/\/victoriavn.com\/khamtongquat\/wp-json\/wp\/v2\/product\/10378","targetHints":{"allow":["GET"]}}],"collection":[{"href":"https:\/\/victoriavn.com\/khamtongquat\/wp-json\/wp\/v2\/product"}],"about":[{"href":"https:\/\/victoriavn.com\/khamtongquat\/wp-json\/wp\/v2\/types\/product"}],"wp:featuredmedia":[{"embeddable":true,"href":"https:\/\/victoriavn.com\/khamtongquat\/wp-json\/wp\/v2\/media\/23680"}],"wp:attachment":[{"href":"https:\/\/victoriavn.com\/khamtongquat\/wp-json\/wp\/v2\/media?parent=10378"}],"wp:term":[{"taxonomy":"product_brand","embeddable":true,"href":"https:\/\/victoriavn.com\/khamtongquat\/wp-json\/wp\/v2\/product_brand?post=10378"},{"taxonomy":"product_cat","embeddable":true,"href":"https:\/\/victoriavn.com\/khamtongquat\/wp-json\/wp\/v2\/product_cat?post=10378"},{"taxonomy":"product_tag","embeddable":true,"href":"https:\/\/victoriavn.com\/khamtongquat\/wp-json\/wp\/v2\/product_tag?post=10378"}],"curies":[{"name":"wp","href":"https:\/\/api.w.org\/{rel}","templated":true}]}}