{"id":10374,"date":"2020-05-11T14:53:59","date_gmt":"2020-05-11T07:53:59","guid":{"rendered":"https:\/\/www.victoriavn.com\/khamtongquat\/?post_type=product&#038;p=10374"},"modified":"2025-01-01T20:05:24","modified_gmt":"2025-01-01T13:05:24","slug":"goi-xet-nghiem-tim-mach","status":"publish","type":"product","link":"https:\/\/victoriavn.com\/khamtongquat\/san-pham\/goi-xet-nghiem-tim-mach\/","title":{"rendered":"G\u00f3i X\u00e9t nghi\u1ec7m \u0111\u00e1nh gi\u00e1 ch\u1ee9c n\u0103ng  tim m\u1ea1ch"},"content":{"rendered":"<p><strong>T\u1ea7m so\u00e1t b\u1ec7nh tim m\u1ea1ch l\u00e0 g\u00ec?<\/strong><br \/>\nKi\u1ec3m tra s\u00e0ng l\u1ecdc l\u00e0 c\u00e1c x\u00e9t nghi\u1ec7m \u0111\u01b0\u1ee3c th\u1ef1c hi\u1ec7n \u0111\u1ec3 t\u00ecm ra b\u1ec7nh tr\u01b0\u1edbc khi c\u00e1c tri\u1ec7u ch\u1ee9ng b\u1eaft \u0111\u1ea7u. M\u1ee5c ti\u00eau c\u1ee7a t\u1ea7m so\u00e1t l\u00e0 ph\u00e1t hi\u1ec7n b\u1ec7nh \u1edf giai \u0111o\u1ea1n s\u1edbm nh\u1ea5t v\u00e0 c\u00f3 th\u1ec3 \u0111i\u1ec1u tr\u1ecb \u0111\u01b0\u1ee3c.<br \/>\nM\u1ed9t ch\u01b0\u01a1ng tr\u00ecnh t\u1ea7m so\u00e1t ph\u1ea3i \u0111\u1ea1t m\u1ed9t s\u1ed1 ti\u00eau ch\u00ed, bao g\u1ed3m gi\u1ea3m s\u1ed1 ca t\u1eed vong do c\u0103n b\u1ec7nh n\u00e0y.<\/p>\n<p>C\u00e1c x\u00e9t nghi\u1ec7m t\u1ea7m so\u00e1t c\u00f3 th\u1ec3 bao g\u1ed3m c\u00e1c x\u00e9t nghi\u1ec7m m\u00e1u, d\u1ecbch ti\u1ebft, c\u00e1c x\u00e9t nghi\u1ec7m v\u1ec1 di truy\u1ec1n \u0111\u1ec3 t\u00ecm ki\u1ebfm c\u00e1c d\u1ea5u hi\u1ec7u di truy\u1ec1n li\u00ean quan \u0111\u1ebfn c\u0103n b\u1ec7nh v\u00e0 c\u00e1c k\u1ef9 thu\u1eadt ch\u1ea9n \u0111o\u00e1n h\u00ecnh \u1ea3nh \u0111\u1ec3 \u201cnh\u00ecn th\u1ea5u\u201d v\u00e0o b\u00ean trong c\u01a1 th\u1ec3 con ng\u01b0\u1eddi.<\/p>\n<p><strong>T\u1ea1i sao c\u1ea7n t\u1ea7m so\u00e1t b\u1ec7nh tim?<\/strong><br \/>\nC\u00e1ch t\u1ed1t nh\u1ea5t \u0111\u1ec3 ng\u0103n ng\u1eeba b\u1ec7nh tim l\u00e0 t\u00ecm hi\u1ec3u v\u00e0 ki\u1ec3m so\u00e1t c\u00e1c y\u00eau t\u1ed1 nguy c\u01a1.<br \/>\nC\u00f3 th\u1ec3 gi\u00fap x\u00e1c \u0111\u1ecbnh xem b\u1ea1n ch\u1ec9 c\u1ea7n \u0111i\u1ec1u ch\u1ec9nh l\u1ed1i s\u1ed1ng hay t\u00ecm c\u00e1c ph\u01b0\u01a1ng ph\u00e1p \u0111i\u1ec1u tr\u1ecb r\u1ed9ng h\u01a1n \u0111\u1ec3 ng\u0103n ch\u1eb7n c\u00e1c y\u1ebfu t\u1ed1 ti\u1ec1m n\u0103ng g\u00e2y b\u1ec7nh.<\/p>\n<p><strong>Khi n\u00e0o b\u1ea1n n\u00ean \u0111i kh\u00e1m tim?<\/strong><br \/>\nVi\u1ec7c kh\u00e1m v\u00e0 t\u1ea7m so\u00e1t c\u00e1c b\u1ec7nh l\u00fd li\u00ean qua \u0111\u1ebfn tim c\u1ea7n \u0111\u01b0\u1ee3c th\u1ef1c hi\u1ec7n \u0111\u1ed1i v\u1edbi \u0111\u1ed9 tu\u1ed5i t\u1eeb 20, v\u1edbi h\u1ea7u h\u1ebft c\u00e1c x\u00e9t nghi\u1ec7m n\u00e0y ch\u1ec9 c\u1ea7n l\u1eb7p l\u1ea1i sau m\u1ed7i 2 \u0111\u1ebfn 4 n\u0103m gi\u00fap cho c\u1ea3 b\u00e1c s\u0129 l\u1eabn b\u1ec7nh nh\u00e2n \u0111\u1ec1u c\u00f3 th\u1ec3 bi\u1ebft \u0111\u01b0\u1ee3c c\u00e1c v\u1ea5n \u0111\u1ec1 ti\u1ec1m \u1ea9n tr\u01b0\u1edbc khi c\u00e1c bi\u1ebfn ch\u1ee9ng s\u1ee9c kh\u1ecfe nghi\u00eam tr\u1ecdng x\u1ea3y ra.<\/p>\n<table width=\"897\">\n<tbody>\n<tr>\n<td width=\"283\"><strong>X\u00e9t nghi\u1ec7m<\/strong><\/td>\n<td width=\"614\"><\/td>\n<\/tr>\n<tr>\n<td width=\"283\">X\u00e9t nghi\u1ec7m C\u00f4ng th\u1ee9c m\u00e1u<\/td>\n<td width=\"614\">&#8211; \u0110\u1ec3 \u0111\u00e1nh gi\u00e1 t\u1ed5ng quan s\u1ee9c kh\u1ecfe c\u1ee7a b\u1ea1n v\u1ea3 ph\u00e1t hi\u1ec7n c\u00e1c r\u1ed1i lo\u1ea1n b\u1ec7nh thi\u1ebfu m\u00e1u hay b\u1ec7nh b\u1ea1ch c\u1ea7u<\/td>\n<\/tr>\n<tr>\n<td width=\"283\">\u0110\u01b0\u1eddng huy\u1ebft l\u00fac \u0111\u00f3i<\/td>\n<td width=\"614\">&#8211; \u0110\u1ec3 ki\u1ec3m tra m\u1ee9c \u0111\u01b0\u1eddng huy\u1ebft c\u1ee7a b\u1ea1n c\u00f3 trong ng\u01b0\u1ee1ng \u1ed5n \u0111\u1ecbnh hay kh\u00f4ng<br \/>\n&#8211; \u0110\u1ec3 t\u1ea7m so\u00e1t, ch\u1ea9n \u0111o\u00e1n v\u00e0 theo d\u00f5i b\u1ec7nh \u0111\u00e1i th\u00e1o \u0111\u01b0\u1eddng<\/td>\n<\/tr>\n<tr>\n<td width=\"283\">B\u1ed9 m\u1ee1 (Cholesterol, Triglycerides, HDL and LDL)<\/td>\n<td width=\"614\">&#8211; \u0110\u1ec3 \u0111o l\u01b0\u1ee3ng m\u1ee1 \u201ct\u1ed1t\u201d v\u00e0 m\u1ee1 \u201cx\u1ea5u\u201dc\u00f3 trong m\u00e1u c\u1ee7a b\u1ea1n<br \/>\n&#8211;\u00a0 \u0110\u1ec3 t\u1ea7m so\u00e1t v\u00e0 ch\u1ea9n \u0111o\u00e1n c\u00e1c b\u1ec7nh l\u00fd kh\u00e1c nh\u01b0 b\u1ec7nh l\u00fd v\u1ec1 tim m\u1ea1ch, \u0111\u1ed9t qu\u1ef5, x\u01a1 v\u1eefa \u0111\u1ed9ng m\u1ea1ch ho\u1eb7c x\u01a1 c\u1ee9ng \u0111\u1ed9ng m\u1ea1ch<\/td>\n<\/tr>\n<tr>\n<td width=\"283\">X\u00e9t nghi\u1ec7m CRP (Protein ph\u1ea3n \u1ee9ng-C)<\/td>\n<td width=\"614\">&#8211;\u00a0 X\u00e9t nghi\u1ec7m CRP gi\u00fap \u0111\u00e1nh gi\u00e1 m\u1ee9c \u0111\u1ed9 vi\u00eam v\u00e0 theo d\u00f5i \u0111\u00e1p \u1ee9ng \u0111i\u1ec1u tr\u1ecb c\u1ee7a c\u00e1c b\u1ec7nh l\u00fd nhi\u1ec5m tr\u00f9ng<\/td>\n<\/tr>\n<tr>\n<td>X\u00e9t nghi\u1ec7m Lipoprotein APO-A1<\/td>\n<td width=\"614\">&#8211; X\u00e9t nghi\u1ec7m Lipoprotein (a) \u0111\u01b0\u1ee3c th\u1ef1c hi\u1ec7n \u0111\u1ec3 ch\u1ea9n \u0111o\u00e1n nguy c\u01a1 \u0111\u1ed9t qu\u1ef5, \u0111au tim, ho\u1eb7c c\u00e1c b\u1ec7nh l\u00fd v\u1ec1 tim kh\u00e1c.<br \/>\n&#8211; X\u00e9t nghi\u1ec7m Lipoprotein (a) \u0111\u1ec3 \u0111o l\u01b0\u1eddng m\u1ee9c lipoprotein (a) c\u00f3 trong m\u00e1u c\u1ee7a b\u1ea1n. Lipoproteins l\u00e0 c\u00e1c ch\u1ea5t \u0111\u01b0\u1ee3c t\u1ea1o b\u1edfi protein v\u00e0 ch\u1ea5t b\u00e9o mang cholesterol \u0111i v\u00e0o d\u00f2ng m\u00e1u c\u1ee7a b\u1ea1n. C\u00f3 hai lo\u1ea1i cholesterol nh\u01b0 sau:<br \/>\n\u2022 Lipoprotein m\u1eadt \u0111\u1ed9 cao (high density lipoprotein &#8211; HDL), hay c\u00f2n \u0111\u01b0\u1ee3c g\u1ecdi l\u00e0 cholesterol t\u1ed1t<br \/>\n\u2022 Lipoprotein m\u1eadt \u0111\u1ed9 th\u1ea5p (low density lipoprotein &#8211; LDL), hay c\u00f2n \u0111\u01b0\u1ee3c g\u1ecdi l\u00e0 cholesterol x\u1ea5u<br \/>\nLipoprotein (a)l\u00e0 m\u1ed9t lo\u1ea1i LDL (cholesterol x\u1ea5u). M\u1ee9clipoprotein (a)\u00a0 cao c\u00f3 th\u1ec3 c\u00f3 ngh\u0129a r\u1eb1ng b\u1ea1n \u0111ang c\u00f3 nguy c\u01a1 m\u1eafc b\u1ec7nh tim m\u1ea1c<\/td>\n<\/tr>\n<tr>\n<td>X\u00e9t nghi\u1ec7m t\u1ed5ng Homocysteine<\/td>\n<td width=\"614\">&#8211; \u0110\u1ec3 gi\u00fap x\u00e1c \u0111\u1ecbnh xem b\u1ea1n c\u00f3 b\u1ecb thi\u1ebfu vitamin B6, B9 (folate) ho\u1eb7c B12 kh\u00f4ng<br \/>\n&#8211; \u0110\u1ec3 x\u00e1c \u0111\u1ecbnh xem b\u1ea1n c\u00f3 nguy c\u01a1 b\u1ecb \u0111au tim hay \u0111\u1ed9t qu\u1ef5 kh\u00f4ng<br \/>\n&#8211; \u0110\u1ec3 theo d\u00f5i nh\u1eefng ng\u01b0\u1eddi m\u1eafc b\u1ec7nh tim<\/td>\n<\/tr>\n<\/tbody>\n<\/table>\n","protected":false},"excerpt":{"rendered":"<p>T\u1ea7m so\u00e1t b\u1ec7nh tim m\u1ea1ch l\u00e0 g\u00ec?<br \/>\nKi\u1ec3m tra s\u00e0ng l\u1ecdc l\u00e0 c\u00e1c x\u00e9t nghi\u1ec7m \u0111\u01b0\u1ee3c th\u1ef1c hi\u1ec7n \u0111\u1ec3 t\u00ecm ra b\u1ec7nh tr\u01b0\u1edbc khi c\u00e1c tri\u1ec7u ch\u1ee9ng b\u1eaft \u0111\u1ea7u. M\u1ee5c ti\u00eau c\u1ee7a t\u1ea7m so\u00e1t l\u00e0 ph\u00e1t hi\u1ec7n b\u1ec7nh \u1edf giai \u0111o\u1ea1n s\u1edbm nh\u1ea5t v\u00e0 c\u00f3 th\u1ec3 \u0111i\u1ec1u tr\u1ecb \u0111\u01b0\u1ee3c.<br \/>\nM\u1ed9t ch\u01b0\u01a1ng tr\u00ecnh t\u1ea7m so\u00e1t ph\u1ea3i \u0111\u1ea1t m\u1ed9t s\u1ed1 ti\u00eau ch\u00ed, bao g\u1ed3m gi\u1ea3m s\u1ed1 ca t\u1eed vong do c\u0103n b\u1ec7nh n\u00e0y.<\/p>\n<p>C\u00e1c x\u00e9t nghi\u1ec7m t\u1ea7m so\u00e1t c\u00f3 th\u1ec3 bao g\u1ed3m c\u00e1c x\u00e9t nghi\u1ec7m m\u00e1u, d\u1ecbch ti\u1ebft, c\u00e1c x\u00e9t nghi\u1ec7m v\u1ec1 di truy\u1ec1n \u0111\u1ec3 t\u00ecm ki\u1ebfm c\u00e1c d\u1ea5u hi\u1ec7u di truy\u1ec1n li\u00ean quan \u0111\u1ebfn c\u0103n b\u1ec7nh v\u00e0 c\u00e1c k\u1ef9 thu\u1eadt ch\u1ea9n \u0111o\u00e1n h\u00ecnh \u1ea3nh \u0111\u1ec3 \u201cnh\u00ecn th\u1ea5u\u201d v\u00e0o b\u00ean trong c\u01a1 th\u1ec3 con ng\u01b0\u1eddi.<\/p>\n","protected":false},"featured_media":24254,"template":"","meta":[],"product_brand":[],"product_cat":[1875],"product_tag":[],"class_list":{"0":"post-10374","1":"product","2":"type-product","3":"status-publish","4":"has-post-thumbnail","6":"product_cat-goi-danh-gia-chuc-nang","8":"first","9":"instock","10":"shipping-taxable","11":"purchasable","12":"product-type-variable"},"_links":{"self":[{"href":"https:\/\/victoriavn.com\/khamtongquat\/wp-json\/wp\/v2\/product\/10374","targetHints":{"allow":["GET"]}}],"collection":[{"href":"https:\/\/victoriavn.com\/khamtongquat\/wp-json\/wp\/v2\/product"}],"about":[{"href":"https:\/\/victoriavn.com\/khamtongquat\/wp-json\/wp\/v2\/types\/product"}],"wp:featuredmedia":[{"embeddable":true,"href":"https:\/\/victoriavn.com\/khamtongquat\/wp-json\/wp\/v2\/media\/24254"}],"wp:attachment":[{"href":"https:\/\/victoriavn.com\/khamtongquat\/wp-json\/wp\/v2\/media?parent=10374"}],"wp:term":[{"taxonomy":"product_brand","embeddable":true,"href":"https:\/\/victoriavn.com\/khamtongquat\/wp-json\/wp\/v2\/product_brand?post=10374"},{"taxonomy":"product_cat","embeddable":true,"href":"https:\/\/victoriavn.com\/khamtongquat\/wp-json\/wp\/v2\/product_cat?post=10374"},{"taxonomy":"product_tag","embeddable":true,"href":"https:\/\/victoriavn.com\/khamtongquat\/wp-json\/wp\/v2\/product_tag?post=10374"}],"curies":[{"name":"wp","href":"https:\/\/api.w.org\/{rel}","templated":true}]}}